{"id":1005,"date":"2015-08-14T00:24:36","date_gmt":"2015-08-14T00:24:36","guid":{"rendered":"http:\/\/fotografiaportugal.pt\/site\/?page_id=1005"},"modified":"2018-01-25T13:53:13","modified_gmt":"2018-01-25T13:53:13","slug":"dicas","status":"publish","type":"page","link":"https:\/\/fotografiaportugal.pt\/site\/dicas\/","title":{"rendered":"Dicas"},"content":{"rendered":"<p><ins class=\"bookingaff\" data-aid=\"1461495\" data-target_aid=\"1461352\" data-prod=\"banner\" data-width=\"728\" data-height=\"90\" data-lang=\"pt\"><br \/>\n    <!-- Anything inside will go away once widget is loaded. --><br \/>\n    <a href=\"\/\/www.booking.com?aid=1461352\">Booking.com<\/a><br \/>\n<\/ins><br \/>\n<script type=\"text\/javascript\">\n    (function(d, sc, u) {\n      var s = d.createElement(sc), p = d.getElementsByTagName(sc)[0];\n      s.type = 'text\/javascript';\n      s.async = true;\n      s.src = u + '?v=' + (+new Date());\n      p.parentNode.insertBefore(s,p);\n      })(document, 'script', '\/\/aff.bstatic.com\/static\/affiliate_base\/js\/flexiproduct.js');\n<\/script><br \/>\nTodos os conte\u00fados disponibilizados neste menu s\u00e3o de acesso gratuito exclusivo a utilizadores registados no site.<\/p>\n<p>Caso ainda n\u00e3o esteja registado(a) aceda ao menu <a href=\"https:\/\/fotografiaportugal.pt\/site\/my-account\/\">Conta<\/a>.<\/p>\n<p>Est\u00e3o dispon\u00edveis <strong><a href=\"https:\/\/fotografiaportugal.pt\/site\/dicas\/dicas-de-fotografia\/\">Dicas de Fotografia<\/a><\/strong>,\u00a0<strong><a href=\"https:\/\/fotografiaportugal.pt\/site\/dicas\/dicas-photoshop\/\">Dicas Photoshop<\/a>\u00a0<\/strong>e\u00a0<strong><a href=\"https:\/\/fotografiaportugal.pt\/site\/dicas\/video-dicas\/\">Video Dicas<\/a>.<\/strong><\/p>\n<p><a href=\"https:\/\/fotografiaportugal.pt\/site\/dicas\/dicas-de-fotografia\/\"><img loading=\"lazy\" decoding=\"async\" class=\"alignnone size-medium wp-image-1472\" src=\"https:\/\/fotografiaportugal.pt\/site\/wp-content\/uploads\/2015\/11\/DF_AMM_001_p1_2_20151122_destaque-BR-300x176.jpg\" alt=\"DF_AMM_001_p1_2_20151122_destaque BR\" width=\"300\" height=\"176\" srcset=\"https:\/\/fotografiaportugal.pt\/site\/wp-content\/uploads\/2015\/11\/DF_AMM_001_p1_2_20151122_destaque-BR-300x176.jpg 300w, https:\/\/fotografiaportugal.pt\/site\/wp-content\/uploads\/2015\/11\/DF_AMM_001_p1_2_20151122_destaque-BR.jpg 1024w, https:\/\/fotografiaportugal.pt\/site\/wp-content\/uploads\/2015\/11\/DF_AMM_001_p1_2_20151122_destaque-BR-317x186.jpg 317w, https:\/\/fotografiaportugal.pt\/site\/wp-content\/uploads\/2015\/11\/DF_AMM_001_p1_2_20151122_destaque-BR-672x394.jpg 672w, https:\/\/fotografiaportugal.pt\/site\/wp-content\/uploads\/2015\/11\/DF_AMM_001_p1_2_20151122_destaque-BR-100x59.jpg 100w\" sizes=\"auto, (max-width: 300px) 100vw, 300px\" \/><\/a><\/p>\n<p><strong><a href=\"https:\/\/fotografiaportugal.pt\/site\/dicas\/dicas-de-fotografia\/\">Dicas de Fotografia<\/a><\/strong> destina-se a apoiar de uma forma did\u00e1ctica a aprendizagem sobre fotografia aos\u00a0utilizadores iniciados e amadores.<\/p>\n<p>As <strong><a href=\"https:\/\/fotografiaportugal.pt\/site\/dicas\/dicas-de-fotografia\/\">Dicas de Fotografia<\/a><\/strong>\u00a0podem ser\u00a0<strong>documentos no formato PDF, v\u00eddeos ou outros, dispon\u00edveis gratuitamente para utilizadores registados<\/strong>\u00a0no site.<\/p>\n<p><a href=\"https:\/\/fotografiaportugal.pt\/site\/dicas\/dicas-photoshop\/\"><img loading=\"lazy\" decoding=\"async\" class=\"alignnone size-medium wp-image-1008\" src=\"https:\/\/fotografiaportugal.pt\/site\/wp-content\/uploads\/2015\/08\/PS_Dicas_BR-300x200.jpg\" alt=\"PS_Dicas_BR\" width=\"300\" height=\"200\" srcset=\"https:\/\/fotografiaportugal.pt\/site\/wp-content\/uploads\/2015\/08\/PS_Dicas_BR-300x200.jpg 300w, https:\/\/fotografiaportugal.pt\/site\/wp-content\/uploads\/2015\/08\/PS_Dicas_BR.jpg 1024w, https:\/\/fotografiaportugal.pt\/site\/wp-content\/uploads\/2015\/08\/PS_Dicas_BR-100x67.jpg 100w\" sizes=\"auto, (max-width: 300px) 100vw, 300px\" \/><\/a><\/p>\n<p>Est\u00e1 tamb\u00e9m dispon\u00edvel um conjunto de <strong><a href=\"https:\/\/fotografiaportugal.pt\/site\/dicas\/dicas-photoshop\/\">Dicas Photoshop<\/a><\/strong>, que s\u00e3o um complemento \u00fatil tanto para clientes que j\u00e1 adquiriram o livro <a href=\"https:\/\/fotografiaportugal.pt\/site\/shop\/livros\/adobe-photoshop-cs6\/\"><strong>Adobe Photoshop CS6<\/strong><\/a>, como para clientes que ponderam a aquisi\u00e7\u00e3o do <a href=\"https:\/\/fotografiaportugal.pt\/site\/shop\/livros\/adobe-photoshop-cs6\/\">mesmo<\/a>.<\/p>\n<p>O Adobe Photoshop \u00e9 o programa mais usado mundialmente para tratamento de imagem. As suas poderosas ferramentas permitem todo o tipo de opera\u00e7\u00f5es, desde o simples corte ou reenquadramento at\u00e9 complexas montagens, tratamento de cor ou recupera\u00e7\u00e3o de imagens danificadas.<\/p>\n<p><a href=\"https:\/\/fotografiaportugal.pt\/site\/shop\/livros\/adobe-photoshop-cs6\/\"><img loading=\"lazy\" decoding=\"async\" class=\"alignnone size-full wp-image-170\" src=\"https:\/\/fotografiaportugal.pt\/site\/wp-content\/uploads\/2015\/04\/04-PHOTOSHOP_capa185.gif\" alt=\"04 - PHOTOSHOP_capa185\" width=\"185\" height=\"218\" \/><\/a><\/p>\n<p>O livro <a href=\"https:\/\/fotografiaportugal.pt\/site\/shop\/livros\/adobe-photoshop-cs6\/\"><strong>Adobe Photoshop CS6<\/strong><\/a> tem o que de mais importante precisa saber para trabalhar imagens digitais: abarca as opera\u00e7\u00f5es comuns, come\u00e7ando pelas mais b\u00e1sicas, passando pela explica\u00e7\u00e3o do funcionamento com layers, m\u00e1scaras, selec\u00e7\u00f5es e comandos para correc\u00e7\u00e3o e altera\u00e7\u00e3o de cor, e evoluindo at\u00e9 opera\u00e7\u00f5es mais avan\u00e7adas, como a utiliza\u00e7\u00e3o de vectores (explica\u00e7\u00e3o detalhada do funcionamento da caneta), aplica\u00e7\u00e3o de filtros ou automatismos v\u00e1rios (as conhecidas actions e n\u00e3o s\u00f3).<\/p>\n<p>Portanto, qualquer que seja o seu n\u00edvel de conhecimento do programa, poder\u00e1 aprender tudo ao longo de 12 cap\u00edtulos e 50 exerc\u00edcios pr\u00e1ticos detalhadamente explicados \u2013 vantagens da escrita de duas formadoras com longa experi\u00eancia na transmiss\u00e3o de conhecimentos acumulados no trabalho di\u00e1rio em design gr\u00e1fico e consultoria de empresas de fotografia digital e artes gr\u00e1ficas.<\/p>\n<p>No final encontrar\u00e1 a descri\u00e7\u00e3o dos 50 exerc\u00edcios, encadeados com grau de dificuldade crescente. Uma lista para escolher qual o que prefere executar, depois de aceder \u00e0s respectivas imagens que temos dispon\u00edveis para si.<\/p>\n<p>O livro <a href=\"https:\/\/fotografiaportugal.pt\/site\/shop\/livros\/adobe-photoshop-cs6\/\"><strong>Adobe Photoshop CS6<\/strong><\/a> garante-lhe uma viagem altamente produtiva pelo fant\u00e1stico mundo do tratamento da imagem digital!<\/p>\n<p><a href=\"https:\/\/fotografiaportugal.pt\/site\/dicas\/video-dicas\/\"><img loading=\"lazy\" decoding=\"async\" class=\"alignnone size-medium wp-image-3386\" src=\"https:\/\/fotografiaportugal.pt\/site\/wp-content\/uploads\/2016\/09\/Imagens-de-Videos-PS-BR-300x176.jpg\" alt=\"imagens-de-videos-ps-br\" width=\"300\" height=\"176\" srcset=\"https:\/\/fotografiaportugal.pt\/site\/wp-content\/uploads\/2016\/09\/Imagens-de-Videos-PS-BR-300x176.jpg 300w, https:\/\/fotografiaportugal.pt\/site\/wp-content\/uploads\/2016\/09\/Imagens-de-Videos-PS-BR.jpg 1024w\" sizes=\"auto, (max-width: 300px) 100vw, 300px\" \/><\/a><\/p>\n<p>Est\u00e3o ainda dispon\u00edveis as\u00a0<a href=\"https:\/\/fotografiaportugal.pt\/site\/dicas\/video-dicas\/\"><strong>Video Dicas<\/strong><\/a>, que s\u00e3o<strong> v\u00eddeos dispon\u00edveis gratuitamente para utilizadores registados<\/strong>\u00a0no site.\u00a0Caso n\u00e3o esteja ainda registado no site, registe-se por favor <a href=\"https:\/\/fotografiaportugal.pt\/site\/my-account\/\">aqui<\/a>.<\/p>\n<p><a href=\"https:\/\/fotografiaportugal.pt\/site\/dicas\/livros-gratuitos-fotografia\/\"><img loading=\"lazy\" decoding=\"async\" class=\"alignnone size-medium wp-image-4363\" src=\"https:\/\/fotografiaportugal.pt\/site\/wp-content\/uploads\/2017\/08\/Kodak-The-Fundamentals-of-Photography-300x247.png\" alt=\"\" width=\"300\" height=\"247\" srcset=\"https:\/\/fotografiaportugal.pt\/site\/wp-content\/uploads\/2017\/08\/Kodak-The-Fundamentals-of-Photography-300x247.png 300w, https:\/\/fotografiaportugal.pt\/site\/wp-content\/uploads\/2017\/08\/Kodak-The-Fundamentals-of-Photography.png 429w\" sizes=\"auto, (max-width: 300px) 100vw, 300px\" \/><\/a><\/p>\n<p><a href=\"https:\/\/fotografiaportugal.pt\/site\/dicas\/livros-gratuitos-fotografia\/\"><strong>Livros gratuitos de Fotografia<\/strong><\/a><\/p>\n<p><a href=\"https:\/\/fotografiaportugal.pt\/site\/categoria-produto\/top-10\/\"><img loading=\"lazy\" decoding=\"async\" class=\"alignnone size-medium wp-image-1444\" src=\"https:\/\/fotografiaportugal.pt\/site\/wp-content\/uploads\/2015\/08\/TOP-10-300x47.jpg\" alt=\"TOP 10\" width=\"300\" height=\"47\" srcset=\"https:\/\/fotografiaportugal.pt\/site\/wp-content\/uploads\/2015\/08\/TOP-10-300x47.jpg 300w, https:\/\/fotografiaportugal.pt\/site\/wp-content\/uploads\/2015\/08\/TOP-10-1024x162.jpg 1024w, https:\/\/fotografiaportugal.pt\/site\/wp-content\/uploads\/2015\/08\/TOP-10-100x16.jpg 100w\" sizes=\"auto, (max-width: 300px) 100vw, 300px\" \/><\/a><\/p>\n<p><strong>Consulte tamb\u00e9m <a href=\"https:\/\/fotografiaportugal.pt\/site\/categoria-produto\/top-10\/\">aqui<\/a> o <a href=\"https:\/\/fotografiaportugal.pt\/site\/categoria-produto\/top-10\/\">TOP 10 &#8211; Os mais vendidos<\/a>.<\/strong><\/p>\n","protected":false},"excerpt":{"rendered":"<p>Booking.com Todos os conte\u00fados disponibilizados neste menu s\u00e3o de acesso gratuito exclusivo a utilizadores registados no site. Caso ainda n\u00e3o esteja registado(a) aceda ao menu Conta. Est\u00e3o dispon\u00edveis Dicas de Fotografia,\u00a0Dicas Photoshop\u00a0e\u00a0Video Dicas. Dicas de Fotografia destina-se a apoiar de uma forma did\u00e1ctica a aprendizagem sobre fotografia aos\u00a0utilizadores iniciados e amadores. As Dicas de Fotografia\u00a0podem [&hellip;]<\/p>\n","protected":false},"author":2629,"featured_media":1604,"parent":0,"menu_order":0,"comment_status":"closed","ping_status":"closed","template":"","meta":{"footnotes":""},"class_list":["post-1005","page","type-page","status-publish","has-post-thumbnail","hentry"],"_links":{"self":[{"href":"https:\/\/fotografiaportugal.pt\/site\/wp-json\/wp\/v2\/pages\/1005","targetHints":{"allow":["GET"]}}],"collection":[{"href":"https:\/\/fotografiaportugal.pt\/site\/wp-json\/wp\/v2\/pages"}],"about":[{"href":"https:\/\/fotografiaportugal.pt\/site\/wp-json\/wp\/v2\/types\/page"}],"author":[{"embeddable":true,"href":"https:\/\/fotografiaportugal.pt\/site\/wp-json\/wp\/v2\/users\/2629"}],"replies":[{"embeddable":true,"href":"https:\/\/fotografiaportugal.pt\/site\/wp-json\/wp\/v2\/comments?post=1005"}],"version-history":[{"count":10,"href":"https:\/\/fotografiaportugal.pt\/site\/wp-json\/wp\/v2\/pages\/1005\/revisions"}],"predecessor-version":[{"id":4988,"href":"https:\/\/fotografiaportugal.pt\/site\/wp-json\/wp\/v2\/pages\/1005\/revisions\/4988"}],"wp:featuredmedia":[{"embeddable":true,"href":"https:\/\/fotografiaportugal.pt\/site\/wp-json\/wp\/v2\/media\/1604"}],"wp:attachment":[{"href":"https:\/\/fotografiaportugal.pt\/site\/wp-json\/wp\/v2\/media?parent=1005"}],"curies":[{"name":"wp","href":"https:\/\/api.w.org\/{rel}","templated":true}]}}