{"id":1007,"date":"2015-08-14T01:06:55","date_gmt":"2015-08-14T01:06:55","guid":{"rendered":"http:\/\/fotografiaportugal.pt\/site\/?page_id=1007"},"modified":"2018-01-25T13:53:27","modified_gmt":"2018-01-25T13:53:27","slug":"dicas-photoshop","status":"publish","type":"page","link":"https:\/\/fotografiaportugal.pt\/site\/dicas\/dicas-photoshop\/","title":{"rendered":"Dicas Photoshop"},"content":{"rendered":"<p><ins class=\"bookingaff\" data-aid=\"1461495\" data-target_aid=\"1461352\" data-prod=\"banner\" data-width=\"728\" data-height=\"90\" data-lang=\"pt\"><br \/>\n    <!-- Anything inside will go away once widget is loaded. --><br \/>\n    <a href=\"\/\/www.booking.com?aid=1461352\">Booking.com<\/a><br \/>\n<\/ins><br \/>\n<script type=\"text\/javascript\">\n    (function(d, sc, u) {\n      var s = d.createElement(sc), p = d.getElementsByTagName(sc)[0];\n      s.type = 'text\/javascript';\n      s.async = true;\n      s.src = u + '?v=' + (+new Date());\n      p.parentNode.insertBefore(s,p);\n      })(document, 'script', '\/\/aff.bstatic.com\/static\/affiliate_base\/js\/flexiproduct.js');\n<\/script><br \/>\n<strong>Dicas Photoshop<\/strong><\/p>\n<p>Dicas de \u00c2ngela Rodrigues, uma das autoras do livro \u201c<a href=\"https:\/\/fotografiaportugal.pt\/site\/shop\/livros\/adobe-photoshop-cs6\/\"><strong>Adobe Photoshop CS6<\/strong><\/a>&#8221;<\/p>\n<p><strong>Dicas Photoshop<\/strong> s\u00e3o um complemento muito \u00fatil tanto para clientes que j\u00e1 adquiriram o livro <a href=\"https:\/\/fotografiaportugal.pt\/site\/shop\/livros\/adobe-photoshop-cs6\/\"><strong>Adobe Photoshop CS6<\/strong><\/a>, como para clientes que ponderam a aquisi\u00e7\u00e3o do <a href=\"https:\/\/fotografiaportugal.pt\/site\/shop\/livros\/adobe-photoshop-cs6\/\">mesmo<\/a>.<\/p>\n<p>As\u00a0<strong>Dicas Photoshop<\/strong> s\u00e3o <strong>documentos no formato<\/strong> <strong>PDF<\/strong>.<\/p>\n<p><a href=\"https:\/\/fotografiaportugal.pt\/site\/dicas\/video-dicas\/\"><img loading=\"lazy\" decoding=\"async\" class=\"alignnone size-medium wp-image-3386\" src=\"https:\/\/fotografiaportugal.pt\/site\/wp-content\/uploads\/2016\/09\/Imagens-de-Videos-PS-BR-300x176.jpg\" alt=\"imagens-de-videos-ps-br\" width=\"300\" height=\"176\" srcset=\"https:\/\/fotografiaportugal.pt\/site\/wp-content\/uploads\/2016\/09\/Imagens-de-Videos-PS-BR-300x176.jpg 300w, https:\/\/fotografiaportugal.pt\/site\/wp-content\/uploads\/2016\/09\/Imagens-de-Videos-PS-BR.jpg 1024w\" sizes=\"auto, (max-width: 300px) 100vw, 300px\" \/><\/a><\/p>\n<p>Est\u00e3o ainda dispon\u00edveis as<a href=\"https:\/\/fotografiaportugal.pt\/site\/dicas\/video-dicas\/\"><strong> Video Dicas<\/strong><\/a>, que s\u00e3o<strong> v\u00eddeos dispon\u00edveis gratuitamente para utilizadores registados<\/strong>\u00a0no site.\u00a0Caso n\u00e3o esteja ainda registado no site, registe-se por favor <a href=\"https:\/\/fotografiaportugal.pt\/site\/my-account\/\">aqui<\/a>.<\/p>\n<ul>\n<li><strong><a href=\"https:\/\/fotografiaportugal.pt\/site\/shop\/pdf\/photoshop-dicas\/\">Photoshop &#8211; Dicas<\/a><\/strong><\/li>\n<\/ul>\n<p><a href=\"https:\/\/fotografiaportugal.pt\/site\/shop\/pdf\/photoshop-dicas\/\"><img loading=\"lazy\" decoding=\"async\" class=\"alignnone size-medium wp-image-1003\" src=\"https:\/\/fotografiaportugal.pt\/site\/wp-content\/uploads\/2015\/08\/PS_Dicas_FP_BR-212x300.jpg\" alt=\"PS_Dicas_FP_BR\" width=\"212\" height=\"300\" srcset=\"https:\/\/fotografiaportugal.pt\/site\/wp-content\/uploads\/2015\/08\/PS_Dicas_FP_BR-212x300.jpg 212w, https:\/\/fotografiaportugal.pt\/site\/wp-content\/uploads\/2015\/08\/PS_Dicas_FP_BR.jpg 335w, https:\/\/fotografiaportugal.pt\/site\/wp-content\/uploads\/2015\/08\/PS_Dicas_FP_BR-71x100.jpg 71w\" sizes=\"auto, (max-width: 212px) 100vw, 212px\" \/><\/a><\/p>\n<p><strong>Dicas Photoshop<\/strong><\/p>\n<p>Algumas dicas (4 p\u00e1ginas) muito \u00fateis para trabalhar em Photoshop, tais como: &#8220;consertar&#8221; uma imagem com pouco contraste, ver apenas uma layer, aplicar a uma imagem um comando de correc\u00e7\u00e3o de cor com os mesmos valores que aplicou noutra imagem&#8230;, dar um nome a uma camada ao mesmo tempo que a cria, centrar automaticamente uma imagem sobre outra, encher automaticamente uma camada (layer) ou \u00e1rea seleccionada com a cor background (cor de fundo), activar as cores padr\u00e3o (preto e branco), forma r\u00e1pida de endireitar uma imagem, transformar uma layer (camada).<\/p>\n<p>(documento no formato PDF dispon\u00edvel gratuitamente para utilizadores registados)<\/p>\n<ul>\n<li><strong><a href=\"https:\/\/fotografiaportugal.pt\/site\/shop\/pdf\/photoshop-problemas-comuns\/\">Photoshop \u2013 Problemas Comuns<\/a><\/strong><\/li>\n<\/ul>\n<p><a href=\"https:\/\/fotografiaportugal.pt\/site\/shop\/pdf\/photoshop-problemas-comuns\/\"><img loading=\"lazy\" decoding=\"async\" class=\"alignnone size-medium wp-image-996\" src=\"https:\/\/fotografiaportugal.pt\/site\/wp-content\/uploads\/2015\/08\/PS_ProblemasComuns_FP_BR-212x300.jpg\" alt=\"PS_ProblemasComuns_FP_BR\" width=\"212\" height=\"300\" srcset=\"https:\/\/fotografiaportugal.pt\/site\/wp-content\/uploads\/2015\/08\/PS_ProblemasComuns_FP_BR-212x300.jpg 212w, https:\/\/fotografiaportugal.pt\/site\/wp-content\/uploads\/2015\/08\/PS_ProblemasComuns_FP_BR.jpg 336w, https:\/\/fotografiaportugal.pt\/site\/wp-content\/uploads\/2015\/08\/PS_ProblemasComuns_FP_BR-71x100.jpg 71w\" sizes=\"auto, (max-width: 212px) 100vw, 212px\" \/><\/a><\/p>\n<p><strong>Photoshop: Pequenas dicas para um bom funcionamento,\u00a0<\/strong><strong>ou guia das &#8220;cenas maradas&#8221; mais frequentes<\/strong><\/p>\n<p>O Photoshop \u00e9 um excelente programa de tratamento de imagem, mas nem sempre f\u00e1cil ou intuitivo.\u00a0Pensando nisso, reunimos uma lista dos problemas mais comuns e como resolv\u00ea-los.<\/p>\n<p>(documento no formato PDF dispon\u00edvel gratuitamente para utilizadores registados)<\/p>\n<ul>\n<li><strong><a href=\"https:\/\/fotografiaportugal.pt\/site\/shop\/pdf\/photoshop-dicas-para-correccao-de-cor\/\">Photoshop &#8211; Dicas para correc\u00e7\u00e3o de cor<\/a><\/strong><\/li>\n<\/ul>\n<p><a href=\"https:\/\/fotografiaportugal.pt\/site\/shop\/pdf\/photoshop-dicas-para-correccao-de-cor\/\"><img loading=\"lazy\" decoding=\"async\" class=\"alignnone size-medium wp-image-1000\" src=\"https:\/\/fotografiaportugal.pt\/site\/wp-content\/uploads\/2015\/08\/PS_DicasCorrigirCor_FP_BR-212x300.jpg\" alt=\"PS_DicasCorrigirCor_FP_BR\" width=\"212\" height=\"300\" srcset=\"https:\/\/fotografiaportugal.pt\/site\/wp-content\/uploads\/2015\/08\/PS_DicasCorrigirCor_FP_BR-212x300.jpg 212w, https:\/\/fotografiaportugal.pt\/site\/wp-content\/uploads\/2015\/08\/PS_DicasCorrigirCor_FP_BR.jpg 336w, https:\/\/fotografiaportugal.pt\/site\/wp-content\/uploads\/2015\/08\/PS_DicasCorrigirCor_FP_BR-71x100.jpg 71w\" sizes=\"auto, (max-width: 212px) 100vw, 212px\" \/><\/a><\/p>\n<p><strong>Dicas para corrigir cor em Photoshop<\/strong><\/p>\n<p>Algumas dicas de n\u00edvel avan\u00e7ado para correc\u00e7\u00f5es de cor em Photoshop.<\/p>\n<p>(documento no formato PDF dispon\u00edvel gratuitamente para utilizadores registados)<\/p>\n<ul>\n<li><strong><a href=\"https:\/\/fotografiaportugal.pt\/site\/shop\/pdf\/photoshop-como-usar-actions\/\">Photoshop \u2013 Actions<\/a><\/strong><\/li>\n<\/ul>\n<p><a href=\"https:\/\/fotografiaportugal.pt\/site\/shop\/pdf\/photoshop-como-usar-actions\/\"><img loading=\"lazy\" decoding=\"async\" class=\"alignnone size-medium wp-image-974\" src=\"https:\/\/fotografiaportugal.pt\/site\/wp-content\/uploads\/2015\/08\/PS-Actions1-300x212.png\" alt=\"PS-Actions\" width=\"300\" height=\"212\" srcset=\"https:\/\/fotografiaportugal.pt\/site\/wp-content\/uploads\/2015\/08\/PS-Actions1-300x212.png 300w, https:\/\/fotografiaportugal.pt\/site\/wp-content\/uploads\/2015\/08\/PS-Actions1-1024x725.png 1024w, https:\/\/fotografiaportugal.pt\/site\/wp-content\/uploads\/2015\/08\/PS-Actions1-672x472.png 672w, https:\/\/fotografiaportugal.pt\/site\/wp-content\/uploads\/2015\/08\/PS-Actions1-100x71.png 100w, https:\/\/fotografiaportugal.pt\/site\/wp-content\/uploads\/2015\/08\/PS-Actions1.png 1342w\" sizes=\"auto, (max-width: 300px) 100vw, 300px\" \/><\/a><\/p>\n<p><strong>Photoshop \u2013 Como Usar Actions<\/strong><\/p>\n<p>Pequeno guia pr\u00e1tico (5 p\u00e1ginas) para usar Actions em Photoshop.\u00a0Como criar, alterar, acrescentar e usar Actions.<\/p>\n<p>(documento no formato PDF dispon\u00edvel gratuitamente para\u00a0utilizadores registados)<\/p>\n<ul>\n<li><strong><a href=\"https:\/\/fotografiaportugal.pt\/site\/shop\/pdf\/photoshop-layers\/\">Photoshop \u2013 Layers<\/a><\/strong><\/li>\n<\/ul>\n<p><a href=\"https:\/\/fotografiaportugal.pt\/site\/shop\/pdf\/photoshop-layers\/\"><img loading=\"lazy\" decoding=\"async\" class=\"alignnone size-medium wp-image-993\" src=\"https:\/\/fotografiaportugal.pt\/site\/wp-content\/uploads\/2015\/08\/PS_Layers_FP_BR-212x300.jpg\" alt=\"PS_Layers_FP_BR\" width=\"212\" height=\"300\" srcset=\"https:\/\/fotografiaportugal.pt\/site\/wp-content\/uploads\/2015\/08\/PS_Layers_FP_BR-212x300.jpg 212w, https:\/\/fotografiaportugal.pt\/site\/wp-content\/uploads\/2015\/08\/PS_Layers_FP_BR.jpg 336w, https:\/\/fotografiaportugal.pt\/site\/wp-content\/uploads\/2015\/08\/PS_Layers_FP_BR-71x100.jpg 71w\" sizes=\"auto, (max-width: 212px) 100vw, 212px\" \/><\/a><\/p>\n<p><strong>Photoshop \u2013 Trabalhar com Layers<\/strong><\/p>\n<p>\u00c9 fundamental saber usar layers e m\u00e1scaras para trabalhar de forma eficiente e vers\u00e1til em Photoshop.<\/p>\n<p>Neste artigo encontra explica\u00e7\u00f5es sobre o painel Layers, criar e usar m\u00e1scaras, o que s\u00e3o Blend Modes e muito mais.<\/p>\n<p>(documento no formato PDF dispon\u00edvel gratuitamente para utilizadores registados)<\/p>\n<p>&nbsp;<\/p>\n<p>O Adobe Photoshop \u00e9 o programa mais usado mundialmente para tratamento de imagem. As suas poderosas ferramentas permitem todo o tipo de opera\u00e7\u00f5es, desde o simples corte ou reenquadramento at\u00e9 complexas montagens, tratamento de cor ou recupera\u00e7\u00e3o de imagens danificadas.<\/p>\n<p><a href=\"https:\/\/fotografiaportugal.pt\/site\/shop\/livros\/adobe-photoshop-cs6\/\"><img loading=\"lazy\" decoding=\"async\" class=\"alignnone size-full wp-image-170\" src=\"https:\/\/fotografiaportugal.pt\/site\/wp-content\/uploads\/2015\/04\/04-PHOTOSHOP_capa185.gif\" alt=\"04 - PHOTOSHOP_capa185\" width=\"185\" height=\"218\" \/><\/a><\/p>\n<p>O livro <a href=\"https:\/\/fotografiaportugal.pt\/site\/shop\/livros\/adobe-photoshop-cs6\/\"><strong>Adobe Photoshop CS6<\/strong><\/a> tem o que de mais importante precisa saber para trabalhar imagens digitais: abarca as opera\u00e7\u00f5es comuns, come\u00e7ando pelas mais b\u00e1sicas, passando pela explica\u00e7\u00e3o do funcionamento com layers, m\u00e1scaras, selec\u00e7\u00f5es e comandos para correc\u00e7\u00e3o e altera\u00e7\u00e3o de cor, e evoluindo at\u00e9 opera\u00e7\u00f5es mais avan\u00e7adas, como a utiliza\u00e7\u00e3o de vectores (explica\u00e7\u00e3o detalhada do funcionamento da caneta), aplica\u00e7\u00e3o de filtros ou automatismos v\u00e1rios (as conhecidas actions e n\u00e3o s\u00f3).<\/p>\n<p>Portanto, qualquer que seja o seu n\u00edvel de conhecimento do programa, poder\u00e1 aprender tudo ao longo de 12 cap\u00edtulos e 50 exerc\u00edcios pr\u00e1ticos detalhadamente explicados \u2013 vantagens da escrita de duas formadoras com longa experi\u00eancia na transmiss\u00e3o de conhecimentos acumulados no trabalho di\u00e1rio em design gr\u00e1fico e consultoria de empresas de fotografia digital e artes gr\u00e1ficas.<\/p>\n<p>No final encontrar\u00e1 a descri\u00e7\u00e3o dos 50 exerc\u00edcios, encadeados com grau de dificuldade crescente. Uma lista para escolher qual o que prefere executar, depois de aceder \u00e0s respectivas imagens que temos dispon\u00edveis para si.<\/p>\n<p>O livro <a href=\"https:\/\/fotografiaportugal.pt\/site\/shop\/livros\/adobe-photoshop-cs6\/\"><strong>Adobe Photoshop CS6<\/strong><\/a> garante-lhe uma viagem altamente produtiva pelo fant\u00e1stico mundo do tratamento da imagem digital!<\/p>\n<p>&nbsp;<\/p>\n<p>Conhe\u00e7a tamb\u00e9m as <a href=\"https:\/\/fotografiaportugal.pt\/site\/dicas\/video-dicas\/\"><strong>Video Dicas<\/strong><\/a>:<\/p>\n<p><a href=\"https:\/\/fotografiaportugal.pt\/site\/dicas\/video-dicas\/\"><img loading=\"lazy\" decoding=\"async\" class=\"alignnone size-medium wp-image-3386\" src=\"https:\/\/fotografiaportugal.pt\/site\/wp-content\/uploads\/2016\/09\/Imagens-de-Videos-PS-BR-300x176.jpg\" alt=\"imagens-de-videos-ps-br\" width=\"300\" height=\"176\" srcset=\"https:\/\/fotografiaportugal.pt\/site\/wp-content\/uploads\/2016\/09\/Imagens-de-Videos-PS-BR-300x176.jpg 300w, https:\/\/fotografiaportugal.pt\/site\/wp-content\/uploads\/2016\/09\/Imagens-de-Videos-PS-BR.jpg 1024w\" sizes=\"auto, (max-width: 300px) 100vw, 300px\" \/><\/a><\/p>\n<p><a href=\"https:\/\/fotografiaportugal.pt\/site\/dicas\/video-dicas\/\"><strong>Video Dicas<\/strong><\/a>\u00a0s\u00e3o<strong> v\u00eddeos dispon\u00edveis gratuitamente para utilizadores registados<\/strong>\u00a0no site.\u00a0Caso n\u00e3o esteja ainda registado no site, registe-se por favor <a href=\"https:\/\/fotografiaportugal.pt\/site\/my-account\/\">aqui<\/a>.<\/p>\n<p>&nbsp;<\/p>\n<p>Ver tamb\u00e9m a nova dica de Ana Nabais:<\/p>\n<p><strong><a href=\"https:\/\/fotografiaportugal.pt\/site\/shop\/pdf\/aplicar-photoshop-fotografias-vintage\/\">Como aplicar o Photoshop em fotografias vintage?<\/a><\/strong>\u00a0(Novo)<\/p>\n<p><a href=\"https:\/\/fotografiaportugal.pt\/site\/shop\/pdf\/aplicar-photoshop-fotografias-vintage\/\"><img loading=\"lazy\" decoding=\"async\" class=\"alignnone size-medium wp-image-3351\" src=\"https:\/\/fotografiaportugal.pt\/site\/wp-content\/uploads\/2016\/09\/01-Zaask-P1-BR-211x300.jpg\" alt=\"01-zaask-p1-br\" width=\"211\" height=\"300\" srcset=\"https:\/\/fotografiaportugal.pt\/site\/wp-content\/uploads\/2016\/09\/01-Zaask-P1-BR-211x300.jpg 211w, https:\/\/fotografiaportugal.pt\/site\/wp-content\/uploads\/2016\/09\/01-Zaask-P1-BR-721x1024.jpg 721w, https:\/\/fotografiaportugal.pt\/site\/wp-content\/uploads\/2016\/09\/01-Zaask-P1-BR.jpg 789w\" sizes=\"auto, (max-width: 211px) 100vw, 211px\" \/><\/a><\/p>\n<p><strong>Como aplicar o Photoshop em fotografias vintage?<\/strong><\/p>\n<p>Por: Ana Nabais<\/p>\n<p>(4 p\u00e1ginas, formato PDF)<\/p>\n<p>O vintage fez parte do passado, mas est\u00e1 agora a voltar com toda a sua for\u00e7a, quer seja na moda, na decora\u00e7\u00e3o, ou mesmo na fotografia. Relativamente a esta \u00faltima, se, por um lado, os filtros vintage j\u00e1 marcam presen\u00e7a em quase todos os editores de imagens, por outro, vemos um crescente gosto, por parte das pessoas, em deixarem-se fotografar num ambiente que remonta aos anos 20, 30, 40, 50 ou 60, at\u00e9 mesmo vestidas com as roupas feitas nessa \u00e9poca. E, apesar de estas fotografias n\u00e3o serem exactamente como as originais, s\u00e3o sempre muito divertidas de se tirar, at\u00e9 porque levantam um pouco do v\u00e9u do que foram esses tempos t\u00e3o ic\u00f3nicos.<\/p>\n","protected":false},"excerpt":{"rendered":"<p>Booking.com Dicas Photoshop Dicas de \u00c2ngela Rodrigues, uma das autoras do livro \u201cAdobe Photoshop CS6&#8221; Dicas Photoshop s\u00e3o um complemento muito \u00fatil tanto para clientes que j\u00e1 adquiriram o livro Adobe Photoshop CS6, como para clientes que ponderam a aquisi\u00e7\u00e3o do mesmo. As\u00a0Dicas Photoshop s\u00e3o documentos no formato PDF. Est\u00e3o ainda dispon\u00edveis as Video Dicas, [&hellip;]<\/p>\n","protected":false},"author":2629,"featured_media":1008,"parent":1005,"menu_order":0,"comment_status":"closed","ping_status":"closed","template":"","meta":{"footnotes":""},"class_list":["post-1007","page","type-page","status-publish","has-post-thumbnail","hentry"],"_links":{"self":[{"href":"https:\/\/fotografiaportugal.pt\/site\/wp-json\/wp\/v2\/pages\/1007","targetHints":{"allow":["GET"]}}],"collection":[{"href":"https:\/\/fotografiaportugal.pt\/site\/wp-json\/wp\/v2\/pages"}],"about":[{"href":"https:\/\/fotografiaportugal.pt\/site\/wp-json\/wp\/v2\/types\/page"}],"author":[{"embeddable":true,"href":"https:\/\/fotografiaportugal.pt\/site\/wp-json\/wp\/v2\/users\/2629"}],"replies":[{"embeddable":true,"href":"https:\/\/fotografiaportugal.pt\/site\/wp-json\/wp\/v2\/comments?post=1007"}],"version-history":[{"count":8,"href":"https:\/\/fotografiaportugal.pt\/site\/wp-json\/wp\/v2\/pages\/1007\/revisions"}],"predecessor-version":[{"id":4990,"href":"https:\/\/fotografiaportugal.pt\/site\/wp-json\/wp\/v2\/pages\/1007\/revisions\/4990"}],"up":[{"embeddable":true,"href":"https:\/\/fotografiaportugal.pt\/site\/wp-json\/wp\/v2\/pages\/1005"}],"wp:featuredmedia":[{"embeddable":true,"href":"https:\/\/fotografiaportugal.pt\/site\/wp-json\/wp\/v2\/media\/1008"}],"wp:attachment":[{"href":"https:\/\/fotografiaportugal.pt\/site\/wp-json\/wp\/v2\/media?parent=1007"}],"curies":[{"name":"wp","href":"https:\/\/api.w.org\/{rel}","templated":true}]}}