{"id":13949,"date":"2022-05-16T16:27:36","date_gmt":"2022-05-16T16:27:36","guid":{"rendered":"https:\/\/fotografiaportugal.pt\/site\/?page_id=13949"},"modified":"2022-05-18T14:40:29","modified_gmt":"2022-05-18T14:40:29","slug":"ver-o-porto-em-brasilia","status":"publish","type":"page","link":"https:\/\/fotografiaportugal.pt\/site\/exposicoes\/ver-o-porto-em-brasilia\/","title":{"rendered":"Ver o Porto em Bras\u00edlia"},"content":{"rendered":"<style>#jtg-link-13931{padding: 20px;;border:   ;border-radius: }#jtg-link-13931 {width: 100%;}#jtg-link-13931:hover{}<\/style><style>.modula-best-grid-gallery .modula-fancybox-container.modula-lightbox-jtg-link-13931 {--fancybox-bg:rgba(30,30,30,0.9);--fancybox-opacity:1 !important;}.modula-fancybox-container.modula-lightbox-jtg-link-13931 .modula-fancybox-caption .modula-fancybox-caption__body, .modula-fancybox-container.modula-lightbox-jtg-link-13931 .modula-fancybox-caption .modula-fancybox-caption__body p {text-align:left}.modula-fancybox-container.modula-lightbox-jtg-link-13931 .fancybox__caption {align-self:flex-start}<\/style><a id=\"jtg-link-13931\" data-images=\"[{&quot;src&quot;:&quot;https:\\\/\\\/fotografiaportugal.pt\\\/site\\\/wp-content\\\/uploads\\\/2022\\\/05\\\/Arrabida51_ALow.jpg&quot;,&quot;opts&quot;:{&quot;caption&quot;:&quot;&lt;p&gt;  &lt;\\\/p&gt; &quot;,&quot;thumb&quot;:&quot;https:\\\/\\\/fotografiaportugal.pt\\\/site\\\/wp-content\\\/uploads\\\/2022\\\/05\\\/Arrabida51_ALow-150x150.jpg&quot;,&quot;image_id&quot;:&quot;13932&quot;}},{&quot;src&quot;:&quot;https:\\\/\\\/fotografiaportugal.pt\\\/site\\\/wp-content\\\/uploads\\\/2022\\\/05\\\/DSC_2720_ALow.jpg&quot;,&quot;opts&quot;:{&quot;caption&quot;:&quot;&lt;p&gt;  &lt;\\\/p&gt; &quot;,&quot;thumb&quot;:&quot;https:\\\/\\\/fotografiaportugal.pt\\\/site\\\/wp-content\\\/uploads\\\/2022\\\/05\\\/DSC_2720_ALow-150x150.jpg&quot;,&quot;image_id&quot;:&quot;13933&quot;}},{&quot;src&quot;:&quot;https:\\\/\\\/fotografiaportugal.pt\\\/site\\\/wp-content\\\/uploads\\\/2022\\\/05\\\/DSC_2736_ALow.jpg&quot;,&quot;opts&quot;:{&quot;caption&quot;:&quot;&lt;p&gt;  &lt;\\\/p&gt; &quot;,&quot;thumb&quot;:&quot;https:\\\/\\\/fotografiaportugal.pt\\\/site\\\/wp-content\\\/uploads\\\/2022\\\/05\\\/DSC_2736_ALow-150x150.jpg&quot;,&quot;image_id&quot;:&quot;13934&quot;}},{&quot;src&quot;:&quot;https:\\\/\\\/fotografiaportugal.pt\\\/site\\\/wp-content\\\/uploads\\\/2022\\\/05\\\/DSCN1216_ALow.jpg&quot;,&quot;opts&quot;:{&quot;caption&quot;:&quot;&lt;p&gt;  &lt;\\\/p&gt; &quot;,&quot;thumb&quot;:&quot;https:\\\/\\\/fotografiaportugal.pt\\\/site\\\/wp-content\\\/uploads\\\/2022\\\/05\\\/DSCN1216_ALow-150x150.jpg&quot;,&quot;image_id&quot;:&quot;13935&quot;}},{&quot;src&quot;:&quot;https:\\\/\\\/fotografiaportugal.pt\\\/site\\\/wp-content\\\/uploads\\\/2022\\\/05\\\/DSCN1218_ALow.jpg&quot;,&quot;opts&quot;:{&quot;caption&quot;:&quot;&lt;p&gt;  &lt;\\\/p&gt; &quot;,&quot;thumb&quot;:&quot;https:\\\/\\\/fotografiaportugal.pt\\\/site\\\/wp-content\\\/uploads\\\/2022\\\/05\\\/DSCN1218_ALow-150x150.jpg&quot;,&quot;image_id&quot;:&quot;13936&quot;}},{&quot;src&quot;:&quot;https:\\\/\\\/fotografiaportugal.pt\\\/site\\\/wp-content\\\/uploads\\\/2022\\\/05\\\/DSCN1234_BLow.jpg&quot;,&quot;opts&quot;:{&quot;caption&quot;:&quot;&lt;p&gt;  &lt;\\\/p&gt; &quot;,&quot;thumb&quot;:&quot;https:\\\/\\\/fotografiaportugal.pt\\\/site\\\/wp-content\\\/uploads\\\/2022\\\/05\\\/DSCN1234_BLow-150x150.jpg&quot;,&quot;image_id&quot;:&quot;13937&quot;}},{&quot;src&quot;:&quot;https:\\\/\\\/fotografiaportugal.pt\\\/site\\\/wp-content\\\/uploads\\\/2022\\\/05\\\/Farol49_BLow.jpg&quot;,&quot;opts&quot;:{&quot;caption&quot;:&quot;&lt;p&gt;  &lt;\\\/p&gt; &quot;,&quot;thumb&quot;:&quot;https:\\\/\\\/fotografiaportugal.pt\\\/site\\\/wp-content\\\/uploads\\\/2022\\\/05\\\/Farol49_BLow-150x150.jpg&quot;,&quot;image_id&quot;:&quot;13938&quot;}},{&quot;src&quot;:&quot;https:\\\/\\\/fotografiaportugal.pt\\\/site\\\/wp-content\\\/uploads\\\/2022\\\/05\\\/FarolOndas054_ALow.jpg&quot;,&quot;opts&quot;:{&quot;caption&quot;:&quot;&lt;p&gt;  &lt;\\\/p&gt; &quot;,&quot;thumb&quot;:&quot;https:\\\/\\\/fotografiaportugal.pt\\\/site\\\/wp-content\\\/uploads\\\/2022\\\/05\\\/FarolOndas054_ALow-150x150.jpg&quot;,&quot;image_id&quot;:&quot;13939&quot;}},{&quot;src&quot;:&quot;https:\\\/\\\/fotografiaportugal.pt\\\/site\\\/wp-content\\\/uploads\\\/2022\\\/05\\\/FarolOndas056_BLow.jpg&quot;,&quot;opts&quot;:{&quot;caption&quot;:&quot;&lt;p&gt;  &lt;\\\/p&gt; &quot;,&quot;thumb&quot;:&quot;https:\\\/\\\/fotografiaportugal.pt\\\/site\\\/wp-content\\\/uploads\\\/2022\\\/05\\\/FarolOndas056_BLow-150x150.jpg&quot;,&quot;image_id&quot;:&quot;13940&quot;}},{&quot;src&quot;:&quot;https:\\\/\\\/fotografiaportugal.pt\\\/site\\\/wp-content\\\/uploads\\\/2022\\\/05\\\/Gaivotas64_ALow.jpg&quot;,&quot;opts&quot;:{&quot;caption&quot;:&quot;&lt;p&gt;  &lt;\\\/p&gt; &quot;,&quot;thumb&quot;:&quot;https:\\\/\\\/fotografiaportugal.pt\\\/site\\\/wp-content\\\/uploads\\\/2022\\\/05\\\/Gaivotas64_ALow-150x150.jpg&quot;,&quot;image_id&quot;:&quot;13941&quot;}},{&quot;src&quot;:&quot;https:\\\/\\\/fotografiaportugal.pt\\\/site\\\/wp-content\\\/uploads\\\/2022\\\/05\\\/Nevoeiro23_ALow.jpg&quot;,&quot;opts&quot;:{&quot;caption&quot;:&quot;&lt;p&gt;  &lt;\\\/p&gt; &quot;,&quot;thumb&quot;:&quot;https:\\\/\\\/fotografiaportugal.pt\\\/site\\\/wp-content\\\/uploads\\\/2022\\\/05\\\/Nevoeiro23_ALow-150x150.jpg&quot;,&quot;image_id&quot;:&quot;13942&quot;}},{&quot;src&quot;:&quot;https:\\\/\\\/fotografiaportugal.pt\\\/site\\\/wp-content\\\/uploads\\\/2022\\\/05\\\/Nevoeiro32_ALow.jpg&quot;,&quot;opts&quot;:{&quot;caption&quot;:&quot;&lt;p&gt;  &lt;\\\/p&gt; &quot;,&quot;thumb&quot;:&quot;https:\\\/\\\/fotografiaportugal.pt\\\/site\\\/wp-content\\\/uploads\\\/2022\\\/05\\\/Nevoeiro32_ALow-150x150.jpg&quot;,&quot;image_id&quot;:&quot;13943&quot;}},{&quot;src&quot;:&quot;https:\\\/\\\/fotografiaportugal.pt\\\/site\\\/wp-content\\\/uploads\\\/2022\\\/05\\\/Nevoeiro34_A38x16300dpi-scaled.jpg&quot;,&quot;opts&quot;:{&quot;caption&quot;:&quot;&lt;p&gt;  &lt;\\\/p&gt; &quot;,&quot;thumb&quot;:&quot;https:\\\/\\\/fotografiaportugal.pt\\\/site\\\/wp-content\\\/uploads\\\/2022\\\/05\\\/Nevoeiro34_A38x16300dpi-scaled-150x150.jpg&quot;,&quot;image_id&quot;:&quot;13944&quot;}},{&quot;src&quot;:&quot;https:\\\/\\\/fotografiaportugal.pt\\\/site\\\/wp-content\\\/uploads\\\/2022\\\/05\\\/PonteArrabida67_CLow.jpg&quot;,&quot;opts&quot;:{&quot;caption&quot;:&quot;&lt;p&gt;  &lt;\\\/p&gt; &quot;,&quot;thumb&quot;:&quot;https:\\\/\\\/fotografiaportugal.pt\\\/site\\\/wp-content\\\/uploads\\\/2022\\\/05\\\/PonteArrabida67_CLow-150x150.jpg&quot;,&quot;image_id&quot;:&quot;13945&quot;}},{&quot;src&quot;:&quot;https:\\\/\\\/fotografiaportugal.pt\\\/site\\\/wp-content\\\/uploads\\\/2022\\\/05\\\/PonteDLuis17_CLow.jpg&quot;,&quot;opts&quot;:{&quot;caption&quot;:&quot;&lt;p&gt;  &lt;\\\/p&gt; &quot;,&quot;thumb&quot;:&quot;https:\\\/\\\/fotografiaportugal.pt\\\/site\\\/wp-content\\\/uploads\\\/2022\\\/05\\\/PonteDLuis17_CLow-150x150.jpg&quot;,&quot;image_id&quot;:&quot;13946&quot;}},{&quot;src&quot;:&quot;https:\\\/\\\/fotografiaportugal.pt\\\/site\\\/wp-content\\\/uploads\\\/2022\\\/05\\\/Rabelo84_Clow.jpg&quot;,&quot;opts&quot;:{&quot;caption&quot;:&quot;&lt;p&gt;  &lt;\\\/p&gt; &quot;,&quot;thumb&quot;:&quot;https:\\\/\\\/fotografiaportugal.pt\\\/site\\\/wp-content\\\/uploads\\\/2022\\\/05\\\/Rabelo84_Clow-150x150.jpg&quot;,&quot;image_id&quot;:&quot;13947&quot;}}]\" data-config=\"{&quot;lightbox&quot;:&quot;true&quot;,&quot;lightboxOpts&quot;:{&quot;animated&quot;:true,&quot;Thumbs&quot;:{&quot;type&quot;:&quot;modern&quot;,&quot;showOnStart&quot;:false},&quot;Toolbar&quot;:{&quot;display&quot;:{&quot;right&quot;:[&quot;close&quot;],&quot;left&quot;:[&quot;infobar&quot;]},&quot;enabled&quot;:true},&quot;Carousel&quot;:{&quot;Panzoom&quot;:{&quot;touch&quot;:false},&quot;infinite&quot;:false,&quot;transition&quot;:&quot;fade&quot;},&quot;keyboard&quot;:{&quot;Escape&quot;:&quot;close&quot;,&quot;Delete&quot;:&quot;close&quot;,&quot;Backspace&quot;:&quot;close&quot;,&quot;PageUp&quot;:&quot;next&quot;,&quot;PageDown&quot;:&quot;prev&quot;,&quot;ArrowUp&quot;:&quot;prev&quot;,&quot;ArrowDown&quot;:&quot;next&quot;,&quot;ArrowRight&quot;:&quot;next&quot;,&quot;ArrowLeft&quot;:&quot;prev&quot;},&quot;touch&quot;:false,&quot;backdropClick&quot;:false,&quot;l10n&quot;:{&quot;CLOSE&quot;:&quot;Close&quot;,&quot;NEXT&quot;:&quot;Next&quot;,&quot;PREV&quot;:&quot;Previous&quot;,&quot;Error&quot;:&quot;The requested content cannot be loaded. Please try again later.&quot;,&quot;PLAY_START&quot;:&quot;Start slideshow&quot;,&quot;PLAY_STOP&quot;:&quot;Pause slideshow&quot;,&quot;FULL_SCREEN&quot;:&quot;Full screen&quot;,&quot;THUMBS&quot;:&quot;Thumbnails&quot;,&quot;DOWNLOAD&quot;:&quot;Download&quot;,&quot;SHARE&quot;:&quot;Share&quot;,&quot;ZOOM&quot;:&quot;Zoom&quot;,&quot;EMAIL&quot;:&quot;Here is the link to the image : %%image_link%% and this is the link to the gallery : %%gallery_link%%&quot;,&quot;MODAL&quot;:&quot;You can close this modal content with the ESC key&quot;,&quot;ERROR&quot;:&quot;Something Went Wrong, Please Try Again Later&quot;,&quot;IMAGE_ERROR&quot;:&quot;Image Not Found&quot;,&quot;ELEMENT_NOT_FOUND&quot;:&quot;HTML Element Not Found&quot;,&quot;AJAX_NOT_FOUND&quot;:&quot;Error Loading AJAX : Not Found&quot;,&quot;AJAX_FORBIDDEN&quot;:&quot;Error Loading AJAX : Forbidden&quot;,&quot;IFRAME_ERROR&quot;:&quot;Error Loading Page&quot;,&quot;TOGGLE_ZOOM&quot;:&quot;Toggle zoom level&quot;,&quot;TOGGLE_THUMBS&quot;:&quot;Toggle thumbnails&quot;,&quot;TOGGLE_SLIDESHOW&quot;:&quot;Toggle slideshow&quot;,&quot;TOGGLE_FULLSCREEN&quot;:&quot;Toggle full-screen mode&quot;},&quot;Images&quot;:{&quot;Panzoom&quot;:{&quot;maxScale&quot;:2}},&quot;toolbar&quot;:true,&quot;wheel&quot;:false,&quot;animationEffect&quot;:&quot;false&quot;,&quot;animationDuration&quot;:366,&quot;transitionEffect&quot;:&quot;false&quot;,&quot;Html&quot;:{&quot;videoAutoplay&quot;:0,&quot;videoTpl&quot;:&quot;&lt;video class=\\&quot;fancybox__html5video modula_html5_video\\&quot; controls playsinline controlsList controlsList=\\&quot;nodownload\\&quot; poster=\\&quot;{{poster}}\\&quot; src=\\&quot;{{src}}\\&quot; type=\\&quot;{{format}}\\&quot; &gt;  Sorry, your browser doesn&#039;t support embedded videos, &lt;a href=\\&quot;{{src}}\\&quot;&gt; download &lt;\\\/a&gt; and watch with your favorite video player! &lt;\\\/video&gt;&quot;,&quot;vimeo&quot;:{&quot;autopause&quot;:0}},&quot;mainClass&quot;:&quot;modula-fancybox-container modula-lightbox-jtg-link-13931&quot;},&quot;options&quot;:{&quot;enableSlideshow&quot;:&quot;0&quot;,&quot;enableAutoplay&quot;:&quot;0&quot;,&quot;slideshowSpeed&quot;:&quot;5000&quot;,&quot;pauseOnHover&quot;:&quot;0&quot;}}\" class=\"jtg-13931 modula-link\" href=\"#\">Exposi\u00e7\u00e3o &#8220;<strong>Ver o Porto em Bras\u00edlia<\/strong>&#8220;<\/a>\n\n\n<p><\/p>\n\n\n\n<figure class=\"wp-block-image size-large\"><img loading=\"lazy\" decoding=\"async\" width=\"723\" height=\"1024\" src=\"https:\/\/fotografiaportugal.pt\/site\/wp-content\/uploads\/2022\/05\/FlyerNew1-723x1024.jpg\" alt=\"\" class=\"wp-image-13872\" srcset=\"https:\/\/fotografiaportugal.pt\/site\/wp-content\/uploads\/2022\/05\/FlyerNew1-723x1024.jpg 723w, https:\/\/fotografiaportugal.pt\/site\/wp-content\/uploads\/2022\/05\/FlyerNew1-212x300.jpg 212w, https:\/\/fotografiaportugal.pt\/site\/wp-content\/uploads\/2022\/05\/FlyerNew1.jpg 904w\" sizes=\"auto, (max-width: 723px) 100vw, 723px\" \/><\/figure>\n\n\n\n<figure class=\"wp-block-image size-large\"><img loading=\"lazy\" decoding=\"async\" width=\"723\" height=\"1024\" src=\"https:\/\/fotografiaportugal.pt\/site\/wp-content\/uploads\/2022\/05\/FlyerNew2-723x1024.jpg\" alt=\"\" class=\"wp-image-13873\" srcset=\"https:\/\/fotografiaportugal.pt\/site\/wp-content\/uploads\/2022\/05\/FlyerNew2-723x1024.jpg 723w, https:\/\/fotografiaportugal.pt\/site\/wp-content\/uploads\/2022\/05\/FlyerNew2-212x300.jpg 212w, https:\/\/fotografiaportugal.pt\/site\/wp-content\/uploads\/2022\/05\/FlyerNew2.jpg 904w\" sizes=\"auto, (max-width: 723px) 100vw, 723px\" \/><\/figure>\n\n\n\n<figure class=\"wp-block-image size-large\"><img loading=\"lazy\" decoding=\"async\" width=\"1024\" height=\"768\" src=\"https:\/\/fotografiaportugal.pt\/site\/wp-content\/uploads\/2022\/05\/Legenda-1024x768.jpg\" alt=\"\" class=\"wp-image-14043\" srcset=\"https:\/\/fotografiaportugal.pt\/site\/wp-content\/uploads\/2022\/05\/Legenda-1024x768.jpg 1024w, https:\/\/fotografiaportugal.pt\/site\/wp-content\/uploads\/2022\/05\/Legenda-300x225.jpg 300w, https:\/\/fotografiaportugal.pt\/site\/wp-content\/uploads\/2022\/05\/Legenda-1536x1152.jpg 1536w, https:\/\/fotografiaportugal.pt\/site\/wp-content\/uploads\/2022\/05\/Legenda-2048x1536.jpg 2048w, https:\/\/fotografiaportugal.pt\/site\/wp-content\/uploads\/2022\/05\/Legenda-416x312.jpg 416w\" sizes=\"auto, (max-width: 1024px) 100vw, 1024px\" \/><\/figure>\n\n\n\n<p>Ler not\u00edcia <strong><a href=\"https:\/\/fotografiaportugal.pt\/site\/exposicao-de-fotografia-ver-o-porto-em-brasilia\/\">aqui<\/a><\/strong>.<\/p>\n","protected":false},"excerpt":{"rendered":"<p>Ler not\u00edcia aqui.<\/p>\n","protected":false},"author":2629,"featured_media":0,"parent":63,"menu_order":0,"comment_status":"closed","ping_status":"closed","template":"","meta":{"footnotes":""},"class_list":["post-13949","page","type-page","status-publish","hentry"],"_links":{"self":[{"href":"https:\/\/fotografiaportugal.pt\/site\/wp-json\/wp\/v2\/pages\/13949","targetHints":{"allow":["GET"]}}],"collection":[{"href":"https:\/\/fotografiaportugal.pt\/site\/wp-json\/wp\/v2\/pages"}],"about":[{"href":"https:\/\/fotografiaportugal.pt\/site\/wp-json\/wp\/v2\/types\/page"}],"author":[{"embeddable":true,"href":"https:\/\/fotografiaportugal.pt\/site\/wp-json\/wp\/v2\/users\/2629"}],"replies":[{"embeddable":true,"href":"https:\/\/fotografiaportugal.pt\/site\/wp-json\/wp\/v2\/comments?post=13949"}],"version-history":[{"count":6,"href":"https:\/\/fotografiaportugal.pt\/site\/wp-json\/wp\/v2\/pages\/13949\/revisions"}],"predecessor-version":[{"id":14045,"href":"https:\/\/fotografiaportugal.pt\/site\/wp-json\/wp\/v2\/pages\/13949\/revisions\/14045"}],"up":[{"embeddable":true,"href":"https:\/\/fotografiaportugal.pt\/site\/wp-json\/wp\/v2\/pages\/63"}],"wp:attachment":[{"href":"https:\/\/fotografiaportugal.pt\/site\/wp-json\/wp\/v2\/media?parent=13949"}],"curies":[{"name":"wp","href":"https:\/\/api.w.org\/{rel}","templated":true}]}}