{"id":18,"date":"2015-02-23T22:44:04","date_gmt":"2015-02-23T22:44:04","guid":{"rendered":"http:\/\/fotografiaportugal.pt\/site\/?page_id=18"},"modified":"2017-08-18T23:17:52","modified_gmt":"2017-08-18T23:17:52","slug":"quem-somos","status":"publish","type":"page","link":"https:\/\/fotografiaportugal.pt\/site\/quem-somos\/","title":{"rendered":"Quem somos"},"content":{"rendered":"<p>FOTOGRAFIA Portugal tem como objecto a disponibiliza\u00e7\u00e3o de um espa\u00e7o dedicado ao mundo da fotografia (de Portugal e de portugueses em qualquer ponto do mundo), seja ela digital ou anal\u00f3gica, profissional ou de amadores, com o objectivo de agregar e divulgar gratuitamente os trabalhos de v\u00e1rios entusiastas e profissionais da fotografia.<\/p>\n<p>FOTOGRAFIA Portugal pretende ser um espa\u00e7o onde se quer unir toda a comunidade interessada pela fotografia (sejam profissionais, amadores, apreciadores de arte fotogr\u00e1fica ou meros curiosos), promovendo sobretudo a fotografia, nacional e internacional, com especial destaque para a fotografia de Portugal e de portugueses (em qualquer ponto do mundo).<\/p>\n<p>A p\u00e1gina FOTOGRAFIA Portugal foi criada para juntar toda a comunidade num s\u00f3 local e solicita a todos os fot\u00f3grafos e entusiastas de fotografia a partilha de conte\u00fados, originais ou n\u00e3o, onde se estimule a aprendizagem, a observa\u00e7\u00e3o, o entusiasmo e a partilha de toda a informa\u00e7\u00e3o que tenha a ver com esta arte.<\/p>\n<p>FOTOGRAFIA Portugal \u00e9 uma comunidade em crescimento. S\u00e3o aceites por parte de todos os f\u00e3s da p\u00e1gina a publica\u00e7\u00e3o de fotografias, v\u00eddeos, textos, reportagens, artigos ou outras formas de divulga\u00e7\u00e3o, dos autores ou de terceiros (desde que devidamente identificados ou identificada a sua origem) e desde que directamente ligados com o tema desta p\u00e1gina Fotografia Portugal.<\/p>\n<p>S\u00e3o considerados F\u00c3S (ou SEGUIDORES ou AMIGOS) todos aqueles que tiverem seleccionado GOSTO na p\u00e1gina FOTOGRAFIA Portugal, passando desde logo a usufruir da possibilidade de coloca\u00e7\u00e3o fotografias, v\u00eddeos, textos, reportagens, artigos ou outras formas de divulga\u00e7\u00e3o nesta p\u00e1gina, podendo os administradores da p\u00e1gina Fotografia Portugal partilhar esses posts na p\u00e1gina principal, garantindo desde logo uma muito maior divulga\u00e7\u00e3o dos trabalhos apresentados sem quaisquer custos para os f\u00e3s que divulguem os seus posts.<\/p>\n<p>Cada membro ou f\u00e3 desta p\u00e1gina poder\u00e1 e dever\u00e1 convidar pessoas que pensem poderem sentir-se identificadas neste esp\u00edrito e, sobretudo, que gostem de fotografia. Pretende-se igualmente que possam existir ideias para a organiza\u00e7\u00f5es de eventos e a sua divulga\u00e7\u00e3o gratuita nesta p\u00e1gina para f\u00e1cil conhecimento de todos.<\/p>\n<p>Por defeito n\u00e3o ser\u00e3o aceites artigos ou imagens de car\u00e1cter publicit\u00e1rio, salvo algumas justificadas excep\u00e7\u00f5es devidamente enquadradas no tema, tais como refer\u00eancias a livros, revistas ou artigos directamente ligados com a tem\u00e1tica desta p\u00e1gina.<\/p>\n<p>Os administradores desta p\u00e1gina est\u00e3o a estabelecer parcerias com diferentes entidades e\/ou empresas que podem permitir condi\u00e7\u00f5es especiais ou descontos a todos os membros \/ f\u00e3s.<\/p>\n<p>FOTOGRAFIA Portugal garante ainda campanhas de descontos em alguns produtos (tais como livros de FOTOGRAFIA e de edi\u00e7\u00e3o fotogr\u00e1fica) em que tentamos negociar as melhores condi\u00e7\u00f5es e esperamos sejam do agrado de todos os nossos f\u00e3s.\u00a0FOTOGRAFIA Portugal \u00e9 uma loja independente, n\u00e3o associada ao Centro Atl\u00e2ntico, mas apenas sua revendedora.<\/p>\n<p>Nota: os administradores da p\u00e1gina Fotografia Portugal reservam o direito de eliminar alguma publica\u00e7\u00e3o n\u00e3o ligada \u00e0 tem\u00e1tica de fotografia ou que possa ser considerada inadequada a esta p\u00e1gina, pelo que agradecemos a compreens\u00e3o de todos.<\/p>\n<p>Bem vindos a esta comunidade!<\/p>\n<p>FOTOGRAFIA Portugal<\/p>\n<p><strong><a title=\"P\u00e1gina FOTOGRAFIA Portugal\" href=\"https:\/\/www.facebook.com\/FotografiaPortugal\/\" target=\"_blank\" rel=\"noopener noreferrer\">www.fotografiaportugal.pt<\/a><\/strong><\/p>\n<p>E-mail:\u00a0<a href=\"mailto:info@fotografiaportugal.pt\">info@fotografiaportugal.pt<\/a><\/p>\n<p>Site:\u00a0<strong><a title=\"Site FOTOGRAFIA Portugal\" href=\"https:\/\/fotografiaportugal.pt\/site\/\">https:\/\/fotografiaportugal.pt\/site\/<\/a><\/strong><\/p>\n<p><a href=\"https:\/\/fotografiaportugal.dreambooks.pt\/\" target=\"_blank\" rel=\"noopener noreferrer\"><strong>\u00c1lbuns Digitais, Decora\u00e7\u00e3o, Revela\u00e7\u00e3o de Fotos, Presentes personalizados, Foto Livros, Calend\u00e1rios<\/strong><\/a><\/p>\n<p>\u00a9 <strong>FOTOGRAFIA Portugal<\/strong> \u00e9 um servi\u00e7o registado por <strong>Oceano de Ideias<\/strong><\/p>\n<p style=\"text-align: left;\"><a title=\"www.fotografiaportugal.pt\" href=\"http:\/\/www.fotografiaportugal.pt\/\" target=\"_blank\" rel=\"noopener noreferrer\"><img loading=\"lazy\" decoding=\"async\" class=\"alignnone size-medium wp-image-249\" src=\"https:\/\/fotografiaportugal.pt\/site\/wp-content\/uploads\/2015\/02\/Roll-Up-FP_OI-124x300.png\" alt=\"Roll Up FP_OI\" width=\"124\" height=\"300\" srcset=\"https:\/\/fotografiaportugal.pt\/site\/wp-content\/uploads\/2015\/02\/Roll-Up-FP_OI-124x300.png 124w, https:\/\/fotografiaportugal.pt\/site\/wp-content\/uploads\/2015\/02\/Roll-Up-FP_OI-422x1024.png 422w, https:\/\/fotografiaportugal.pt\/site\/wp-content\/uploads\/2015\/02\/Roll-Up-FP_OI-672x1629.png 672w, https:\/\/fotografiaportugal.pt\/site\/wp-content\/uploads\/2015\/02\/Roll-Up-FP_OI.png 1540w\" sizes=\"auto, (max-width: 124px) 100vw, 124px\" \/><\/a><\/p>\n<p>A empresa <strong>Oceano de Ideias-Consultoria e Servi\u00e7os Lda<\/strong> tem por objecto a presta\u00e7\u00e3o de servi\u00e7os de consultoria com car\u00e1cter estrat\u00e9gico em \u00e1reas relacionadas com neg\u00f3cios e gest\u00e3o, cultura e arte, marketing, engenharia e tecnologias de informa\u00e7\u00e3o e comunica\u00e7\u00e3o bem como forma\u00e7\u00e3o nas \u00e1reas descritas, e gest\u00e3o de concep\u00e7\u00e3o e comercializa\u00e7\u00e3o de obras de arte e ainda organiza\u00e7\u00e3o de simp\u00f3sios e eventos.<\/p>\n<p>OCEANO DE IDEIAS &#8211;\u00a0Consultoria e Servi\u00e7os Lda<\/p>\n<p><a title=\"Siga a p\u00e1gina de Oceano de Ideias no Facebook\" href=\"https:\/\/www.facebook.com\/pages\/Oceano-de-Ideias\/184686944883730\" target=\"_blank\" rel=\"noopener noreferrer\">https:\/\/www.facebook.com\/pages\/Oceano-de-Ideias\/184686944883730<\/a><\/p>\n<p><a title=\"Oceano de Ideias\" href=\"http:\/\/www.oceanoideias.com\/\" target=\"_blank\" rel=\"noopener noreferrer\">www.oceanoideias.com<\/a><\/p>\n<p>E-mail:\u00a0<a href=\"oceanoideias@oceanoideias.com\">oceanoideias@oceanoideias.com<\/a><\/p>\n<p>NIF: 506.265.250<\/p>\n<p>Apartado 310<\/p>\n<p>4764-978 Vila Nova de Famalic\u00e3o<\/p>\n<p>Portugal<\/p>\n<p>Entre em contacto connosco atrav\u00e9s de <a href=\"https:\/\/fotografiaportugal.pt\/site\/quem-somos\/contactos\/\"><strong>Contactos<\/strong><\/a>.<\/p>\n<p>&nbsp;<\/p>\n","protected":false},"excerpt":{"rendered":"<p>FOTOGRAFIA Portugal tem como objecto a disponibiliza\u00e7\u00e3o de um espa\u00e7o dedicado ao mundo da fotografia (de Portugal e de portugueses em qualquer ponto do mundo), seja ela digital ou anal\u00f3gica, profissional ou de amadores, com o objectivo de agregar e divulgar gratuitamente os trabalhos de v\u00e1rios entusiastas e profissionais da fotografia. FOTOGRAFIA Portugal pretende ser [&hellip;]<\/p>\n","protected":false},"author":2629,"featured_media":0,"parent":0,"menu_order":0,"comment_status":"open","ping_status":"open","template":"","meta":{"footnotes":""},"class_list":["post-18","page","type-page","status-publish","hentry"],"_links":{"self":[{"href":"https:\/\/fotografiaportugal.pt\/site\/wp-json\/wp\/v2\/pages\/18","targetHints":{"allow":["GET"]}}],"collection":[{"href":"https:\/\/fotografiaportugal.pt\/site\/wp-json\/wp\/v2\/pages"}],"about":[{"href":"https:\/\/fotografiaportugal.pt\/site\/wp-json\/wp\/v2\/types\/page"}],"author":[{"embeddable":true,"href":"https:\/\/fotografiaportugal.pt\/site\/wp-json\/wp\/v2\/users\/2629"}],"replies":[{"embeddable":true,"href":"https:\/\/fotografiaportugal.pt\/site\/wp-json\/wp\/v2\/comments?post=18"}],"version-history":[{"count":15,"href":"https:\/\/fotografiaportugal.pt\/site\/wp-json\/wp\/v2\/pages\/18\/revisions"}],"predecessor-version":[{"id":4417,"href":"https:\/\/fotografiaportugal.pt\/site\/wp-json\/wp\/v2\/pages\/18\/revisions\/4417"}],"wp:attachment":[{"href":"https:\/\/fotografiaportugal.pt\/site\/wp-json\/wp\/v2\/media?parent=18"}],"curies":[{"name":"wp","href":"https:\/\/api.w.org\/{rel}","templated":true}]}}