{"id":1972,"date":"2016-01-15T14:54:01","date_gmt":"2016-01-15T14:54:01","guid":{"rendered":"http:\/\/fotografiaportugal.pt\/site\/?page_id=1972"},"modified":"2017-03-17T21:55:11","modified_gmt":"2017-03-17T21:55:11","slug":"como-adquirir-produtos","status":"publish","type":"page","link":"https:\/\/fotografiaportugal.pt\/site\/shop\/como-adquirir-produtos\/","title":{"rendered":"Como adquirir produtos?"},"content":{"rendered":"<p><strong>Como adquirir produtos na <a href=\"https:\/\/fotografiaportugal.pt\/site\/shop\/\">Loja<\/a>\u00a0<\/strong><strong>FOTOGRAFIA PORTUGAL<\/strong><strong>?<\/strong><\/p>\n<p>O processo de encomenda de produtos (livros, documentos com dicas no formato PDF, strap e fotografias) \u00e9 muito f\u00e1cil:<\/p>\n<ul>\n<li>Entre no nosso site:<a href=\"https:\/\/fotografiaportugal.pt\/site\/\">https:\/\/fotografiaportugal.pt\/site\/<\/a><\/li>\n<li>Carregue no bot\u00e3o <strong><a href=\"https:\/\/fotografiaportugal.pt\/site\/shop\/\">Loja<\/a><\/strong> e vai ter a\u00a0<a href=\"https:\/\/fotografiaportugal.pt\/site\/shop\/\">https:\/\/fotografiaportugal.pt\/site\/shop\/<\/a><\/li>\n<li>Pode ainda seguir os menus da <strong><a href=\"https:\/\/fotografiaportugal.pt\/site\/shop\/\">Loja<\/a><\/strong> e escolher uma tem\u00e1tica espec\u00edfica (Top 10, Especial Fotografia, Especiais tem\u00e1ticos, Gratuito, Fotografias, Strap, Packs, entre v\u00e1rias outros menus e sub-menus)<\/li>\n<li>Ap\u00f3s a sua escolha da <strong><a href=\"https:\/\/fotografiaportugal.pt\/site\/shop\/\">Loja<\/a><\/strong> ou de um sub-menu desta, desloque a p\u00e1gina para baixo e escolha o(s) produto(s) pretendido(s), bastando para o efeito carregar no bot\u00e3o <strong>Adicionar<\/strong> por baixo do(s) produto(s) respectivo(s), para <strong>Adicionar<\/strong> ao seu <strong>Carrinho<\/strong> o(s) produto(s) pretendido(s).<\/li>\n<li><u>Nota<\/u>: O pre\u00e7o de cada produto est\u00e1 indicado por baixo da imagem do mesmo. Os produtos com a informa\u00e7\u00e3o <strong>Gr\u00e1tis!<\/strong> n\u00e3o t\u00eam custos (s\u00e3o totalmente gratuitos).<\/li>\n<li>Se desejar ver informa\u00e7\u00f5es em detalhe sobre um determinado produto, bastar\u00e1 carregar na imagem do mesmo e depois deslocar a p\u00e1gina para baixo e ver toda a informa\u00e7\u00e3o acerca do mesmo.<\/li>\n<li>Pode voltar \u00e0 <strong><a href=\"https:\/\/fotografiaportugal.pt\/site\/shop\/\">Loja<\/a><\/strong> sempre que desejar e escolher mais produtos que pretenda, ou mesmo optar pela compra em Pack, pois tem normalmente um maior desconto<\/li>\n<li>Quando tiver escolhido todos os produtos que pretende adquirir (nem que seja s\u00f3 um livro) dever\u00e1 seleccionar <strong>Carrinho<\/strong> ou <strong>Ver Carrinho<\/strong> para verificar o total das suas compras.<\/li>\n<li>Mesmo assim, se pretender, pode voltar \u00e0 <strong><a href=\"https:\/\/fotografiaportugal.pt\/site\/shop\/\">Loja<\/a><\/strong> para comprar mais, alterar quantidades at\u00e9 ter a certeza da compra que pretende efectuar.<\/li>\n<li><u>Nota<\/u>: Se colocar a quantidade 0 (zero) elimina o produto.<\/li>\n<li>Os portes de correio ser\u00e3o sempre gratuitos em produtos gratuitos (pois o envio \u00e9 electr\u00f3nico).<\/li>\n<li>Os portes de correio ser\u00e3o tamb\u00e9m sempre gratuitos, para o envio de produtos para qualquer morada em Portugal, incluindo o continente, A\u00e7ores e Madeira. O envio de produtos a n\u00edvel internacional pode ser efectuado para qualquer ponto do mundo, mas ter\u00e1 um custo de envio fixado pelo editor.<\/li>\n<li>No final dever\u00e1 escolher <strong>Check-out<\/strong> ou <strong>Efetuar Pagamento<\/strong> (ou seja, para fazer mesmo a compra).<\/li>\n<li>A\u00ed, no <strong>Check-out<\/strong>, preenche os detalhes da encomenda (identifica-se e cria uma conta, se ainda n\u00e3o tiver) e depois carrega no bot\u00e3o <strong>Confirmar encomenda<\/strong>.<\/li>\n<li>Se j\u00e1 estiver identificado (depois de entrar com a conta previamente criada), basta seleccionar <strong>Confirmar encomenda<\/strong>.<\/li>\n<li>Recebe uma mensagem de que a encomenda foi recebida e os dados para poder fazer a transfer\u00eancia banc\u00e1ria para o NIB \/ IBAN do editor ou dep\u00f3sito em conta.<\/li>\n<li>Recebe tamb\u00e9m um e-mail com todos esses dados. <strong>Verifique o seu email<\/strong>!<\/li>\n<\/ul>\n<p>O nosso e-mail (autom\u00e1tico) diz \u201cObrigado pela sua encomenda\u201d e tem como assunto: \u201cConfirma\u00e7\u00e3o da encomenda de \u2026\u201d<\/p>\n<p>Com esta informa\u00e7\u00e3o:<\/p>\n<p>A sua encomenda foi recebida. Os detalhes da encomenda s\u00e3o exibidos em baixo para sua refer\u00eancia:<\/p>\n<p>Efectue por favor o seu pagamento por transfer\u00eancia banc\u00e1ria ou dep\u00f3sito directo na conta do editor (Centro Atl\u00e2ntico) e indique o N\u00ba de Encomenda como refer\u00eancia da transfer\u00eancia ou dep\u00f3sito. A sua encomenda s\u00f3 ser\u00e1 processada pelo editor, ap\u00f3s nos enviar e-mail para <a href=\"mailto:info@fotografiaportugal.pt\">info@fotografiaportugal.pt<\/a> com c\u00f3pia do comprovativo de transfer\u00eancia ou dep\u00f3sito em conta, colocando no assunto o N\u00ba de Encomenda. Muito obrigado. Receber\u00e1 depois a sua encomenda, na morada por si indicada, num prazo de at\u00e9 5 dias \u00fateis ap\u00f3s recebermos o seu comprovativo de pagamento.<\/p>\n<p>Com os nossos melhores cumprimentos,<\/p>\n<p>FOTOGRAFIA Portugal<\/p>\n<p>Os nossos dados banc\u00e1rios<\/p>\n<ul>\n<li>Centro Atl\u00e2ntico \u2013 Banco Santander Totta<\/li>\n<li>N\u00famero de Identifica\u00e7\u00e3o Banc\u00e1ria (NIB): 001800080429941702030<\/li>\n<li>Ag\u00eancia: Vila Nova de Famalic\u00e3o<\/li>\n<li>IBAN: PT50001800080429941702030<\/li>\n<li>BIC (Swift): TOTAPTPL<\/li>\n<\/ul>\n<p>E os dados da sua encomenda&#8230;<\/p>\n<p>&nbsp;<\/p>\n<p>Ap\u00f3s este passo:<\/p>\n<ul>\n<li>Se a sua encomenda for exclusivamente de produtos gratuitos (tais como documentos de DICAS no formato PDF), n\u00e3o ter\u00e1 nada a pagar e bastar-lhe-\u00e1 apenas carregar nos links respectivos com os nomes dos ficheiros para fazer o download (para os receber no seu computador, tablet ou telem\u00f3vel).<\/li>\n<li>No caso de algum ou alguns dos produtos encomendados n\u00e3o ser gratuito, dever\u00e1 entretanto proceder ao pagamento da sua encomenda por transfer\u00eancia banc\u00e1ria ou por dep\u00f3sito em conta, conforme os dados banc\u00e1rios indicados.<\/li>\n<li>Depois de fazer o dep\u00f3sito na conta ou a transfer\u00eancia banc\u00e1ria, dever\u00e1 enviar um e-mail para: <a href=\"mailto:info@fotografiaportugal.pt\">info@fotografiaportugal.pt<\/a>com uma c\u00f3pia do comprovativo.<\/li>\n<\/ul>\n<p>Ap\u00f3s recebermos o seu e-mail e verificarmos com os dados da sua encomenda, confirmar-lhe-emos a encomenda a si e ao editor.<\/p>\n<p>O editor verifica, processa a encomenda (escolhe os produtos, embala-os e expede a sua encomenda).<\/p>\n<p>Receber\u00e1 a sua encomenda num prazo de 2 a 5 dias ap\u00f3s expedi\u00e7\u00e3o via CTT.<\/p>\n<p>Qualquer d\u00favida, estaremos sempre ao dispor! Envie-nos e-mail para: <a href=\"mailto:info@fotografiaportugal.pt\">info@fotografiaportugal.pt<\/a> e responder-lhe-emos. Se desejar que lhe telefonemos a esclarecer algum pormenor, bastar\u00e1 que nos indique o seu n\u00famero de telefone ou de telem\u00f3vel.<\/p>\n<p><strong>Resumo:<\/strong> bastar\u00e1 seguir os passos:<\/p>\n<ul>\n<li><strong>Adicionar<\/strong>\u00a0(nos v\u00e1rios produtos que pretende adquirir)<\/li>\n<li><strong>Ver Carrinho<\/strong><\/li>\n<li><strong>Efetuar pagamento<\/strong><\/li>\n<li>Preencher os dados (ou entrar como utilizador registado)<\/li>\n<li><strong>Confirmar encomenda<\/strong><\/li>\n<\/ul>\n<p>Se mesmo assim tiver d\u00favidas ou alguma dificuldade na encomenda atrav\u00e9s da <strong><a href=\"https:\/\/fotografiaportugal.pt\/site\/shop\/\">Loja<\/a><\/strong>, pode dirigir-nos um e-mail a indicar quais os produtos que pretende comprar, juntando o seu comprovativo de pagamento e os seus dados (Nome completo, NIF (n\u00famero de identifica\u00e7\u00e3o fiscal) para a emiss\u00e3o da factura, morada de factura\u00e7\u00e3o, morada de envio, e-mail, telefone ou telem\u00f3vel) e trataremos n\u00f3s da encomenda.<\/p>\n<p>Informamos ainda que a <strong><a href=\"http:\/\/www.fotografiaportugal.dreambooks.pt\/\">Dreambooks<\/a><\/strong> estabeleceu uma parceria com <strong><a href=\"https:\/\/fotografiaportugal.pt\/site\/\">FOTOGRAFIA PORTUGAL<\/a><\/strong>, a qual d\u00e1 a todos os nossos clientes e seguidores condi\u00e7\u00f5es muito especiais na aquisi\u00e7\u00e3o de todos os seus produtos. Pode seguir todas as campanhas em: <a href=\"http:\/\/www.fotografiaportugal.dreambooks.pt\/\">http:\/\/www.fotografiaportugal.dreambooks.pt\/<\/a><\/p>\n<p>A <strong><a href=\"http:\/\/www.fotografiaportugal.dreambooks.pt\/\">Dreambooks<\/a> <\/strong>\u00e9 l\u00edder de mercado na impress\u00e3o personalizada de fotografias em diferentes tipos de suportes. Experimenta e cria os teus (com as tuas fotos)!<\/p>\n<p><a href=\"http:\/\/www.fotografiaportugal.dreambooks.pt\/albuns-digitais\" rel=\"attachment wp-att-1768\"><img loading=\"lazy\" decoding=\"async\" class=\"alignnone size-medium wp-image-1768\" src=\"https:\/\/fotografiaportugal.pt\/site\/wp-content\/uploads\/2015\/12\/albuns-digitais-BR-300x100.jpg\" alt=\"albuns digitais BR\" width=\"300\" height=\"100\" srcset=\"https:\/\/fotografiaportugal.pt\/site\/wp-content\/uploads\/2015\/12\/albuns-digitais-BR-300x100.jpg 300w, https:\/\/fotografiaportugal.pt\/site\/wp-content\/uploads\/2015\/12\/albuns-digitais-BR-768x255.jpg 768w, https:\/\/fotografiaportugal.pt\/site\/wp-content\/uploads\/2015\/12\/albuns-digitais-BR.jpg 1024w, https:\/\/fotografiaportugal.pt\/site\/wp-content\/uploads\/2015\/12\/albuns-digitais-BR-100x33.jpg 100w, https:\/\/fotografiaportugal.pt\/site\/wp-content\/uploads\/2015\/12\/albuns-digitais-BR-372x124.jpg 372w\" sizes=\"auto, (max-width: 300px) 100vw, 300px\" \/><\/a><\/p>\n<p><strong><a href=\"http:\/\/www.fotografiaportugal.dreambooks.pt\/albuns-digitais\">\u00c1LBUNS DIGITAIS<\/a><\/strong><\/p>\n<ul>\n<li>\u00c1lbuns Digitais Slim<\/li>\n<li>\u00c1lbuns Digitais Premium<\/li>\n<li>GiftBox &#8211; Caixa Presente<\/li>\n<\/ul>\n<p><a href=\"http:\/\/www.fotografiaportugal.dreambooks.pt\/decoracao\" rel=\"attachment wp-att-1769\"><img loading=\"lazy\" decoding=\"async\" class=\"alignnone size-medium wp-image-1769\" src=\"https:\/\/fotografiaportugal.pt\/site\/wp-content\/uploads\/2015\/12\/decoracao-BR-300x176.jpg\" alt=\"decoracao BR\" width=\"300\" height=\"176\" srcset=\"https:\/\/fotografiaportugal.pt\/site\/wp-content\/uploads\/2015\/12\/decoracao-BR-300x176.jpg 300w, https:\/\/fotografiaportugal.pt\/site\/wp-content\/uploads\/2015\/12\/decoracao-BR-768x451.jpg 768w, https:\/\/fotografiaportugal.pt\/site\/wp-content\/uploads\/2015\/12\/decoracao-BR.jpg 1024w, https:\/\/fotografiaportugal.pt\/site\/wp-content\/uploads\/2015\/12\/decoracao-BR-100x59.jpg 100w, https:\/\/fotografiaportugal.pt\/site\/wp-content\/uploads\/2015\/12\/decoracao-BR-317x186.jpg 317w\" sizes=\"auto, (max-width: 300px) 100vw, 300px\" \/><\/a><\/p>\n<p><strong><a href=\"http:\/\/www.fotografiaportugal.dreambooks.pt\/decoracao\">DECORA\u00c7\u00c3O<\/a><\/strong><\/p>\n<ul>\n<li>Posters<\/li>\n<li>Telas<\/li>\n<li>Molduras de Mesa<\/li>\n<li>Molduras de Parede<\/li>\n<li>Quadro em Acr\u00edlico &amp; Metal<\/li>\n<li>Quadro em Alum\u00ednio<\/li>\n<li>Quadro em Acr\u00edlico<\/li>\n<li>Multi-Telas<\/li>\n<\/ul>\n<p><a href=\"http:\/\/www.fotografiaportugal.dreambooks.pt\/impressao-fotos\" rel=\"attachment wp-att-1770\"><img loading=\"lazy\" decoding=\"async\" class=\"alignnone size-full wp-image-1770\" src=\"https:\/\/fotografiaportugal.pt\/site\/wp-content\/uploads\/2015\/12\/Rev_Fotos.jpg\" alt=\"Rev_Fotos\" width=\"260\" height=\"191\" srcset=\"https:\/\/fotografiaportugal.pt\/site\/wp-content\/uploads\/2015\/12\/Rev_Fotos.jpg 260w, https:\/\/fotografiaportugal.pt\/site\/wp-content\/uploads\/2015\/12\/Rev_Fotos-100x73.jpg 100w, https:\/\/fotografiaportugal.pt\/site\/wp-content\/uploads\/2015\/12\/Rev_Fotos-253x186.jpg 253w\" sizes=\"auto, (max-width: 260px) 100vw, 260px\" \/><\/a><\/p>\n<p><strong><a href=\"http:\/\/www.fotografiaportugal.dreambooks.pt\/impressao-fotos\">REVELA\u00c7\u00c3O DE FOTOS<\/a><\/strong><\/p>\n<ul>\n<li>Fotos<\/li>\n<li>Packs de Fotos<\/li>\n<li>Posters<\/li>\n<\/ul>\n<p><a href=\"http:\/\/www.fotografiaportugal.dreambooks.pt\/presentes-personalizados\" rel=\"attachment wp-att-1771\"><img loading=\"lazy\" decoding=\"async\" class=\"alignnone size-medium wp-image-1771\" src=\"https:\/\/fotografiaportugal.pt\/site\/wp-content\/uploads\/2015\/12\/Presentes-personalizados-BR-300x176.jpg\" alt=\"Presentes personalizados BR\" width=\"300\" height=\"176\" srcset=\"https:\/\/fotografiaportugal.pt\/site\/wp-content\/uploads\/2015\/12\/Presentes-personalizados-BR-300x176.jpg 300w, https:\/\/fotografiaportugal.pt\/site\/wp-content\/uploads\/2015\/12\/Presentes-personalizados-BR-768x451.jpg 768w, https:\/\/fotografiaportugal.pt\/site\/wp-content\/uploads\/2015\/12\/Presentes-personalizados-BR.jpg 1024w, https:\/\/fotografiaportugal.pt\/site\/wp-content\/uploads\/2015\/12\/Presentes-personalizados-BR-100x59.jpg 100w, https:\/\/fotografiaportugal.pt\/site\/wp-content\/uploads\/2015\/12\/Presentes-personalizados-BR-317x186.jpg 317w\" sizes=\"auto, (max-width: 300px) 100vw, 300px\" \/><\/a><\/p>\n<p><strong><a href=\"http:\/\/www.fotografiaportugal.dreambooks.pt\/presentes-personalizados\">PRESENTES PERSONALIZADOS<\/a><\/strong><\/p>\n<ul>\n<li>Canecas<\/li>\n<li>Decora\u00e7\u00e3o de Mesa<\/li>\n<li>Decora\u00e7\u00e3o de Parede<\/li>\n<li>Digital &amp; Acess\u00f3rios<\/li>\n<li>Estacion\u00e1rio<\/li>\n<li>Para a Casa<\/li>\n<li>Para Escrit\u00f3rio<\/li>\n<li>Peluches<\/li>\n<li>Porta-Chaves<\/li>\n<li>Puzzles &amp; Jogos<\/li>\n<li>Sacos &amp; Malas<\/li>\n<li>Vestu\u00e1rio<\/li>\n<\/ul>\n<p><a href=\"http:\/\/www.fotografiaportugal.dreambooks.pt\/foto-livros\" rel=\"attachment wp-att-1772\"><img loading=\"lazy\" decoding=\"async\" class=\"alignnone size-medium wp-image-1772\" src=\"https:\/\/fotografiaportugal.pt\/site\/wp-content\/uploads\/2015\/12\/Foto-livros-BR-300x176.jpg\" alt=\"Foto livros BR\" width=\"300\" height=\"176\" srcset=\"https:\/\/fotografiaportugal.pt\/site\/wp-content\/uploads\/2015\/12\/Foto-livros-BR-300x176.jpg 300w, https:\/\/fotografiaportugal.pt\/site\/wp-content\/uploads\/2015\/12\/Foto-livros-BR-768x451.jpg 768w, https:\/\/fotografiaportugal.pt\/site\/wp-content\/uploads\/2015\/12\/Foto-livros-BR.jpg 1024w, https:\/\/fotografiaportugal.pt\/site\/wp-content\/uploads\/2015\/12\/Foto-livros-BR-100x59.jpg 100w, https:\/\/fotografiaportugal.pt\/site\/wp-content\/uploads\/2015\/12\/Foto-livros-BR-317x186.jpg 317w\" sizes=\"auto, (max-width: 300px) 100vw, 300px\" \/><\/a><\/p>\n<p><strong><a href=\"http:\/\/www.fotografiaportugal.dreambooks.pt\/foto-livros\">FOTO LIVROS<\/a><\/strong><\/p>\n<ul>\n<li>Foto Revistas<\/li>\n<li>Foto Livros Slim<\/li>\n<li>Foto Livros Premium<\/li>\n<\/ul>\n<p><a href=\"http:\/\/www.fotografiaportugal.dreambooks.pt\/calendarios\" rel=\"attachment wp-att-1773\"><img loading=\"lazy\" decoding=\"async\" class=\"alignnone size-medium wp-image-1773\" src=\"https:\/\/fotografiaportugal.pt\/site\/wp-content\/uploads\/2015\/12\/Calendarios-BR-300x176.jpg\" alt=\"Calendarios BR\" width=\"300\" height=\"176\" srcset=\"https:\/\/fotografiaportugal.pt\/site\/wp-content\/uploads\/2015\/12\/Calendarios-BR-300x176.jpg 300w, https:\/\/fotografiaportugal.pt\/site\/wp-content\/uploads\/2015\/12\/Calendarios-BR-768x451.jpg 768w, https:\/\/fotografiaportugal.pt\/site\/wp-content\/uploads\/2015\/12\/Calendarios-BR.jpg 1024w, https:\/\/fotografiaportugal.pt\/site\/wp-content\/uploads\/2015\/12\/Calendarios-BR-100x59.jpg 100w, https:\/\/fotografiaportugal.pt\/site\/wp-content\/uploads\/2015\/12\/Calendarios-BR-317x186.jpg 317w\" sizes=\"auto, (max-width: 300px) 100vw, 300px\" \/><\/a><\/p>\n<p><strong><a href=\"http:\/\/www.fotografiaportugal.dreambooks.pt\/calendarios\">CALEND\u00c1RIOS<\/a><\/strong><\/p>\n<ul>\n<li>Posters Calend\u00e1rio<\/li>\n<li>Calend\u00e1rios de Parede<\/li>\n<li>Calend\u00e1rio de Mesa<\/li>\n<li>Calend\u00e1rios de Bolso<\/li>\n<\/ul>\n<p>Muito obrigado,<\/p>\n<p><strong>FOTOGRAFIA PORTUGAL<\/strong><\/p>\n<p>E-mail:\u00a0<a href=\"mailto:info@fotografiaportugal.pt\">info@fotografiaportugal.pt<\/a><\/p>\n<p>Site: <a href=\"https:\/\/fotografiaportugal.pt\/site\/\">https:\/\/fotografiaportugal.pt\/site\/<\/a><\/p>\n<p>Loja: <a href=\"https:\/\/fotografiaportugal.pt\/site\/shop\/\">https:\/\/fotografiaportugal.pt\/site\/shop\/<\/a><\/p>\n<p>Exposi\u00e7\u00f5es: <a href=\"https:\/\/fotografiaportugal.pt\/site\/exposicoes\/\">https:\/\/fotografiaportugal.pt\/site\/exposicoes\/<\/a><\/p>\n<p>Dreambooks <a href=\"http:\/\/www.fotografiaportugal.dreambooks.pt\/\">http:\/\/www.fotografiaportugal.dreambooks.pt\/<\/a><\/p>\n<p>P\u00e1gina: <a href=\"www.fotografiaportugal.pt\">www.fotografiaportugal.pt<\/a> (no Facebook)<\/p>\n","protected":false},"excerpt":{"rendered":"<p>Como adquirir produtos na Loja\u00a0FOTOGRAFIA PORTUGAL? O processo de encomenda de produtos (livros, documentos com dicas no formato PDF, strap e fotografias) \u00e9 muito f\u00e1cil: Entre no nosso site:https:\/\/fotografiaportugal.pt\/site\/ Carregue no bot\u00e3o Loja e vai ter a\u00a0https:\/\/fotografiaportugal.pt\/site\/shop\/ Pode ainda seguir os menus da Loja e escolher uma tem\u00e1tica espec\u00edfica (Top 10, Especial Fotografia, Especiais tem\u00e1ticos, [&hellip;]<\/p>\n","protected":false},"author":2629,"featured_media":1975,"parent":4,"menu_order":0,"comment_status":"closed","ping_status":"closed","template":"","meta":{"footnotes":""},"class_list":["post-1972","page","type-page","status-publish","has-post-thumbnail","hentry"],"_links":{"self":[{"href":"https:\/\/fotografiaportugal.pt\/site\/wp-json\/wp\/v2\/pages\/1972","targetHints":{"allow":["GET"]}}],"collection":[{"href":"https:\/\/fotografiaportugal.pt\/site\/wp-json\/wp\/v2\/pages"}],"about":[{"href":"https:\/\/fotografiaportugal.pt\/site\/wp-json\/wp\/v2\/types\/page"}],"author":[{"embeddable":true,"href":"https:\/\/fotografiaportugal.pt\/site\/wp-json\/wp\/v2\/users\/2629"}],"replies":[{"embeddable":true,"href":"https:\/\/fotografiaportugal.pt\/site\/wp-json\/wp\/v2\/comments?post=1972"}],"version-history":[{"count":4,"href":"https:\/\/fotografiaportugal.pt\/site\/wp-json\/wp\/v2\/pages\/1972\/revisions"}],"predecessor-version":[{"id":4010,"href":"https:\/\/fotografiaportugal.pt\/site\/wp-json\/wp\/v2\/pages\/1972\/revisions\/4010"}],"up":[{"embeddable":true,"href":"https:\/\/fotografiaportugal.pt\/site\/wp-json\/wp\/v2\/pages\/4"}],"wp:featuredmedia":[{"embeddable":true,"href":"https:\/\/fotografiaportugal.pt\/site\/wp-json\/wp\/v2\/media\/1975"}],"wp:attachment":[{"href":"https:\/\/fotografiaportugal.pt\/site\/wp-json\/wp\/v2\/media?parent=1972"}],"curies":[{"name":"wp","href":"https:\/\/api.w.org\/{rel}","templated":true}]}}