{"id":20,"date":"2015-02-23T22:46:34","date_gmt":"2015-02-23T22:46:34","guid":{"rendered":"http:\/\/fotografiaportugal.pt\/site\/?page_id=20"},"modified":"2017-01-06T11:58:54","modified_gmt":"2017-01-06T11:58:54","slug":"regras","status":"publish","type":"page","link":"https:\/\/fotografiaportugal.pt\/site\/regras\/","title":{"rendered":"Regras"},"content":{"rendered":"<p><img loading=\"lazy\" decoding=\"async\" class=\"alignnone size-medium wp-image-2103\" src=\"https:\/\/fotografiaportugal.pt\/site\/wp-content\/uploads\/2015\/02\/REGRAS-BR-300x176.jpg\" alt=\"REGRAS BR\" width=\"300\" height=\"176\" srcset=\"https:\/\/fotografiaportugal.pt\/site\/wp-content\/uploads\/2015\/02\/REGRAS-BR-300x176.jpg 300w, https:\/\/fotografiaportugal.pt\/site\/wp-content\/uploads\/2015\/02\/REGRAS-BR-768x451.jpg 768w, https:\/\/fotografiaportugal.pt\/site\/wp-content\/uploads\/2015\/02\/REGRAS-BR.jpg 1024w, https:\/\/fotografiaportugal.pt\/site\/wp-content\/uploads\/2015\/02\/REGRAS-BR-100x59.jpg 100w\" sizes=\"auto, (max-width: 300px) 100vw, 300px\" \/><\/p>\n<p><strong>REGRAS de publica\u00e7\u00e3o de fotos na p\u00e1gina FOTOGRAFIA Portugal<\/strong><\/p>\n<p>1) Todas as fotos publicadas na p\u00e1gina <a title=\"FOTOGRAFIA Portugal\" href=\"https:\/\/www.facebook.com\/FotografiaPortugal\/\" target=\"_blank\"><strong>FOTOGRAFIA Portugal<\/strong><\/a> devem s\u00ea-lo directamente e n\u00e3o como links ou partilhas de outras p\u00e1ginas. Podem tamb\u00e9m as mesmas ser enviadas via e-mail para\u00a0<a href=\"mailto:info@fotografiaportugal.pt\">info@fotografiaportugal.pt<\/a><\/p>\n<p>2) Cada foto publicada dever\u00e1 indicar sempre os par\u00e2metros fotogr\u00e1ficos utilizados: Sensibilidade (ISO \u2026), Abertura do diafragma (f\/..), Velocidade de obtura\u00e7\u00e3o (1\/\u2026 seg.) tamb\u00e9m designada por Tempo de exposi\u00e7\u00e3o (em segundos ou frac\u00e7\u00f5es de segundo), bem como (opcional) outros dados importantes tais como a utiliza\u00e7\u00e3o ou n\u00e3o de trip\u00e9, de filtro polarizador, etc. No caso de utiliza\u00e7\u00e3o de HDR (High Dynamic Range) dever\u00e1 indicar o n\u00famero de imagens que serviram de base \u00e0 cria\u00e7\u00e3o da imagem HDR e respectivas Exposi\u00e7\u00f5es (exemplo: -2EV;0EV;2EV), qual(ais) o(s) software(s) de cria\u00e7\u00e3o de HDR. E indicar sempre se fez ou n\u00e3o p\u00f3s-produ\u00e7\u00e3o e, em caso afirmativo, qual(ais) o(s) software(s) de edi\u00e7\u00e3o fotogr\u00e1fica utilizado(s) (indicar quais os utilizados e com que finalidade).<\/p>\n<p>3) Cada foto dever\u00e1 ainda ser precedida de uma breve descri\u00e7\u00e3o da mesma (opcional), local onde a mesma foi tirada (sempre que poss\u00edvel) e coordenadas GPS (sempre que poss\u00edvel) e do nome do autor da foto (obrigat\u00f3rio). Podem (opcional) indicar o e-mail de contacto do autor e\/ou Links(s) para site(s) e\/ou p\u00e1gina(s) no Facebook ou noutros locais da Internet.<\/p>\n<p><strong>Nota importante<\/strong>: N\u00e3o \u00e9 permitida a divulga\u00e7\u00e3o de links que n\u00e3o cumpram os requisitos acima indicados. A divulga\u00e7\u00e3o de links n\u00e3o relacionados pode implicar a elimina\u00e7\u00e3o da foto publicada da p\u00e1gina FOTOGRAFIA Portugal.<\/p>\n<p>A p\u00e1gina <a title=\"FOTOGRAFIA Portugal\" href=\"https:\/\/www.facebook.com\/FotografiaPortugal\/\" target=\"_blank\"><strong>FOTOGRAFIA Portugal<\/strong><\/a> foi criada com o objectivo de divulgar gratuitamente os trabalhos dos fot\u00f3grafos portugueses ou de fot\u00f3grafos que fazem trabalhos sobre Portugal, respeitando sempre os direitos de autor dos mesmos.<\/p>\n<p>&nbsp;<\/p>\n<p><strong>REGRAS de divulga\u00e7\u00e3o de publica\u00e7\u00f5es, cursos de fotografia e de edi\u00e7\u00e3o fotogr\u00e1fica, workshops, viagens fotogr\u00e1ficas, etc.<\/strong><\/p>\n<p>1) Todas as <strong>publica\u00e7\u00f5es<\/strong> (livros ou outras publica\u00e7\u00f5es) ou <strong>eventos<\/strong> (cursos, workshops, viagens fotogr\u00e1ficas, etc.) dever\u00e3o ser submetidos via e-mail para\u00a0<a href=\"mailto:info@fotografiaportugal.pt\">info@fotografiaportugal.pt<\/a>\u00a0acompanhados de um Press-Release, de uma imagem de um cartaz digno e bem apresentado, acompanhados de toda a informa\u00e7\u00e3o considerada pertinente para an\u00e1lise, com vista a posterior divulga\u00e7\u00e3o se a mesma vier a ser considerada \u00fatil e de qualidade pelo nosso corpo editorial para divulga\u00e7\u00e3o na p\u00e1gina.<\/p>\n<p>2) A cada e-mail enviado para\u00a0<a href=\"mailto:info@fotografiaportugal.pt\">info@fotografiaportugal.pt<\/a>\u00a0a propor a divulga\u00e7\u00e3o de livros na p\u00e1gina que venham a ser considerados com qualidade suficiente para divulga\u00e7\u00e3o, poder\u00e1 vir a ser exigido o envio de um exemplar via correio para os nossos servi\u00e7os o poderem apreciar e fazer uma not\u00edcia com coment\u00e1rio editorial.<\/p>\n<p>3) Cada <strong>evento<\/strong> (curso, workshop, viagem fotogr\u00e1fica, etc.) enviado via e-mail para\u00a0<a href=\"mailto:info@fotografiaportugal.pt\">info@fotografiaportugal.pt<\/a>\u00a0dever\u00e1 ser precedido de uma breve descri\u00e7\u00e3o do mesmo, datas e hor\u00e1rio de realiza\u00e7\u00e3o\/visita, local, custo (se n\u00e3o tiver custo indicar GRATUITO), nome do formador\/professor\/guia\/autor. Podem (opcional) e devem indicar o e-mail de contacto do autor e\/ou site.<\/p>\n","protected":false},"excerpt":{"rendered":"<p>REGRAS de publica\u00e7\u00e3o de fotos na p\u00e1gina FOTOGRAFIA Portugal 1) Todas as fotos publicadas na p\u00e1gina FOTOGRAFIA Portugal devem s\u00ea-lo directamente e n\u00e3o como links ou partilhas de outras p\u00e1ginas. Podem tamb\u00e9m as mesmas ser enviadas via e-mail para\u00a0info@fotografiaportugal.pt 2) Cada foto publicada dever\u00e1 indicar sempre os par\u00e2metros fotogr\u00e1ficos utilizados: Sensibilidade (ISO \u2026), Abertura do [&hellip;]<\/p>\n","protected":false},"author":2629,"featured_media":0,"parent":0,"menu_order":0,"comment_status":"open","ping_status":"open","template":"","meta":{"footnotes":""},"class_list":["post-20","page","type-page","status-publish","hentry"],"_links":{"self":[{"href":"https:\/\/fotografiaportugal.pt\/site\/wp-json\/wp\/v2\/pages\/20","targetHints":{"allow":["GET"]}}],"collection":[{"href":"https:\/\/fotografiaportugal.pt\/site\/wp-json\/wp\/v2\/pages"}],"about":[{"href":"https:\/\/fotografiaportugal.pt\/site\/wp-json\/wp\/v2\/types\/page"}],"author":[{"embeddable":true,"href":"https:\/\/fotografiaportugal.pt\/site\/wp-json\/wp\/v2\/users\/2629"}],"replies":[{"embeddable":true,"href":"https:\/\/fotografiaportugal.pt\/site\/wp-json\/wp\/v2\/comments?post=20"}],"version-history":[{"count":5,"href":"https:\/\/fotografiaportugal.pt\/site\/wp-json\/wp\/v2\/pages\/20\/revisions"}],"predecessor-version":[{"id":3784,"href":"https:\/\/fotografiaportugal.pt\/site\/wp-json\/wp\/v2\/pages\/20\/revisions\/3784"}],"wp:attachment":[{"href":"https:\/\/fotografiaportugal.pt\/site\/wp-json\/wp\/v2\/media?parent=20"}],"curies":[{"name":"wp","href":"https:\/\/api.w.org\/{rel}","templated":true}]}}