{"id":2286,"date":"2016-02-21T12:57:23","date_gmt":"2016-02-21T12:57:23","guid":{"rendered":"http:\/\/fotografiaportugal.pt\/site\/?page_id=2286"},"modified":"2016-03-10T10:43:52","modified_gmt":"2016-03-10T10:43:52","slug":"patrocinio-a-dicas-de-fotografia","status":"publish","type":"page","link":"https:\/\/fotografiaportugal.pt\/site\/dicas\/patrocinio-a-dicas-de-fotografia\/","title":{"rendered":"Patroc\u00ednio a DICAS DE FOTOGRAFIA"},"content":{"rendered":"<p>O site <strong>FOTOGRAFIA PORTUGAL \u00ae<\/strong> vai passar a permitir o patroc\u00ednio na modalidade <strong>EXCLUSIVO<\/strong> a cada <strong>DICA DE FOTOGRAFIA<\/strong>.<\/p>\n<p><a href=\"https:\/\/fotografiaportugal.pt\/site\/dicas\/dicas-de-fotografia\/\" rel=\"attachment wp-att-2290\"><img loading=\"lazy\" decoding=\"async\" class=\"alignnone size-medium wp-image-2290\" src=\"https:\/\/fotografiaportugal.pt\/site\/wp-content\/uploads\/2016\/02\/Pag1_DF-BR-300x169.jpg\" alt=\"Pag1_DF BR\" width=\"300\" height=\"169\" srcset=\"https:\/\/fotografiaportugal.pt\/site\/wp-content\/uploads\/2016\/02\/Pag1_DF-BR-300x169.jpg 300w, https:\/\/fotografiaportugal.pt\/site\/wp-content\/uploads\/2016\/02\/Pag1_DF-BR-768x432.jpg 768w, https:\/\/fotografiaportugal.pt\/site\/wp-content\/uploads\/2016\/02\/Pag1_DF-BR.jpg 1024w, https:\/\/fotografiaportugal.pt\/site\/wp-content\/uploads\/2016\/02\/Pag1_DF-BR-100x56.jpg 100w\" sizes=\"auto, (max-width: 300px) 100vw, 300px\" \/><\/a><\/p>\n<p><a href=\"https:\/\/fotografiaportugal.pt\/site\/dicas\/dicas-de-fotografia\/\">https:\/\/fotografiaportugal.pt\/site\/dicas\/dicas-de-fotografia\/<\/a><\/p>\n<p>Dicas de Fotografia destina-se a apoiar de uma forma did\u00e1ctica a aprendizagem sobre fotografia aos utilizadores iniciados e amadores.<\/p>\n<p>As Dicas de Fotografia s\u00e3o documentos no formato PDF, dispon\u00edveis gratuitamente para utilizadores registados no site.<\/p>\n<p>As DICAS DE FOTOGRAFIA s\u00e3o consultadas por milhares de utilizadores, sendo gratuito o seu download no formato PDF.<\/p>\n<p>Est\u00e3o neste momento dispon\u00edveis diversas dicas gratuitas em:<\/p>\n<p><a href=\"https:\/\/fotografiaportugal.pt\/site\/categoria-produto\/gratuito\/\">https:\/\/fotografiaportugal.pt\/site\/categoria-produto\/gratuito\/<\/a><\/p>\n<p>A gest\u00e3o das Dicas de Fotografia \u00e9 da inteira responsabilidade da empresa Oceano de Ideias, que gere a marca <strong>FOTOGRAFIA PORTUGAL \u00ae<\/strong><\/p>\n<p><img loading=\"lazy\" decoding=\"async\" class=\"alignnone size-medium wp-image-2291\" src=\"https:\/\/fotografiaportugal.pt\/site\/wp-content\/uploads\/2016\/02\/LOGO_FP_SIMPLES_REGISTADO-300x116.jpg\" alt=\"LOGO_FP_SIMPLES_REGISTADO\" width=\"300\" height=\"116\" srcset=\"https:\/\/fotografiaportugal.pt\/site\/wp-content\/uploads\/2016\/02\/LOGO_FP_SIMPLES_REGISTADO-300x116.jpg 300w, https:\/\/fotografiaportugal.pt\/site\/wp-content\/uploads\/2016\/02\/LOGO_FP_SIMPLES_REGISTADO-768x297.jpg 768w, https:\/\/fotografiaportugal.pt\/site\/wp-content\/uploads\/2016\/02\/LOGO_FP_SIMPLES_REGISTADO-1024x396.jpg 1024w, https:\/\/fotografiaportugal.pt\/site\/wp-content\/uploads\/2016\/02\/LOGO_FP_SIMPLES_REGISTADO-100x39.jpg 100w, https:\/\/fotografiaportugal.pt\/site\/wp-content\/uploads\/2016\/02\/LOGO_FP_SIMPLES_REGISTADO.jpg 1152w\" sizes=\"auto, (max-width: 300px) 100vw, 300px\" \/><\/p>\n<p>As plataformas <strong>FOTOGRAFIA PORTUGAL \u00ae<\/strong> (site, p\u00e1gina, galeria de exposi\u00e7\u00f5es, loja electr\u00f3nica, entre outras) t\u00eam como objecto a disponibiliza\u00e7\u00e3o de um espa\u00e7o dedicado ao mundo da fotografia (de Portugal e de portugueses em qualquer ponto do mundo), seja ela digital ou anal\u00f3gica, profissional ou de amadores.<\/p>\n<p>FOTOGRAFIA PORTUGAL \u00ae pretende ser um espa\u00e7o onde se quer unir toda a comunidade interessada pela fotografia (sejam profissionais, amadores ou meros curiosos), promovendo sobretudo a fotografia, nacional e internacional, com especial destaque para a fotografia de Portugal e de portugueses (em qualquer ponto do mundo).<\/p>\n<p>A p\u00e1gina FOTOGRAFIA PORTUGAL \u00ae foi criada para juntar toda a comunidade de fotografia, de edi\u00e7\u00e3o fotogr\u00e1fica e demais profissionais de imagem num s\u00f3 local.<\/p>\n<p>FOTOGRAFIA PORTUGAL \u00ae \u00e9 um servi\u00e7o gerido e registado pela empresa Oceano de Ideias &#8211; Consultoria e Servi\u00e7os Lda.<\/p>\n<p>No \u00e2mbito da sua actua\u00e7\u00e3o o site <a href=\"https:\/\/fotografiaportugal.pt\/site\/\">https:\/\/fotografiaportugal.pt\/site\/<\/a> tem vindo a divulgar gratuitamente diversas DICAS DE FOTOGRAFIA de grande qualidade, que podem ser encomendadas directamente e sem quaisquer custos em:\u00a0<a href=\"https:\/\/fotografiaportugal.pt\/site\/categoria-produto\/gratuito\/\">https:\/\/fotografiaportugal.pt\/site\/categoria-produto\/gratuito\/<\/a><\/p>\n<p>A p\u00e1gina <a href=\"https:\/\/fotografiaportugal.pt\/site\/dicas\/dicas-de-fotografia\/\">https:\/\/fotografiaportugal.pt\/site\/dicas\/dicas-de-fotografia\/<\/a> \u00e9 consultada por milhares de pessoas, muitas das quais encomendam GRATUITAMENTE as DICAS DE FOTOGRAFIA que pretendem, recebendo-as de imediato e directamente a partir dos servidores FOTOGRAFIA PORTUGAL \u00ae<\/p>\n<p>Cada DICA DE FOTOGRAFIA pode ser patrocinada EXCLUSIVAMENTE por um patrocinador que, ao contratar o patroc\u00ednio por um determinado per\u00edodo de tempo ser\u00e1 o \u00fanico a constar no documento PDF da DICA DE FOTOGRAFIA respectiva.<\/p>\n<p>Pensamos que o patroc\u00ednio a DICAS DE FOTOGRAFIA \u00e9 uma clara mais valia para empresas, entidades ou marcas que pretendam divulgar-se junto do crescente p\u00fablico alvo que s\u00e3o os utilizadores FOTOGRAFIA PORTUGAL \u00ae pois representar\u00e1, n\u00e3o s\u00f3 um \u00f3ptimo investimento, mas principalmente pelo facto de poderem dirigir a comunica\u00e7\u00e3o a um p\u00fablico-alvo muito adequado culto, exigente e viajado, pertencente a segmentos de mercado onde possam actuar e ainda pelo facto de se tratarem de informa\u00e7\u00f5es \u00fateis e de grande qualidade, para quem pretende aprender mais sobre fotografia.<\/p>\n<p>As DICAS DE FOTOGRAFIA podem ser patrocinadas APENAS por um \u00fanico patrocinador em cada DICA DE FOTOGRAFIA, n\u00e3o sendo nunca aceites numa mesma DICA dois ou mais patrocinadores no mesmo per\u00edodo de tempo contratado.<\/p>\n<p>O patroc\u00ednio a DICAS DE FOTOGRAFIA pode ser contratado por per\u00edodos de um m\u00eas, tr\u00eas meses, seis meses ou ainda per\u00edodos a estipular superiores a seis meses a acordar entre as partes.<\/p>\n<p>\u00c9 ainda permitido a um mesmo patrocinador a contrata\u00e7\u00e3o do patroc\u00ednio a uma ou mais DICAS DE FOTOGRAFIA para o mesmo per\u00edodo temporal, existindo nessas circunst\u00e2ncias condi\u00e7\u00f5es muito especiais em fun\u00e7\u00e3o do n\u00famero de DICAS a patrocinar em simult\u00e2neo.<\/p>\n<p>Caso pretenda receber uma proposta de patroc\u00ednio a DICAS DE FOTOGRAFIA, queira por favor dirigir-nos um e-mail para <a href=\"mailto:info@fotografiaportugal.pt\" target=\"_blank\">info@fotografiaportugal.pt<\/a>\u00a0com os seguintes dados:<\/p>\n<ul>\n<li>Assunto: Patroc\u00ednio a DICAS DE FOTOGRAFIA<\/li>\n<li>Nome da empresa ou entidade<\/li>\n<li>NIF (N\u00famero de Identifica\u00e7\u00e3o Fiscal)<\/li>\n<li>Morada, C\u00f3digo Postal, Localidade Postal e Pa\u00eds<\/li>\n<li>Imagem de Log\u00f3tipo a constar como patroc\u00ednio<\/li>\n<li>Site, p\u00e1gina ou blog a constar como Link no patroc\u00ednio<\/li>\n<li>Cargo, T\u00edtulo e Nome da pessoa de contacto<\/li>\n<li>Telefone e e-mail da pessoa de contacto<\/li>\n<li>Indicar o tipo de patroc\u00ednio pretendido (patroc\u00ednio de marca, patroc\u00ednio de empresa, outro tipo de patroc\u00ednio)<\/li>\n<\/ul>\n<p>Ser-lhe-\u00e1 enviada uma proposta com todas as possibilidades de patroc\u00ednio a DICAS DE FOTOGRAFIA.<\/p>\n<p>Agradecendo desde j\u00e1 a V\/ aten\u00e7\u00e3o, ficamos ao V\/ dispor para qualquer informa\u00e7\u00e3o adicional.<\/p>\n<p>Melhores cumprimentos,<\/p>\n<p><strong>FOTOGRAFIA Portugal \u00ae<\/strong><\/p>\n<p>E-mail: <a href=\"mailto:info@fotografiaportugal.pt\" target=\"_blank\">info@fotografiaportugal.pt<\/a><\/p>\n<p>Site: <a href=\"https:\/\/fotografiaportugal.pt\/site\/\">https:\/\/fotografiaportugal.pt\/site\/<\/a><\/p>\n<p>Exposi\u00e7\u00f5es: <a href=\"https:\/\/fotografiaportugal.pt\/site\/exposicoes\/\">https:\/\/fotografiaportugal.pt\/site\/exposicoes\/<\/a><\/p>\n<p>Loja: <a href=\"https:\/\/fotografiaportugal.pt\/site\/shop\/\">https:\/\/fotografiaportugal.pt\/site\/shop\/<\/a><\/p>\n<p>Impress\u00e3o: <a href=\"http:\/\/www.fotografiaportugal.dreambooks.pt\/\">http:\/\/www.fotografiaportugal.dreambooks.pt\/<\/a><\/p>\n<p>P\u00e1gina: <a href=\"http:\/\/fotografiaportugal.pt\/\" target=\"_blank\">www.fotografiaportugal.pt<\/a> (no Facebook)<\/p>\n","protected":false},"excerpt":{"rendered":"<p>O site FOTOGRAFIA PORTUGAL \u00ae vai passar a permitir o patroc\u00ednio na modalidade EXCLUSIVO a cada DICA DE FOTOGRAFIA. https:\/\/fotografiaportugal.pt\/site\/dicas\/dicas-de-fotografia\/ Dicas de Fotografia destina-se a apoiar de uma forma did\u00e1ctica a aprendizagem sobre fotografia aos utilizadores iniciados e amadores. As Dicas de Fotografia s\u00e3o documentos no formato PDF, dispon\u00edveis gratuitamente para utilizadores registados no site. [&hellip;]<\/p>\n","protected":false},"author":2629,"featured_media":2591,"parent":1005,"menu_order":0,"comment_status":"closed","ping_status":"closed","template":"","meta":{"footnotes":""},"class_list":["post-2286","page","type-page","status-publish","has-post-thumbnail","hentry"],"_links":{"self":[{"href":"https:\/\/fotografiaportugal.pt\/site\/wp-json\/wp\/v2\/pages\/2286","targetHints":{"allow":["GET"]}}],"collection":[{"href":"https:\/\/fotografiaportugal.pt\/site\/wp-json\/wp\/v2\/pages"}],"about":[{"href":"https:\/\/fotografiaportugal.pt\/site\/wp-json\/wp\/v2\/types\/page"}],"author":[{"embeddable":true,"href":"https:\/\/fotografiaportugal.pt\/site\/wp-json\/wp\/v2\/users\/2629"}],"replies":[{"embeddable":true,"href":"https:\/\/fotografiaportugal.pt\/site\/wp-json\/wp\/v2\/comments?post=2286"}],"version-history":[{"count":2,"href":"https:\/\/fotografiaportugal.pt\/site\/wp-json\/wp\/v2\/pages\/2286\/revisions"}],"predecessor-version":[{"id":2293,"href":"https:\/\/fotografiaportugal.pt\/site\/wp-json\/wp\/v2\/pages\/2286\/revisions\/2293"}],"up":[{"embeddable":true,"href":"https:\/\/fotografiaportugal.pt\/site\/wp-json\/wp\/v2\/pages\/1005"}],"wp:featuredmedia":[{"embeddable":true,"href":"https:\/\/fotografiaportugal.pt\/site\/wp-json\/wp\/v2\/media\/2591"}],"wp:attachment":[{"href":"https:\/\/fotografiaportugal.pt\/site\/wp-json\/wp\/v2\/media?parent=2286"}],"curies":[{"name":"wp","href":"https:\/\/api.w.org\/{rel}","templated":true}]}}