{"id":3575,"date":"2016-10-23T17:03:12","date_gmt":"2016-10-23T17:03:12","guid":{"rendered":"http:\/\/fotografiaportugal.pt\/site\/?page_id=3575"},"modified":"2018-01-25T12:49:39","modified_gmt":"2018-01-25T12:49:39","slug":"resultados-do-concurso-fotografia-raizes","status":"publish","type":"page","link":"https:\/\/fotografiaportugal.pt\/site\/exposicoes\/resultados-do-concurso-fotografia-raizes\/","title":{"rendered":"Resultados do Concurso de Fotografia Ra\u00edzes"},"content":{"rendered":"<p><ins class=\"bookingaff\" data-aid=\"1461495\" data-target_aid=\"1461352\" data-prod=\"banner\" data-width=\"728\" data-height=\"90\" data-lang=\"pt\"><br \/>\n    <!-- Anything inside will go away once widget is loaded. --><br \/>\n    <a href=\"\/\/www.booking.com?aid=1461352\">Booking.com<\/a><br \/>\n<\/ins><br \/>\n<script type=\"text\/javascript\">\n    (function(d, sc, u) {\n      var s = d.createElement(sc), p = d.getElementsByTagName(sc)[0];\n      s.type = 'text\/javascript';\n      s.async = true;\n      s.src = u + '?v=' + (+new Date());\n      p.parentNode.insertBefore(s,p);\n      })(document, 'script', '\/\/aff.bstatic.com\/static\/affiliate_base\/js\/flexiproduct.js');\n<\/script><br \/>\n<img loading=\"lazy\" decoding=\"async\" class=\"alignnone size-medium wp-image-3576\" src=\"https:\/\/fotografiaportugal.pt\/site\/wp-content\/uploads\/2016\/10\/jfbagunte_post_facebook-BR-300x188.jpg\" alt=\"jfbagunte_post_facebook-br\" width=\"300\" height=\"188\" srcset=\"https:\/\/fotografiaportugal.pt\/site\/wp-content\/uploads\/2016\/10\/jfbagunte_post_facebook-BR-300x188.jpg 300w, https:\/\/fotografiaportugal.pt\/site\/wp-content\/uploads\/2016\/10\/jfbagunte_post_facebook-BR.jpg 640w\" sizes=\"auto, (max-width: 300px) 100vw, 300px\" \/><\/p>\n<p>O Concurso de Fotografia \u201c<strong>Ra\u00edzes<\/strong>\u201d \u00e9 uma iniciativa da Uni\u00e3o de Freguesias de Bagunte, Ferreir\u00f3, Outeiro Maior e Parada, concelho de Vila do Conde, que surgiu, em conjunto com outras iniciativas, da inten\u00e7\u00e3o de divulgar e valorizar o Patrim\u00f3nio e a Hist\u00f3ria do territ\u00f3rio da atual Uni\u00e3o.<\/p>\n<p>Pretendia-se que cada fotografia apresentada a concurso fosse reveladora de um olhar \u00fanico e original do edif\u00edcio, constru\u00e7\u00e3o ou vest\u00edgio dos mesmos, com o objetivo de, al\u00e9m do desafio \u00e0 originalidade e aperfei\u00e7oamento t\u00e9cnico lan\u00e7ado a jovens e adultos, divulgar e valorizar o Patrim\u00f3nio e Hist\u00f3ria locais.<\/p>\n<p>Em breve, aquando da entrega dos pr\u00e9mios, men\u00e7\u00f5es honrosas e diplomas, ser\u00e1 realizada uma exposi\u00e7\u00e3o, nos edif\u00edcios da Junta de Freguesia, com todos os trabalhos apresentados a concurso.<\/p>\n<p><!--more--><\/p>\n<p>Conforme o Regulamento do <strong>Concurso de Fotografia Ra\u00edzes<\/strong> foram atribu\u00eddos os seguintes <strong>pr\u00e9mios<\/strong> pelos membros do j\u00fari:<\/p>\n<p><strong>1\u00ba Pr\u00e9mio<\/strong>: &#8220;Serenidade&#8221;, Ponte D. Zameiro<\/p>\n<p>Ant\u00f3nio Costa Pinto &#8211; &#8220;Mares&#8221;<\/p>\n<p><strong>2\u00ba Pr\u00e9mio<\/strong>: &#8220;Pedras com Hist\u00f3ria&#8221;, Cividade de Bagunte<\/p>\n<p>H\u00e9lder Miguel da Rocha Coelho &#8211; &#8220;Hemiroco&#8221;<\/p>\n<p><strong>3\u00ba Pr\u00e9mio<\/strong>: &#8220;Caminhos de Sempre&#8221;, Ponte D. Zameiro<\/p>\n<p>Ant\u00f3nio Alves Tedim &#8211; &#8220;Pinhole&#8221;<\/p>\n<p>O\u00a0j\u00fari, conforme o Regulamento, decidiu atribuir, ainda, sete\u00a0<strong>Men\u00e7\u00f5es Honrosas<\/strong>, sendo elas:<\/p>\n<p><strong>Men\u00e7\u00e3o Honrosa<\/strong>: &#8220;Tentar a sorte&#8221;, Ponte D. Zameiro<\/p>\n<p>Ant\u00f3nio Costa Pinto &#8211; &#8220;Mares&#8221;<\/p>\n<p><strong>Men\u00e7\u00e3o Honrosa<\/strong>: &#8220;Toque a Rebate&#8221;, Igreja de Santa Marinha<\/p>\n<p>Ant\u00f3nio Alves Tedim &#8211; &#8220;Pinhole&#8221;<\/p>\n<p><strong>Men\u00e7\u00e3o Honrosa<\/strong>: &#8220;Santa Marinha iluminai o nosso caminho&#8221;, Igreja de Santa Marinha<\/p>\n<p>H\u00e9lder Miguel da Rocha Coelho &#8211; &#8220;Hemiroco&#8221;<\/p>\n<p><strong>Men\u00e7\u00e3o Honrosa<\/strong>: &#8220;Guardi\u00e3o&#8221;, Cividade de Bagunte<\/p>\n<p>Ant\u00f3nio Costa Pinto &#8211; &#8220;Mares&#8221;<\/p>\n<p><strong>Men\u00e7\u00e3o Honrosa<\/strong>: &#8220;DM2&#8221;, Cividade de Bagunte<\/p>\n<p>Rita Carmo Martins &#8211; &#8220;Jos\u00e9 Silva&#8221;<\/p>\n<p><strong>Men\u00e7\u00e3o Honrosa<\/strong>: &#8220;Blue Jesus&#8221;, Outeiro<\/p>\n<p>Jos\u00e9 Pedro Fonseca Martins &#8211; &#8220;Maria Jos\u00e9 Piedade&#8221;<\/p>\n<p><strong>Men\u00e7\u00e3o Honrosa<\/strong>: &#8220;Composi\u00e7\u00e3o&#8221;, Parada<\/p>\n<p>Ant\u00f3nio Costa Pinto &#8211; &#8220;Mares&#8221;<\/p>\n<p>[gallery_bank type=&#8221;images&#8221; format=&#8221;blog&#8221; title=&#8221;true&#8221; desc=&#8221;true&#8221; special_effect=&#8221;none&#8221; animation_effect=&#8221;bounce&#8221; album_title=&#8221;true&#8221; album_id=&#8221;38&#8243;]<\/p>\n<p>Ver tamb\u00e9m <strong><a href=\"https:\/\/fotografiaportugal.pt\/site\/exposicoes\/\">EXPOSI\u00c7\u00d5ES DE FOTOGRAFIA<\/a><\/strong>\u00a0e<strong> <a href=\"https:\/\/fotografiaportugal.pt\/site\/categoria-produto\/livros-tecnicos-fotografia\/\">LIVROS\u00a0DE FOTOGRAFIA<\/a><\/strong><\/p>\n","protected":false},"excerpt":{"rendered":"<p>Booking.com O Concurso de Fotografia \u201cRa\u00edzes\u201d \u00e9 uma iniciativa da Uni\u00e3o de Freguesias de Bagunte, Ferreir\u00f3, Outeiro Maior e Parada, concelho de Vila do Conde, que surgiu, em conjunto com outras iniciativas, da inten\u00e7\u00e3o de divulgar e valorizar o Patrim\u00f3nio e a Hist\u00f3ria do territ\u00f3rio da atual Uni\u00e3o. Pretendia-se que cada fotografia apresentada a concurso [&hellip;]<\/p>\n","protected":false},"author":2629,"featured_media":0,"parent":63,"menu_order":0,"comment_status":"closed","ping_status":"closed","template":"","meta":{"footnotes":""},"class_list":["post-3575","page","type-page","status-publish","hentry"],"_links":{"self":[{"href":"https:\/\/fotografiaportugal.pt\/site\/wp-json\/wp\/v2\/pages\/3575","targetHints":{"allow":["GET"]}}],"collection":[{"href":"https:\/\/fotografiaportugal.pt\/site\/wp-json\/wp\/v2\/pages"}],"about":[{"href":"https:\/\/fotografiaportugal.pt\/site\/wp-json\/wp\/v2\/types\/page"}],"author":[{"embeddable":true,"href":"https:\/\/fotografiaportugal.pt\/site\/wp-json\/wp\/v2\/users\/2629"}],"replies":[{"embeddable":true,"href":"https:\/\/fotografiaportugal.pt\/site\/wp-json\/wp\/v2\/comments?post=3575"}],"version-history":[{"count":4,"href":"https:\/\/fotografiaportugal.pt\/site\/wp-json\/wp\/v2\/pages\/3575\/revisions"}],"predecessor-version":[{"id":4975,"href":"https:\/\/fotografiaportugal.pt\/site\/wp-json\/wp\/v2\/pages\/3575\/revisions\/4975"}],"up":[{"embeddable":true,"href":"https:\/\/fotografiaportugal.pt\/site\/wp-json\/wp\/v2\/pages\/63"}],"wp:attachment":[{"href":"https:\/\/fotografiaportugal.pt\/site\/wp-json\/wp\/v2\/media?parent=3575"}],"curies":[{"name":"wp","href":"https:\/\/api.w.org\/{rel}","templated":true}]}}