{"id":4127,"date":"2017-04-20T22:02:37","date_gmt":"2017-04-20T22:02:37","guid":{"rendered":"http:\/\/fotografiaportugal.pt\/site\/?page_id=4127"},"modified":"2018-01-25T13:51:34","modified_gmt":"2018-01-25T13:51:34","slug":"dia-mundial-da-terra","status":"publish","type":"page","link":"https:\/\/fotografiaportugal.pt\/site\/dia-mundial-da-terra\/","title":{"rendered":"Dia Mundial da Terra"},"content":{"rendered":"<p><ins class=\"bookingaff\" data-aid=\"1461495\" data-target_aid=\"1461352\" data-prod=\"banner\" data-width=\"728\" data-height=\"90\" data-lang=\"pt\"><br \/>\n    <!-- Anything inside will go away once widget is loaded. --><br \/>\n    <a href=\"\/\/www.booking.com?aid=1461352\">Booking.com<\/a><br \/>\n<\/ins><br \/>\n<script type=\"text\/javascript\">\n    (function(d, sc, u) {\n      var s = d.createElement(sc), p = d.getElementsByTagName(sc)[0];\n      s.type = 'text\/javascript';\n      s.async = true;\n      s.src = u + '?v=' + (+new Date());\n      p.parentNode.insertBefore(s,p);\n      })(document, 'script', '\/\/aff.bstatic.com\/static\/affiliate_base\/js\/flexiproduct.js');\n<\/script><br \/>\nNo dia 22 de Abril, <strong>Dia Mundial da Terra<\/strong>, o site <a href=\"https:\/\/fotografiaportugal.pt\/site\/\">FOTOGRAFIA Portugal \u00ae<\/a> apresenta duas novas exposi\u00e7\u00f5es de fotografia:<\/p>\n<p><a href=\"https:\/\/fotografiaportugal.pt\/site\/exposicoes\/flores-ponto-macro\/\"><img loading=\"lazy\" decoding=\"async\" class=\"alignnone size-medium wp-image-4096\" src=\"https:\/\/fotografiaportugal.pt\/site\/wp-content\/uploads\/2017\/04\/Cartaz-Flores-Macro-BR-1-300x176.jpg\" alt=\"\" width=\"300\" height=\"176\" srcset=\"https:\/\/fotografiaportugal.pt\/site\/wp-content\/uploads\/2017\/04\/Cartaz-Flores-Macro-BR-1-300x176.jpg 300w, https:\/\/fotografiaportugal.pt\/site\/wp-content\/uploads\/2017\/04\/Cartaz-Flores-Macro-BR-1.jpg 1024w\" sizes=\"auto, (max-width: 300px) 100vw, 300px\" \/><\/a><\/p>\n<ul>\n<li>&#8220;<a href=\"https:\/\/fotografiaportugal.pt\/site\/exposicoes\/flores-ponto-macro\/\"><strong>Flores em ponto Macro \/ Macro Spot Flowers<\/strong><\/a>&#8220;<\/li>\n<\/ul>\n<p><a href=\"https:\/\/fotografiaportugal.pt\/site\/exposicoes\/marmore-preto-black-marble\/\"><img loading=\"lazy\" decoding=\"async\" class=\"alignnone size-medium wp-image-4110\" src=\"https:\/\/fotografiaportugal.pt\/site\/wp-content\/uploads\/2017\/04\/001_BlackMarble_2016_3km_resize-300x150.jpg\" alt=\"\" width=\"300\" height=\"150\" srcset=\"https:\/\/fotografiaportugal.pt\/site\/wp-content\/uploads\/2017\/04\/001_BlackMarble_2016_3km_resize-300x150.jpg 300w, https:\/\/fotografiaportugal.pt\/site\/wp-content\/uploads\/2017\/04\/001_BlackMarble_2016_3km_resize-1024x512.jpg 1024w, https:\/\/fotografiaportugal.pt\/site\/wp-content\/uploads\/2017\/04\/001_BlackMarble_2016_3km_resize.jpg 2000w\" sizes=\"auto, (max-width: 300px) 100vw, 300px\" \/><\/a><\/p>\n<ul>\n<li>&#8220;<strong><a href=\"https:\/\/fotografiaportugal.pt\/site\/exposicoes\/marmore-preto-black-marble\/\">M\u00e1rmore Preto \/ Black Marble<\/a><\/strong>&#8220;<\/li>\n<\/ul>\n<p>O <strong>Dia Mundial da Terra<\/strong> foi criado no dia 22 de Abril de 1970, pelo senador norte-americano Gaylord Nelson que resolveu realizar uma manifesta\u00e7\u00e3o contra a polui\u00e7\u00e3o da Terra, depois de verificar as consequ\u00eancias do desastre petrol\u00edfero de Santa Barbara, na Calif\u00f3rnia, ocorrido em 1969. Inspirado pelos protestos dos jovens norte-americanos que contestavam a guerra, Gaylord Nelson, desenvolveu esfor\u00e7os para conseguir colocar o tema da preserva\u00e7\u00e3o da Terra na agenda pol\u00edtica norte-americana. A popula\u00e7\u00e3o aderiu em for\u00e7a \u00e0 manifesta\u00e7\u00e3o e mais de 20 milh\u00f5es de americanos manifestaram-se a favor da preserva\u00e7\u00e3o da terra e do ambiente.<\/p>\n<p>O Dia Mundial da Terra conta j\u00e1 com mais de mil milh\u00f5es de actos realizados em prol do ambiente ao longo da hist\u00f3ria. \u00c9 o maior dia do ano para o planeta Terra, desejando que todos os habitantes do mundo realizem algum acto que o proteja. No ano de 2017, o tema das actividades \u00e9 &#8220;<em>Instru\u00e7\u00e3o ambiental e clim\u00e1tica<\/em>&#8221; (<em>Environmental and Climate Literacy<\/em>).<\/p>\n<p>Veja tamb\u00e9m outras <a href=\"https:\/\/fotografiaportugal.pt\/site\/exposicoes\/\"><strong>EXPOSI\u00c7\u00d5ES DE FOTOGRAFIA<\/strong><\/a>.<\/p>\n","protected":false},"excerpt":{"rendered":"<p>Booking.com No dia 22 de Abril, Dia Mundial da Terra, o site FOTOGRAFIA Portugal \u00ae apresenta duas novas exposi\u00e7\u00f5es de fotografia: &#8220;Flores em ponto Macro \/ Macro Spot Flowers&#8220; &#8220;M\u00e1rmore Preto \/ Black Marble&#8220; O Dia Mundial da Terra foi criado no dia 22 de Abril de 1970, pelo senador norte-americano Gaylord Nelson que resolveu [&hellip;]<\/p>\n","protected":false},"author":2629,"featured_media":4121,"parent":0,"menu_order":0,"comment_status":"closed","ping_status":"closed","template":"","meta":{"footnotes":""},"class_list":["post-4127","page","type-page","status-publish","has-post-thumbnail","hentry"],"_links":{"self":[{"href":"https:\/\/fotografiaportugal.pt\/site\/wp-json\/wp\/v2\/pages\/4127","targetHints":{"allow":["GET"]}}],"collection":[{"href":"https:\/\/fotografiaportugal.pt\/site\/wp-json\/wp\/v2\/pages"}],"about":[{"href":"https:\/\/fotografiaportugal.pt\/site\/wp-json\/wp\/v2\/types\/page"}],"author":[{"embeddable":true,"href":"https:\/\/fotografiaportugal.pt\/site\/wp-json\/wp\/v2\/users\/2629"}],"replies":[{"embeddable":true,"href":"https:\/\/fotografiaportugal.pt\/site\/wp-json\/wp\/v2\/comments?post=4127"}],"version-history":[{"count":4,"href":"https:\/\/fotografiaportugal.pt\/site\/wp-json\/wp\/v2\/pages\/4127\/revisions"}],"predecessor-version":[{"id":4987,"href":"https:\/\/fotografiaportugal.pt\/site\/wp-json\/wp\/v2\/pages\/4127\/revisions\/4987"}],"wp:featuredmedia":[{"embeddable":true,"href":"https:\/\/fotografiaportugal.pt\/site\/wp-json\/wp\/v2\/media\/4121"}],"wp:attachment":[{"href":"https:\/\/fotografiaportugal.pt\/site\/wp-json\/wp\/v2\/media?parent=4127"}],"curies":[{"name":"wp","href":"https:\/\/api.w.org\/{rel}","templated":true}]}}