{"id":546,"date":"2015-05-15T22:35:06","date_gmt":"2015-05-15T22:35:06","guid":{"rendered":"http:\/\/fotografiaportugal.pt\/site\/?page_id=546"},"modified":"2018-04-23T10:26:26","modified_gmt":"2018-04-23T10:26:26","slug":"encomendas","status":"publish","type":"page","link":"https:\/\/fotografiaportugal.pt\/site\/my-account\/encomendas\/","title":{"rendered":"Encomendas"},"content":{"rendered":"<p>O registo nesta plataforma confirma a aceita\u00e7\u00e3o da nossa\u00a0<a href=\"https:\/\/fotografiaportugal.pt\/site\/quem-somos\/rgpd\/\" target=\"_blank\" rel=\"noopener\">Pol\u00edtica de Privacidade e Transpar\u00eancia (RGPD)<\/a>.\u00a0Caso n\u00e3o aceite as nossas condi\u00e7\u00f5es, n\u00e3o daremos continuidade ao seu registo.<\/p>\n<p>Mais informa\u00e7\u00f5es sobre o RGPD e os direitos inerentes ao mesmo, em <a href=\"https:\/\/www.cnpd.pt\/\" target=\"_blank\" rel=\"noopener\">Comiss\u00e3o Nacional de Protec\u00e7\u00e3o de Dados<\/a>.<br \/>\nPara mais informa\u00e7\u00f5es sobre os nossos termos, ou outro assunto relacionado com a nossa plataforma e outros, por favor, usem um dos canais \u00e0 vossa disposi\u00e7\u00e3o, na p\u00e1gina de <a href=\"https:\/\/fotografiaportugal.pt\/site\/quem-somos\/contactos\/\" target=\"_blank\" rel=\"noopener noreferrer\">Contactos<\/a>. Obrigado.<\/p>\n<div class=\"woocommerce\"><\/div>\n","protected":false},"excerpt":{"rendered":"<p>O registo nesta plataforma confirma a aceita\u00e7\u00e3o da nossa\u00a0Pol\u00edtica de Privacidade e Transpar\u00eancia (RGPD).\u00a0Caso n\u00e3o aceite as nossas condi\u00e7\u00f5es, n\u00e3o daremos continuidade ao seu registo. Mais informa\u00e7\u00f5es sobre o RGPD e os direitos inerentes ao mesmo, em Comiss\u00e3o Nacional de Protec\u00e7\u00e3o de Dados. Para mais informa\u00e7\u00f5es sobre os nossos termos, ou outro assunto relacionado com [&hellip;]<\/p>\n","protected":false},"author":2629,"featured_media":0,"parent":7,"menu_order":0,"comment_status":"closed","ping_status":"closed","template":"template-fullwidth.php","meta":{"footnotes":""},"class_list":["post-546","page","type-page","status-publish","hentry"],"_links":{"self":[{"href":"https:\/\/fotografiaportugal.pt\/site\/wp-json\/wp\/v2\/pages\/546","targetHints":{"allow":["GET"]}}],"collection":[{"href":"https:\/\/fotografiaportugal.pt\/site\/wp-json\/wp\/v2\/pages"}],"about":[{"href":"https:\/\/fotografiaportugal.pt\/site\/wp-json\/wp\/v2\/types\/page"}],"author":[{"embeddable":true,"href":"https:\/\/fotografiaportugal.pt\/site\/wp-json\/wp\/v2\/users\/2629"}],"replies":[{"embeddable":true,"href":"https:\/\/fotografiaportugal.pt\/site\/wp-json\/wp\/v2\/comments?post=546"}],"version-history":[{"count":11,"href":"https:\/\/fotografiaportugal.pt\/site\/wp-json\/wp\/v2\/pages\/546\/revisions"}],"predecessor-version":[{"id":5225,"href":"https:\/\/fotografiaportugal.pt\/site\/wp-json\/wp\/v2\/pages\/546\/revisions\/5225"}],"up":[{"embeddable":true,"href":"https:\/\/fotografiaportugal.pt\/site\/wp-json\/wp\/v2\/pages\/7"}],"wp:attachment":[{"href":"https:\/\/fotografiaportugal.pt\/site\/wp-json\/wp\/v2\/media?parent=546"}],"curies":[{"name":"wp","href":"https:\/\/api.w.org\/{rel}","templated":true}]}}