{"id":5672,"date":"2019-12-03T11:55:11","date_gmt":"2019-12-03T11:55:11","guid":{"rendered":"http:\/\/fotografiaportugal.pt\/site\/?page_id=5672"},"modified":"2019-12-03T12:38:42","modified_gmt":"2019-12-03T12:38:42","slug":"ana-manuel-mestre-vence-maratona-fotografica-fnac-evora","status":"publish","type":"page","link":"https:\/\/fotografiaportugal.pt\/site\/exposicoes\/ana-manuel-mestre-vence-maratona-fotografica-fnac-evora\/","title":{"rendered":"Ana Manuel Mestre vence Maratona Fotogr\u00e1fica Fnac \u00c9vora"},"content":{"rendered":"<p>\u00c0 semelhan\u00e7a de outras maratonas da Fnac, nomeadamente de Lisboa, a Maratona Fotogr\u00e1fica Fnac \u00c9vora \u00e9 um concurso em que os concorrentes fazem um percurso definido pela organiza\u00e7\u00e3o, com diversos pontos em que lhes s\u00e3o entregues temas para ser fotografados no espa\u00e7o entre os pontos e durante um tempo estipulado que regra geral \u00e9 de uma hora.<\/p>\n<p>No fim do dia, \u00e9 entregue \u00e0 organiza\u00e7\u00e3o o cart\u00e3o de mem\u00f3ria utilizado, com as fotos em \u201cbruto\u201d ou seja, em Jpeg, sem qualquer edi\u00e7\u00e3o ou p\u00f3s-produ\u00e7\u00e3o.<\/p>\n<p>S\u00e3o escolhidas pelo concorrente 5 imagens correspondentes a cada tema que s\u00e3o enviadas (apenas o nome da foto) por e\u2019mail \u00e0 Fnac.<\/p>\n<p>Ganha o melhor conjunto de 5 imagens.<\/p>\n<p>Este \u00e9 o quarto pr\u00e9mio que a Ana Manuel Mestre ganhou neste g\u00e9nero de concurso da FNAC. \u00c9 sempre um dia muito bem passado e desafiante para qualquer fot\u00f3grafo. \u00d3ptimo para quem \u00e9 apaixonado por street photography e para troca de experi\u00eancias e conhecimento com os outros participantes.<\/p>\n<p>Em \u00c9vora, este foi o segundo ano em que organizaram a Maratona.<\/p>\n<p>[gallery_bank type=&#8221;individual&#8221; format=&#8221;blog&#8221; title=&#8221;false&#8221; desc=&#8221;false&#8221; special_effect=&#8221;none&#8221; animation_effect=&#8221;bounce&#8221; album_title=&#8221;false&#8221; album_id=&#8221;63&#8243;]<\/p>\n","protected":false},"excerpt":{"rendered":"<p>\u00c0 semelhan\u00e7a de outras maratonas da Fnac, nomeadamente de Lisboa, a Maratona Fotogr\u00e1fica Fnac \u00c9vora \u00e9 um concurso em que os concorrentes fazem um percurso definido pela organiza\u00e7\u00e3o, com diversos pontos em que lhes s\u00e3o entregues temas para ser fotografados no espa\u00e7o entre os pontos e durante um tempo estipulado que regra geral \u00e9 de [&hellip;]<\/p>\n","protected":false},"author":2629,"featured_media":0,"parent":63,"menu_order":0,"comment_status":"closed","ping_status":"closed","template":"","meta":{"footnotes":""},"class_list":["post-5672","page","type-page","status-publish","hentry"],"_links":{"self":[{"href":"https:\/\/fotografiaportugal.pt\/site\/wp-json\/wp\/v2\/pages\/5672","targetHints":{"allow":["GET"]}}],"collection":[{"href":"https:\/\/fotografiaportugal.pt\/site\/wp-json\/wp\/v2\/pages"}],"about":[{"href":"https:\/\/fotografiaportugal.pt\/site\/wp-json\/wp\/v2\/types\/page"}],"author":[{"embeddable":true,"href":"https:\/\/fotografiaportugal.pt\/site\/wp-json\/wp\/v2\/users\/2629"}],"replies":[{"embeddable":true,"href":"https:\/\/fotografiaportugal.pt\/site\/wp-json\/wp\/v2\/comments?post=5672"}],"version-history":[{"count":4,"href":"https:\/\/fotografiaportugal.pt\/site\/wp-json\/wp\/v2\/pages\/5672\/revisions"}],"predecessor-version":[{"id":5680,"href":"https:\/\/fotografiaportugal.pt\/site\/wp-json\/wp\/v2\/pages\/5672\/revisions\/5680"}],"up":[{"embeddable":true,"href":"https:\/\/fotografiaportugal.pt\/site\/wp-json\/wp\/v2\/pages\/63"}],"wp:attachment":[{"href":"https:\/\/fotografiaportugal.pt\/site\/wp-json\/wp\/v2\/media?parent=5672"}],"curies":[{"name":"wp","href":"https:\/\/api.w.org\/{rel}","templated":true}]}}