{"id":7,"date":"2015-02-21T19:41:17","date_gmt":"2015-02-21T19:41:17","guid":{"rendered":"http:\/\/fotografiaportugal.pt\/?page_id=7"},"modified":"2018-04-23T09:58:41","modified_gmt":"2018-04-23T09:58:41","slug":"my-account","status":"publish","type":"page","link":"https:\/\/fotografiaportugal.pt\/site\/my-account\/","title":{"rendered":"A minha conta"},"content":{"rendered":"<p>O registo nesta plataforma confirma a aceita\u00e7\u00e3o da nossa\u00a0<a href=\"https:\/\/fotografiaportugal.pt\/site\/quem-somos\/rgpd\/\" target=\"_blank\" rel=\"noopener\">Pol\u00edtica de Privacidade e Transpar\u00eancia (RGPD)<\/a>.\u00a0Caso n\u00e3o aceite as nossas condi\u00e7\u00f5es, n\u00e3o daremos continuidade ao seu registo.<\/p>\n<div class=\"woocommerce\"><\/div>\n<p>&nbsp;<\/p>\n<p>&nbsp;<\/p>\n<p>Mais informa\u00e7\u00f5es sobre o RGPD e os direitos inerentes ao mesmo, em <a href=\"https:\/\/www.cnpd.pt\/\" target=\"_blank\" rel=\"noopener\">Comiss\u00e3o Nacional de Protec\u00e7\u00e3o de Dados<\/a>.<br \/>\nPara mais informa\u00e7\u00f5es sobre os nossos termos, ou outro assunto relacionado com a nossa plataforma e outros, por favor, usem um dos canais \u00e0 vossa disposi\u00e7\u00e3o, na p\u00e1gina de <a href=\"https:\/\/fotografiaportugal.pt\/site\/quem-somos\/contactos\/\" target=\"_blank\" rel=\"noopener noreferrer\">Contactos<\/a>. Obrigado.<\/p>\n","protected":false},"excerpt":{"rendered":"<p>O registo nesta plataforma confirma a aceita\u00e7\u00e3o da nossa\u00a0Pol\u00edtica de Privacidade e Transpar\u00eancia (RGPD).\u00a0Caso n\u00e3o aceite as nossas condi\u00e7\u00f5es, n\u00e3o daremos continuidade ao seu registo. &nbsp; &nbsp; Mais informa\u00e7\u00f5es sobre o RGPD e os direitos inerentes ao mesmo, em Comiss\u00e3o Nacional de Protec\u00e7\u00e3o de Dados. Para mais informa\u00e7\u00f5es sobre os nossos termos, ou outro assunto [&hellip;]<\/p>\n","protected":false},"author":2629,"featured_media":0,"parent":0,"menu_order":0,"comment_status":"closed","ping_status":"open","template":"","meta":{"footnotes":""},"class_list":["post-7","page","type-page","status-publish","hentry"],"_links":{"self":[{"href":"https:\/\/fotografiaportugal.pt\/site\/wp-json\/wp\/v2\/pages\/7","targetHints":{"allow":["GET"]}}],"collection":[{"href":"https:\/\/fotografiaportugal.pt\/site\/wp-json\/wp\/v2\/pages"}],"about":[{"href":"https:\/\/fotografiaportugal.pt\/site\/wp-json\/wp\/v2\/types\/page"}],"author":[{"embeddable":true,"href":"https:\/\/fotografiaportugal.pt\/site\/wp-json\/wp\/v2\/users\/2629"}],"replies":[{"embeddable":true,"href":"https:\/\/fotografiaportugal.pt\/site\/wp-json\/wp\/v2\/comments?post=7"}],"version-history":[{"count":5,"href":"https:\/\/fotografiaportugal.pt\/site\/wp-json\/wp\/v2\/pages\/7\/revisions"}],"predecessor-version":[{"id":5221,"href":"https:\/\/fotografiaportugal.pt\/site\/wp-json\/wp\/v2\/pages\/7\/revisions\/5221"}],"wp:attachment":[{"href":"https:\/\/fotografiaportugal.pt\/site\/wp-json\/wp\/v2\/media?parent=7"}],"curies":[{"name":"wp","href":"https:\/\/api.w.org\/{rel}","templated":true}]}}