{"id":745,"date":"2015-06-02T13:30:22","date_gmt":"2015-06-02T13:30:22","guid":{"rendered":"http:\/\/fotografiaportugal.pt\/site\/?page_id=745"},"modified":"2018-04-23T09:59:26","modified_gmt":"2018-04-23T09:59:26","slug":"contactos","status":"publish","type":"page","link":"https:\/\/fotografiaportugal.pt\/site\/quem-somos\/contactos\/","title":{"rendered":"Contactos"},"content":{"rendered":"<p>&nbsp;<\/p>\n<p>Utilize o seguinte formul\u00e1rio que entraremos em contacto consigo.<\/p>\n<p>[contact-form][contact-field label=&#8217;Nome&#8217; type=&#8217;name&#8217; required=&#8217;1&#8217;\/][contact-field label=&#8217;Email&#8217; type=&#8217;email&#8217; required=&#8217;1&#8217;\/][contact-field label=&#8217;Telem\u00f3vel&#8217; type=&#8217;text&#8217;\/][contact-field label=&#8217;Coment\u00e1rio&#8217; type=&#8217;textarea&#8217; required=&#8217;1&#8217;\/][\/contact-form]<\/p>\n<p>&nbsp;<\/p>\n<p>Pode tamb\u00e9m enviar-nos a sua mensagem via\u00a0e-mail: <a href=\"mailto:info@fotografiaportugal.pt\">info@fotografiaportugal.pt<\/a><\/p>\n<p>Pode ainda entrar em contacto connosco via Messenger, bastando para o efeito ler o c\u00f3digo abaixo atrav\u00e9s da aplica\u00e7\u00e3o Messenger.<\/p>\n<p><a href=\"https:\/\/fotografiaportugal.pt\/site\/codigomessenger\/\"><img loading=\"lazy\" decoding=\"async\" class=\"alignnone size-medium wp-image-3894\" src=\"https:\/\/fotografiaportugal.pt\/site\/wp-content\/uploads\/2017\/02\/messenger_code_397649366950274-300x300.png\" alt=\"messenger_code_397649366950274\" width=\"300\" height=\"300\" srcset=\"https:\/\/fotografiaportugal.pt\/site\/wp-content\/uploads\/2017\/02\/messenger_code_397649366950274-300x300.png 300w, https:\/\/fotografiaportugal.pt\/site\/wp-content\/uploads\/2017\/02\/messenger_code_397649366950274-150x150.png 150w, https:\/\/fotografiaportugal.pt\/site\/wp-content\/uploads\/2017\/02\/messenger_code_397649366950274.png 1000w, https:\/\/fotografiaportugal.pt\/site\/wp-content\/uploads\/2017\/02\/messenger_code_397649366950274-186x186.png 186w\" sizes=\"auto, (max-width: 300px) 100vw, 300px\" \/><\/a><\/p>\n<p>Ver <a href=\"https:\/\/fotografiaportugal.pt\/site\/codigomessenger\/\"><strong>c\u00f3digo Messenger<\/strong><\/a> em grande formato <a href=\"https:\/\/fotografiaportugal.pt\/site\/codigomessenger\/\">aqui<\/a>.<\/p>\n<p>O registo nesta plataforma confirma a aceita\u00e7\u00e3o da nossa\u00a0<a href=\"https:\/\/fotografiaportugal.pt\/site\/quem-somos\/rgpd\/\" target=\"_blank\" rel=\"noopener\">Pol\u00edtica de Privacidade e Transpar\u00eancia (RGPD)<\/a>.\u00a0Caso n\u00e3o aceite as nossas condi\u00e7\u00f5es, n\u00e3o daremos continuidade ao seu registo.<\/p>\n","protected":false},"excerpt":{"rendered":"<p>&nbsp; Utilize o seguinte formul\u00e1rio que entraremos em contacto consigo. [contact-form][contact-field label=&#8217;Nome&#8217; type=&#8217;name&#8217; required=&#8217;1&#8217;\/][contact-field label=&#8217;Email&#8217; type=&#8217;email&#8217; required=&#8217;1&#8217;\/][contact-field label=&#8217;Telem\u00f3vel&#8217; type=&#8217;text&#8217;\/][contact-field label=&#8217;Coment\u00e1rio&#8217; type=&#8217;textarea&#8217; required=&#8217;1&#8217;\/][\/contact-form] &nbsp; Pode tamb\u00e9m enviar-nos a sua mensagem via\u00a0e-mail: info@fotografiaportugal.pt Pode ainda entrar em contacto connosco via Messenger, bastando para o efeito ler o c\u00f3digo abaixo atrav\u00e9s da aplica\u00e7\u00e3o Messenger. Ver c\u00f3digo Messenger em [&hellip;]<\/p>\n","protected":false},"author":2629,"featured_media":0,"parent":18,"menu_order":0,"comment_status":"closed","ping_status":"closed","template":"","meta":{"footnotes":""},"class_list":["post-745","page","type-page","status-publish","hentry"],"_links":{"self":[{"href":"https:\/\/fotografiaportugal.pt\/site\/wp-json\/wp\/v2\/pages\/745","targetHints":{"allow":["GET"]}}],"collection":[{"href":"https:\/\/fotografiaportugal.pt\/site\/wp-json\/wp\/v2\/pages"}],"about":[{"href":"https:\/\/fotografiaportugal.pt\/site\/wp-json\/wp\/v2\/types\/page"}],"author":[{"embeddable":true,"href":"https:\/\/fotografiaportugal.pt\/site\/wp-json\/wp\/v2\/users\/2629"}],"replies":[{"embeddable":true,"href":"https:\/\/fotografiaportugal.pt\/site\/wp-json\/wp\/v2\/comments?post=745"}],"version-history":[{"count":5,"href":"https:\/\/fotografiaportugal.pt\/site\/wp-json\/wp\/v2\/pages\/745\/revisions"}],"predecessor-version":[{"id":5222,"href":"https:\/\/fotografiaportugal.pt\/site\/wp-json\/wp\/v2\/pages\/745\/revisions\/5222"}],"up":[{"embeddable":true,"href":"https:\/\/fotografiaportugal.pt\/site\/wp-json\/wp\/v2\/pages\/18"}],"wp:attachment":[{"href":"https:\/\/fotografiaportugal.pt\/site\/wp-json\/wp\/v2\/media?parent=745"}],"curies":[{"name":"wp","href":"https:\/\/api.w.org\/{rel}","templated":true}]}}