{"id":1002,"date":"2015-08-14T00:11:04","date_gmt":"2015-08-14T00:11:04","guid":{"rendered":"http:\/\/fotografiaportugal.pt\/site\/?post_type=product&#038;p=1002"},"modified":"2016-02-25T21:37:16","modified_gmt":"2016-02-25T21:37:16","slug":"photoshop-dicas","status":"publish","type":"product","link":"https:\/\/fotografiaportugal.pt\/site\/shop\/pdf\/photoshop-dicas\/","title":{"rendered":"Photoshop \u2013 Dicas"},"content":{"rendered":"<p><img loading=\"lazy\" decoding=\"async\" class=\"alignnone size-medium wp-image-1003\" src=\"https:\/\/fotografiaportugal.pt\/site\/wp-content\/uploads\/2015\/08\/PS_Dicas_FP_BR-212x300.jpg\" alt=\"PS_Dicas_FP_BR\" width=\"212\" height=\"300\" srcset=\"https:\/\/fotografiaportugal.pt\/site\/wp-content\/uploads\/2015\/08\/PS_Dicas_FP_BR-212x300.jpg 212w, https:\/\/fotografiaportugal.pt\/site\/wp-content\/uploads\/2015\/08\/PS_Dicas_FP_BR.jpg 335w, https:\/\/fotografiaportugal.pt\/site\/wp-content\/uploads\/2015\/08\/PS_Dicas_FP_BR-71x100.jpg 71w\" sizes=\"auto, (max-width: 212px) 100vw, 212px\" \/><\/p>\n<p><strong>Dicas Photoshop<\/strong><\/p>\n<p>Dicas de \u00c2ngela Rodrigues, uma das autoras do livro \u201c<a href=\"https:\/\/fotografiaportugal.pt\/site\/shop\/livros\/adobe-photoshop-cs6\/\"><strong>Adobe Photoshop CS6<\/strong><\/a>&#8221;<\/p>\n<p>Algumas dicas (4 p\u00e1ginas) muito \u00fateis para trabalhar em Photoshop, tais como: &#8220;consertar&#8221; uma imagem com pouco contraste, ver apenas uma layer, aplicar a uma imagem um comando de correc\u00e7\u00e3o de cor com os mesmos valores que aplicou noutra imagem&#8230;, dar um nome a uma camada ao mesmo tempo que a cria, centrar automaticamente uma imagem sobre outra, encher automaticamente uma camada (layer) ou \u00e1rea seleccionada com a cor background (cor de fundo), activar as cores padr\u00e3o (preto e branco), forma r\u00e1pida de endireitar uma imagem, transformar uma layer (camada).<\/p>\n<p>(documento no formato PDF dispon\u00edvel gratuitamente para utilizadores registados)<\/p>\n<p>&nbsp;<\/p>\n<p>Para mais informa\u00e7\u00f5es, aconselhamos a aquisi\u00e7\u00e3o de:<\/p>\n<p><a href=\"https:\/\/fotografiaportugal.pt\/site\/shop\/livros\/adobe-photoshop-cs6\/\"><img loading=\"lazy\" decoding=\"async\" class=\"alignnone size-full wp-image-170\" src=\"https:\/\/fotografiaportugal.pt\/site\/wp-content\/uploads\/2015\/04\/04-PHOTOSHOP_capa185.gif\" alt=\"04 - PHOTOSHOP_capa185\" width=\"185\" height=\"218\" \/><\/a><\/p>\n<p><a href=\"https:\/\/fotografiaportugal.pt\/site\/shop\/livros\/adobe-photoshop-cs6\/\"><strong>Adobe Photoshop CS6<\/strong><\/a><\/p>\n<p>+ 50 exerc\u00edcios, passo-a-passo, a cores, com oferta de imagens para repetir os exerc\u00edcios no seu computador<\/p>\n<p>Layers, M\u00e1scaras e Selec\u00e7\u00f5es; Smart Objects; Aplicar Filtros; Corrigir Cor; Converter para P&amp;B; Efeitos de sombras e relevos; Vectores; T\u00e9cnicas de retoque; Recuperar fotos antigas; Emagrecer com Liquify; Colorir imagens a P&amp;B; Montagens panor\u00e2micas; Automatismos atrav\u00e9s de Actions.<\/p>\n","protected":false},"excerpt":{"rendered":"<p><strong>Dicas Photoshop<\/strong><\/p>\n<p>Algumas dicas (4 p\u00e1ginas) muito \u00fateis para trabalhar em Photoshop, tais como: &#8220;consertar&#8221; uma imagem com pouco contraste, ver apenas uma layer, aplicar a uma imagem um comando de correc\u00e7\u00e3o de cor com os mesmos valores que aplicou noutra imagem&#8230;, dar um nome a uma camada ao mesmo tempo que a cria, centrar automaticamente uma imagem sobre outra, encher automaticamente uma camada (layer) ou \u00e1rea seleccionada com a cor background (cor de fundo), activar as cores padr\u00e3o (preto e branco), forma r\u00e1pida de endireitar uma imagem, transformar uma layer (camada).<\/p>\n","protected":false},"featured_media":1003,"comment_status":"closed","ping_status":"closed","template":"","meta":[],"product_brand":[],"product_cat":[129,115,114],"product_tag":[],"class_list":{"0":"post-1002","1":"product","2":"type-product","3":"status-publish","4":"has-post-thumbnail","6":"product_cat-especial-edicao-pos-producao","7":"product_cat-gratuito","8":"product_cat-pdf","9":"product_shipping_class-envio-classe-0","11":"first","12":"instock","13":"downloadable","14":"sold-individually","15":"shipping-taxable","16":"purchasable","17":"product-type-simple"},"_links":{"self":[{"href":"https:\/\/fotografiaportugal.pt\/site\/wp-json\/wp\/v2\/product\/1002","targetHints":{"allow":["GET"]}}],"collection":[{"href":"https:\/\/fotografiaportugal.pt\/site\/wp-json\/wp\/v2\/product"}],"about":[{"href":"https:\/\/fotografiaportugal.pt\/site\/wp-json\/wp\/v2\/types\/product"}],"replies":[{"embeddable":true,"href":"https:\/\/fotografiaportugal.pt\/site\/wp-json\/wp\/v2\/comments?post=1002"}],"wp:featuredmedia":[{"embeddable":true,"href":"https:\/\/fotografiaportugal.pt\/site\/wp-json\/wp\/v2\/media\/1003"}],"wp:attachment":[{"href":"https:\/\/fotografiaportugal.pt\/site\/wp-json\/wp\/v2\/media?parent=1002"}],"wp:term":[{"taxonomy":"product_brand","embeddable":true,"href":"https:\/\/fotografiaportugal.pt\/site\/wp-json\/wp\/v2\/product_brand?post=1002"},{"taxonomy":"product_cat","embeddable":true,"href":"https:\/\/fotografiaportugal.pt\/site\/wp-json\/wp\/v2\/product_cat?post=1002"},{"taxonomy":"product_tag","embeddable":true,"href":"https:\/\/fotografiaportugal.pt\/site\/wp-json\/wp\/v2\/product_tag?post=1002"}],"curies":[{"name":"wp","href":"https:\/\/api.w.org\/{rel}","templated":true}]}}