{"id":10934,"date":"2021-10-19T19:32:50","date_gmt":"2021-10-19T19:32:50","guid":{"rendered":"https:\/\/fotografiaportugal.pt\/site\/?post_type=product&#038;p=10934"},"modified":"2025-12-05T14:37:07","modified_gmt":"2025-12-05T14:37:07","slug":"caixa-com-livro-famalicao-cultura-patrimonio-comunidade-e-garrafa-de-vinho","status":"publish","type":"product","link":"https:\/\/fotografiaportugal.pt\/site\/shop\/packs\/caixa-com-livro-famalicao-cultura-patrimonio-comunidade-e-garrafa-de-vinho\/","title":{"rendered":"Caixa com livro \u00abFAMALIC\u00c3O &#8211; Cultura, Patrim\u00f3nio, Comunidade\u00bb e garrafa de vinho"},"content":{"rendered":"<p><strong>CAIXA COM LIVRO \u00abFAMALIC\u00c3O \u2013 CULTURA, PATRIM\u00d3NIO, COMUNIDADE \/ CULTURE, HERITAGE, COMMUNITY\u00bb E GARRAFA DE VINHO<\/strong><br \/>\n<strong>54,99\u20ac<\/strong><br \/>\n(O PVP deste produto \u00e9 de\u00a047,99 Eur. O pre\u00e7o indicado inclui 7,00 Eur de portes<em>\u00a0\u2013 caso a quantidade encomendada seja igual ou superior a <strong>5<\/strong> unidades, o pre\u00e7o de portes n\u00e3o ser\u00e1 cobrado e ter\u00e1 ainda direito a um desconto adicional, ficando apenas a <strong>44,00 \u20ac<\/strong> cada <strong>caixa de cart\u00e3o com livro + garrafa\u00a0de vinho\u00a0Casa\u00a0de Compostela\u00a0Alvarinho Premium<\/strong>\u00a0(Vinho Verde Branco, 2020, 13% vol, 0,75l).<\/em><br \/>\n<em>Este produto apenas est\u00e1 dispon\u00edvel para Portugal Continental.)<\/em><\/p>\n<p><strong>Caixa de cart\u00e3o com livro + garrafa\u00a0de vinho\u00a0Casa\u00a0de Compostela\u00a0Alvarinho Premium\u00a0(Vinho Verde Branco, 2020, 13% vol, 0,75l)<\/strong><\/p>\n<p>Tempo de entrega: At\u00e9 5 dias \u00fateis<\/p>\n<p>Condi\u00e7\u00f5es especiais para encomendas de 5 ou mais unidades.<\/p>\n<p><img loading=\"lazy\" decoding=\"async\" class=\"alignnone size-medium wp-image-10622\" src=\"https:\/\/fotografiaportugal.pt\/site\/wp-content\/uploads\/2021\/09\/BR-Best-Sellers2-300x300.jpg\" alt=\"\" width=\"300\" height=\"300\" srcset=\"https:\/\/fotografiaportugal.pt\/site\/wp-content\/uploads\/2021\/09\/BR-Best-Sellers2-300x300.jpg 300w, https:\/\/fotografiaportugal.pt\/site\/wp-content\/uploads\/2021\/09\/BR-Best-Sellers2-150x150.jpg 150w, https:\/\/fotografiaportugal.pt\/site\/wp-content\/uploads\/2021\/09\/BR-Best-Sellers2-416x416.jpg 416w, https:\/\/fotografiaportugal.pt\/site\/wp-content\/uploads\/2021\/09\/BR-Best-Sellers2-100x100.jpg 100w, https:\/\/fotografiaportugal.pt\/site\/wp-content\/uploads\/2021\/09\/BR-Best-Sellers2.jpg 512w\" sizes=\"auto, (max-width: 300px) 100vw, 300px\" \/><\/p>\n<p>O livro \u00ab<strong>FAMALIC\u00c3O &#8211; Cultura, Patrim\u00f3nio, Comunidade \/ Culture, Heritage, Community<\/strong>\u00bb \u00e9 uma magn\u00edfica obra com <strong>184<\/strong> p\u00e1ginas a cores, com mais de <strong>400<\/strong> imagens, numa encaderna\u00e7\u00e3o de luxo em capa dura com sobrecapa, no formato 24,4 cm * 32,1 cm * 2,1 cm.<\/p>\n","protected":false},"excerpt":{"rendered":"<p>Caixa de cart\u00e3o com livro + garrafa\u00a0de vinho\u00a0<strong>Casa\u00a0de Compostela\u00a0Alvarinho Premium<\/strong>\u00a0(Vinho Verde Branco, 2020, 13% vol, 0,75l)<\/p>\n","protected":false},"featured_media":10935,"comment_status":"closed","ping_status":"closed","template":"","meta":[],"product_brand":[],"product_cat":[181,101],"product_tag":[],"class_list":{"0":"post-10934","1":"product","2":"type-product","3":"status-publish","4":"has-post-thumbnail","6":"product_cat-liborio-manuel-silva","7":"product_cat-packs","9":"first","10":"outofstock","11":"shipping-taxable","12":"purchasable","13":"product-type-simple"},"_links":{"self":[{"href":"https:\/\/fotografiaportugal.pt\/site\/wp-json\/wp\/v2\/product\/10934","targetHints":{"allow":["GET"]}}],"collection":[{"href":"https:\/\/fotografiaportugal.pt\/site\/wp-json\/wp\/v2\/product"}],"about":[{"href":"https:\/\/fotografiaportugal.pt\/site\/wp-json\/wp\/v2\/types\/product"}],"replies":[{"embeddable":true,"href":"https:\/\/fotografiaportugal.pt\/site\/wp-json\/wp\/v2\/comments?post=10934"}],"wp:featuredmedia":[{"embeddable":true,"href":"https:\/\/fotografiaportugal.pt\/site\/wp-json\/wp\/v2\/media\/10935"}],"wp:attachment":[{"href":"https:\/\/fotografiaportugal.pt\/site\/wp-json\/wp\/v2\/media?parent=10934"}],"wp:term":[{"taxonomy":"product_brand","embeddable":true,"href":"https:\/\/fotografiaportugal.pt\/site\/wp-json\/wp\/v2\/product_brand?post=10934"},{"taxonomy":"product_cat","embeddable":true,"href":"https:\/\/fotografiaportugal.pt\/site\/wp-json\/wp\/v2\/product_cat?post=10934"},{"taxonomy":"product_tag","embeddable":true,"href":"https:\/\/fotografiaportugal.pt\/site\/wp-json\/wp\/v2\/product_tag?post=10934"}],"curies":[{"name":"wp","href":"https:\/\/api.w.org\/{rel}","templated":true}]}}