{"id":11223,"date":"2021-11-16T14:15:13","date_gmt":"2021-11-16T14:15:13","guid":{"rendered":"https:\/\/fotografiaportugal.pt\/site\/?post_type=product&#038;p=11223"},"modified":"2026-05-07T11:22:47","modified_gmt":"2026-05-07T11:22:47","slug":"a-nossa-gente","status":"publish","type":"product","link":"https:\/\/fotografiaportugal.pt\/site\/shop\/livros\/a-nossa-gente\/","title":{"rendered":"A NOSSA GENTE"},"content":{"rendered":"<p>\u00ab<strong>A Nossa Gente<\/strong>\u00bb \u00e9 o novo livro de fotografia de <strong>Jorge Bacelar<\/strong>.<\/p>\n<p>Em formato A4, com 32 p\u00e1g.s, est\u00e1 dispon\u00edvel, em exclusivo, numa <strong>edi\u00e7\u00e3o especial com uma fotografia<\/strong> (com 18*27cm + 1cm de margem) <strong>assinada pelo autor<\/strong>, numa <strong>edi\u00e7\u00e3o limitada<\/strong>.<\/p>\n<p>Pela primeira vez \u00e9 agora poss\u00edvel o acesso a uma <strong>fotografia assinada pelo m\u00e9dico veterin\u00e1rio<\/strong> j\u00e1 considerado <strong>o melhor e o mais premiado retratista de sempre da ruralidade portuguesa<\/strong>.<\/p>\n<p><img loading=\"lazy\" decoding=\"async\" class=\"alignnone size-medium wp-image-11225\" src=\"https:\/\/fotografiaportugal.pt\/site\/wp-content\/uploads\/2021\/11\/ANossaGente-foto-1250px-300x211.jpg\" alt=\"\" width=\"300\" height=\"211\" srcset=\"https:\/\/fotografiaportugal.pt\/site\/wp-content\/uploads\/2021\/11\/ANossaGente-foto-1250px-300x211.jpg 300w, https:\/\/fotografiaportugal.pt\/site\/wp-content\/uploads\/2021\/11\/ANossaGente-foto-1250px-1024x722.jpg 1024w, https:\/\/fotografiaportugal.pt\/site\/wp-content\/uploads\/2021\/11\/ANossaGente-foto-1250px-416x293.jpg 416w, https:\/\/fotografiaportugal.pt\/site\/wp-content\/uploads\/2021\/11\/ANossaGente-foto-1250px.jpg 1250w\" sizes=\"auto, (max-width: 300px) 100vw, 300px\" \/><\/p>\n<p><img loading=\"lazy\" decoding=\"async\" class=\"alignnone size-medium wp-image-11226\" src=\"https:\/\/fotografiaportugal.pt\/site\/wp-content\/uploads\/2021\/11\/57A1697-1500-300x300.jpg\" alt=\"\" width=\"300\" height=\"300\" srcset=\"https:\/\/fotografiaportugal.pt\/site\/wp-content\/uploads\/2021\/11\/57A1697-1500-300x300.jpg 300w, https:\/\/fotografiaportugal.pt\/site\/wp-content\/uploads\/2021\/11\/57A1697-1500-150x150.jpg 150w, https:\/\/fotografiaportugal.pt\/site\/wp-content\/uploads\/2021\/11\/57A1697-1500-1024x1024.jpg 1024w, https:\/\/fotografiaportugal.pt\/site\/wp-content\/uploads\/2021\/11\/57A1697-1500-416x416.jpg 416w, https:\/\/fotografiaportugal.pt\/site\/wp-content\/uploads\/2021\/11\/57A1697-1500.jpg 1500w\" sizes=\"auto, (max-width: 300px) 100vw, 300px\" \/><\/p>\n<h2>DESCRI\u00c7\u00c3O<\/h2>\n<p><strong>A Nossa Gente<\/strong><\/p>\n<p>Autor<em>:\u00a0<\/em>Jorge Bacelar<\/p>\n<p>Cole\u00e7\u00e3o<em>:\u00a0<\/em>Artes<\/p>\n<p>Editora<em>:<\/em>\u00a0Centro Atl\u00e2ntico<\/p>\n<p>1.a Edi\u00e7\u00e3o<em>:\u00a0<\/em>setembro 2021<\/p>\n<p>ISBN:\u00a0<a>978<\/a>\u2011989\u2011615\u2011234\u20115<\/p>\n<p><img loading=\"lazy\" decoding=\"async\" class=\"alignnone size-medium wp-image-10940\" src=\"https:\/\/fotografiaportugal.pt\/site\/wp-content\/uploads\/2021\/10\/57A1712-Editar3-1500px-300x147.jpg\" alt=\"\" width=\"300\" height=\"147\" srcset=\"https:\/\/fotografiaportugal.pt\/site\/wp-content\/uploads\/2021\/10\/57A1712-Editar3-1500px-300x147.jpg 300w, https:\/\/fotografiaportugal.pt\/site\/wp-content\/uploads\/2021\/10\/57A1712-Editar3-1500px-1024x500.jpg 1024w, https:\/\/fotografiaportugal.pt\/site\/wp-content\/uploads\/2021\/10\/57A1712-Editar3-1500px-416x203.jpg 416w, https:\/\/fotografiaportugal.pt\/site\/wp-content\/uploads\/2021\/10\/57A1712-Editar3-1500px.jpg 1500w\" sizes=\"auto, (max-width: 300px) 100vw, 300px\" \/><\/p>\n","protected":false},"excerpt":{"rendered":"<p>\u00abA Nossa Gente\u00bb \u00e9 o novo livro de fotografia de Jorge Bacelar. Em formato A4, com 32 p\u00e1g.s, est\u00e1 dispon\u00edvel, em exclusivo, numa edi\u00e7\u00e3o especial com uma fotografia (com 18*27cm + 1cm de margem) assinada pelo autor, numa edi\u00e7\u00e3o limitada. Pela primeira vez \u00e9 agora poss\u00edvel o acesso a uma fotografia assinada pelo m\u00e9dico veterin\u00e1rio [&hellip;]<\/p>\n","protected":false},"featured_media":11224,"comment_status":"closed","ping_status":"closed","template":"","meta":[],"product_brand":[],"product_cat":[185,10,181,7,101,138],"product_tag":[205,206],"class_list":{"0":"post-11223","1":"product","2":"type-product","3":"status-publish","4":"has-post-thumbnail","6":"product_cat-best-sellers-para-turistas-for-tourists","7":"product_cat-fotografias","8":"product_cat-liborio-manuel-silva","9":"product_cat-livros","10":"product_cat-packs","11":"product_cat-photography-of-portugal","12":"product_tag-jorge-bacelar","13":"product_tag-ruralidades","15":"first","16":"instock","17":"shipping-taxable","18":"purchasable","19":"product-type-simple"},"_links":{"self":[{"href":"https:\/\/fotografiaportugal.pt\/site\/wp-json\/wp\/v2\/product\/11223","targetHints":{"allow":["GET"]}}],"collection":[{"href":"https:\/\/fotografiaportugal.pt\/site\/wp-json\/wp\/v2\/product"}],"about":[{"href":"https:\/\/fotografiaportugal.pt\/site\/wp-json\/wp\/v2\/types\/product"}],"replies":[{"embeddable":true,"href":"https:\/\/fotografiaportugal.pt\/site\/wp-json\/wp\/v2\/comments?post=11223"}],"wp:featuredmedia":[{"embeddable":true,"href":"https:\/\/fotografiaportugal.pt\/site\/wp-json\/wp\/v2\/media\/11224"}],"wp:attachment":[{"href":"https:\/\/fotografiaportugal.pt\/site\/wp-json\/wp\/v2\/media?parent=11223"}],"wp:term":[{"taxonomy":"product_brand","embeddable":true,"href":"https:\/\/fotografiaportugal.pt\/site\/wp-json\/wp\/v2\/product_brand?post=11223"},{"taxonomy":"product_cat","embeddable":true,"href":"https:\/\/fotografiaportugal.pt\/site\/wp-json\/wp\/v2\/product_cat?post=11223"},{"taxonomy":"product_tag","embeddable":true,"href":"https:\/\/fotografiaportugal.pt\/site\/wp-json\/wp\/v2\/product_tag?post=11223"}],"curies":[{"name":"wp","href":"https:\/\/api.w.org\/{rel}","templated":true}]}}