{"id":11480,"date":"2021-12-15T21:12:47","date_gmt":"2021-12-15T21:12:47","guid":{"rendered":"https:\/\/fotografiaportugal.pt\/site\/?post_type=product&#038;p=11480"},"modified":"2024-01-01T19:38:51","modified_gmt":"2024-01-01T19:38:51","slug":"bibliotecas-maravilhas-de-portugal-libraries-wonders-of-portugal-vol-ii","status":"publish","type":"product","link":"https:\/\/fotografiaportugal.pt\/site\/shop\/livros\/bibliotecas-maravilhas-de-portugal-libraries-wonders-of-portugal-vol-ii\/","title":{"rendered":"Bibliotecas \u2013 Maravilhas de Portugal \/ Libraries \u2013 Wonders of Portugal, Vol. II"},"content":{"rendered":"<p><img loading=\"lazy\" decoding=\"async\" class=\"alignnone size-medium wp-image-11484\" src=\"https:\/\/fotografiaportugal.pt\/site\/wp-content\/uploads\/2021\/12\/kfrente_Bibliotecas_VOL2_600px-228x300.jpg\" alt=\"\" width=\"228\" height=\"300\" srcset=\"https:\/\/fotografiaportugal.pt\/site\/wp-content\/uploads\/2021\/12\/kfrente_Bibliotecas_VOL2_600px-228x300.jpg 228w, https:\/\/fotografiaportugal.pt\/site\/wp-content\/uploads\/2021\/12\/kfrente_Bibliotecas_VOL2_600px.jpg 600w, https:\/\/fotografiaportugal.pt\/site\/wp-content\/uploads\/2021\/12\/kfrente_Bibliotecas_VOL2_600px-416x547.jpg 416w\" sizes=\"auto, (max-width: 228px) 100vw, 228px\" \/><\/p>\n<p>Autor: Lib\u00f3rio Manuel Silva<\/p>\n<p>Pref\u00e1cio: Alberto Manguel<\/p>\n<p>P\u00e1gs: 180, a cores (capa dura); 24,5*32,1cm<\/p>\n<p>ISBN: 978-989-615-235-2<\/p>\n<p>Pre\u00e7o: 28,85 Eur<\/p>\n<p>1\u00aa edi\u00e7\u00e3o: Novembro\/2021<\/p>\n<p><img loading=\"lazy\" decoding=\"async\" class=\"alignnone size-medium wp-image-11485\" src=\"https:\/\/fotografiaportugal.pt\/site\/wp-content\/uploads\/2021\/12\/K3d_Bibliotecas_vol2_v3_transp_1250px-300x263.jpg\" alt=\"\" width=\"300\" height=\"263\" srcset=\"https:\/\/fotografiaportugal.pt\/site\/wp-content\/uploads\/2021\/12\/K3d_Bibliotecas_vol2_v3_transp_1250px-300x263.jpg 300w, https:\/\/fotografiaportugal.pt\/site\/wp-content\/uploads\/2021\/12\/K3d_Bibliotecas_vol2_v3_transp_1250px-1024x898.jpg 1024w, https:\/\/fotografiaportugal.pt\/site\/wp-content\/uploads\/2021\/12\/K3d_Bibliotecas_vol2_v3_transp_1250px-416x365.jpg 416w, https:\/\/fotografiaportugal.pt\/site\/wp-content\/uploads\/2021\/12\/K3d_Bibliotecas_vol2_v3_transp_1250px.jpg 1250w\" sizes=\"auto, (max-width: 300px) 100vw, 300px\" \/><\/p>\n<p>Um registo surpreendente, com 260 imagens exclusivas, das mais belas Bibliotecas Hist\u00f3ricas de Portugal numa edi\u00e7\u00e3o de luxo, bilingue, organizada em dois volumes prefaciados por Eduardo Louren\u00e7o e Alberto Manguel.<\/p>\n<p>P\u00fablicas ou privadas, pequenas ou grandes, famosas ou \u2018desconhecidas\u2019, de acesso livre ou museol\u00f3gicas, eclesi\u00e1sticas, civis ou militares, o livro revela verdadeiros tesouros, transportando-nos a estas aut\u00eanticas catedrais do conhecimento.<\/p>\n<p>Uma Rota da Biblioteca Antiga e do admir\u00e1vel patrim\u00f3nio cultural portugu\u00eas para deleite de todos os apaixonados por livros.<\/p>\n<p><img loading=\"lazy\" decoding=\"async\" class=\"alignnone size-medium wp-image-11486\" src=\"https:\/\/fotografiaportugal.pt\/site\/wp-content\/uploads\/2021\/12\/contraK3d_Bibliotecas_vol2_transp_1250px-300x276.jpg\" alt=\"\" width=\"300\" height=\"276\" srcset=\"https:\/\/fotografiaportugal.pt\/site\/wp-content\/uploads\/2021\/12\/contraK3d_Bibliotecas_vol2_transp_1250px-300x276.jpg 300w, https:\/\/fotografiaportugal.pt\/site\/wp-content\/uploads\/2021\/12\/contraK3d_Bibliotecas_vol2_transp_1250px-1024x942.jpg 1024w, https:\/\/fotografiaportugal.pt\/site\/wp-content\/uploads\/2021\/12\/contraK3d_Bibliotecas_vol2_transp_1250px-416x383.jpg 416w, https:\/\/fotografiaportugal.pt\/site\/wp-content\/uploads\/2021\/12\/contraK3d_Bibliotecas_vol2_transp_1250px.jpg 1250w\" sizes=\"auto, (max-width: 300px) 100vw, 300px\" \/><\/p>\n<p><em>A surprising record, with 260 exclusive images, from the most beautiful Historical Libraries of Portugal in a luxury, bilingual edition, organised in two volumes prefaced by Eduardo Louren\u00e7o and Alberto Manguel.<\/em><\/p>\n<p><em>Either public or private, small or large, famous or \u2018unknown\u2019, freely accessible or museum libraries, ecclesiastical, civil or military, the book reveals true treasures, taking us to these amazing knowledge cathedrals.<\/em><\/p>\n<p><em>A Route of the Ancient Library and the admirable Portuguese cultural heritage for the delight of all book lovers.<\/em><\/p>\n<p><iframe loading=\"lazy\" title=\"Bibliotecas Maravilhas de Portugal \/ Libraries Wonders of Portugal\" width=\"980\" height=\"551\" src=\"https:\/\/www.youtube.com\/embed\/4JOQl1UI1sk?feature=oembed\" frameborder=\"0\" allow=\"accelerometer; autoplay; clipboard-write; encrypted-media; gyroscope; picture-in-picture; web-share\" allowfullscreen><\/iframe><\/p>\n<div dir=\"auto\">\u201c<strong>AS NOSSAS CATEDRAIS DA LEITURA<\/strong><\/div>\n<div dir=\"auto\">Diz-nos o escritor Alberto Manguel que \u00aba diferen\u00e7a entre bibliotecas que n\u00e3o t\u00eam exist\u00eancia material e as que cont\u00eam livros que podemos tocar \u00e9 por vezes estranhamente difusa. Existem bibliotecas reais com volumes s\u00f3lidos que parecem imagin\u00e1rias, porque nascem daquilo a que Coleridge chamou, numa express\u00e3o j\u00e1 famosa, suspens\u00e3o volunt\u00e1ria da descren\u00e7a. Entre elas conta-se a Biblioteca do Pai Natal, nos Arquivos da Prov\u00edncia de Oulu, no Norte da Finl\u00e2ndia, cujos outros fundos mais convencionais remontam ao s\u00e9culo XVI\u00bb \u2026<\/div>\n<div dir=\"auto\">Fica o desafio: que limites entre as bibliotecas de Aby Warburg em Hamburgo (real) e de H. P. Lovecraft em Providence (fict\u00edcia), ambas nos anos 20 do s\u00e9culo passado? N\u00e3o \u00e9 certo que ambas convidam \u00e0 senda da viagem, ao labirinto, ao sonho?<\/div>\n<div dir=\"auto\">Pois \u00e9 este escritor de imaginosa prosa quem prefacia o livro \u00abBibliotecas Maravilhas de Portugal \/ Libraries Wonders of Portugal, Vol. II\u00bb (editora Centro Atl\u00e2ntico, 2021), obra do editor e fot\u00f3grafo Lib\u00f3rio Manuel Silva, que considero um dos acontecimentos liter\u00e1rios do ano que finda!<\/div>\n<div dir=\"auto\">Para os leitores, al\u00e9m do convite ao deleite e \u00e0 descoberta pelos labirintos em que uma biblioteca se desdobra, s\u00f3 posso dizer que o resultado \u00e9 precioso: texto de s\u00edntese (e, contudo, tamb\u00e9m de prospec\u00e7\u00e3o sobre o sentido das viagens que empreendemos com livros desafiadores) e aparato fotogr\u00e1fico bel\u00edssimo (que mais se pode dizer sen\u00e3o que devemos deixar respirar as p\u00e1ginas no namoro dos olhares demorados?).<\/div>\n<div dir=\"auto\">Este livro convida-nos a revisitar as Bibliotecas portuguesas (j\u00e1 o 1\u00ba volume o fazia), atrav\u00e9s da for\u00e7a das fotografias de Lib\u00f3rio, em rela\u00e7\u00e3o un\u00edvoca com o texto. No meu caso, acabei de o ler-e-ver, e ver-e-ler, e sei que ainda \u00e9 cedo para ser arrumado na estante pois muito h\u00e1 a ser descoberto nas suas p\u00e1ginas e nas sombras das imagens!<\/div>\n<div dir=\"auto\">Parab\u00e9ns, pois, a Lib\u00f3rio Silva, o nosso \u00abmago de Alexandria\u00bb, \u00e0 sua editora, e a Alberto Manguel, cujo texto supera em muito a circunst\u00e2ncia prefacial e que nos ensina que o nosso pa\u00eds tem sabido dar guarida a legados, estrangeiros ou nacionais, atrav\u00e9s de algumas muito singulares bibliotecas de servi\u00e7o p\u00fablico. Aqui as visitamos, ou redescobrimos!<\/div>\n<div dir=\"auto\">Um livro precioso para quem, neste tempo natal\u00edcio, busca uma prenda diferente, apetec\u00edvel e que marque lugar.\u201d<\/div>\n<div dir=\"auto\"><em>21 de Dezembro de 2021, Vitor Serr\u00e3o<\/em><\/div>\n<div dir=\"auto\"><\/div>\n<div dir=\"auto\">\u201cO \u00abBEAU LIVRE\u00bb DO ANO, ou antes, o mais belo \u00e1lbum publicado em Portugal em 2021 ficou a dever-se ao talento do grande fot\u00f3grafo e editor Lib\u00f3rio Manuel Silva e \u00e0 sua persistente procura de muitas magn\u00edficas e desconhecidas bibliotecas (neste caso concreto, particulares) existentes em Portugal. E \u00e9 com os olhos deslumbrados, abertos ao assombro, que percorro lentamente, delicadamente as 160 p\u00e1ginas deste livro que nos revelam imagens dos espa\u00e7os secretos de 20 bibliotecas escondidas, mais 3 que j\u00e1 o foram, mantendo contudo o encanto das suas estantes vazias.\u201d<\/div>\n<div dir=\"auto\"><em>3 de Janeiro de 2022, Henrique Barreto Nunes, Bibliotec\u00e1rio<\/em><\/div>\n<div dir=\"auto\"><\/div>\n<p><strong>AUTOR<\/strong><\/p>\n<p align=\"justify\"><b>Lib\u00f3rio Manuel Silva<\/b> \u00e9 editor do Centro Atl\u00e2ntico, consultor e um grande apaixonado por livros e por todos os locais m\u00e1gicos que os albergam.<\/p>\n<p align=\"justify\">\u00c9 autor de cerca de 20 livros \u2013 em tr\u00eas editoras \u2013, sobre Gest\u00e3o e Tecnologias, e de mais de 100 artigos publicados nos principais jornais e revistas portugueses. Fundou e dirigiu tr\u00eas revistas.<\/p>\n<p align=\"justify\">Em Portugal, foi precursor da forma\u00e7\u00e3o em Internet (1994) e da cria\u00e7\u00e3o e distribui\u00e7\u00e3o de e-books (1999).<\/p>\n<p align=\"justify\">Tem dez anos de experi\u00eancia como docente no ensino superior, uma p\u00f3s-gradua\u00e7\u00e3o em Gest\u00e3o, uma outra, internacional (EUA, Fran\u00e7a, Coreia do Sul e Jap\u00e3o), em Excel\u00eancia nos Servi\u00e7os e ainda a frequ\u00eancia num MBA de Com\u00e9rcio Internacional.<\/p>\n<p align=\"justify\">Come\u00e7ou a fotografar muito cedo, tendo recebido forma\u00e7\u00e3o na Cooperativa \u00c1rvore, o que o motivou para a cria\u00e7\u00e3o de um laborat\u00f3rio fotogr\u00e1fico dom\u00e9stico.<\/p>\n<p align=\"justify\">Quando n\u00e3o est\u00e1 com um livro ou c\u00e2mara fotogr\u00e1fica nas m\u00e3os, tenta perceber a afina\u00e7\u00e3o do seu <i>ukulele<\/i> ou a velocidade a que os seus colegas de <i>windsurf <\/i>conseguem navegar.<\/p>\n<p align=\"justify\">Os seus dois filhos s\u00e3o a sua principal fonte de inspira\u00e7\u00e3o.<\/p>\n","protected":false},"excerpt":{"rendered":"<p>Um registo surpreendente, com 260 imagens exclusivas, das mais belas Bibliotecas Hist\u00f3ricas de Portugal numa edi\u00e7\u00e3o de luxo, bilingue, organizada em dois volumes prefaciados por Eduardo Louren\u00e7o e Alberto Manguel.<\/p>\n<p>P\u00fablicas ou privadas, pequenas ou grandes, famosas ou \u2018desconhecidas\u2019, de acesso livre ou museol\u00f3gicas, eclesi\u00e1sticas, civis ou militares, o livro revela verdadeiros tesouros, transportando-nos a estas aut\u00eanticas catedrais do conhecimento.<\/p>\n<p>Uma Rota da Biblioteca Antiga e do admir\u00e1vel patrim\u00f3nio cultural portugu\u00eas para deleite de todos os apaixonados por livros.<\/p>\n<p>\/<\/p>\n<p><em>A surprising record, with 260 exclusive images, from the most beautiful Historical Libraries of Portugal in a luxury, bilingual edition, organised in two volumes prefaced by Eduardo Louren\u00e7o and Alberto Manguel.<\/em><\/p>\n<p><em>Either public or private, small or large, famous or \u2018unknown\u2019, freely accessible or museum libraries, ecclesiastical, civil or military, the book reveals true treasures, taking us to these amazing knowledge cathedrals.<\/em><\/p>\n<p><em>A Route of the Ancient Library and the admirable Portuguese cultural heritage for the delight of all book lovers.<\/em><\/p>\n","protected":false},"featured_media":11484,"comment_status":"closed","ping_status":"closed","template":"","meta":[],"product_brand":[],"product_cat":[181,7,103,138],"product_tag":[29,15,20,30],"class_list":{"0":"post-11480","1":"product","2":"type-product","3":"status-publish","4":"has-post-thumbnail","6":"product_cat-liborio-manuel-silva","7":"product_cat-livros","8":"product_cat-livros-capa-dura-luxo","9":"product_cat-photography-of-portugal","10":"product_tag-bibliotecas","11":"product_tag-fotografia","12":"product_tag-imagem","13":"product_tag-libraries","15":"first","16":"outofstock","17":"shipping-taxable","18":"purchasable","19":"product-type-simple"},"_links":{"self":[{"href":"https:\/\/fotografiaportugal.pt\/site\/wp-json\/wp\/v2\/product\/11480","targetHints":{"allow":["GET"]}}],"collection":[{"href":"https:\/\/fotografiaportugal.pt\/site\/wp-json\/wp\/v2\/product"}],"about":[{"href":"https:\/\/fotografiaportugal.pt\/site\/wp-json\/wp\/v2\/types\/product"}],"replies":[{"embeddable":true,"href":"https:\/\/fotografiaportugal.pt\/site\/wp-json\/wp\/v2\/comments?post=11480"}],"wp:featuredmedia":[{"embeddable":true,"href":"https:\/\/fotografiaportugal.pt\/site\/wp-json\/wp\/v2\/media\/11484"}],"wp:attachment":[{"href":"https:\/\/fotografiaportugal.pt\/site\/wp-json\/wp\/v2\/media?parent=11480"}],"wp:term":[{"taxonomy":"product_brand","embeddable":true,"href":"https:\/\/fotografiaportugal.pt\/site\/wp-json\/wp\/v2\/product_brand?post=11480"},{"taxonomy":"product_cat","embeddable":true,"href":"https:\/\/fotografiaportugal.pt\/site\/wp-json\/wp\/v2\/product_cat?post=11480"},{"taxonomy":"product_tag","embeddable":true,"href":"https:\/\/fotografiaportugal.pt\/site\/wp-json\/wp\/v2\/product_tag?post=11480"}],"curies":[{"name":"wp","href":"https:\/\/api.w.org\/{rel}","templated":true}]}}