{"id":1287,"date":"2015-10-21T16:50:51","date_gmt":"2015-10-21T16:50:51","guid":{"rendered":"http:\/\/fotografiaportugal.pt\/site\/?post_type=product&#038;p=1287"},"modified":"2021-11-15T19:56:43","modified_gmt":"2021-11-15T19:56:43","slug":"guimaraes-top-secret-segredos-de-guimaraes","status":"publish","type":"product","link":"https:\/\/fotografiaportugal.pt\/site\/shop\/livros\/guimaraes-top-secret-segredos-de-guimaraes\/","title":{"rendered":"Guimar\u00e3es Top-Secret: Segredos de Guimar\u00e3es"},"content":{"rendered":"<p><strong>Conhecemos realmente uma cidade mesmo que tendo vivido nela toda a vida? E, se estivermos de visita, de quanto tempo precisamos para a entendermos realmente? Este \u00e9 um livro para cabe\u00e7as no ar, vimaranenses curiosos e visitantes audazes, que n\u00e3o querem passear apenas pelos locais que habitualmente encontram nos guias tur\u00edsticos. Nestas p\u00e1ginas re\u00fanem-se mais de\u00a050 segredos de Guimar\u00e3es: desde o rico patrim\u00f3nio constru\u00eddo, aos \u00edcones modernos da cidade, passando pela sua deliciosa gastronomia e prazerosos espa\u00e7os verdes.<\/strong><\/p>\n<p><img loading=\"lazy\" decoding=\"async\" class=\"alignnone size-medium wp-image-2151\" src=\"https:\/\/fotografiaportugal.pt\/site\/wp-content\/uploads\/2015\/10\/capa-livro-ca-guimaraes-topsecret-2ed_MR-200x300.jpg\" alt=\"capa-livro-ca-guimaraes-topsecret-2ed_MR\" width=\"200\" height=\"300\" srcset=\"https:\/\/fotografiaportugal.pt\/site\/wp-content\/uploads\/2015\/10\/capa-livro-ca-guimaraes-topsecret-2ed_MR-200x300.jpg 200w, https:\/\/fotografiaportugal.pt\/site\/wp-content\/uploads\/2015\/10\/capa-livro-ca-guimaraes-topsecret-2ed_MR-768x1153.jpg 768w, https:\/\/fotografiaportugal.pt\/site\/wp-content\/uploads\/2015\/10\/capa-livro-ca-guimaraes-topsecret-2ed_MR-682x1024.jpg 682w, https:\/\/fotografiaportugal.pt\/site\/wp-content\/uploads\/2015\/10\/capa-livro-ca-guimaraes-topsecret-2ed_MR-67x100.jpg 67w, https:\/\/fotografiaportugal.pt\/site\/wp-content\/uploads\/2015\/10\/capa-livro-ca-guimaraes-topsecret-2ed_MR-124x186.jpg 124w, https:\/\/fotografiaportugal.pt\/site\/wp-content\/uploads\/2015\/10\/capa-livro-ca-guimaraes-topsecret-2ed_MR.jpg 850w\" sizes=\"auto, (max-width: 200px) 100vw, 200px\" \/><\/p>\n<p><strong>Guimar\u00e3es Top-Secret: Segredos de Guimar\u00e3es <\/strong><\/p>\n<p>Texto e Coordena\u00e7\u00e3o: Samuel Silva<\/p>\n<p>Fotografia: Jos\u00e9 Caldeira<\/p>\n<p>ISBN: 978-989-615-205-5<\/p>\n<p>P\u00e1g.s: 100<\/p>\n<p>2.\u00aa Edi\u00e7\u00e3o: Dez\/2015<\/p>\n<p>PVP: 14,00 Eur<\/p>\n<p>De tanto passarmos no mesmo lugar, esquecemo-nos de reparar nele. At\u00e9 ao momento em que algo ou algu\u00e9m nos aponta o caminho. Este livro nasce de um exerc\u00edcio assim: uma proposta para voltarmos a olhar para a cidade, que cruzamos todos os dias, \u00e0 procura de pormenores esquecidos. Este \u00e9, portanto, um livro de redescoberta de Guimar\u00e3es. A cidade \u00e9 aqui revelada em pormenores mais ou menos discretos de locais onde j\u00e1 pass\u00e1mos tantas e tantas vezes, como o telhado da Casa dos Coutos, a fachada do Pal\u00e1cio Vila Flor ou a igreja de Santos Passos.<\/p>\n<p>Esta \u00e9 tamb\u00e9m uma obra de descobrimento. De segredos bem guardados ou hist\u00f3rias que estavam \u00e0 espera de serem contadas. Como a de o nome de uma rua aparentemente banal, o local inusitado dos primeiros jogos de futebol que por aqui aconteceram ou uma receita da gastronomia local. As pr\u00f3ximas p\u00e1ginas podem, por isso, ser uma revela\u00e7\u00e3o absoluta para aqueles que pensavam conhecer muito bem a cidade, mas, simultaneamente, prestam-se igualmente a funcionar como um guia peculiar para quem aqui chega com um olhar curioso.<\/p>\n<p>Deixamos por isso que o leitor entre em igrejas onde (quase) ningu\u00e9m vai h\u00e1 muitos anos e lan\u00e7amos um olhar diverso para as colec\u00e7\u00f5es dos museus da cidade. Espreitamos atr\u00e1s das portas, para as pequenas j\u00f3ias que se encontram em casas particulares no centro hist\u00f3rico. Nas pr\u00f3ximas p\u00e1ginas, estas s\u00e3o destapadas e trazidas para a luz. \u00c9 o momento de encontrarmos pinturas surpreendentes em paredes de belos sal\u00f5es, clarab\u00f3ias ricamente ornamentadas ou espantosos tanques barrocos, herdeiros de per\u00edodos de renova\u00e7\u00e3o arquitect\u00f3nica da velha cidade medieval.<\/p>\n<p>Nestas p\u00e1ginas re\u00fanem-se mais de\u00a050 segredos de Guimar\u00e3es, com aten\u00e7\u00e3o, obviamente, ao seu rico patrim\u00f3nio constru\u00eddo e \u00e0 hist\u00f3ria relevante que aqui teve lugar, passando pelos \u00edcones modernos da cidade, sem esquecer a sua deliciosa gastronomia e os prazerosos espa\u00e7os verdes que a circundam. A proposta \u00e9 t\u00e3o transversal quanto poss\u00edvel. Nos temas tratados, nas \u00e9pocas hist\u00f3ricas \u2013 h\u00e1 segredos revelados desde a pr\u00e9-hist\u00f3ria ao s\u00e9culo XX \u2013, mas tamb\u00e9m do ponto de vista geogr\u00e1fico. Nesta lista tocam-se quase todas as latitudes do concelho, com um enfoque esperado no seu centro hist\u00f3rico monumental. Sem ser um cat\u00e1logo exaustivo, este livro de segredos de Guimar\u00e3es pretende mostrar um territ\u00f3rio com um potencial tur\u00edstico que est\u00e1 para al\u00e9m das camadas costumeiras.<\/p>\n<p><strong>AUTORES:<\/strong><\/p>\n<p><strong>Samuel Silva <\/strong>\u00e9 jornalista e autor de obras anteriores sobre Guimar\u00e3es como \u201cMem\u00f3rias do Comboio em Guimar\u00e3es\u201d (2004), \u201cGuimar\u00e3es: Pessoal e Transmiss\u00edvel\u201d (2013) ou \u201cHist\u00f3rias atr\u00e1s das Portas\u201d (2013).<\/p>\n<p><strong>Jos\u00e9 Caldeira<\/strong> \u00e9 fot\u00f3grafo, tendo, nessa condi\u00e7\u00e3o, acompanhamento a Guimar\u00e3es 2012 \u2013 Capital Europeia da Cultura e da Guimar\u00e3es 2013 \u2013 Cidade Europeia do Desporto. Tem imagens publicadas em obras como &#8220;Guimar\u00e3es 2012 &#8211; Um ano de fotografias da Capital Europeia da Cultura (2012), &#8220;Castelo em 3 actos&#8221; (2012), &#8220;Mem\u00f3rias Colectivas e Singulares\u201d (2012) ou \u201cGuimar\u00e3es: Pessoal e Transmiss\u00edvel\u201d (2013).<\/p>\n<p>Este livro conta com a consultoria de Ant\u00f3nio Amaro das Neves, historiador e ex-presidente da Sociedade Martins Sarmento, e a colabora\u00e7\u00e3o, entre outros, de Francisco Brito (historiador), Ricardo Eras\u00fan (arque\u00f3logo), Gon\u00e7alo Cruz (arque\u00f3logo da Cit\u00e2nia de Briteiros), Manuel Fernandes (engenheiro florestal) e Miguel Fraz\u00e3o (arquitecto da C\u00e2mara Municipal de Guimar\u00e3es).<\/p>\n<p>&nbsp;<\/p>\n","protected":false},"excerpt":{"rendered":"<p><strong>Guimar\u00e3es Top-Secret: Segredos de Guimar\u00e3es<\/strong><\/p>\n<p>Conhecemos realmente uma cidade mesmo que tendo vivido nela toda a vida? E, se estivermos de visita, de quanto tempo precisamos para a entendermos realmente? Este \u00e9 um livro para cabe\u00e7as no ar, vimaranenses curiosos e visitantes audazes, que n\u00e3o querem passear apenas pelos locais que habitualmente encontram nos guias tur\u00edsticos. Nestas p\u00e1ginas re\u00fanem-se mais de\u00a050 segredos de Guimar\u00e3es: desde o rico patrim\u00f3nio constru\u00eddo, aos \u00edcones modernos da cidade, passando pela sua deliciosa gastronomia e prazerosos espa\u00e7os verdes.<\/p>\n<p>&nbsp;<\/p>\n","protected":false},"featured_media":2152,"comment_status":"closed","ping_status":"closed","template":"","meta":[],"product_brand":[],"product_cat":[104,7,138],"product_tag":[35,36,37,131,20,38],"class_list":{"0":"post-1287","1":"product","2":"type-product","3":"status-publish","4":"has-post-thumbnail","6":"product_cat-guia","7":"product_cat-livros","8":"product_cat-photography-of-portugal","9":"product_tag-arquitectura","10":"product_tag-bolso","11":"product_tag-guia","12":"product_tag-guimaraes","13":"product_tag-imagem","14":"product_tag-segredos","16":"first","17":"outofstock","18":"shipping-taxable","19":"purchasable","20":"product-type-simple"},"_links":{"self":[{"href":"https:\/\/fotografiaportugal.pt\/site\/wp-json\/wp\/v2\/product\/1287","targetHints":{"allow":["GET"]}}],"collection":[{"href":"https:\/\/fotografiaportugal.pt\/site\/wp-json\/wp\/v2\/product"}],"about":[{"href":"https:\/\/fotografiaportugal.pt\/site\/wp-json\/wp\/v2\/types\/product"}],"replies":[{"embeddable":true,"href":"https:\/\/fotografiaportugal.pt\/site\/wp-json\/wp\/v2\/comments?post=1287"}],"wp:featuredmedia":[{"embeddable":true,"href":"https:\/\/fotografiaportugal.pt\/site\/wp-json\/wp\/v2\/media\/2152"}],"wp:attachment":[{"href":"https:\/\/fotografiaportugal.pt\/site\/wp-json\/wp\/v2\/media?parent=1287"}],"wp:term":[{"taxonomy":"product_brand","embeddable":true,"href":"https:\/\/fotografiaportugal.pt\/site\/wp-json\/wp\/v2\/product_brand?post=1287"},{"taxonomy":"product_cat","embeddable":true,"href":"https:\/\/fotografiaportugal.pt\/site\/wp-json\/wp\/v2\/product_cat?post=1287"},{"taxonomy":"product_tag","embeddable":true,"href":"https:\/\/fotografiaportugal.pt\/site\/wp-json\/wp\/v2\/product_tag?post=1287"}],"curies":[{"name":"wp","href":"https:\/\/api.w.org\/{rel}","templated":true}]}}