{"id":1313,"date":"2015-11-04T13:52:20","date_gmt":"2015-11-04T13:52:20","guid":{"rendered":"http:\/\/fotografiaportugal.pt\/site\/?post_type=product&#038;p=1313"},"modified":"2021-11-15T19:55:46","modified_gmt":"2021-11-15T19:55:46","slug":"i-love-braga-janelas-batentes-e-azulejos","status":"publish","type":"product","link":"https:\/\/fotografiaportugal.pt\/site\/shop\/livros\/i-love-braga-janelas-batentes-e-azulejos\/","title":{"rendered":"I Love Braga \u2013 Janelas, Batentes e Azulejos"},"content":{"rendered":"<p>Cidade do Barroco, com uma hist\u00f3ria com mais de dois mil\u00e9nios, Braga tem ainda muitos segredos por revelar. O livro <strong><b>I Love Braga<\/b><\/strong>, coordenado e registado fotograficamente por Lib\u00f3rio Manuel Silva, com pref\u00e1cio de Miguel Sopas de Melo Bandeira, prop\u00f5e a redescoberta das ruas calmas do centro da cidade, num percurso sem barreiras, que pode ser efectuado livremente no hor\u00e1rio e no dia mais convenientes para o leitor.<\/p>\n<p>Passo-a-passo pode admirar <strong><b>janelas<\/b><\/strong> de diferentes estilos e idades, encantando-se, por exemplo, com o Barroco ou a Arte Nova de algumas, o lavrar da sua cantaria de granito, a poesia das curvas das suas grades em ferro forjado, os cuidados bordados das suas cortinas, as madeiras que as envolvem.<\/p>\n<p>Nas portas mais antigas pode prestar aten\u00e7\u00e3o ao pormenor que destacamos: os seus <strong><b>batentes<\/b><\/strong> \u2013 os que conseguiram resistir ao evoluir dos tempos.<\/p>\n<p>Finalmente, os <strong><b>azulejos de fachada<\/b><\/strong> \u2013 um dos principais s\u00edmbolos do pa\u00eds, elemento identit\u00e1rio, distintivo e diferenciador da arte portuguesa. Esquecidos por tanto caminharmos a seu lado, n\u00e3o se imaginaria que a arte azulejar revestia tantas fachadas de edif\u00edcios civis das principais ruas da cidade e com a cor, emo\u00e7\u00e3o e diversidade que, com este livro, vai poder confirmar. Apoiado por descri\u00e7\u00f5es t\u00e9cnicas produzidas pela Az-Rede de Investiga\u00e7\u00e3o em Azulejo (ARTIS &#8211; IHA\/FLUL), o livro <em><i>I Love Braga<\/i><\/em> revela-nos 75 padr\u00f5es, dos s\u00e9culos XIX e XX, que poder\u00e3o ser apreciados nos revestimentos de azulejaria das fachadas das casas do centro da cidade de Braga.<\/p>\n<p>Venha redescobrir a cidade, colaborando na preserva\u00e7\u00e3o destes componentes essenciais do nosso patrim\u00f3nio art\u00edstico-cultural.<\/p>\n<p><img loading=\"lazy\" decoding=\"async\" class=\"alignnone size-medium wp-image-1315\" src=\"https:\/\/fotografiaportugal.pt\/site\/wp-content\/uploads\/2015\/11\/capa-livro-ca-ilovebraga_BR-200x300.jpg\" alt=\"capa-livro-ca-ilovebraga_BR\" width=\"200\" height=\"300\" srcset=\"https:\/\/fotografiaportugal.pt\/site\/wp-content\/uploads\/2015\/11\/capa-livro-ca-ilovebraga_BR.jpg 200w, https:\/\/fotografiaportugal.pt\/site\/wp-content\/uploads\/2015\/11\/capa-livro-ca-ilovebraga_BR-67x100.jpg 67w\" sizes=\"auto, (max-width: 200px) 100vw, 200px\" \/><\/p>\n<p><strong><b>I Love Braga \u2013 Janelas, Batentes e Azulejos<\/b><\/strong><\/p>\n<p>Autor e Fotografia: Lib\u00f3rio Manuel Silva<\/p>\n<p>ISBN: 978-989-615-207-9<\/p>\n<p>Formato: 14 x 21 cm (capa flexicover)<\/p>\n<p>N.\u00ba P\u00e1ginas: 192<\/p>\n<p>PVP: 14,00 Eur<\/p>\n<p>1.\u00aa edi\u00e7\u00e3o: 14 de Novembro de 2015<\/p>\n<p><img loading=\"lazy\" decoding=\"async\" class=\"alignnone size-medium wp-image-1329\" src=\"https:\/\/fotografiaportugal.pt\/site\/wp-content\/uploads\/2015\/11\/4postais-300x240.jpg\" alt=\"4postais\" width=\"300\" height=\"240\" srcset=\"https:\/\/fotografiaportugal.pt\/site\/wp-content\/uploads\/2015\/11\/4postais-300x240.jpg 300w, https:\/\/fotografiaportugal.pt\/site\/wp-content\/uploads\/2015\/11\/4postais.jpg 981w, https:\/\/fotografiaportugal.pt\/site\/wp-content\/uploads\/2015\/11\/4postais-100x80.jpg 100w\" sizes=\"auto, (max-width: 300px) 100vw, 300px\" \/><\/p>\n<p>Na aquisi\u00e7\u00e3o do livro \u00abI Love Braga \u2013 Janelas, Batentes e Azulejos\u00bb ser\u00e1 oferecido um conjunto de 4 postais com fotografias do livro.<\/p>\n","protected":false},"excerpt":{"rendered":"<p>Cidade do Barroco, com uma hist\u00f3ria com mais de dois mil\u00e9nios, Braga tem ainda muitos segredos por revelar. O livro <strong><b>I Love Braga<\/b><\/strong>, coordenado e registado fotograficamente por Lib\u00f3rio Manuel Silva, com pref\u00e1cio de Miguel Sopas de Melo Bandeira, prop\u00f5e a redescoberta das ruas calmas do centro da cidade, num percurso sem barreiras, que pode ser efectuado livremente no hor\u00e1rio e no dia mais convenientes para o leitor.<\/p>\n","protected":false},"featured_media":1326,"comment_status":"closed","ping_status":"closed","template":"","meta":[],"product_brand":[],"product_cat":[169,130,104,7,138],"product_tag":[132,134,31,133,135],"class_list":{"0":"post-1313","1":"product","2":"type-product","3":"status-publish","4":"has-post-thumbnail","6":"product_cat-azulejos","7":"product_cat-especial-braga","8":"product_cat-guia","9":"product_cat-livros","10":"product_cat-photography-of-portugal","11":"product_tag-azulejos","12":"product_tag-batentes","13":"product_tag-braga","14":"product_tag-janelas","15":"product_tag-portas","17":"first","18":"outofstock","19":"shipping-taxable","20":"purchasable","21":"product-type-simple"},"_links":{"self":[{"href":"https:\/\/fotografiaportugal.pt\/site\/wp-json\/wp\/v2\/product\/1313","targetHints":{"allow":["GET"]}}],"collection":[{"href":"https:\/\/fotografiaportugal.pt\/site\/wp-json\/wp\/v2\/product"}],"about":[{"href":"https:\/\/fotografiaportugal.pt\/site\/wp-json\/wp\/v2\/types\/product"}],"replies":[{"embeddable":true,"href":"https:\/\/fotografiaportugal.pt\/site\/wp-json\/wp\/v2\/comments?post=1313"}],"wp:featuredmedia":[{"embeddable":true,"href":"https:\/\/fotografiaportugal.pt\/site\/wp-json\/wp\/v2\/media\/1326"}],"wp:attachment":[{"href":"https:\/\/fotografiaportugal.pt\/site\/wp-json\/wp\/v2\/media?parent=1313"}],"wp:term":[{"taxonomy":"product_brand","embeddable":true,"href":"https:\/\/fotografiaportugal.pt\/site\/wp-json\/wp\/v2\/product_brand?post=1313"},{"taxonomy":"product_cat","embeddable":true,"href":"https:\/\/fotografiaportugal.pt\/site\/wp-json\/wp\/v2\/product_cat?post=1313"},{"taxonomy":"product_tag","embeddable":true,"href":"https:\/\/fotografiaportugal.pt\/site\/wp-json\/wp\/v2\/product_tag?post=1313"}],"curies":[{"name":"wp","href":"https:\/\/api.w.org\/{rel}","templated":true}]}}