{"id":15086,"date":"2022-06-23T16:15:08","date_gmt":"2022-06-23T16:15:08","guid":{"rendered":"https:\/\/fotografiaportugal.pt\/site\/?post_type=product&#038;p=15086"},"modified":"2023-12-18T14:35:05","modified_gmt":"2023-12-18T14:35:05","slug":"douro-maravilhas-do-patrimonio-heritage-wonders","status":"publish","type":"product","link":"https:\/\/fotografiaportugal.pt\/site\/shop\/livros\/douro-maravilhas-do-patrimonio-heritage-wonders\/","title":{"rendered":"DOURO \u2013 Maravilhas do Patrim\u00f3nio \/ Heritage Wonders, Vol. I"},"content":{"rendered":"<p><img loading=\"lazy\" decoding=\"async\" class=\"alignnone size-medium wp-image-15092\" src=\"https:\/\/fotografiaportugal.pt\/site\/wp-content\/uploads\/2022\/06\/kdura_frente_Douro_1250px_-229x300.jpg\" alt=\"\" width=\"229\" height=\"300\" srcset=\"https:\/\/fotografiaportugal.pt\/site\/wp-content\/uploads\/2022\/06\/kdura_frente_Douro_1250px_-229x300.jpg 229w, https:\/\/fotografiaportugal.pt\/site\/wp-content\/uploads\/2022\/06\/kdura_frente_Douro_1250px_-782x1024.jpg 782w, https:\/\/fotografiaportugal.pt\/site\/wp-content\/uploads\/2022\/06\/kdura_frente_Douro_1250px_-416x545.jpg 416w, https:\/\/fotografiaportugal.pt\/site\/wp-content\/uploads\/2022\/06\/kdura_frente_Douro_1250px_.jpg 954w\" sizes=\"auto, (max-width: 229px) 100vw, 229px\" \/><\/p>\n<p><strong>DOURO \u2013 Maravilhas do Patrim\u00f3nio \/ Heritage Wonders<\/strong>, Volume<strong> I<\/strong><\/p>\n<table id=\"table190\" border=\"0\" width=\"100%\" cellspacing=\"0\">\n<tbody>\n<tr>\n<td valign=\"top\" width=\"97%\"><small>Autor:<\/small>\u00a0Lib\u00f3rio Manuel Silva<\/td>\n<\/tr>\n<tr>\n<td valign=\"top\" width=\"97%\"><small>Pref\u00e1cio:<\/small>\u00a0J. Rentes de Carvalho<\/td>\n<\/tr>\n<tr>\n<td width=\"97%\"><small>P\u00e1gs:<\/small>\u00a0288<\/td>\n<\/tr>\n<tr>\n<td width=\"97%\"><small>ISBN:<\/small>\u00a0978-989-615-237-6<\/td>\n<\/tr>\n<tr>\n<td width=\"97%\"><small>1.\u00aa edi\u00e7\u00e3o:<\/small> Julho\/2022<\/td>\n<\/tr>\n<\/tbody>\n<\/table>\n<h2>DESCRI\u00c7\u00c3O<\/h2>\n<p>O melhor do patrim\u00f3nio hist\u00f3rico-natural dos 24 munic\u00edpios ribeirinhos do Douro, incluindo os locais triplamente distinguidos pela UNESCO como Patrim\u00f3nio Mundial da Humanidade, em obra sumptuosamente ilustrada por\u00a0<em>Lib\u00f3rio Manuel Silva<\/em>, editor e autor da fotografia dos livros de Cultura e Patrim\u00f3nio actualmente mais vendidos em Portugal, em livro com pref\u00e1cio pelo Prof.\u00a0<em>J. Rentes de Carvalho<\/em>, o principal romancista duriense em actividade.<\/p>\n<p><strong>DOURO \u2013 Maravilhas do Patrim\u00f3nio \/\u00a0<\/strong><strong><em>Heritage Wonders<\/em><\/strong>\u00a0\u00e9 uma edi\u00e7\u00e3o de luxo, bilingue, cartonada, com mais de 400 fotografias exclusivas relativas ao mais significativo patrim\u00f3nio hist\u00f3rico-natural dos 24 munic\u00edpios lim\u00edtrofes ao rio Douro \u2013 dos vest\u00edgios arqueol\u00f3gicos aos tesouros barrocos, das tradi\u00e7\u00f5es aos monumentos rom\u00e2nicos, das fant\u00e1sticas tonalidades outonais das vinhas durienses \u00e0s suas caves, da mais genu\u00edna gastronomia aos incompar\u00e1veis miradouros, dos escondidos eremit\u00e9rios \u00e0s paisagens pintadas com as amendoeiras em flor.<\/p>\n<p>O mais belo e o mais estimulante livro publicado sobre o Douro exclusivamente com imagens actuais.<\/p>\n<p>&nbsp;<\/p>\n<p><a href=\"http:\/\/&quot;Os Holandeses consideram-no seu, mas \u00e9 portugu\u00eas. Escritor e professor de Literatura Portuguesa em Amesterd\u00e3o. Nasceu em Vila Nova de Gaia e viveu parte da sua inf\u00e2ncia em Estevais, Mogadouro. As origens da fam\u00edlia s\u00e3o deste Douro Interior, que descreve em detalhe nalgumas das obras. At\u00e9 aos anos sessenta, revela-nos ter visto e vivido ali o quotidiano Medieval. A sua vida \u00e9 uma novela que o levou a deixar Portugal e vaguear pelo mundo. \u00c9 sonhador e irreverente. Mas \u00e9 \u00e0 l\u00edngua portuguesa e \u00e0 Holanda que deve a Vida. Jos\u00e9 Rentes Carvalho \u00e9 o protagonista deste Primeira Pessoa.&quot; Entrevista ao Prof. Jos\u00e9 Rentes de Carvalho, prefaciador do livro \u201cDOURO \u2013 Maravilhas do Patrim\u00f3nio \/ Heritage Wonders\u201d, conduzida pela jornalista F\u00e1tima Campos Ferreira no programa Primeira Pessoa, da RTP-1 \u2013 ver em: https:\/\/www.rtp.pt\/play\/p10074\/e624465\/primeira-pessoa\" target=\"_blank\" rel=\"noopener\"><img loading=\"lazy\" decoding=\"async\" class=\"alignnone size-medium wp-image-15095\" src=\"https:\/\/fotografiaportugal.pt\/site\/wp-content\/uploads\/2022\/06\/PrimeiraPessoa-JRentesdeCarvalho-RTP1-20Jun2022-300x170.jpg\" alt=\"\" width=\"300\" height=\"170\" srcset=\"https:\/\/fotografiaportugal.pt\/site\/wp-content\/uploads\/2022\/06\/PrimeiraPessoa-JRentesdeCarvalho-RTP1-20Jun2022-300x170.jpg 300w, https:\/\/fotografiaportugal.pt\/site\/wp-content\/uploads\/2022\/06\/PrimeiraPessoa-JRentesdeCarvalho-RTP1-20Jun2022-1024x579.jpg 1024w\" sizes=\"auto, (max-width: 300px) 100vw, 300px\" \/><\/a><\/p>\n<p>&#8220;<em>Os Holandeses consideram-no seu, mas \u00e9 portugu\u00eas. Escritor e professor de Literatura Portuguesa em Amesterd\u00e3o.<\/em><\/p>\n<p><em>Nasceu em Vila Nova de Gaia e viveu parte da sua inf\u00e2ncia em Estevais, Mogadouro. As origens da fam\u00edlia s\u00e3o deste Douro Interior, que descreve em detalhe nalgumas das obras. At\u00e9 aos anos sessenta, revela-nos ter visto e vivido ali o quotidiano Medieval.<\/em><\/p>\n<p><em>A sua vida \u00e9 uma novela que o levou a deixar Portugal e vaguear pelo mundo.<\/em><\/p>\n<p><em>\u00c9 sonhador e irreverente.<\/em><\/p>\n<p><em>Mas \u00e9 \u00e0 l\u00edngua portuguesa e \u00e0 Holanda que deve a Vida.<\/em><\/p>\n<p><em>Jos\u00e9 Rentes Carvalho \u00e9 o protagonista deste Primeira Pessoa.<\/em>&#8221;<\/p>\n<p>Entrevista ao Prof. <strong>Jos\u00e9 Rentes de Carvalho<\/strong>, prefaciador do livro \u201c<strong>DOURO \u2013 Maravilhas do Patrim\u00f3nio \/ Heritage Wonders<\/strong>\u201d, conduzida pela jornalista <strong>F\u00e1tima Campos Ferreira<\/strong> no programa <strong>Primeira Pessoa<\/strong>, da <strong>RTP-1<\/strong> \u2013 ver em: <a href=\"https:\/\/www.rtp.pt\/play\/p10074\/e624465\/primeira-pessoa\" target=\"_blank\" rel=\"noopener\">https:\/\/www.rtp.pt\/play\/p10074\/e624465\/primeira-pessoa<\/a><\/p>\n","protected":false},"excerpt":{"rendered":"<p>O mais belo e o mais estimulante livro publicado sobre o Douro exclusivamente com imagens actuais.<\/p>\n<p>Portes gratuitos no envio para qualquer morada em Portugal.<\/p>\n","protected":false},"featured_media":15088,"comment_status":"closed","ping_status":"closed","template":"","meta":[],"product_brand":[],"product_cat":[185,279,181,7,103,180,138,147],"product_tag":[256,257,254,258,259,260,261,255,212,262,263,264,187,216,265,266,267,268,269,270,231,40,271,272,273,274,275,276,277],"class_list":{"0":"post-15086","1":"product","2":"type-product","3":"status-publish","4":"has-post-thumbnail","6":"product_cat-best-sellers-para-turistas-for-tourists","7":"product_cat-douro","8":"product_cat-liborio-manuel-silva","9":"product_cat-livros","10":"product_cat-livros-capa-dura-luxo","11":"product_cat-natal","12":"product_cat-photography-of-portugal","13":"product_cat-top-10","14":"product_tag-alijo","15":"product_tag-armamar","16":"product_tag-arte-e-turismo","17":"product_tag-baiao","18":"product_tag-carrazeda-de-ansiaes","19":"product_tag-castelo-de-paiva","20":"product_tag-cinfaes","21":"product_tag-douro","22":"product_tag-figueira-de-castelo-rodrigo","23":"product_tag-freixo-de-espada-a-cinta","24":"product_tag-gondomar","25":"product_tag-lamego","26":"product_tag-liborio-manuel-silva","27":"product_tag-maravilhas-de-portugal","28":"product_tag-marco-de-canaveses","29":"product_tag-mesao-frio","30":"product_tag-miranda-do-douro","31":"product_tag-mogadouro","32":"product_tag-penafiel","33":"product_tag-peso-da-regua","34":"product_tag-porto","35":"product_tag-portugal","36":"product_tag-resende","37":"product_tag-sabrosa","38":"product_tag-sao-joao-da-pesqueira","39":"product_tag-tabuaco","40":"product_tag-torre-de-moncorvo","41":"product_tag-vila-nova-de-foz-coa","42":"product_tag-vila-nova-de-gaia","44":"first","45":"instock","46":"sale","47":"shipping-taxable","48":"purchasable","49":"product-type-simple"},"_links":{"self":[{"href":"https:\/\/fotografiaportugal.pt\/site\/wp-json\/wp\/v2\/product\/15086","targetHints":{"allow":["GET"]}}],"collection":[{"href":"https:\/\/fotografiaportugal.pt\/site\/wp-json\/wp\/v2\/product"}],"about":[{"href":"https:\/\/fotografiaportugal.pt\/site\/wp-json\/wp\/v2\/types\/product"}],"replies":[{"embeddable":true,"href":"https:\/\/fotografiaportugal.pt\/site\/wp-json\/wp\/v2\/comments?post=15086"}],"wp:featuredmedia":[{"embeddable":true,"href":"https:\/\/fotografiaportugal.pt\/site\/wp-json\/wp\/v2\/media\/15088"}],"wp:attachment":[{"href":"https:\/\/fotografiaportugal.pt\/site\/wp-json\/wp\/v2\/media?parent=15086"}],"wp:term":[{"taxonomy":"product_brand","embeddable":true,"href":"https:\/\/fotografiaportugal.pt\/site\/wp-json\/wp\/v2\/product_brand?post=15086"},{"taxonomy":"product_cat","embeddable":true,"href":"https:\/\/fotografiaportugal.pt\/site\/wp-json\/wp\/v2\/product_cat?post=15086"},{"taxonomy":"product_tag","embeddable":true,"href":"https:\/\/fotografiaportugal.pt\/site\/wp-json\/wp\/v2\/product_tag?post=15086"}],"curies":[{"name":"wp","href":"https:\/\/api.w.org\/{rel}","templated":true}]}}