{"id":1527,"date":"2015-12-01T12:37:55","date_gmt":"2015-12-01T12:37:55","guid":{"rendered":"http:\/\/fotografiaportugal.pt\/site\/?post_type=product&#038;p=1527"},"modified":"2021-03-17T12:20:21","modified_gmt":"2021-03-17T12:20:21","slug":"o-guardador-de-rebanhos","status":"publish","type":"product","link":"https:\/\/fotografiaportugal.pt\/site\/shop\/livros\/o-guardador-de-rebanhos\/","title":{"rendered":"O Guardador de Rebanhos"},"content":{"rendered":"<p><strong><b>O Guardador de Rebanhos<\/b><\/strong><\/p>\n<p>Autor: Alberto Caeiro (Fernando Pessoa)<\/p>\n<p>Pref\u00e1cio e posf\u00e1cio: Pedro Sinde<\/p>\n<p>Ilustra\u00e7\u00e3o: M\u00e1rio Linhares<\/p>\n<p>P\u00e1gs: 104, cores (capa dura)<\/p>\n<p>ISBN: 978-989-615-192-8<\/p>\n<p>Edi\u00e7\u00e3o: Mar\u00e7o\/2014<\/p>\n<p>Pre\u00e7o: 14,00 Euros<\/p>\n<p><img loading=\"lazy\" decoding=\"async\" class=\"alignnone size-medium wp-image-1528\" src=\"https:\/\/fotografiaportugal.pt\/site\/wp-content\/uploads\/2015\/12\/capa-livro-ca-oguardadorderebanhos-BR-253x300.jpg\" alt=\"capa-livro-ca-oguardadorderebanhos-BR\" width=\"253\" height=\"300\" srcset=\"https:\/\/fotografiaportugal.pt\/site\/wp-content\/uploads\/2015\/12\/capa-livro-ca-oguardadorderebanhos-BR-253x300.jpg 253w, https:\/\/fotografiaportugal.pt\/site\/wp-content\/uploads\/2015\/12\/capa-livro-ca-oguardadorderebanhos-BR.jpg 505w, https:\/\/fotografiaportugal.pt\/site\/wp-content\/uploads\/2015\/12\/capa-livro-ca-oguardadorderebanhos-BR-84x100.jpg 84w\" sizes=\"auto, (max-width: 253px) 100vw, 253px\" \/><\/p>\n<p><strong><b>O Guardador de Rebanhos<\/b><\/strong><\/p>\n<p><strong><b>100 ANOS<\/b><\/strong><\/p>\n<p><em><i>foi em 8 de Mar\u00e7o de 1914 \u2013 acerquei-me de uma c\u00f3moda alta, e, tomando um papel, comecei a escrever, de p\u00e9, como escrevo sempre que posso. E escrevi trinta e tantos poemas a fio, numa esp\u00e9cie de \u00eaxtase cuja natureza n\u00e3o conseguirei definir. Foi o dia triunfal da minha vida, e nunca poderei ter outro assim. Abri com um t\u00edtulo \u2013 \u2018O Guardador de Rebanhos\u2019. E o que se seguiu foi o aparecimento de algu\u00e9m em mim, a quem dei desde logo o nome de Alberto Caeiro. Desculpe-me o absurdo da frase: aparecera em mim o meu mestre. Foi essa a sensa\u00e7\u00e3o imediata que tive.<\/i><\/em><\/p>\n<p>Edi\u00e7\u00e3o centen\u00e1ria, ilustrada, a cores e em capa dura, d&#8217;O Guardador de Rebanhos\u00a0de Alberto Caeiro (Fernando Pessoa). Inclui um pref\u00e1cio e posf\u00e1cio por Pedro Sinde.<\/p>\n<p>O Guardador de Rebanhos nasceu, de um jacto, a 8 de Mar\u00e7o de 1914, h\u00e1 precisamente cem anos.<\/p>\n<p>A sua leitura devia ser uma recomenda\u00e7\u00e3o medicinal; h\u00e1 versos d\u2019O Guardador de Rebanhos que s\u00e3o um b\u00e1lsamo para a alma, transportam para o nosso interior um certo apaziguamento ou reconcilia\u00e7\u00e3o, pois est\u00e3o impregnados de um aroma de eternidade. Este efeito medicinal \u00e9 ainda mais importante hoje do que no tempo de Fernando Pessoa, porque estamos muito mais expostos ao excesso de ru\u00eddo e de imagens. O leitor n\u00e3o deixar\u00e1 de sentir, estamos seguros, o revigorante efeito destes versos.<\/p>\n<p><strong><b>AUTOR<\/b><\/strong><\/p>\n<p>Fernando Pessoa\u00a0\u00e9 o mais universal poeta portugu\u00eas.\u00a0O Guardador de Rebanhos foi escrito pelo heter\u00f3nimo Alberto Caeiro de Fernando Pessoa.<\/p>\n<p><strong><b>PREFACIADOR<\/b><\/strong><\/p>\n<p>Pedro Sinde\u00a0nasceu no Porto em 1972. Tem procurado estudar e compreender a especificidade portuguesa no seio da Tradi\u00e7\u00e3o universal. Dirigiu duas revistas de Filosofia, prefaciou e comentou diversas obras e tem participado em in\u00fameros col\u00f3quios, confer\u00eancias e projectos sobre as mais diversas tem\u00e1ticas e personalidades. \u00c9 autor dos livros\u00a0<em><i>O Velho da Montanha: a Doutrina Inici\u00e1tica de Teixeira de Pascoaes<\/i><\/em>,\u00a0<em><i>Terra L\u00facida: a Intimidade do Homem com a Natureza, A Montanha M\u00edstica\/ Cartas da Pris\u00e3o, O Canto dos Seres: Saudade da Natureza<\/i><\/em>\u00a0e ainda\u00a0<em><i>Sete S\u00e1bios Portugueses<\/i><\/em>. \u00c9 autor do pref\u00e1cio de\u00a0<em><i>Li\u00e7\u00f5es d&#8217;Os Lus\u00edadas<\/i><\/em>, de Aux\u00edlia Ramos e Zaida Braga, publicado pelo Centro Atl\u00e2ntico.<\/p>\n<p>Ver tamb\u00e9m <strong><a href=\"https:\/\/fotografiaportugal.pt\/site\/categoria-produto\/80-anos-fernando-pessoa\/\">Campanha de comemora\u00e7\u00e3o dos 80 anos da morte de Fernando Pessoa<\/a><\/strong>:<\/p>\n<p><a href=\"https:\/\/fotografiaportugal.pt\/site\/categoria-produto\/80-anos-fernando-pessoa\/\"><img loading=\"lazy\" decoding=\"async\" class=\"alignnone size-medium wp-image-1526\" src=\"https:\/\/fotografiaportugal.pt\/site\/wp-content\/uploads\/2015\/11\/7-livros-FernandoPessoa_web-FP-300x150.jpg\" alt=\"7-livros-FernandoPessoa_web FP\" width=\"300\" height=\"150\" srcset=\"https:\/\/fotografiaportugal.pt\/site\/wp-content\/uploads\/2015\/11\/7-livros-FernandoPessoa_web-FP-300x150.jpg 300w, https:\/\/fotografiaportugal.pt\/site\/wp-content\/uploads\/2015\/11\/7-livros-FernandoPessoa_web-FP-372x186.jpg 372w, https:\/\/fotografiaportugal.pt\/site\/wp-content\/uploads\/2015\/11\/7-livros-FernandoPessoa_web-FP.jpg 968w, https:\/\/fotografiaportugal.pt\/site\/wp-content\/uploads\/2015\/11\/7-livros-FernandoPessoa_web-FP-100x50.jpg 100w\" sizes=\"auto, (max-width: 300px) 100vw, 300px\" \/><\/a><\/p>\n<p>&nbsp;<\/p>\n","protected":false},"excerpt":{"rendered":"<p>Edi\u00e7\u00e3o centen\u00e1ria, ilustrada, a cores e em capa dura, d&#8217;O Guardador de Rebanhos\u00a0de Alberto Caeiro (Fernando Pessoa). Inclui um pref\u00e1cio e posf\u00e1cio por Pedro Sinde.<\/p>\n","protected":false},"featured_media":1529,"comment_status":"closed","ping_status":"closed","template":"","meta":[],"product_brand":[],"product_cat":[149,7,103,138],"product_tag":[140],"class_list":{"0":"post-1527","1":"product","2":"type-product","3":"status-publish","4":"has-post-thumbnail","6":"product_cat-80-anos-fernando-pessoa","7":"product_cat-livros","8":"product_cat-livros-capa-dura-luxo","9":"product_cat-photography-of-portugal","10":"product_tag-fernando-pessoa","12":"first","13":"outofstock","14":"shipping-taxable","15":"purchasable","16":"product-type-simple"},"_links":{"self":[{"href":"https:\/\/fotografiaportugal.pt\/site\/wp-json\/wp\/v2\/product\/1527","targetHints":{"allow":["GET"]}}],"collection":[{"href":"https:\/\/fotografiaportugal.pt\/site\/wp-json\/wp\/v2\/product"}],"about":[{"href":"https:\/\/fotografiaportugal.pt\/site\/wp-json\/wp\/v2\/types\/product"}],"replies":[{"embeddable":true,"href":"https:\/\/fotografiaportugal.pt\/site\/wp-json\/wp\/v2\/comments?post=1527"}],"wp:featuredmedia":[{"embeddable":true,"href":"https:\/\/fotografiaportugal.pt\/site\/wp-json\/wp\/v2\/media\/1529"}],"wp:attachment":[{"href":"https:\/\/fotografiaportugal.pt\/site\/wp-json\/wp\/v2\/media?parent=1527"}],"wp:term":[{"taxonomy":"product_brand","embeddable":true,"href":"https:\/\/fotografiaportugal.pt\/site\/wp-json\/wp\/v2\/product_brand?post=1527"},{"taxonomy":"product_cat","embeddable":true,"href":"https:\/\/fotografiaportugal.pt\/site\/wp-json\/wp\/v2\/product_cat?post=1527"},{"taxonomy":"product_tag","embeddable":true,"href":"https:\/\/fotografiaportugal.pt\/site\/wp-json\/wp\/v2\/product_tag?post=1527"}],"curies":[{"name":"wp","href":"https:\/\/api.w.org\/{rel}","templated":true}]}}