{"id":1530,"date":"2015-12-01T12:54:21","date_gmt":"2015-12-01T12:54:21","guid":{"rendered":"http:\/\/fotografiaportugal.pt\/site\/?post_type=product&#038;p=1530"},"modified":"2024-12-12T11:59:05","modified_gmt":"2024-12-12T11:59:05","slug":"palavras-do-livro-do-desassossego","status":"publish","type":"product","link":"https:\/\/fotografiaportugal.pt\/site\/shop\/livros\/palavras-do-livro-do-desassossego\/","title":{"rendered":"palavras do Livro do Desassossego \/ Words from The Book of Disquiet"},"content":{"rendered":"<p><strong>palavras do Livro do Desassossego \/ Words from The Book of Disquiet<\/strong><\/p>\n<p>Autor: Fernando Pessoa<\/p>\n<p>Edi\u00e7\u00e3o: Lib\u00f3rio Manuel Silva<\/p>\n<p>Tradu\u00e7\u00e3o:\u00a0Patricia Anne Odber de Baubeta<\/p>\n<p>Ilustra\u00e7\u00e3o: M\u00e1rio Linhares<\/p>\n<p>P\u00e1gs: 168,\u00a0<small>cores (capa dura)<\/small><\/p>\n<p>ISBN: 978-989-615-241-3<\/p>\n<p>5.\u00aa edi\u00e7\u00e3o: maio\/2023<\/p>\n<p>Pre\u00e7o: 16,66 Euros<\/p>\n<p><img loading=\"lazy\" decoding=\"async\" class=\"alignnone size-full wp-image-24119\" src=\"https:\/\/fotografiaportugal.pt\/site\/wp-content\/uploads\/2015\/12\/K_5ed_palavras_Desassossego_600px.jpg\" alt=\"\" width=\"505\" height=\"600\" srcset=\"https:\/\/fotografiaportugal.pt\/site\/wp-content\/uploads\/2015\/12\/K_5ed_palavras_Desassossego_600px.jpg 505w, https:\/\/fotografiaportugal.pt\/site\/wp-content\/uploads\/2015\/12\/K_5ed_palavras_Desassossego_600px-253x300.jpg 253w\" sizes=\"auto, (max-width: 505px) 100vw, 505px\" \/><\/p>\n<p>Edi\u00e7\u00e3o ilustrada, a cores e em capa dura, com os trechos mais luminosos e representativos do <strong>Livro do Desassossego<\/strong>\u00a0\u2013 o \u00abLivro do desencanto do mundo, mas tamb\u00e9m, paradoxalmente, um livro de j\u00fabilo\u00bb \u2013, escrito por Fernando Pessoa-Vicente Guedes-Bernardo Soares. Inclui uma introdu\u00e7\u00e3o com a hist\u00f3ria do Livro.<\/p>\n<p><img loading=\"lazy\" decoding=\"async\" class=\"alignnone size-full wp-image-24121\" src=\"https:\/\/fotografiaportugal.pt\/site\/wp-content\/uploads\/2015\/12\/capa2.jpg\" alt=\"\" width=\"250\" height=\"167\" \/><\/p>\n<p>A presen\u00e7a de Fernando Pessoa \u2013 o mais universal dos autores portugueses \u2013 \u00abimp\u00f4s-se, um pouco pelo mundo inteiro, gra\u00e7as ao Livro do Desassossego \u2013 um livro imposs\u00edvel, inacabado e inacab\u00e1vel\u00bb, segundo as palavras de Eduardo Louren\u00e7o.<\/p>\n<p>Registo, dia a dia, as impress\u00f5es que formam a subst\u00e2ncia externa da minha consci\u00eancia de mim. Ponho-as em palavras vadias, que me desertam desde que as escrevo, e erram, independentes de mim, por encostas e relvados de imagens, por \u00e1leas de conceitos, por azinhagas de confus\u00f5es.<\/p>\n<p style=\"text-align: right;\"><em><i>Fernando Pessoa-Bernardo Soares<\/i><\/em><\/p>\n<p><img loading=\"lazy\" decoding=\"async\" class=\"alignnone size-full wp-image-24120\" src=\"https:\/\/fotografiaportugal.pt\/site\/wp-content\/uploads\/2015\/12\/capa1.jpg\" alt=\"\" width=\"250\" height=\"167\" \/><\/p>\n<p>Di\u00e1rio de bordo do mais im\u00f3vel dos poetas.<\/p>\n<p>Livro imposs\u00edvel, inacabado e inacab\u00e1vel, o\u00a0Livro do Desassossego\u00a0\u00e9 o livro da conversa infinita.<br \/>\nNas suas p\u00e1ginas est\u00e3o inscritas a grande dor e a secreta exulta\u00e7\u00e3o da exist\u00eancia humana.<\/p>\n<p style=\"text-align: right;\"><em><i>Eduardo Louren\u00e7o<\/i><\/em><\/p>\n","protected":false},"excerpt":{"rendered":"<p>Edi\u00e7\u00e3o <strong>bilingue<\/strong> (<span style=\"text-decoration: underline;\">portugu\u00eas<\/span> e <span style=\"text-decoration: underline;\">ingl\u00eas<\/span>), <strong>ilustrada<\/strong>, a <strong>cores<\/strong> e em <strong>capa dura<\/strong>, com os trechos mais luminosos e representativos do <strong><b>Livro do Desassossego<\/b><\/strong>\u00a0\u2013 o \u00abLivro do desencanto do mundo, mas tamb\u00e9m, paradoxalmente, um livro de j\u00fabilo\u00bb \u2013, escrito por Fernando Pessoa-Vicente Guedes-Bernardo Soares. Inclui uma introdu\u00e7\u00e3o com a hist\u00f3ria do Livro.<\/p>\n<div dir=\"auto\">\u00ab<strong>palavras do Livro do Desassossego \/ Words from The Book of Disquiet<\/strong>\u00bb,\u00a0Obra bilingue, a partir desta 5\u00aa edi\u00e7\u00e3o.<\/div>\n","protected":false},"featured_media":24122,"comment_status":"closed","ping_status":"closed","template":"","meta":[],"product_brand":[],"product_cat":[7,103,147],"product_tag":[140],"class_list":{"0":"post-1530","1":"product","2":"type-product","3":"status-publish","4":"has-post-thumbnail","6":"product_cat-livros","7":"product_cat-livros-capa-dura-luxo","8":"product_cat-top-10","9":"product_tag-fernando-pessoa","11":"first","12":"instock","13":"sale","14":"shipping-taxable","15":"purchasable","16":"product-type-simple"},"_links":{"self":[{"href":"https:\/\/fotografiaportugal.pt\/site\/wp-json\/wp\/v2\/product\/1530","targetHints":{"allow":["GET"]}}],"collection":[{"href":"https:\/\/fotografiaportugal.pt\/site\/wp-json\/wp\/v2\/product"}],"about":[{"href":"https:\/\/fotografiaportugal.pt\/site\/wp-json\/wp\/v2\/types\/product"}],"replies":[{"embeddable":true,"href":"https:\/\/fotografiaportugal.pt\/site\/wp-json\/wp\/v2\/comments?post=1530"}],"wp:featuredmedia":[{"embeddable":true,"href":"https:\/\/fotografiaportugal.pt\/site\/wp-json\/wp\/v2\/media\/24122"}],"wp:attachment":[{"href":"https:\/\/fotografiaportugal.pt\/site\/wp-json\/wp\/v2\/media?parent=1530"}],"wp:term":[{"taxonomy":"product_brand","embeddable":true,"href":"https:\/\/fotografiaportugal.pt\/site\/wp-json\/wp\/v2\/product_brand?post=1530"},{"taxonomy":"product_cat","embeddable":true,"href":"https:\/\/fotografiaportugal.pt\/site\/wp-json\/wp\/v2\/product_cat?post=1530"},{"taxonomy":"product_tag","embeddable":true,"href":"https:\/\/fotografiaportugal.pt\/site\/wp-json\/wp\/v2\/product_tag?post=1530"}],"curies":[{"name":"wp","href":"https:\/\/api.w.org\/{rel}","templated":true}]}}