{"id":1535,"date":"2015-12-01T13:43:21","date_gmt":"2015-12-01T13:43:21","guid":{"rendered":"http:\/\/fotografiaportugal.pt\/site\/?post_type=product&#038;p=1535"},"modified":"2021-03-17T12:18:35","modified_gmt":"2021-03-17T12:18:35","slug":"o-meu-tio-fernando-pessoa","status":"publish","type":"product","link":"https:\/\/fotografiaportugal.pt\/site\/shop\/livros\/o-meu-tio-fernando-pessoa\/","title":{"rendered":"O Meu Tio Fernando Pessoa"},"content":{"rendered":"<p><strong><b>O Meu Tio Fernando Pessoa<\/b><\/strong><\/p>\n<p>Autora: Manuela Nogueira<\/p>\n<p>Pref\u00e1cio: Richard Zenith<\/p>\n<p>P\u00e1gs: 128<\/p>\n<p>ISBN: 978-989-615-202-4<\/p>\n<p>Edi\u00e7\u00e3o: Jun\/2015<\/p>\n<p>Pre\u00e7o: 14,00 Euros<\/p>\n<p><img loading=\"lazy\" decoding=\"async\" class=\"alignnone size-medium wp-image-1536\" src=\"https:\/\/fotografiaportugal.pt\/site\/wp-content\/uploads\/2015\/12\/capa-livro-ca_omeutio-fernandopessoa-BR-253x300.jpg\" alt=\"capa-livro-ca_omeutio-fernandopessoa-BR\" width=\"253\" height=\"300\" srcset=\"https:\/\/fotografiaportugal.pt\/site\/wp-content\/uploads\/2015\/12\/capa-livro-ca_omeutio-fernandopessoa-BR-253x300.jpg 253w, https:\/\/fotografiaportugal.pt\/site\/wp-content\/uploads\/2015\/12\/capa-livro-ca_omeutio-fernandopessoa-BR.jpg 505w, https:\/\/fotografiaportugal.pt\/site\/wp-content\/uploads\/2015\/12\/capa-livro-ca_omeutio-fernandopessoa-BR-84x100.jpg 84w\" sizes=\"auto, (max-width: 253px) 100vw, 253px\" \/><\/p>\n<p>O livro\u00a0<em><i>O Meu Tio Fernando Pessoa<\/i><\/em>\u00a0apresenta muitos dados sobre a inf\u00e2ncia de Pessoa e inclui textos que revelam o menino que nele subsistiu depois de atingir a idade adulta.<\/p>\n<p>A presente antologia generosamente compilada por Manuela Nogueira revela-nos um lado do seu tio que \u00e9 menos conhecido mas que perpassa, na verdade, toda a vida e obra do poeta. A frase \u201cFernando Pessoa: o homem que nunca foi\u201d adquire, aqui, o seu verdadeiro significado, pois, at\u00e9 ao dia da sua morte, Fernando Pessoa foi sempre uma grande, genial\u00edssima crian\u00e7a.<\/p>\n<p><strong><b>\u00cdNDICE<\/b><\/strong><\/p>\n<p>Pr\u00f3logo<\/p>\n<p>Pref\u00e1cio<\/p>\n<p>Nota Introdut\u00f3ria<\/p>\n<p>Alguns dados biogr\u00e1ficos de Fernando Pessoa<\/p>\n<p>Per\u00edodo de conviv\u00eancia com o Tio Fernando<\/p>\n<p>Textos de poesia<\/p>\n<p>Documenta\u00e7\u00e3o sobre a inf\u00e2ncia de Fernando Pessoa<\/p>\n<p>Fotografias<\/p>\n<p>Documentos<\/p>\n<p>Cartas e Postais<\/p>\n<p>Cartas trocadas entre Maria Madalena Pinheiro Nogueira (\u201cMaricas\u201d), m\u00e3e de Fernando, e a irm\u00e3 Ana Lu\u00edsa Pinheiro Nogueira (\u201cAnica\u201d)<\/p>\n<p>Cartas da Tia Maria Xavier Pinheiro e do Tio Manuel Gualdino Cunha<\/p>\n<p>Bilhetes-postais in\u00e9ditos dos irm\u00e3os Lu\u00eds e Jo\u00e3o, por eles pintados e que datam de Mar\u00e7o de 1911<\/p>\n<p>Correspond\u00eancia com a colabora\u00e7\u00e3o do Lu\u00eds e do Jo\u00e3o<\/p>\n<p>Cartas da m\u00e3e de Fernando Pessoa<\/p>\n<p>Di\u00e1rio incompleto da m\u00e3e de Fernando Pessoa<\/p>\n<p>Coment\u00e1rios finais<\/p>\n<p><strong><b>AUTORA<\/b><\/strong><\/p>\n<p>Maria Manuela Nogueira Rosa Dias Murteira, sobrinha de Fernando Pessoa, nasceu na Rua Coelho da Rocha, n\u00ba 16 \u2013 1.\u00ba D.to, hoje Casa Fernando Pessoa, tem colaborado com v\u00e1rios jornais e publicou vinte livros: \u00e1rea infanto-juvenil, nesta \u00e1rea tamb\u00e9m organizou com Isabel Fran\u00e7a um jogo did\u00e1ctico comercializado pela Majora (O Turista Curioso) com v\u00e1rias edi\u00e7\u00f5es; para o p\u00fablico adulto: contos, romances e poesia. O livro de poesia \u2018Ritual sem palco\u2019 foi traduzido para franc\u00eas.<\/p>\n<p>Tem percorrido in\u00fameras escolas e bibliotecas falando dos seus livros (incentivos \u00e0 leitura) e da vida e obra de seu tio Fernando Pessoa. Foi um dos membros fundadores da Associa\u00e7\u00e3o Fernando Pessoa.<\/p>\n<p>Tem dom\u00ednio do ingl\u00eas e do franc\u00eas por ter frequentado escolas das respectivas nacionalidades. Frequentou alguns Cursos no IADE: Cer\u00e2mica (Mestre Calado), Pintura e Desenho (Mestre Lima de Freitas) e Hist\u00f3ria de Arte (Prof. Dr. Ant\u00f3nio Quadros). Na sociedade de Belas Artes assistiu ao curso sobre Literaturas Modernas ministrado por David Mour\u00e3o Ferreira.<\/p>\n<p><strong><b>COMENT\u00c1RIOS\/NOT\u00cdCIAS<\/b><\/strong><\/p>\n<p>Livro do Dia, TSF, 24 de Setembro de 2015<\/p>\n<p>Oitenta anos ap\u00f3s a morte do poeta, os investigadores pessoanos ainda descobrem in\u00e9ditos ou varia\u00e7\u00f5es de textos que fazem da fixa\u00e7\u00e3o da sua obra completa um &#8216;work in progress&#8217;, uma aventura intelectual sem fim \u00e0 vista.<\/p>\n<p>Que lugar pode ocupar um livro como &#8220;O Meu Tio &#8211; Fernando Pessoa&#8221;, organizado por Manuela Nogueira, na vast\u00edssima bibliografia sobre o autor de &#8220;Mensagem&#8221;? Um lugar discreto, evidentemente, mas nem por isso menos digno de aten\u00e7\u00e3o.<\/p>\n<p>&#8230;<br \/>\nAl\u00e9m da rela\u00e7\u00e3o de Pessoa com as crian\u00e7as \u00e0 sua volta, o livro foca-se na inf\u00e2ncia do poeta, recuperando fotografias, excertos de cartas e di\u00e1rios, vislumbres de felicidade ou de desgostos, entre Durban e Lisboa, marcos de uma constru\u00e7\u00e3o identit\u00e1ria que ajuda a compreender as suas obras essenciais.<\/p>\n<p style=\"text-align: right;\"><em><i>Jos\u00e9 M\u00e1rio Silva<\/i>, Expresso, 4 de Julho de 2015<\/em><\/p>\n<p>Mem\u00f3rias de Fam\u00edlia<\/p>\n<p>Casa de papel &#8211; Manuela Nogueira<\/p>\n<p>A Manuela Nogueira \u00e9 uma escritora ao p\u00e9 dos noventa anos que tem a particularidade de ser sobrinha de Fernando Pessoa e com ele haver convivido durante os seus primeiros dez anos de vida. Vejo-a na televis\u00e3o a explicar-se acerca dessa mem\u00f3ria e n\u00e3o posso deixar de ficar incr\u00e9dulo.<br \/>\nParece uma coisa meio louca, como algu\u00e9m vir contar que conversou e brincou com Cam\u00f5es, Cervantes, Bach, Vivaldi, Goya ou Van Gogh.<\/p>\n<p>H\u00e1 gente que s\u00f3 \u00e9 cred\u00edvel no passado, quero dizer, gente que existe como mem\u00f3ria do absoluto colectivo, algo liberto na hist\u00f3ria da humanidade como um conceito a que se deu um nome e apelido. Fernando Pessoa \u00e9 assim, um conceito com nome e apelido, liberto no tesouro universal humano. \u00c9 uma fortuna de todos, n\u00e3o se compadece com a estreiteza da perten\u00e7a a uma fam\u00edlia. Por isso soa a loucura que a dign\u00edssima Manuela Nogueira diga \u201ctio\u201d acerca de Pessoa. Conte sobre a sopa, a barba, a paci\u00eancia e o sorriso, o saibro \u00e0 porta de casa, a loja onde comprava chocolates. Comia chocolates na metaf\u00edsica descomplicada das crian\u00e7as. A metaf\u00edsica mais invej\u00e1vel.<\/p>\n<p>Perdemos as pessoas sempre absurdamente. H\u00e1 uma explica\u00e7\u00e3o insuport\u00e1vel para a morte e o jugo do tempo \u00e9 demasiado sem di\u00e1logo. Somos manifestamente \u00e0 deriva, o problema \u00e9 amar e o amor ser modo de agarrar. Assim, tornam-se de uma mitologia retumbante as pessoas que nos morreram. Relembramos cada gesto como se fosse at\u00e9 imposs\u00edvel lembrar. H\u00e1 uma esp\u00e9cie de vit\u00f3ria que tamb\u00e9m nos humilha na possibilidade de ainda lembrarmos. De qualquer maneira, sem a mem\u00f3ria somos roubados do amor. A mem\u00f3ria \u00e9 o amor que perdura.<\/p>\n<p>Pensar Fernando Pessoa, por outro lado, \u00e9 um amor de toda a gente, uma esp\u00e9cie de mem\u00f3ria que j\u00e1 \u00e9 sobretudo a ideia de patrim\u00f3nio colectivo, uma ideia de sociedade. Pensamos Pessoa como quem comprova a exist\u00eancia de uma determinada sociedade. Somos estes, os do Pessoa. Interferir nessa concep\u00e7\u00e3o uma efectiva rela\u00e7\u00e3o de mem\u00f3ria \u00e9 da ordem do divino. Como se algu\u00e9m viesse com not\u00edcias de um olimpo, porque o passado cristaliza e eleva \u00e0 mitologia.<\/p>\n<p>Manuela Nogueira \u00e9 uma m\u00e1quina do tempo capaz de aludir ao que havia antes do cristal definitivo. \u00c9 como um empecilho \u00e0 pr\u00f3pria ideia de defini\u00e7\u00e3o, porque ela observou directamente o que os conceitos se obstinam por definir, que \u00e9 como quem diz, por parar. Enquanto esta senhora testemunhar, Pessoa \u00e9 um movimento e h\u00e1 uma porta toda subjectiva e vibrante entre o lugar dos deuses e o lugar dos homens.<\/p>\n<p>Era o programa de F\u00e1tima Lopes, as conversas s\u00e3o tidas com uma simpatia e descontrac\u00e7\u00e3o bastantes, \u00e9 mais comum que as figuras ali v\u00e3o discutir telenovelas ou afli\u00e7\u00f5es para uma piedade nem sempre muito salvadora.<\/p>\n<p>Evocar-se Fernando Pessoa na tarde de entretenimento da televis\u00e3o significa importantemente o que dizia acima, que ele transp\u00f4s a individualidade e se disseminou em quem somos, como ingrediente do ser-se portugu\u00eas. Passa a dizer respeito aos assuntos todos. \u00c9 uma pergunta colocada a cada cidad\u00e3o \u00e0 qual apenas vida inteira servir\u00e1 de resposta.<\/p>\n<p>A lucidez de Manuela Nogueira, a capacidade de contar, o impressionante e impressionado detalhe com que fala da sua inf\u00e2ncia, \u00e9 um meio de transporte.<\/p>\n<p>Pousamos em cada palavra a caminho dos anos de 1930. Eu sei que os livros s\u00e3o gente e eles operam exactamente assim. Mas gente ser um livro \u00e9 mais raro, especialmente se a hist\u00f3ria que nos conta vem de um tempo, ou de uma realidade, que julg\u00e1vamos esgotada de discurso directo. Subitamente, algu\u00e9m est\u00e1 verdadeiramente dentro de um segredo. Uma coisa de conhecer e sentir.<\/p>\n<p>Um observador que lida ainda com a sua pr\u00f3pria estupefac\u00e7\u00e3o, como todos quantos viram uma demasia.<\/p>\n<p style=\"text-align: right;\"><em><i>Valter Hugo M\u00e3e<\/i>, P\u00fablico, 19\/07\/2015<\/em><\/p>\n<p>\u00a0<a href=\"http:\/\/tviplayer.iol.pt\/programa\/a-tarde-e-sua\/53c6b3883004dc006243ce59\/video\/55a3fead0cf2f88a30309432\" target=\"_blank\" rel=\"noopener\"><img loading=\"lazy\" decoding=\"async\" class=\"alignnone size-medium wp-image-1538\" src=\"https:\/\/fotografiaportugal.pt\/site\/wp-content\/uploads\/2015\/12\/fpessoa-tvi-13jul2015-2-10.jpg\" alt=\"fpessoa-tvi-13jul2015-2-10\" width=\"293\" height=\"192\" srcset=\"https:\/\/fotografiaportugal.pt\/site\/wp-content\/uploads\/2015\/12\/fpessoa-tvi-13jul2015-2-10.jpg 293w, https:\/\/fotografiaportugal.pt\/site\/wp-content\/uploads\/2015\/12\/fpessoa-tvi-13jul2015-2-10-100x66.jpg 100w\" sizes=\"auto, (max-width: 293px) 100vw, 293px\" \/><\/a><\/p>\n<p><a href=\"http:\/\/tviplayer.iol.pt\/programa\/a-tarde-e-sua\/53c6b3883004dc006243ce59\/video\/55a3fead0cf2f88a30309432\" target=\"_blank\" rel=\"noopener\"><img loading=\"lazy\" decoding=\"async\" class=\"alignnone size-medium wp-image-1539\" src=\"https:\/\/fotografiaportugal.pt\/site\/wp-content\/uploads\/2015\/12\/fpessoa-tvi-13jul2015-10-300x192.jpg\" alt=\"fpessoa-tvi-13jul2015-10\" width=\"300\" height=\"192\" srcset=\"https:\/\/fotografiaportugal.pt\/site\/wp-content\/uploads\/2015\/12\/fpessoa-tvi-13jul2015-10.jpg 300w, https:\/\/fotografiaportugal.pt\/site\/wp-content\/uploads\/2015\/12\/fpessoa-tvi-13jul2015-10-100x64.jpg 100w\" sizes=\"auto, (max-width: 300px) 100vw, 300px\" \/><\/a><\/p>\n<p><a href=\"http:\/\/tviplayer.iol.pt\/programa\/a-tarde-e-sua\/53c6b3883004dc006243ce59\/video\/55a3fead0cf2f88a30309432\" target=\"_blank\" rel=\"noopener\">Entrevista com Manuela Nogueira<\/a>, autora do livro \u00abO Meu Tio Fernando Pessoa\u00bb, no <a href=\"http:\/\/tviplayer.iol.pt\/programa\/a-tarde-e-sua\/53c6b3883004dc006243ce59\/video\/55a3fead0cf2f88a30309432\" target=\"_blank\" rel=\"noopener\">programa de 13 de Julho da TVI \u00abA tarde \u00e9 sua\u00bb<\/a> (ver a partir do minuto 31 e 50seg)<\/p>\n<p>&nbsp;<\/p>\n<p><strong>Sobrinha de Fernando Pessoa publica livro sobre o poeta Com a chancela da Editora Centro Atl\u00e2ntico<\/strong><\/p>\n<p>A editora Centro Atl\u00e2ntico e a autora Manuela Nogueira apresentaram recentemente o livro \u201cO Meu Tio Fernando Pessoa\u201d, que inclui diversos textos in\u00e9ditos (cartas e di\u00e1rios) sobre a inf\u00e2ncia de Fernando Pessoa.<\/p>\n<p>A obra integra ainda um pref\u00e1cio da autoria de Richard Zenith, escritor e especialista da obra pessoana.<br \/>\nO volume \u201cO Meu Tio Fernando Pessoa\u201d, que se encontra \u00e0 venda pelo pre\u00e7o de 14 euros, apresenta muitos dados sobre a inf\u00e2ncia do autor de \u201cMensagem\u201d e inclui textos que revelam o \u201cmenino\u201d que nele subsistiu depois de atingir a idade adulta.<\/p>\n<p>Esta antologia, compilada por Manuela Nogueira, revela-nos ainda alguns aspetos da personalidade de Fernando Pessoa que s\u00e3o menos conhecidos da generalidade dos leitores \u2013 raz\u00e3o por que a frase \u201cFernando Pessoa: o homem que nunca foi\u201d adquire, nesta obra, o seu verdadeiro significado, porquanto, at\u00e9 ao dia da sua morte, \u201cPessoa foi sempre uma grande, genial\u00edssima crian\u00e7a\u201d.<\/p>\n<p>Maria Manuela Nogueira Rosa Dias Murteira (de seu nome completo), sobrinha de Fernando Pessoa, nasceu na Rua Coelho da Rocha, naquela que \u00e9 hoje a \u201cCasa Fernando Pessoa\u201d. Tem colaborado com v\u00e1rios jornais e publicou vinte livros (contos, romances e poesia). O volume de poesia \u201cRitual sem palco\u201d foi traduzido para franc\u00eas.<\/p>\n<p>Manuela Nogueira tem percorrido in\u00fameras escolas e bibliotecas, falando dos seus livros (incentivos \u00e0 leitura) e da vida e obra do seu tio Fernando Pessoa. Foi um dos membros fundadores da Associa\u00e7\u00e3o Fernando Pessoa.<\/p>\n<p style=\"text-align: right;\"><em><i>Di\u00e1rio do Minho<\/i><\/em><em><i>, 8 de Julho de 2015\u00a0<\/i><\/em><\/p>\n<p><img loading=\"lazy\" decoding=\"async\" class=\"alignnone size-full wp-image-1540\" src=\"https:\/\/fotografiaportugal.pt\/site\/wp-content\/uploads\/2015\/12\/foto-manuela250.jpg\" alt=\"foto-manuela250\" width=\"250\" height=\"210\" srcset=\"https:\/\/fotografiaportugal.pt\/site\/wp-content\/uploads\/2015\/12\/foto-manuela250.jpg 250w, https:\/\/fotografiaportugal.pt\/site\/wp-content\/uploads\/2015\/12\/foto-manuela250-100x84.jpg 100w\" sizes=\"auto, (max-width: 250px) 100vw, 250px\" \/><\/p>\n<p><strong>O tio poeta a quem Mimi fazia a barba no sof\u00e1 da sala<\/strong><\/p>\n<p>Fernando Pessoa parecia s\u00e9rio mas em casa gostava de pregar partidas e brincar com os sobrinhos, conta Manuela Nogueira, autora do livro &#8216;O Meu Tio Fernando Pessoa&#8217;.<\/p>\n<p>Quando era pequena, Maria Manuela gostava de acompanhar o seu tio Fernando at\u00e9 ao Manecas, que era o barbeiro do bairro de Campo de Ourique. &#8220;\u00cdamos de m\u00e3o dada, pela Coelho da Rocha. Depois eu ficava a olhar, muito atenta, e a ouvir as conversas deles&#8221;, recorda. Outra vezes, pedia ao tio para ser ela a fazer-lhe a barba. Ele sentava-se no sof\u00e1 azul escuro, ela ia buscar a cadeirinha de madeira, uma tolha, o pincel e o sab\u00e3o. &#8220;Quando ele tinha paci\u00eancia fazia-lhe tamb\u00e9m as unhas, com o polidor da minha m\u00e3e. Lembro-me que ele tinha os dedos amarelos, por causa do tabaco.&#8221; No final, o tio Fernando dava-lhe uma moeda pela barba e outra moeda pelas unhas. Manuela, ou Mimi, como lhe chamavam nessa altura os familiares, corria para a cozinha e pedia \u00e0 empregada que a acompanhasse \u00e0 leitaria do senhor Trindade para comprar chocolates. &#8220;Se calhar, foi da\u00ed que veio o &#8220;come chocolates, pequena, come chocolates&#8221;, do \u00c1lvaro de Campos&#8221;, ri-se Manuela, a sobrinha de Fernando Pessoa, ao partilhar estas mem\u00f3rias. &#8220;Quem sabe?&#8221;<\/p>\n<p>S\u00e3o mem\u00f3rias como estas que tem Manuela Nogueira, autora do livro O Meu Tio Fernando Pessoa, que \u00e9 hoje lan\u00e7ado, um dia antes do anivers\u00e1rio do poeta (1888-1935).<\/p>\n<p style=\"text-align: right;\"><em><i>Di\u00e1rio de Not\u00edcias,\u00a0<\/i><\/em><em><i>12 de Junho de 2015<\/i><\/em><\/p>\n<p><a href=\"http:\/\/observador.pt\/especiais\/pessoa-o-meu-tio-fernando-era-a-pessoa-a-que-eu-achava-mais-graca-no-mundo\/\"><img loading=\"lazy\" decoding=\"async\" class=\"alignnone size-medium wp-image-1579\" src=\"https:\/\/fotografiaportugal.pt\/site\/wp-content\/uploads\/2015\/12\/O-meu-tio-FP-Observador-300x151.jpg\" alt=\"O meu tio FP - Observador\" width=\"300\" height=\"151\" srcset=\"https:\/\/fotografiaportugal.pt\/site\/wp-content\/uploads\/2015\/12\/O-meu-tio-FP-Observador-300x151.jpg 300w, https:\/\/fotografiaportugal.pt\/site\/wp-content\/uploads\/2015\/12\/O-meu-tio-FP-Observador-1024x515.jpg 1024w, https:\/\/fotografiaportugal.pt\/site\/wp-content\/uploads\/2015\/12\/O-meu-tio-FP-Observador-100x50.jpg 100w, https:\/\/fotografiaportugal.pt\/site\/wp-content\/uploads\/2015\/12\/O-meu-tio-FP-Observador.jpg 1898w\" sizes=\"auto, (max-width: 300px) 100vw, 300px\" \/><\/a><\/p>\n<p style=\"text-align: right;\"><em><a href=\"http:\/\/observador.pt\/especiais\/pessoa-o-meu-tio-fernando-era-a-pessoa-a-que-eu-achava-mais-graca-no-mundo\/\">Not\u00edcia de Rita Cipriano no Observador<\/a>, 23 de Novembro de 2015<\/em><\/p>\n<p>Ver tamb\u00e9m <strong><a href=\"https:\/\/fotografiaportugal.pt\/site\/categoria-produto\/80-anos-fernando-pessoa\/\">Campanha de comemora\u00e7\u00e3o dos 80 anos da morte de Fernando Pessoa<\/a><\/strong>:<\/p>\n<p><a href=\"https:\/\/fotografiaportugal.pt\/site\/categoria-produto\/80-anos-fernando-pessoa\/\"><img loading=\"lazy\" decoding=\"async\" class=\"alignnone size-medium wp-image-1526\" src=\"https:\/\/fotografiaportugal.pt\/site\/wp-content\/uploads\/2015\/11\/7-livros-FernandoPessoa_web-FP-300x150.jpg\" alt=\"7-livros-FernandoPessoa_web FP\" width=\"300\" height=\"150\" srcset=\"https:\/\/fotografiaportugal.pt\/site\/wp-content\/uploads\/2015\/11\/7-livros-FernandoPessoa_web-FP-300x150.jpg 300w, https:\/\/fotografiaportugal.pt\/site\/wp-content\/uploads\/2015\/11\/7-livros-FernandoPessoa_web-FP-372x186.jpg 372w, https:\/\/fotografiaportugal.pt\/site\/wp-content\/uploads\/2015\/11\/7-livros-FernandoPessoa_web-FP.jpg 968w, https:\/\/fotografiaportugal.pt\/site\/wp-content\/uploads\/2015\/11\/7-livros-FernandoPessoa_web-FP-100x50.jpg 100w\" sizes=\"auto, (max-width: 300px) 100vw, 300px\" \/><\/a><\/p>\n","protected":false},"excerpt":{"rendered":"<p>O livro\u00a0<em><i>O Meu Tio Fernando Pessoa<\/i><\/em>\u00a0apresenta muitos dados sobre a inf\u00e2ncia de Pessoa e inclui textos que revelam o menino que nele subsistiu depois de atingir a idade adulta.<\/p>\n<p>A presente antologia generosamente compilada por Manuela Nogueira revela-nos um lado do seu tio que \u00e9 menos conhecido mas que perpassa, na verdade, toda a vida e obra do poeta. A frase \u201cFernando Pessoa: o homem que nunca foi\u201d adquire, aqui, o seu verdadeiro significado, pois, at\u00e9 ao dia da sua morte, Fernando Pessoa foi sempre uma grande, genial\u00edssima crian\u00e7a.<\/p>\n","protected":false},"featured_media":1537,"comment_status":"closed","ping_status":"closed","template":"","meta":[],"product_brand":[],"product_cat":[149,7,103,138],"product_tag":[140],"class_list":{"0":"post-1535","1":"product","2":"type-product","3":"status-publish","4":"has-post-thumbnail","6":"product_cat-80-anos-fernando-pessoa","7":"product_cat-livros","8":"product_cat-livros-capa-dura-luxo","9":"product_cat-photography-of-portugal","10":"product_tag-fernando-pessoa","12":"first","13":"outofstock","14":"shipping-taxable","15":"purchasable","16":"product-type-simple"},"_links":{"self":[{"href":"https:\/\/fotografiaportugal.pt\/site\/wp-json\/wp\/v2\/product\/1535","targetHints":{"allow":["GET"]}}],"collection":[{"href":"https:\/\/fotografiaportugal.pt\/site\/wp-json\/wp\/v2\/product"}],"about":[{"href":"https:\/\/fotografiaportugal.pt\/site\/wp-json\/wp\/v2\/types\/product"}],"replies":[{"embeddable":true,"href":"https:\/\/fotografiaportugal.pt\/site\/wp-json\/wp\/v2\/comments?post=1535"}],"wp:featuredmedia":[{"embeddable":true,"href":"https:\/\/fotografiaportugal.pt\/site\/wp-json\/wp\/v2\/media\/1537"}],"wp:attachment":[{"href":"https:\/\/fotografiaportugal.pt\/site\/wp-json\/wp\/v2\/media?parent=1535"}],"wp:term":[{"taxonomy":"product_brand","embeddable":true,"href":"https:\/\/fotografiaportugal.pt\/site\/wp-json\/wp\/v2\/product_brand?post=1535"},{"taxonomy":"product_cat","embeddable":true,"href":"https:\/\/fotografiaportugal.pt\/site\/wp-json\/wp\/v2\/product_cat?post=1535"},{"taxonomy":"product_tag","embeddable":true,"href":"https:\/\/fotografiaportugal.pt\/site\/wp-json\/wp\/v2\/product_tag?post=1535"}],"curies":[{"name":"wp","href":"https:\/\/api.w.org\/{rel}","templated":true}]}}