{"id":1541,"date":"2015-12-01T13:52:44","date_gmt":"2015-12-01T13:52:44","guid":{"rendered":"http:\/\/fotografiaportugal.pt\/site\/?post_type=product&#038;p=1541"},"modified":"2021-03-17T12:17:43","modified_gmt":"2021-03-17T12:17:43","slug":"1541","status":"publish","type":"product","link":"https:\/\/fotografiaportugal.pt\/site\/shop\/livros\/1541\/","title":{"rendered":"palavras de Fernando Pessoa"},"content":{"rendered":"<p><strong><b>palavras de Fernando Pessoa<\/b><\/strong> &#8211; desenvolvimento pessoal e neg\u00f3cios<\/p>\n<p>Edi\u00e7\u00e3o: Lib\u00f3rio Manuel Silva<\/p>\n<p>Design: Ant\u00f3nio Pedro<\/p>\n<p>Ilustra\u00e7\u00e3o: Paulo Buchinho<\/p>\n<p>Pintura: Cristina Troufa<\/p>\n<p>Colec\u00e7\u00e3o: Desafios<\/p>\n<p>ISBN: 978-989-615-173-7<\/p>\n<p>P\u00e1ginas: 112<\/p>\n<p>Pre\u00e7o:\u00a0 14,00 EUR<\/p>\n<p>Pre\u00e7o Especial para clientes FOTOGRAFIA PORTUGAL: <strong>12,60 \u20ac<\/strong> (10% desconto e portes gr\u00e1tis)<\/p>\n<p><img loading=\"lazy\" decoding=\"async\" class=\"alignnone size-medium wp-image-1542\" src=\"https:\/\/fotografiaportugal.pt\/site\/wp-content\/uploads\/2015\/12\/capa-livro-centroatlantico-fernandopessoa-BR-249x300.jpg\" alt=\"K_FP_nova_v2.indd\" width=\"249\" height=\"300\" srcset=\"https:\/\/fotografiaportugal.pt\/site\/wp-content\/uploads\/2015\/12\/capa-livro-centroatlantico-fernandopessoa-BR-249x300.jpg 249w, https:\/\/fotografiaportugal.pt\/site\/wp-content\/uploads\/2015\/12\/capa-livro-centroatlantico-fernandopessoa-BR.jpg 502w, https:\/\/fotografiaportugal.pt\/site\/wp-content\/uploads\/2015\/12\/capa-livro-centroatlantico-fernandopessoa-BR-83x100.jpg 83w\" sizes=\"auto, (max-width: 249px) 100vw, 249px\" \/><\/p>\n<p>Na comemora\u00e7\u00e3o dos 125 anos do nascimento do mais universal dos poetas portugueses, o Centro Atl\u00e2ntico apresenta um livro \u00fanico de cita\u00e7\u00f5es de auto-ajuda e neg\u00f3cios, ilustrado com desenhos, pinturas e fotografias criadas propositadamente para este projecto.<\/p>\n<p>Pelas m\u00e3os de Fernando Pessoa (ort\u00f3nimo), Bernardo Soares (seu semi-heter\u00f3nimo) e Alberto Caeiro, Ricardo Reis e \u00c1lvaro de Campos (da sua cria\u00e7\u00e3o heter\u00f3nima), este livro convida-o a inspirar-se, rir, pensar, discutir, reviver, adoptar ou at\u00e9 a discordar das palavras que entendemos seleccionar, e ilustrar, da sua poesia e das suas reflex\u00f5es e ensaios sobre, entre outros, desenvolvimento pes\u00adsoal, a ess\u00eancia do sucesso empresarial no mundo globalizado, excel\u00eancia empre\u00adsarial, publicidade, identidade corporativa, a import\u00e2ncia do elemento organizativo nas empresas, as redes sociais (<em><i>networking<\/i><\/em>), as quest\u00f5es da muito glosada<em><i>corporate governance,<\/i><\/em>\u00a0o papel do Estado na economia, a legisla\u00e7\u00e3o paternalista e proteccionista ou o\u00a0<em><i>brain drai<\/i><\/em>n.<\/p>\n<p>\u201cEscrevo atentamente, curvado sobre o livro em que fa\u00e7o a lan\u00e7amentos a hist\u00f3ria in\u00fatil de uma firma obscura; e ao mesmo tempo o meu pensamento segue, com igual aten\u00e7\u00e3o, a rota de um navio inexistente por paisagens de um oriente que n\u00e3o h\u00e1. As duas coisas est\u00e3o igualmente n\u00edtidas, igualmente vis\u00edveis perante mim: a folha onde escrevo com cuidado, nas linhas pautadas, os versos da epopeia comercial de Vasques e C.\u00aa, e o conv\u00e9s onde vejo com cuidado, um pouco ao lado da pauta alcatroada dos interst\u00edcios das t\u00e1buas, as cadeiras longas alinhadas, e as pernas sa\u00eddas dos que sossegam na viagem.\u201d<\/p>\n<p style=\"text-align: right;\"><em><i>Bernardo Soares<\/i><\/em><\/p>\n<p>&nbsp;<\/p>\n<p><strong><b>COMENT\u00c1RIOS<\/b><\/strong><\/p>\n<p>&#8230; Existem livros, contudo, que, n\u00e3o obstante se lerem de uma \u00fanica penada, podem, no entanto, levar uma vida inteira a ser entendidos. Os Orientais sabem isso melhor do que ningu\u00e9m \u2013 por isso \u00e9 que criaram a arte do Haiku: pequenos poemas de uma frase, que reflectindo sobre fen\u00f3menos da Natureza, procuram esclarecer sobre aspectos da vida humana.<\/p>\n<p>O livro que hoje vos proponho, que felizmente me chegou \u00e0s m\u00e3os, \u00e9 um desses tais livros, que pode ser inconsequentemente lido em uma hora e anos depois continuar a revelar frescura e utilidade a quem a ele recorrer, revisitando-o.<\/p>\n<p>Um livro de f\u00e1cil leitura, resultado da inteligente e mordaz selec\u00e7\u00e3o de Lib\u00f3rio Manuel Silva, com um design apelativo, constru\u00eddo \u00e0 volta de pequenas frases, textos, excertos da vast\u00edssima obra de Fernando Pessoa, este tomo revela um lado surpreendentemente pragm\u00e1tico e clarividente, de um g\u00e9nio que h\u00e1 muito j\u00e1 se sabe ter ultrapassado quaisquer limites da literatura.<\/p>\n<p>&#8230;<\/p>\n<p style=\"text-align: right;\"><em><i>Blogue Comunica\u00e7\u00e3o Empresarial PT, Novembro de 2015<\/i><\/em><\/p>\n<p>\u00a0<iframe loading=\"lazy\" src=\"https:\/\/www.youtube.com\/embed\/c_psar0yOmA\" width=\"420\" height=\"315\" frameborder=\"0\" allowfullscreen=\"allowfullscreen\"><\/iframe><\/p>\n<p>Livro de Fernando Pessoa na TVI<\/p>\n<p>Ver tamb\u00e9m <strong><a href=\"https:\/\/fotografiaportugal.pt\/site\/categoria-produto\/80-anos-fernando-pessoa\/\">Campanha de comemora\u00e7\u00e3o dos 80 anos da morte de Fernando Pessoa<\/a><\/strong>:<\/p>\n<p><a href=\"https:\/\/fotografiaportugal.pt\/site\/categoria-produto\/80-anos-fernando-pessoa\/\"><img loading=\"lazy\" decoding=\"async\" class=\"alignnone size-medium wp-image-1526\" src=\"https:\/\/fotografiaportugal.pt\/site\/wp-content\/uploads\/2015\/11\/7-livros-FernandoPessoa_web-FP-300x150.jpg\" alt=\"7-livros-FernandoPessoa_web FP\" width=\"300\" height=\"150\" srcset=\"https:\/\/fotografiaportugal.pt\/site\/wp-content\/uploads\/2015\/11\/7-livros-FernandoPessoa_web-FP-300x150.jpg 300w, https:\/\/fotografiaportugal.pt\/site\/wp-content\/uploads\/2015\/11\/7-livros-FernandoPessoa_web-FP-372x186.jpg 372w, https:\/\/fotografiaportugal.pt\/site\/wp-content\/uploads\/2015\/11\/7-livros-FernandoPessoa_web-FP.jpg 968w, https:\/\/fotografiaportugal.pt\/site\/wp-content\/uploads\/2015\/11\/7-livros-FernandoPessoa_web-FP-100x50.jpg 100w\" sizes=\"auto, (max-width: 300px) 100vw, 300px\" \/><\/a><\/p>\n","protected":false},"excerpt":{"rendered":"<p>Na comemora\u00e7\u00e3o dos 125 anos do nascimento do mais universal dos poetas portugueses, o Centro Atl\u00e2ntico apresenta um livro \u00fanico de cita\u00e7\u00f5es de auto-ajuda e neg\u00f3cios, ilustrado com desenhos, pinturas e fotografias criadas propositadamente para este projecto.<\/p>\n","protected":false},"featured_media":1543,"comment_status":"closed","ping_status":"closed","template":"","meta":[],"product_brand":[],"product_cat":[149,7,103,138],"product_tag":[140],"class_list":{"0":"post-1541","1":"product","2":"type-product","3":"status-publish","4":"has-post-thumbnail","6":"product_cat-80-anos-fernando-pessoa","7":"product_cat-livros","8":"product_cat-livros-capa-dura-luxo","9":"product_cat-photography-of-portugal","10":"product_tag-fernando-pessoa","12":"first","13":"outofstock","14":"shipping-taxable","15":"purchasable","16":"product-type-simple"},"_links":{"self":[{"href":"https:\/\/fotografiaportugal.pt\/site\/wp-json\/wp\/v2\/product\/1541","targetHints":{"allow":["GET"]}}],"collection":[{"href":"https:\/\/fotografiaportugal.pt\/site\/wp-json\/wp\/v2\/product"}],"about":[{"href":"https:\/\/fotografiaportugal.pt\/site\/wp-json\/wp\/v2\/types\/product"}],"replies":[{"embeddable":true,"href":"https:\/\/fotografiaportugal.pt\/site\/wp-json\/wp\/v2\/comments?post=1541"}],"wp:featuredmedia":[{"embeddable":true,"href":"https:\/\/fotografiaportugal.pt\/site\/wp-json\/wp\/v2\/media\/1543"}],"wp:attachment":[{"href":"https:\/\/fotografiaportugal.pt\/site\/wp-json\/wp\/v2\/media?parent=1541"}],"wp:term":[{"taxonomy":"product_brand","embeddable":true,"href":"https:\/\/fotografiaportugal.pt\/site\/wp-json\/wp\/v2\/product_brand?post=1541"},{"taxonomy":"product_cat","embeddable":true,"href":"https:\/\/fotografiaportugal.pt\/site\/wp-json\/wp\/v2\/product_cat?post=1541"},{"taxonomy":"product_tag","embeddable":true,"href":"https:\/\/fotografiaportugal.pt\/site\/wp-json\/wp\/v2\/product_tag?post=1541"}],"curies":[{"name":"wp","href":"https:\/\/api.w.org\/{rel}","templated":true}]}}