{"id":1549,"date":"2015-12-01T14:10:33","date_gmt":"2015-12-01T14:10:33","guid":{"rendered":"http:\/\/fotografiaportugal.pt\/site\/?post_type=product&#038;p=1549"},"modified":"2021-03-17T12:21:20","modified_gmt":"2021-03-17T12:21:20","slug":"mensagem","status":"publish","type":"product","link":"https:\/\/fotografiaportugal.pt\/site\/shop\/livros\/mensagem\/","title":{"rendered":"Mensagem"},"content":{"rendered":"<p><strong><b>Mensagem<\/b><\/strong> (edi\u00e7\u00e3o comentada)<\/p>\n<p>Comentada:<strong><b>\u00a0<\/b><\/strong>Aux\u00edlia Ramos\u00a0e\u00a0Zaida Braga<\/p>\n<p>Autor:\u00a0Fernando Pessoa<\/p>\n<p>P\u00e1ginas:\u00a0144<\/p>\n<p>ISBN:\u00a0978-989-615-097-6<\/p>\n<p>1\u00aa Edi\u00e7\u00e3o:\u00a0Out\/2010<\/p>\n<p>Colec\u00e7\u00e3o:\u00a0Desafios<\/p>\n<p><img loading=\"lazy\" decoding=\"async\" class=\"alignnone size-medium wp-image-1550\" src=\"https:\/\/fotografiaportugal.pt\/site\/wp-content\/uploads\/2015\/12\/capa-livro-ca-mensagem-BR-249x300.jpg\" alt=\"capa-livro-ca-mensagem-BR\" width=\"249\" height=\"300\" srcset=\"https:\/\/fotografiaportugal.pt\/site\/wp-content\/uploads\/2015\/12\/capa-livro-ca-mensagem-BR-249x300.jpg 249w, https:\/\/fotografiaportugal.pt\/site\/wp-content\/uploads\/2015\/12\/capa-livro-ca-mensagem-BR.jpg 502w, https:\/\/fotografiaportugal.pt\/site\/wp-content\/uploads\/2015\/12\/capa-livro-ca-mensagem-BR-83x100.jpg 83w\" sizes=\"auto, (max-width: 249px) 100vw, 249px\" \/><\/p>\n<p><strong>Introdu\u00e7\u00e3o<\/strong><\/p>\n<p>\u00ab\u00c9 a Hora!\u00bb<\/p>\n<p>Edi\u00e7\u00e3o especial, comemorativa do 75\u00ba anivers\u00e1rio da morte de Fernando Pessoa, comentada e seguindo o Novo Acordo Ortogr\u00e1fico. Ao afirmar \u00abos futuros ma [a obra] por\u00e3o na ortografia deles, sem me levar a mal o haver escrito em outra\u00bb, Pessoa soube antever o (atual) presente.<\/p>\n<p>Mensagem, obra-prima universal e universalista, \u00e9 o \u00fanico livro em l\u00edngua portuguesa publicado em vida do poeta.<\/p>\n<p>Mensagem \u00e9 o poema \u00e9pico sobre a p\u00e1tria e o seu destino, o poema da glorifica\u00e7\u00e3o do futuro.<\/p>\n<p><strong>\u00cdndice<\/strong><\/p>\n<p>por Aux\u00edlia Ramos e Zaida Braga<\/p>\n<p><strong>PRIMEIRA PARTE<\/strong><\/p>\n<p>BRAS\u00c3O<\/p>\n<p><strong>I \u2014 Os Campos<\/strong><\/p>\n<p>Primeiro: O dos Castelos<\/p>\n<p>Segundo: O das Quinas<\/p>\n<p><strong>II \u2014 Os Castelos<\/strong><\/p>\n<p>Primeiro: Ulisses<\/p>\n<p>Segundo: Viriato<\/p>\n<p>Terceiro: O Conde D. Henrique<\/p>\n<p>Quarto: D. Tareja<\/p>\n<p>Quinto: D. Afonso Henriques<\/p>\n<p>Sexto: D. Dinis<\/p>\n<p>S\u00e9timo (I): D. Jo\u00e3o o Primeiro<\/p>\n<p>S\u00e9timo (II): D. Filipa de Lencastre<\/p>\n<p><strong>III \u2014 As Quinas<\/strong><\/p>\n<p>Primeira: D. Duarte, Rei de Portugal<\/p>\n<p>Segunda: D. Fernando, Infante de Portugal<\/p>\n<p>Terceira: D. Pedro, Regente de Portugal<\/p>\n<p>Quarta: D. Jo\u00e3o, Infante de Portugal<\/p>\n<p>Quinta: D. Sebasti\u00e3o, Rei de Portugal<\/p>\n<p><strong>IV \u2014 A Coroa<\/strong><\/p>\n<p>Nun\u2019\u00c1lvares Pereira<\/p>\n<p><strong>V \u2014 O Timbre<\/strong><\/p>\n<p>A Cabe\u00e7a do Grifo: O Infante D. Henrique<\/p>\n<p>uma Asa do Grifo: D. Jo\u00e3o o Segundo<\/p>\n<p>A Outra Asa do Grifo: Afonso de Albuquerque<\/p>\n<p><strong>SEGUNDA PARTE<\/strong><\/p>\n<p>MAR PORTUGU\u00caS<\/p>\n<p>I\u00a0\u00a0\u00a0\u00a0\u00a0\u00a0\u00a0\u00a0\u00a0\u00a0\u00a0\u00a0\u00a0 O Infante<\/p>\n<p>II\u00a0\u00a0\u00a0\u00a0\u00a0\u00a0\u00a0\u00a0\u00a0\u00a0\u00a0\u00a0 Horizonte<\/p>\n<p>III\u00a0\u00a0\u00a0\u00a0\u00a0\u00a0\u00a0\u00a0\u00a0\u00a0\u00a0 Padr\u00e3o<\/p>\n<p>IV\u00a0\u00a0\u00a0\u00a0\u00a0\u00a0\u00a0\u00a0\u00a0\u00a0 O Mostrengo<\/p>\n<p>V\u00a0\u00a0\u00a0\u00a0\u00a0\u00a0\u00a0\u00a0\u00a0\u00a0\u00a0\u00a0 Epit\u00e1fio de Bartolomeu Dias<\/p>\n<p>VI\u00a0\u00a0\u00a0\u00a0\u00a0\u00a0\u00a0\u00a0\u00a0\u00a0 Os Colombos<\/p>\n<p>VII\u00a0\u00a0\u00a0\u00a0\u00a0\u00a0\u00a0\u00a0\u00a0 Ocidente<\/p>\n<p>VIII\u00a0\u00a0\u00a0\u00a0\u00a0\u00a0\u00a0\u00a0 Fern\u00e3o de Magalh\u00e3es<\/p>\n<p>IX\u00a0\u00a0\u00a0\u00a0\u00a0\u00a0\u00a0\u00a0\u00a0\u00a0\u00a0 Ascens\u00e3o de Vasco da Gama<\/p>\n<p>X\u00a0\u00a0\u00a0\u00a0\u00a0\u00a0\u00a0\u00a0\u00a0\u00a0\u00a0\u00a0 Mar Portugu\u00eas<\/p>\n<p>XI\u00a0\u00a0\u00a0\u00a0\u00a0\u00a0\u00a0\u00a0\u00a0\u00a0\u00a0 A \u00daltima Nau<\/p>\n<p>XII\u00a0\u00a0\u00a0\u00a0\u00a0\u00a0\u00a0\u00a0\u00a0 Prece<\/p>\n<p><strong>TERCEIRA PARTE<\/strong><\/p>\n<p>O ENCOBERTO<\/p>\n<p><strong>I &#8211; Os S\u00edmbolos<\/strong><\/p>\n<p>Primeiro: D. Sebasti\u00e3o<\/p>\n<p>Segundo: O Quinto Imp\u00e9rio<\/p>\n<p>Terceiro: O Desejado<\/p>\n<p>Quarto: As Ilhas Afortunadas<\/p>\n<p>Quinto: O Encoberto<\/p>\n<p><strong>II \u2014 Os Avisos<\/strong><\/p>\n<p>Primeiro: O Bandarra<\/p>\n<p>Segundo: Ant\u00f3nio Vieira<\/p>\n<p>Terceiro: (\u2018Screvo meu livro \u00e0 beira-m\u00e1goa\u2026)<\/p>\n<p><strong>III. \u2014 Os Tempos<\/strong><\/p>\n<p>Primeiro: Noite<\/p>\n<p>Segundo: Tormenta<\/p>\n<p>Terceiro: Calma<\/p>\n<p>Quarto: Antemanh\u00e3<\/p>\n<p>Quinto: Nevoeiro<\/p>\n<p><img loading=\"lazy\" decoding=\"async\" class=\"alignnone size-medium wp-image-1552\" src=\"https:\/\/fotografiaportugal.pt\/site\/wp-content\/uploads\/2015\/12\/capa-mensagem250.gif\" alt=\"capa-mensagem250\" width=\"250\" height=\"277\" \/><\/p>\n<p><strong>Coordenadoras<\/strong><\/p>\n<p>Aux\u00edlia Maria Fernandes Moreira Ramos, licenciada em Filologia Rom\u00e2nica pela FLUP, \u00e9 professora de Portugu\u00eas e Literatura Portuguesa. Autora e co-autora de v\u00e1rias publica\u00e7\u00f5es no \u00e2mbito da did\u00e1ctica da l\u00edngua e literatura portuguesas; co-organizadora de colect\u00e2neas de poesia portuguesa (Almeida Garrett e Fernando Pessoa). Supervisora dos exames nacionais de Portugu\u00eas de 12\u00ba ano.<\/p>\n<p>Zaida Maria Campos Monteiro Braga, licenciada em Filologia Rom\u00e2nica pela FLUP, \u00e9 professora de Portugu\u00eas e Literatura Portuguesa. Orientou est\u00e1gios pedag\u00f3gicos de Portugu\u00eas em colabora\u00e7\u00e3o com as Universidades de Aveiro e do Porto. Autora e co-autora de v\u00e1rias publica\u00e7\u00f5es relacionadas com a did\u00e1ctica da l\u00edngua e literatura portuguesas; co-organizadora de colect\u00e2neas de poesia portuguesa (Almeida Garrett e Fernando Pessoa). Supervisora dos exames nacionais de Portugu\u00eas de 12\u00ba ano.<\/p>\n<p>&nbsp;<\/p>\n<p><strong>Coment\u00e1rios:<\/strong><\/p>\n<p>\u00ab\u00c9 a Hora!\u00bb Assim termina essa extraordin\u00e1ria obra que o poeta dedicou \u00e0 sua P\u00e1tria e onde descreve a sua origem e passado, esquecendo o presente mas visionando o futuro deste pa\u00eds.<\/p>\n<p>Ter\u00e1 sido essa a ideia que presidiu \u00e0 cria\u00e7\u00e3o.<\/p>\n<p>&#8230; Para o grande p\u00fablico, no entanto, a Mensagem \u00e9 uma esp\u00e9cie de s\u00edmbolo criado pelo poeta dos heter\u00f3nimos mas ao l\u00ea-la \u00e9 por vezes dif\u00edcil compreender o t\u00e3o profundo ela se enra\u00edza no que nos pertence ou pertenceu e na vis\u00e3o que o autor pretendia dar do seu pa\u00eds que um dia havia de renascer. &#8230; \u00c9 o pr\u00f3prio Pessoa que real\u00e7a o profundo simbolismo que esta obra encerra num modo onde poderemos percepcionar os seus desejos de uma fraternidade universal. Ora \u00e9 esta profundidade que por vezes escapa ao comum dos leitores. Por isso \u00ab\u00c9 a Hora\u00bb, quando decorrem as celebra\u00e7\u00f5es do 75\u00ba anivers\u00e1rio da sua morte, de aparecer uma edi\u00e7\u00e3o especial da responsabilidade da Centro Atl\u00e2ntico que nos oferece para al\u00e9m do grande poema \u00e9pico o acompanhamento na p\u00e1gina adjacente do significado das palavras ou express\u00f5es utilizadas pelo poeta. At\u00e9 onde chega afinal o sentido verdadeiro que ele lhe quis dar. E \u00e9 esse contributo valios\u00edssimo, da responsabilidade de duas licenciadas em Filologia Rom\u00e2nica, Aux\u00edlia Ramos e Zaida Braga.<\/p>\n<p>&#8230; Uma Mensagem a n\u00e3o perder, esta que descreve talvez o que de mais verdadeiro existe na condi\u00e7\u00e3o universalista de ser portugu\u00eas. Mas ter\u00e1 de ser bem compreendida para l\u00e1 chegarmos. E, n\u00e3o sendo a \u00fanica, \u00e9 essa a grande virtude desta magn\u00edfica edi\u00e7\u00e3o.<\/p>\n<p style=\"text-align: right;\"><em><i>Amor pelos Livros<\/i>\u00a0(amorpeloslivros.blogspot.com), 13 de Dezembro de 2010<\/em><\/p>\n<p>Ao longo dos anos, foram dezenas as edi\u00e7\u00f5es do \u00fanico livro [em portugu\u00eas] que Fernando Pessoa publicou em vida. E se a descoberta cont\u00ednua do esp\u00f3lio pessoano durante as \u00faltimas d\u00e9cadas fez que outros textos despertassem a aten\u00e7\u00e3o de milh\u00f5es de leitores em todo o mundo, \u00abMensagem\u00bb nem por isso perdeu significado, quanto mais n\u00e3o seja pelo forte v\u00ednculo a Portugal que manifesta, ao dissertar admiravelmente sobre o Quinto Imp\u00e9rio e o sebastianismo. A presente edi\u00e7\u00e3o, que coincide com o 75\u00ba anivers\u00e1rio da morte de Pessoa, distingue-se das demais porque disponibiliza um texto introdut\u00f3rio &#8211; essencialmente did\u00e1ctico &#8211; a cargo de Aux\u00edlia Ramos e Zaida Braga.<\/p>\n<p style=\"text-align: right;\"><em><i>Not\u00edcias S\u00e1bado<\/i>, 4 de Dezembro de 2010<\/em><\/p>\n<p>Ver tamb\u00e9m <strong><a href=\"https:\/\/fotografiaportugal.pt\/site\/categoria-produto\/80-anos-fernando-pessoa\/\">Campanha de comemora\u00e7\u00e3o dos 80 anos da morte de Fernando Pessoa<\/a><\/strong>:<\/p>\n<p><a href=\"https:\/\/fotografiaportugal.pt\/site\/categoria-produto\/80-anos-fernando-pessoa\/\"><img loading=\"lazy\" decoding=\"async\" class=\"alignnone size-medium wp-image-1526\" src=\"https:\/\/fotografiaportugal.pt\/site\/wp-content\/uploads\/2015\/11\/7-livros-FernandoPessoa_web-FP-300x150.jpg\" alt=\"7-livros-FernandoPessoa_web FP\" width=\"300\" height=\"150\" srcset=\"https:\/\/fotografiaportugal.pt\/site\/wp-content\/uploads\/2015\/11\/7-livros-FernandoPessoa_web-FP-300x150.jpg 300w, https:\/\/fotografiaportugal.pt\/site\/wp-content\/uploads\/2015\/11\/7-livros-FernandoPessoa_web-FP-372x186.jpg 372w, https:\/\/fotografiaportugal.pt\/site\/wp-content\/uploads\/2015\/11\/7-livros-FernandoPessoa_web-FP.jpg 968w, https:\/\/fotografiaportugal.pt\/site\/wp-content\/uploads\/2015\/11\/7-livros-FernandoPessoa_web-FP-100x50.jpg 100w\" sizes=\"auto, (max-width: 300px) 100vw, 300px\" \/><\/a><\/p>\n","protected":false},"excerpt":{"rendered":"<p>Mensagem, obra-prima universal e universalista, \u00e9 o \u00fanico livro em l\u00edngua portuguesa publicado em vida do poeta.<\/p>\n<p>Mensagem \u00e9 o poema \u00e9pico sobre a p\u00e1tria e o seu destino, o poema da glorifica\u00e7\u00e3o do futuro.<\/p>\n<p>Capa e imagem de capa de: <strong>Andr\u00e9 Boto<\/strong><\/p>\n","protected":false},"featured_media":1551,"comment_status":"closed","ping_status":"closed","template":"","meta":[],"product_brand":[],"product_cat":[149,7,103,138],"product_tag":[140],"class_list":{"0":"post-1549","1":"product","2":"type-product","3":"status-publish","4":"has-post-thumbnail","6":"product_cat-80-anos-fernando-pessoa","7":"product_cat-livros","8":"product_cat-livros-capa-dura-luxo","9":"product_cat-photography-of-portugal","10":"product_tag-fernando-pessoa","12":"first","13":"outofstock","14":"shipping-taxable","15":"purchasable","16":"product-type-simple"},"_links":{"self":[{"href":"https:\/\/fotografiaportugal.pt\/site\/wp-json\/wp\/v2\/product\/1549","targetHints":{"allow":["GET"]}}],"collection":[{"href":"https:\/\/fotografiaportugal.pt\/site\/wp-json\/wp\/v2\/product"}],"about":[{"href":"https:\/\/fotografiaportugal.pt\/site\/wp-json\/wp\/v2\/types\/product"}],"replies":[{"embeddable":true,"href":"https:\/\/fotografiaportugal.pt\/site\/wp-json\/wp\/v2\/comments?post=1549"}],"wp:featuredmedia":[{"embeddable":true,"href":"https:\/\/fotografiaportugal.pt\/site\/wp-json\/wp\/v2\/media\/1551"}],"wp:attachment":[{"href":"https:\/\/fotografiaportugal.pt\/site\/wp-json\/wp\/v2\/media?parent=1549"}],"wp:term":[{"taxonomy":"product_brand","embeddable":true,"href":"https:\/\/fotografiaportugal.pt\/site\/wp-json\/wp\/v2\/product_brand?post=1549"},{"taxonomy":"product_cat","embeddable":true,"href":"https:\/\/fotografiaportugal.pt\/site\/wp-json\/wp\/v2\/product_cat?post=1549"},{"taxonomy":"product_tag","embeddable":true,"href":"https:\/\/fotografiaportugal.pt\/site\/wp-json\/wp\/v2\/product_tag?post=1549"}],"curies":[{"name":"wp","href":"https:\/\/api.w.org\/{rel}","templated":true}]}}