{"id":156,"date":"2015-04-06T17:45:19","date_gmt":"2015-04-06T17:45:19","guid":{"rendered":"http:\/\/fotografiaportugal.pt\/site\/?post_type=product&#038;p=156"},"modified":"2017-07-12T18:25:01","modified_gmt":"2017-07-12T18:25:01","slug":"astrofotografia-imagens-a-luz-das-estrelas","status":"publish","type":"product","link":"https:\/\/fotografiaportugal.pt\/site\/shop\/especial-astronomia-e-astrofotografia\/astrofotografia-imagens-a-luz-das-estrelas\/","title":{"rendered":"astroFotografia: Imagens \u00e0 luz das estrelas"},"content":{"rendered":"<p><img loading=\"lazy\" decoding=\"async\" class=\"alignnone size-medium wp-image-159\" src=\"https:\/\/fotografiaportugal.pt\/site\/wp-content\/uploads\/2015\/04\/astroFotografia190.gif\" alt=\"astroFotografia190\" width=\"190\" height=\"190\" \/><\/p>\n<p><strong>astroFotografia<\/strong>: Imagens \u00e0 luz das estrelas<\/p>\n<p><img loading=\"lazy\" decoding=\"async\" class=\"alignnone size-medium wp-image-157\" src=\"https:\/\/fotografiaportugal.pt\/site\/wp-content\/uploads\/2015\/04\/01-ASTROFOTOGRAFIA_lua-300x206.jpg\" alt=\"01 - ASTROFOTOGRAFIA_lua\" width=\"300\" height=\"206\" srcset=\"https:\/\/fotografiaportugal.pt\/site\/wp-content\/uploads\/2015\/04\/01-ASTROFOTOGRAFIA_lua-300x206.jpg 300w, https:\/\/fotografiaportugal.pt\/site\/wp-content\/uploads\/2015\/04\/01-ASTROFOTOGRAFIA_lua-271x186.jpg 271w, https:\/\/fotografiaportugal.pt\/site\/wp-content\/uploads\/2015\/04\/01-ASTROFOTOGRAFIA_lua.jpg 342w\" sizes=\"auto, (max-width: 300px) 100vw, 300px\" \/><\/p>\n<p>N\u00c3O SERIA INCR\u00cdVEL FOTOGRAFAR A VIA L\u00c1CTEA NUM C\u00c9U ESCURO E AFASTADO DA POLUI\u00c7\u00c3O LUMINOSA DAS GRANDES CIDADES?<\/p>\n<p>N\u00e3o seria fascinante registar o movimento da esfera celeste e o rasto das estrelas em torno da Estrela Polar? E obter uma imagem detalhada da Lua perto do horizonte num jogo criativo de escalas e ilus\u00f5es de \u00f3ptica? E a dan\u00e7a din\u00e2mica entre o Sol, a Lua e a Terra, da qual resultam os eclipses? E ser capaz de localizar os astros para fotografar um alinhamento planet\u00e1rio ao crep\u00fasculo, num cen\u00e1rio de praia, luz e cor?<\/p>\n<p>Aprender a localizar as principais constela\u00e7\u00f5es \u00e9 muito mais simples do que imagina. A partir da\u00ed, poder\u00e1 navegar pelo c\u00e9u e fotografar a sua espantosa beleza.<\/p>\n<p>Surpreenda-se, talvez at\u00e9 seja poss\u00edvel come\u00e7ar a fotografar com a c\u00e2mara que j\u00e1 tem em casa.<\/p>\n<p><iframe loading=\"lazy\" src=\"https:\/\/www.youtube.com\/embed\/aniUSMYF3BE\" width=\"560\" height=\"315\" frameborder=\"0\" allowfullscreen=\"allowfullscreen\"><\/iframe><\/p>\n<p>&nbsp;<\/p>\n<p><img loading=\"lazy\" decoding=\"async\" class=\"alignnone size-medium wp-image-160\" src=\"https:\/\/fotografiaportugal.pt\/site\/wp-content\/uploads\/2015\/04\/01-ASTROFOTOGRAFIA_cab-300x51.gif\" alt=\"01 - ASTROFOTOGRAFIA_cab\" width=\"300\" height=\"51\" srcset=\"https:\/\/fotografiaportugal.pt\/site\/wp-content\/uploads\/2015\/04\/01-ASTROFOTOGRAFIA_cab-300x51.gif 300w, https:\/\/fotografiaportugal.pt\/site\/wp-content\/uploads\/2015\/04\/01-ASTROFOTOGRAFIA_cab-372x63.gif 372w, https:\/\/fotografiaportugal.pt\/site\/wp-content\/uploads\/2015\/04\/01-ASTROFOTOGRAFIA_cab-950x160.gif 950w\" sizes=\"auto, (max-width: 300px) 100vw, 300px\" \/><\/p>\n<p><strong>astroFotografia<\/strong>: Imagens \u00e0 luz das estrelas<\/p>\n<p>Autor: Miguel Claro<\/p>\n<p>P\u00e1gs: 192<\/p>\n<p>ISBN: 978-989-615-178-2<\/p>\n<p>Edi\u00e7\u00e3o: Ago\/2012<\/p>\n<p>PVP: <span style=\"text-decoration: line-through;\">24,69 EUR<\/span><\/p>\n<p>Pre\u00e7o Especial: Ver Promo\u00e7\u00e3o com Desconto + Portes Gr\u00e1tis<\/p>\n<p><img loading=\"lazy\" decoding=\"async\" class=\"alignnone size-medium wp-image-158\" src=\"https:\/\/fotografiaportugal.pt\/site\/wp-content\/uploads\/2015\/04\/01-ASTROFOTOGRAFIA_mar-204x300.jpg\" alt=\"01 - ASTROFOTOGRAFIA_mar\" width=\"204\" height=\"300\" srcset=\"https:\/\/fotografiaportugal.pt\/site\/wp-content\/uploads\/2015\/04\/01-ASTROFOTOGRAFIA_mar-204x300.jpg 204w, https:\/\/fotografiaportugal.pt\/site\/wp-content\/uploads\/2015\/04\/01-ASTROFOTOGRAFIA_mar-127x186.jpg 127w, https:\/\/fotografiaportugal.pt\/site\/wp-content\/uploads\/2015\/04\/01-ASTROFOTOGRAFIA_mar.jpg 230w\" sizes=\"auto, (max-width: 204px) 100vw, 204px\" \/><\/p>\n<p>LIVRO<\/p>\n<p>O C\u00c9U ESTRELADO \u00c9 UMA DAS MAIORES MARAVILHAS DA NATUREZA. \u00c9 UM ESPECT\u00c1CULO ASSOMBROSO AO QUAL NINGU\u00c9M FICA INDIFERENTE.<\/p>\n<p>Nos nossos dias \u00e9 uma vis\u00e3o rara e singular. O progresso impar\u00e1vel, que nos permite condi\u00e7\u00f5es de conforto e seguran\u00e7a impens\u00e1veis h\u00e1 umas d\u00e9cadas, foi retirando paulatinamente estrelas aos nossos c\u00e9us.<\/p>\n<p>Este progresso, contudo, pode estar em vias de nos devolver uma parte do c\u00e9u roubado \u00e0 antiguidade. O desenvolvimento da t\u00e9cnica talvez permita uma maior efic\u00e1cia na distribui\u00e7\u00e3o de energia, luz e calor. Tudo indica que sim, mas de qualquer forma, o c\u00e9u da Terra primitiva desapareceu para sempre. Ou quase&#8230; em algumas regi\u00f5es ainda podemos desfrutar deste espect\u00e1culo magn\u00edfico. E talvez n\u00e3o seja preciso ir t\u00e3o longe como imagina.<\/p>\n<p>Este livro \u00e9 dedicado \u00e0 contempla\u00e7\u00e3o e \u00e0 fotografia do c\u00e9u. Por vezes queremos explicar a emo\u00e7\u00e3o que sentimos e n\u00e3o encontramos as palavras adequadas. A astrofotografia permite uma s\u00edntese admir\u00e1vel: se virmos um espect\u00e1culo celestial maravilhoso, que melhor forma de demonstrar o nosso deslumbramento?<\/p>\n<p>Nestas p\u00e1ginas ir\u00e1 encontrar tudo o que necessita para entender os conceitos de astronomia que lhe dar\u00e3o os conhecimentos necess\u00e1rios para fotografar os astros. Venha aprender as t\u00e9cnicas, dicas e segredos que o ajudar\u00e3o a obter as melhores imagens num cen\u00e1rio nocturno sob a luz das estrelas, companheiras indispens\u00e1veis na aventura maravilhosa da vida.<\/p>\n<p>Aprenda a traduzir os seus sentimentos em imagens. Contemple, fotografe e partilhe as suas emo\u00e7\u00f5es. S\u00e3o uma parte essencial de si.<\/p>\n<p>V\u00eddeo referido na p\u00e1gina 161 do livro:<\/p>\n<p><iframe loading=\"lazy\" src=\"https:\/\/player.vimeo.com\/video\/21100445\" width=\"500\" height=\"331\" frameborder=\"0\" allowfullscreen=\"allowfullscreen\"><\/iframe><\/p>\n<p><img loading=\"lazy\" decoding=\"async\" class=\"alignnone size-full wp-image-165\" src=\"https:\/\/fotografiaportugal.pt\/site\/wp-content\/uploads\/2015\/04\/01-ASTROFOTOGRAFIA_miguel-retrato.jpg\" alt=\"01 - ASTROFOTOGRAFIA_miguel-retrato\" width=\"200\" height=\"234\" srcset=\"https:\/\/fotografiaportugal.pt\/site\/wp-content\/uploads\/2015\/04\/01-ASTROFOTOGRAFIA_miguel-retrato.jpg 200w, https:\/\/fotografiaportugal.pt\/site\/wp-content\/uploads\/2015\/04\/01-ASTROFOTOGRAFIA_miguel-retrato-159x186.jpg 159w\" sizes=\"auto, (max-width: 200px) 100vw, 200px\" \/><\/p>\n<p><strong>O AUTOR<\/strong><\/p>\n<p>Miguel Claro \u00e9 astrofot\u00f3grafo, autor e orador, promovendo a divulga\u00e7\u00e3o cient\u00edfica da astronomia atrav\u00e9s de sess\u00f5es de observa\u00e7\u00e3o, palestras p\u00fablicas, artigos, exposi\u00e7\u00f5es e workshops. Ao longo dos \u00faltimos anos especializou-se na fotografia de paisagens astron\u00f3micas (ou Skyscapes): um conceito que visa a uni\u00e3o entre os elementos C\u00e9u e Terra, valorizando o patrim\u00f3nio arquitect\u00f3nico, cultural e paisag\u00edstico, e abordando, de forma educativa e cient\u00edfica, o Universo repleto de astros, mas que nos dias que correm passa despercebido \u00e0 maioria das pessoas.<\/p>\n<p>As suas imagens t\u00eam percorrido o mundo e sido publicadas em livros e nas mais prestigiadas revistas internacionais da especialidade, como \u00e9 o caso da &#8220;world\u00b4s best-selling&#8221; Astronomy Magazine, Sky and Telescope, Astronomy Now, BBC Sky at Night, Pratical Astronomer, Ciel et Espace, Astronomie, Astronom\u00eca e das revistas portuguesas Super Interessante, Quero Saber, zOOm fotografia pr\u00e1tica, O Mundo da Fotografia Digital, em jornais e nas esta\u00e7\u00f5es de televis\u00e3o SIC, RTP e TVI.<\/p>\n<p>Dezenas de imagens t\u00eam sido distinguidas como Picture of the Day e Lunar Photo of the Day em prestigiados websites internacionais. V\u00e1rias imagens de Miguel Claro j\u00e1 foram distinguidas pela NASA como EPOD \u2013 Earth Science Picture of the Day e APOD \u2013 Astronomy Picture of the Day. Diversas imagens do autor foram ainda publicadas no site da National Geographic.<\/p>\n<p>Em 2011, a imagem \u201cLisbon Sky Lights\u201d obteve o 3\u00ba lugar no International Earth and Sky Photo Contest 2011, promovido pelo TWAN \u2013 The World at Night. Esta mesma imagem foi publicada na National Geographic como uma das &#8220;Best Night Sky Pictures of 2011&#8221;.<\/p>\n<p>Em 2012 teve uma imagem nomeada pelo Royal Observatory of Greenwich e a BBC Sky at Night, para Astronomy Photographer of the year 2012, o equivalente aos &#8216;\u00d3scares da Astrofotografia&#8217; &#8211; imagem publicada em livro do observat\u00f3rio brit\u00e2nico, que reuniu as melhores imagens de astrofotografia dos \u00faltimos 4 anos.<\/p>\n<p>Fot\u00f3grafo da Reserva Dark Sky Alqueva, \u00e9 tamb\u00e9m Formador em cursos e workshops na Fotonature.<\/p>\n<p>As suas imagens est\u00e3o dispon\u00edveis na National Geographic, Stock Trek Images e Ciel &amp; Espace Photos.<\/p>\n<h1>COMENT\u00c1RIOS\/ NOT\u00cdCIAS<\/h1>\n<p><iframe loading=\"lazy\" src=\"https:\/\/www.youtube.com\/embed\/IOVe-wA34q8\" width=\"560\" height=\"315\" frameborder=\"0\" allowfullscreen=\"allowfullscreen\"><\/iframe><\/p>\n<p><b>Miguel Claro faz o c\u00e9u de Portugal brilhar na NASA<\/b><\/p>\n<p>O astrofot\u00f3grafo portugu\u00eas continua a somar distin\u00e7\u00f5es no site da NASA dedicado \u00e0 fotografia que entra no \u00e2mbito das ci\u00eancias da Terra. A \u00faltima imagem destacada foi captada no Alentejo mas o autor j\u00e1 soma mais de tr\u00eas dezenas de refer\u00eancias no site.<\/p>\n<p align=\"right\"><i><b>P\u00fablico, Fugas,<\/b> 19 de Agosto de 2013<\/i><\/p>\n<p><iframe loading=\"lazy\" src=\"https:\/\/www.youtube.com\/embed\/k7T-DDbop1U\" width=\"560\" height=\"315\" frameborder=\"0\" allowfullscreen=\"allowfullscreen\"><\/iframe><\/p>\n<p style=\"text-align: left;\" align=\"right\">\u00a0<i><b>SIC, Primeiro Jornal<\/b>, 9 de Agosto de 2013<\/i><\/p>\n<p><iframe loading=\"lazy\" src=\"https:\/\/www.youtube.com\/embed\/Kbb0DRD2JQk\" width=\"560\" height=\"315\" frameborder=\"0\" allowfullscreen=\"allowfullscreen\"><\/iframe><\/p>\n<p style=\"text-align: left;\" align=\"right\"><i><b>TVI24, 25\u00aa Hora<\/b>, 25 de Junho de 201<\/i>3<\/p>\n<p><iframe loading=\"lazy\" src=\"https:\/\/www.youtube.com\/embed\/PM6X5Ew2KJ8?list=UU1q6v5P-lNEVkCnD1TCDf8Q\" width=\"560\" height=\"315\" frameborder=\"0\" allowfullscreen=\"allowfullscreen\"><\/iframe><\/p>\n<p style=\"text-align: left;\" align=\"right\"><i><b>RTP1, Bom Dia Portugal, <\/b>22 de Junho de 2013<\/i><\/p>\n<p>&nbsp;<\/p>\n<p>Even though I cannot speak or read Portuguese, I purchased your excellent book. I am Canadian and my hobby is astrophotgraphy.<br \/>\nWell done on a fantastic book!<br \/>\nRegards<\/p>\n<p align=\"right\"><i>Adrien Richardson, 1 de Junho de 2013<br \/>\n<\/i><\/p>\n<p>&nbsp;<\/p>\n<p><b>Beleza astron\u00f3mica de Portugal<br \/>\nUm &#8220;astrofot\u00f3grafo amador&#8221; entre os melhores do mundo<\/b><\/p>\n<p>Miguel Claro quer ajudar-nos a admirar (e a fotografar) paisagens verdadeiramente astron\u00f3micas. Enquanto continua a somar distin\u00e7\u00f5es para as suas imagens. Claro, que se dedica a conjugar as paisagens portuguesas com os sinais do c\u00e9u, lan\u00e7a agora um guia para permitir a toda a gente viajar pela arte da astrofotografia.<br \/>\nDuas estrelas, Altair e Vega, brilham sobre um monte e \u00e1rvores do Alentejo com a Via L\u00e1ctea como fundo. A lua cheia recorta na luz o Templo de Diana.<br \/>\nRastos de luz da estrela Sirius e constela\u00e7\u00e3o de Orionte cruzam os c\u00e9us sobre a Torre de Bel\u00e9m&#8230; &#8220;H\u00e1 muitas coisas que vemos durante o dia cuja beleza s\u00f3 se revela \u00e0 noite&#8221;, diz-nos Miguel Claro, 35 anos, para quem essa beleza, &#8220;em uni\u00e3o com a ci\u00eancia e arte&#8221;, \u00e9 ainda mais manifesta. H\u00e1 d\u00e9cada e meia que se dedica \u00e0 astrofotografia, o registo fotogr\u00e1fico dos astros, no seu caso com uma especializa\u00e7\u00e3o em paisagens astron\u00f3micas, percorrendo o pa\u00eds atr\u00e1s da conjuga\u00e7\u00e3o &#8220;entre os elementos do c\u00e9u e da Terra&#8221;, &#8220;valorizando o patrim\u00f3nio arquitect\u00f3nico, cultural e paisag\u00edstico&#8221;.<\/p>\n<p align=\"right\"><i><b>Fugas, P\u00fablico<\/b>, 13 de Novembro de 2012<\/i><\/p>\n<p><iframe loading=\"lazy\" src=\"https:\/\/www.youtube.com\/embed\/YCgJJQqd3JI\" width=\"420\" height=\"315\" frameborder=\"0\" allowfullscreen=\"allowfullscreen\"><\/iframe><\/p>\n<p style=\"text-align: left;\" align=\"right\"><i><b>Curto Circuito, SIC<\/b>, 11 de Setembro de 2012<\/i><\/p>\n<p><b>Timelapse: Star Trails in Portugal<br \/>\n<\/b><br \/>\nAstrophotographer Miguel Claro has compiled dozens of hours of timelapse photography \u2013 all taken in Portugal \u2013 creating one of the most amazing and idyllic night sky views, including several magical star trail observations.<br \/>\nIncluded in the foreground are some historical features, such as Diana\u2019s Temple in \u00c9vora, the 25th of April Bridge in Lisbon and scenes from the Dark\u00a0 Sky Alqueva, one of the first dark sky reserves in the world to be certified<br \/>\nas \u201cStar Light Tourism Destination.\u201d<br \/>\n\u201cIt is the perfect place to find the Milky Way as well providing an incredible and overwhelming vision,\u201d Claro wrote to UT, \u201cwhere the depth of the sky has no limit. The light pollution effect existing in large cities, earned their magic through the peculiar form as it was captured in each image revealed in this video.\u201d<br \/>\nSit back, put the video in HD and large screen, turn on your speakers and enjoy! This is perfect if you need a short \u201cget away from it all\u201d during your day!<\/p>\n<p align=\"right\"><i><b>UniverseToday.com<\/b>, 21 de Agosto de 2012<br \/>\n<\/i><\/p>\n<p>&nbsp;<\/p>\n<p><b>Imagem distinguida pela NASA \u00e9 destaque em livro de astrofot\u00f3grafo portugu\u00eas<\/b><\/p>\n<p><a href=\"https:\/\/fotografiaportugal.pt\/site\/wp-content\/uploads\/2015\/04\/noticia-astrofotografia-sicnoticias-11ago2012.jpg\"><img loading=\"lazy\" decoding=\"async\" class=\"alignnone size-medium wp-image-354\" src=\"https:\/\/fotografiaportugal.pt\/site\/wp-content\/uploads\/2015\/04\/noticia-astrofotografia-sicnoticias-11ago2012-256x300.jpg\" alt=\"noticia-astrofotografia-sicnoticias-11ago2012\" width=\"256\" height=\"300\" srcset=\"https:\/\/fotografiaportugal.pt\/site\/wp-content\/uploads\/2015\/04\/noticia-astrofotografia-sicnoticias-11ago2012-256x300.jpg 256w, https:\/\/fotografiaportugal.pt\/site\/wp-content\/uploads\/2015\/04\/noticia-astrofotografia-sicnoticias-11ago2012-159x186.jpg 159w, https:\/\/fotografiaportugal.pt\/site\/wp-content\/uploads\/2015\/04\/noticia-astrofotografia-sicnoticias-11ago2012.jpg 500w\" sizes=\"auto, (max-width: 256px) 100vw, 256px\" \/><\/a><\/p>\n<p align=\"right\"><i><b>SIC not\u00edcias<\/b>, 11 de Agosto de 2012<br \/>\n<\/i><\/p>\n<p>&nbsp;<\/p>\n<p>&nbsp;<\/p>\n<p><b>Imagens \u00e0 luz das estrelas, o c\u00e9u de Alqueva em livro<br \/>\nAs estrelas tamb\u00e9m fazem um destino tur\u00edstico<\/b><\/p>\n<p><a href=\"https:\/\/fotografiaportugal.pt\/site\/wp-content\/uploads\/2015\/04\/noticia-astrofotografia-exameexpresso-10ago2012.jpg\"><img loading=\"lazy\" decoding=\"async\" class=\"alignnone size-medium wp-image-355\" src=\"https:\/\/fotografiaportugal.pt\/site\/wp-content\/uploads\/2015\/04\/noticia-astrofotografia-exameexpresso-10ago2012-230x300.jpg\" alt=\"noticia-astrofotografia-exameexpresso-10ago2012\" width=\"230\" height=\"300\" srcset=\"https:\/\/fotografiaportugal.pt\/site\/wp-content\/uploads\/2015\/04\/noticia-astrofotografia-exameexpresso-10ago2012-230x300.jpg 230w, https:\/\/fotografiaportugal.pt\/site\/wp-content\/uploads\/2015\/04\/noticia-astrofotografia-exameexpresso-10ago2012-143x186.jpg 143w, https:\/\/fotografiaportugal.pt\/site\/wp-content\/uploads\/2015\/04\/noticia-astrofotografia-exameexpresso-10ago2012.jpg 500w\" sizes=\"auto, (max-width: 230px) 100vw, 230px\" \/><\/a><\/p>\n<p style=\"text-align: right;\"><i><b>ExameExpresso<\/b>, 10 de Agosto de 2012<\/i><\/p>\n","protected":false},"excerpt":{"rendered":"<p>N\u00c3O SERIA INCR\u00cdVEL FOTOGRAFAR A VIA L\u00c1CTEA NUM C\u00c9U ESCURO E AFASTADO DA POLUI\u00c7\u00c3O LUMINOSA DAS GRANDES CIDADES?<\/p>\n<p>N\u00e3o seria fascinante registar o movimento da esfera celeste e o rasto das estrelas em torno da Estrela Polar? E obter uma imagem detalhada da Lua perto do horizonte num jogo criativo de escalas e ilus\u00f5es de \u00f3ptica? E a dan\u00e7a din\u00e2mica entre o Sol, a Lua e a Terra, da qual resultam os eclipses? E ser capaz de localizar os astros para fotografar um alinhamento planet\u00e1rio ao crep\u00fasculo, num cen\u00e1rio de praia, luz e cor?<\/p>\n<p>Aprender a localizar as principais constela\u00e7\u00f5es \u00e9 muito mais simples do que imagina. A partir da\u00ed, poder\u00e1 navegar pelo c\u00e9u e fotografar a sua espantosa beleza.<\/p>\n<p>Surpreenda-se, talvez at\u00e9 seja poss\u00edvel come\u00e7ar a fotografar com a c\u00e2mara que j\u00e1 tem em casa.<\/p>\n","protected":false},"featured_media":2749,"comment_status":"closed","ping_status":"closed","template":"","meta":[],"product_brand":[],"product_cat":[119,145],"product_tag":[16,25,27,24,15,20,22,106,17,26],"class_list":{"0":"post-156","1":"product","2":"type-product","3":"status-publish","4":"has-post-thumbnail","6":"product_cat-especial-astronomia-e-astrofotografia","7":"product_cat-miguel-claro","8":"product_tag-astrofotografia","9":"product_tag-astronomia","10":"product_tag-dark-sky-alqueva","11":"product_tag-estrelas","12":"product_tag-fotografia","13":"product_tag-imagem","14":"product_tag-lightroom","15":"product_tag-miguel-claro","16":"product_tag-photoshop","17":"product_tag-time-lapse","19":"first","20":"outofstock","21":"shipping-taxable","22":"purchasable","23":"product-type-simple"},"_links":{"self":[{"href":"https:\/\/fotografiaportugal.pt\/site\/wp-json\/wp\/v2\/product\/156","targetHints":{"allow":["GET"]}}],"collection":[{"href":"https:\/\/fotografiaportugal.pt\/site\/wp-json\/wp\/v2\/product"}],"about":[{"href":"https:\/\/fotografiaportugal.pt\/site\/wp-json\/wp\/v2\/types\/product"}],"replies":[{"embeddable":true,"href":"https:\/\/fotografiaportugal.pt\/site\/wp-json\/wp\/v2\/comments?post=156"}],"wp:featuredmedia":[{"embeddable":true,"href":"https:\/\/fotografiaportugal.pt\/site\/wp-json\/wp\/v2\/media\/2749"}],"wp:attachment":[{"href":"https:\/\/fotografiaportugal.pt\/site\/wp-json\/wp\/v2\/media?parent=156"}],"wp:term":[{"taxonomy":"product_brand","embeddable":true,"href":"https:\/\/fotografiaportugal.pt\/site\/wp-json\/wp\/v2\/product_brand?post=156"},{"taxonomy":"product_cat","embeddable":true,"href":"https:\/\/fotografiaportugal.pt\/site\/wp-json\/wp\/v2\/product_cat?post=156"},{"taxonomy":"product_tag","embeddable":true,"href":"https:\/\/fotografiaportugal.pt\/site\/wp-json\/wp\/v2\/product_tag?post=156"}],"curies":[{"name":"wp","href":"https:\/\/api.w.org\/{rel}","templated":true}]}}