{"id":167,"date":"2015-04-06T18:42:17","date_gmt":"2015-04-06T18:42:17","guid":{"rendered":"http:\/\/fotografiaportugal.pt\/site\/?post_type=product&#038;p=167"},"modified":"2021-11-16T14:05:57","modified_gmt":"2021-11-16T14:05:57","slug":"adobe-photoshop-cs6","status":"publish","type":"product","link":"https:\/\/fotografiaportugal.pt\/site\/shop\/livros\/adobe-photoshop-cs6\/","title":{"rendered":"Adobe Photoshop CS6"},"content":{"rendered":"<p><img loading=\"lazy\" decoding=\"async\" class=\"alignnone size-medium wp-image-170\" src=\"https:\/\/fotografiaportugal.pt\/site\/wp-content\/uploads\/2015\/04\/04-PHOTOSHOP_capa185.gif\" alt=\"04 - PHOTOSHOP_capa185\" width=\"185\" height=\"218\" \/><\/p>\n<p><strong>Adobe Photoshop CS6<\/strong><\/p>\n<p><strong>Layers, M\u00e1scaras e Selec\u00e7\u00f5es; Smart Objects; Aplicar Filtros; Corrigir Cor; Converter para P&amp;B; Efeitos de sombras e relevos; Vectores; T\u00e9cnicas de retoque; Recuperar fotos antigas; Emagrecer com Liquify; Colorir imagens a P&amp;B; Montagens panor\u00e2micas; Automatismos atrav\u00e9s de Actions.<\/strong><\/p>\n<p><strong>+ 50 exerc\u00edcios, passo-a-passo, a cores, com oferta de imagens para repetir os exerc\u00edcios no seu computador<\/strong><\/p>\n<p>O <strong>Adobe Photoshop<\/strong> \u00e9 o programa mais usado mundialmente para tratamento de imagem. As suas poderosas ferramentas permitem todo o tipo de opera\u00e7\u00f5es, desde o simples corte ou reenquadramento at\u00e9 complexas montagens, tratamento de cor ou recupera\u00e7\u00e3o de imagens danificadas.<\/p>\n<p>Este livro tem o que de mais importante precisa saber para trabalhar imagens digitais: abarca as opera\u00e7\u00f5es comuns, come\u00e7ando pelas mais b\u00e1sicas, passando pela explica\u00e7\u00e3o do funcionamento com layers, m\u00e1scaras, selec\u00e7\u00f5es e comandos para correc\u00e7\u00e3o e altera\u00e7\u00e3o de cor, e evoluindo at\u00e9 opera\u00e7\u00f5es mais avan\u00e7adas, como a utiliza\u00e7\u00e3o de vectores (explica\u00e7\u00e3o detalhada do funcionamento da caneta), aplica\u00e7\u00e3o de filtros ou automatismos v\u00e1rios (as conhecidas actions e n\u00e3o s\u00f3).<\/p>\n<p>Portanto, qualquer que seja o seu n\u00edvel de conhecimento do programa, poder\u00e1 aprender tudo ao longo de 12 cap\u00edtulos e 50 exerc\u00edcios pr\u00e1ticos detalhadamente explicados \u2013 vantagens da escrita de duas formadoras com longa experi\u00eancia na transmiss\u00e3o de conhecimentos acumulados no trabalho di\u00e1rio em design gr\u00e1fico e consultoria de empresas de fotografia digital e artes gr\u00e1ficas.<\/p>\n<p>No final encontrar\u00e1 a descri\u00e7\u00e3o dos 50 exerc\u00edcios, encadeados com grau de dificuldade crescente. Uma lista para escolher qual o que prefere executar, depois de aceder \u00e0s respectivas imagens que temos dispon\u00edveis para si.<\/p>\n<p>Este livro garante-lhe uma viagem altamente produtiva pelo fant\u00e1stico mundo do tratamento da imagem digital!<\/p>\n<p><img loading=\"lazy\" decoding=\"async\" class=\"alignnone size-medium wp-image-169\" src=\"https:\/\/fotografiaportugal.pt\/site\/wp-content\/uploads\/2015\/04\/04-PHOTOSHOP_cab-300x47.gif\" alt=\"04 - PHOTOSHOP_cab\" width=\"300\" height=\"47\" srcset=\"https:\/\/fotografiaportugal.pt\/site\/wp-content\/uploads\/2015\/04\/04-PHOTOSHOP_cab-300x47.gif 300w, https:\/\/fotografiaportugal.pt\/site\/wp-content\/uploads\/2015\/04\/04-PHOTOSHOP_cab-950x150.gif 950w\" sizes=\"auto, (max-width: 300px) 100vw, 300px\" \/><\/p>\n<p><strong>Adobe Photoshop CS6<\/strong><\/p>\n<p>Autoras: \u00c2ngela Rodrigues e Isabel Pinto<\/p>\n<p>P\u00e1gs: 176<\/p>\n<p>ISBN: 978-989-615-183-6<\/p>\n<p><img loading=\"lazy\" decoding=\"async\" class=\"alignnone size-full wp-image-170\" src=\"https:\/\/fotografiaportugal.pt\/site\/wp-content\/uploads\/2015\/04\/04-PHOTOSHOP_capa185.gif\" alt=\"04 - PHOTOSHOP_capa185\" width=\"185\" height=\"218\" \/><\/p>\n<p><strong>LIVRO<\/strong><\/p>\n<p><strong>\u00cdNDICE<\/strong><\/p>\n<table>\n<tbody>\n<tr>\n<td colspan=\"3\">01. Introdu\u00e7\u00e3o, Instala\u00e7\u00e3o e Novidades CS6<\/td>\n<\/tr>\n<tr>\n<td><\/td>\n<td colspan=\"2\" width=\"674\">Introdu\u00e7\u00e3o<br \/>\nInstalar a vers\u00e3o CS6 \/ Requisitos m\u00ednimos<\/td>\n<\/tr>\n<tr>\n<td width=\"22\"><\/td>\n<td width=\"15\"><\/td>\n<td width=\"654\">Para Windows<br \/>\nPara Macintosh<\/td>\n<\/tr>\n<tr>\n<td width=\"22\"><\/td>\n<td colspan=\"2\" width=\"669\">Novidades da vers\u00e3o CS6<\/td>\n<\/tr>\n<\/tbody>\n<\/table>\n<p><strong>\u00a0<\/strong><\/p>\n<table width=\"703\">\n<tbody>\n<tr>\n<td colspan=\"3\"><strong>02. Princ\u00edpios B\u00e1sicos<\/strong><\/td>\n<\/tr>\n<tr>\n<td><\/td>\n<td colspan=\"2\" width=\"674\">Compreender e personalizar a interface<\/td>\n<\/tr>\n<tr>\n<td width=\"22\"><\/td>\n<td width=\"16\"><\/td>\n<td width=\"655\">Os pain\u00e9is<br \/>\nTrabalhar com v\u00e1rios documentos<br \/>\nOs menus<\/td>\n<\/tr>\n<tr>\n<td width=\"22\"><\/td>\n<td colspan=\"2\" width=\"669\">Generalidades sobre as ferramentas<\/td>\n<\/tr>\n<tr>\n<td width=\"22\"><\/td>\n<td width=\"16\"><\/td>\n<td width=\"655\">Vis\u00e3o geral das ferramentas<br \/>\nA barra de op\u00e7\u00f5es<\/td>\n<\/tr>\n<tr>\n<td width=\"22\"><\/td>\n<td colspan=\"2\" width=\"669\">Personalizar atalhos de teclado<br \/>\nPrefer\u00eancias e optimiza\u00e7\u00e3o do funcionamento<\/td>\n<\/tr>\n<tr>\n<td width=\"22\"><\/td>\n<td width=\"16\"><\/td>\n<td width=\"655\">Guias e r\u00e9guas<br \/>\nPerformance<\/td>\n<\/tr>\n<tr>\n<td width=\"22\"><\/td>\n<td colspan=\"2\" width=\"671\">Modos de Cor<\/td>\n<\/tr>\n<tr>\n<td width=\"22\"><\/td>\n<td width=\"16\"><\/td>\n<td width=\"655\">Converter para outro perfil de cor<br \/>\nModos e perfis de cor<\/td>\n<\/tr>\n<tr>\n<td width=\"22\"><\/td>\n<td colspan=\"2\" width=\"671\">Gest\u00e3o de cor<\/td>\n<\/tr>\n<tr>\n<td width=\"22\"><\/td>\n<td width=\"16\"><\/td>\n<td width=\"655\">Mensagens de alerta sobre perfis de cor<\/td>\n<\/tr>\n<tr>\n<td width=\"22\"><\/td>\n<td colspan=\"2\" width=\"671\">Formatos<\/td>\n<\/tr>\n<tr>\n<td width=\"22\"><\/td>\n<td width=\"16\"><\/td>\n<td width=\"655\">Acerca da compress\u00e3o de ficheiros<br \/>\nOs formatos de ficheiros mais comuns<br \/>\nGravar um ficheiro<br \/>\nSave for Web<\/td>\n<\/tr>\n<tr>\n<td width=\"22\"><\/td>\n<td colspan=\"2\" width=\"671\">Tamanho e Resolu\u00e7\u00e3o de imagens<\/td>\n<\/tr>\n<tr>\n<td width=\"22\"><\/td>\n<td width=\"16\"><\/td>\n<td width=\"655\">Alterar o tamanho e\/ou a resolu\u00e7\u00e3o<br \/>\nAumentar a \u00e1rea da imagem<\/td>\n<\/tr>\n<tr>\n<td width=\"22\"><\/td>\n<td colspan=\"2\" width=\"671\">A ferramenta Crop<\/td>\n<\/tr>\n<tr>\n<td width=\"22\"><\/td>\n<td width=\"16\"><\/td>\n<td width=\"655\">Barra de op\u00e7\u00f5es da ferramenta Crop<br \/>\nCorte autom\u00e1tico<br \/>\nPerspectiva<\/td>\n<\/tr>\n<\/tbody>\n<\/table>\n<p><strong>\u00a0<\/strong><\/p>\n<table width=\"701\">\n<tbody>\n<tr>\n<td colspan=\"2\"><strong>03. Painel e pincel\u00a0<em>History<\/em><\/strong><\/td>\n<\/tr>\n<tr>\n<td width=\"23\"><\/td>\n<td width=\"671\">Compreender o painel\u00a0<em>History<\/em><br \/>\nOs estados do painel\u00a0<em>History<\/em><br \/>\n<em>Snapshots<\/em><br \/>\nA ferramenta\u00a0<em>History Brush<\/em><br \/>\nGuardar um registo do hist\u00f3rico<\/td>\n<\/tr>\n<\/tbody>\n<\/table>\n<p><strong>\u00a0<\/strong><\/p>\n<table width=\"701\">\n<tbody>\n<tr>\n<td colspan=\"3\"><strong>04.\u00a0<em>Layers\u00a0<\/em>\u2013 Parte 1<\/strong><\/td>\n<\/tr>\n<tr>\n<td rowspan=\"2\" width=\"23\"><\/td>\n<td colspan=\"2\" width=\"671\">O painel\u00a0<em>Layers<\/em><\/td>\n<\/tr>\n<tr>\n<td width=\"22\"><\/td>\n<td width=\"646\">Bloquear uma\u00a0<em>layer<\/em><\/td>\n<\/tr>\n<tr>\n<td width=\"23\"><\/td>\n<td colspan=\"2\" width=\"668\">Background e\u00a0<em>Layers<\/em><\/td>\n<\/tr>\n<tr>\n<td width=\"23\"><\/td>\n<td width=\"22\"><\/td>\n<td width=\"646\">Tipos de\u00a0<em>layers<\/em><\/td>\n<\/tr>\n<tr>\n<td width=\"23\"><\/td>\n<td colspan=\"2\" width=\"668\">Nova\u00a0<em>layer<\/em>\u00a0de imagem<\/td>\n<\/tr>\n<tr>\n<td width=\"23\"><\/td>\n<td width=\"22\"><\/td>\n<td width=\"646\">Dar nomes \u00e0s\u00a0<em>layers<br \/>\n<\/em>Apagar<em>\u00a0layers<\/em><\/td>\n<\/tr>\n<tr>\n<td width=\"23\"><\/td>\n<td colspan=\"2\" width=\"668\">Manipular\u00a0<em>layers<\/em><br \/>\nTransformar\u00a0<em>layers<\/em><\/td>\n<\/tr>\n<tr>\n<td width=\"23\"><\/td>\n<td width=\"22\"><em>\u00a0<\/em><\/td>\n<td width=\"646\">Transforma\u00e7\u00f5es v\u00e1rias aplicadas a uma layer<br \/>\nWarp<br \/>\nAlgumas transforma\u00e7\u00f5es\u00a0<em>warp\u00a0<\/em><br \/>\nTransforma\u00e7\u00f5es num\u00e9ricas<br \/>\n<em>Content-Aware Scale<\/em><\/td>\n<\/tr>\n<tr>\n<td colspan=\"3\" width=\"691\"><strong>05. Selec\u00e7\u00f5es \u2013 Parte 1<\/strong><\/td>\n<\/tr>\n<tr>\n<td width=\"23\"><\/td>\n<td width=\"22\"><\/td>\n<td width=\"646\">Seleccionar para qu\u00ea?<\/td>\n<\/tr>\n<tr>\n<td width=\"23\"><\/td>\n<td colspan=\"2\" width=\"668\">Princ\u00edpios b\u00e1sicos para trabalhar com selec\u00e7\u00f5es<\/td>\n<\/tr>\n<tr>\n<td width=\"23\"><\/td>\n<td width=\"22\"><\/td>\n<td width=\"646\">Atalhos para usar com selec\u00e7\u00f5es<br \/>\n<em>Layers\u00a0<\/em>e Selec\u00e7\u00f5es<\/td>\n<\/tr>\n<tr>\n<td width=\"23\"><\/td>\n<td colspan=\"2\" width=\"668\">Transformar selec\u00e7\u00f5es<br \/>\n<em>Marquee<\/em>\u00a0e La\u00e7os<\/td>\n<\/tr>\n<tr>\n<td width=\"23\"><\/td>\n<td width=\"22\"><\/td>\n<td width=\"646\">A barra de op\u00e7\u00f5es<\/td>\n<\/tr>\n<tr>\n<td width=\"23\"><\/td>\n<td colspan=\"2\" width=\"668\"><em>Feather\u00a0<\/em>e\u00a0<em>Anti-aliasing<\/em><\/td>\n<\/tr>\n<tr>\n<td width=\"23\"><\/td>\n<td width=\"22\"><\/td>\n<td width=\"646\"><em>Anti-aliasing<\/em><\/td>\n<\/tr>\n<tr>\n<td width=\"23\"><\/td>\n<td colspan=\"2\" width=\"668\">Modo Quick Mask<\/td>\n<\/tr>\n<tr>\n<td width=\"23\"><\/td>\n<td width=\"22\"><\/td>\n<td width=\"646\">Algumas notas sobre o modo\u00a0<em>Quick Mask<\/em><\/td>\n<\/tr>\n<tr>\n<td width=\"23\"><\/td>\n<td colspan=\"2\" width=\"668\">Guardar selec\u00e7\u00f5es<\/td>\n<\/tr>\n<tr>\n<td width=\"23\"><\/td>\n<td width=\"22\"><\/td>\n<td width=\"646\">Atalhos para usar no modo\u00a0<em>Quick Mask<\/em><\/td>\n<\/tr>\n<tr>\n<td colspan=\"3\" width=\"691\"><strong>06. A Cor \u2013 correc\u00e7\u00f5es e altera\u00e7\u00f5es<\/strong><\/td>\n<\/tr>\n<tr>\n<td width=\"23\"><\/td>\n<td colspan=\"2\" width=\"668\">Painel Info \/ Interpretar um histograma<\/td>\n<\/tr>\n<tr>\n<td width=\"23\"><\/td>\n<td width=\"22\"><\/td>\n<td width=\"646\">Algumas considera\u00e7\u00f5es sobre correc\u00e7\u00f5es e altera\u00e7\u00f5es de cor<\/td>\n<\/tr>\n<tr>\n<td width=\"23\"><\/td>\n<td colspan=\"2\" width=\"668\">Correc\u00e7\u00f5es autom\u00e1ticas<\/td>\n<\/tr>\n<tr>\n<td width=\"23\"><\/td>\n<td width=\"22\"><\/td>\n<td width=\"646\"><em>Fade<\/em>&#8230;<\/td>\n<\/tr>\n<tr>\n<td width=\"23\"><\/td>\n<td colspan=\"2\" width=\"668\"><em>Levels\u00a0<\/em><br \/>\n<em>Curves e Brightness \/ Contrast<\/em><\/td>\n<\/tr>\n<tr>\n<td width=\"23\"><\/td>\n<td width=\"22\"><\/td>\n<td width=\"646\">O comando\u00a0<em>Curves<\/em>, em s\u00edntese<br \/>\n<em>Brightness \/ Contrast<\/em><\/td>\n<\/tr>\n<tr>\n<td width=\"23\"><\/td>\n<td colspan=\"2\" width=\"668\"><em>Hue \/ Saturation\u00a0<\/em>e\u00a0<em>Desaturate<\/em><br \/>\n<em>Desaturate<\/em><\/td>\n<\/tr>\n<tr>\n<td width=\"23\"><\/td>\n<td colspan=\"2\" width=\"668\"><em>Vibrance<br \/>\nShadows \/ Highlights\u00a0<\/em><br \/>\nPassar imagens de cor para monocrom\u00e1ticas<br \/>\n<em>Match Color<\/em><br \/>\n<em>Invert\u00a0<\/em>e\u00a0<em>Threshold<\/em>\u00a0(alto contraste)<\/td>\n<\/tr>\n<tr>\n<td colspan=\"3\" width=\"691\"><strong>07. Texto<\/strong><\/td>\n<\/tr>\n<tr>\n<td width=\"23\"><\/td>\n<td colspan=\"2\" width=\"668\"><em>Layers\u00a0<\/em>de texto<br \/>\nSelec\u00e7\u00f5es em forma de texto<br \/>\nFormatar texto<\/td>\n<\/tr>\n<tr>\n<td width=\"23\"><\/td>\n<td width=\"22\"><\/td>\n<td width=\"646\">Transforma\u00e7\u00e3o\u00a0<em>Warp<\/em>\u00a0aplicada a texto<\/td>\n<\/tr>\n<tr>\n<td colspan=\"3\" width=\"691\"><strong>08. Layers \u2013 Parte 2<\/strong><\/td>\n<\/tr>\n<tr>\n<td width=\"23\"><\/td>\n<td colspan=\"2\" width=\"668\">Efeitos de\u00a0<em>layers<\/em><br \/>\nAlinhamentos entre\u00a0<em>layers<br \/>\n<\/em>Modos de mistura de cores (<em>Blend Modes<\/em>)<br \/>\nM\u00e1scaras<\/td>\n<\/tr>\n<tr>\n<td width=\"23\"><\/td>\n<td width=\"22\"><\/td>\n<td width=\"646\">Resumo\/Princ\u00edpios b\u00e1sicos sobre m\u00e1scaras<\/td>\n<\/tr>\n<tr>\n<td width=\"23\"><\/td>\n<td colspan=\"2\" width=\"668\">Camadas de ajustamento (<em>Adjustment Layers<\/em>)<\/td>\n<\/tr>\n<tr>\n<td width=\"23\"><\/td>\n<td width=\"22\"><\/td>\n<td width=\"646\">Caracter\u00edsticas<\/td>\n<\/tr>\n<tr>\n<td width=\"23\"><\/td>\n<td colspan=\"2\" width=\"668\">Composi\u00e7\u00f5es de camadas (<em>layer comps<\/em>)<br \/>\n<em>Smart Objects<\/em><\/td>\n<\/tr>\n<tr>\n<td colspan=\"3\" width=\"691\"><strong>09. Selec\u00e7\u00f5es \u2013 Parte 2<\/strong><\/td>\n<\/tr>\n<tr>\n<td width=\"23\"><\/td>\n<td colspan=\"2\" width=\"668\"><em>Magic Wand<br \/>\nColor Range<br \/>\nQuick Selection<br \/>\nRefine Edge\u00a0<\/em><br \/>\nCria\u00e7\u00e3o e manipula\u00e7\u00e3o de vectores (<em>paths<\/em>)<\/td>\n<\/tr>\n<tr>\n<td width=\"23\"><\/td>\n<td width=\"22\"><\/td>\n<td width=\"646\">As ferramentas vectoriais<br \/>\nA barra de op\u00e7\u00f5es<br \/>\nO painel\u00a0<em>Paths\u00a0<\/em><br \/>\nQuando e porqu\u00ea usar vectores?<\/td>\n<\/tr>\n<tr>\n<td colspan=\"3\" width=\"691\"><strong>10. Retoque<\/strong><\/td>\n<\/tr>\n<tr>\n<td width=\"23\"><\/td>\n<td colspan=\"2\" width=\"668\">Corrigir olhos vermelhos<br \/>\n<em>Healing Brush<\/em>\u00a0e\u00a0<em>Clone Stamp\u00a0<\/em><br \/>\nO painel\u00a0<em>Clone Source<\/em><\/td>\n<\/tr>\n<tr>\n<td width=\"23\"><\/td>\n<td width=\"22\"><\/td>\n<td width=\"646\">Prefer\u00eancias para os cursores<\/td>\n<\/tr>\n<tr>\n<td width=\"23\"><\/td>\n<td colspan=\"2\" width=\"668\"><em>Spot Healing Brush<\/em><br \/>\n<em>Patch\u00a0<\/em><br \/>\nAlgumas t\u00e9cnicas para retoque de pele<br \/>\nFerramentas\u00a0<em>Dodge, Burn<\/em>\u00a0e\u00a0<em>Sponge<\/em><br \/>\nColagens para reparar uma imagem<br \/>\n<em>Content-Aware Fill<\/em><\/td>\n<\/tr>\n<tr>\n<td colspan=\"3\" width=\"691\"><strong>11. Filtros<\/strong><\/td>\n<\/tr>\n<tr>\n<td width=\"23\"><\/td>\n<td colspan=\"2\" width=\"668\">O menu\u00a0<em>Filter<\/em><\/td>\n<\/tr>\n<tr>\n<td width=\"23\"><\/td>\n<td width=\"22\"><\/td>\n<td width=\"646\">Filtros comuns<\/td>\n<\/tr>\n<tr>\n<td width=\"23\"><\/td>\n<td colspan=\"2\" width=\"668\">Generalidades sobre filtros<br \/>\nFocar e Desfocar (<em>Sharpen<\/em>\u00a0e\u00a0<em>Blur<\/em>)<\/td>\n<\/tr>\n<tr>\n<td width=\"23\"><\/td>\n<td width=\"22\"><\/td>\n<td width=\"646\">Alguns processos comuns<\/td>\n<\/tr>\n<tr>\n<td width=\"23\"><\/td>\n<td colspan=\"2\" width=\"668\"><em>Filter Gallery<br \/>\nComo funciona\u00a0<\/em>a<em>\u00a0Filter Gallery<br \/>\nSmart Filters<br \/>\n<\/em>O filtro<em>\u00a0Liquify<\/em><\/td>\n<\/tr>\n<tr>\n<td width=\"23\"><\/td>\n<td width=\"22\"><\/td>\n<td width=\"646\">Repetir as mesmas distor\u00e7\u00f5es<\/td>\n<\/tr>\n<tr>\n<td colspan=\"3\" width=\"691\"><strong>12. Automatismos<\/strong><\/td>\n<\/tr>\n<tr>\n<td width=\"23\"><\/td>\n<td colspan=\"2\" width=\"668\">O que s\u00e3o\u00a0<em>Actions<\/em><br \/>\nOpera\u00e7\u00f5es com\u00a0<em>Actions<\/em><\/td>\n<\/tr>\n<tr>\n<td width=\"23\"><\/td>\n<td width=\"22\"><\/td>\n<td width=\"646\">Precau\u00e7\u00f5es na grava\u00e7\u00e3o de\u00a0<em>Actions\u00a0<\/em><br \/>\nAutomatizar a aplica\u00e7\u00e3o de uma\u00a0<em>Action<\/em>\u00a0a um conjunto de imagens<br \/>\nCriar uma\u00a0<em>Droplet<\/em><\/td>\n<\/tr>\n<tr>\n<td width=\"23\"><\/td>\n<td colspan=\"2\" width=\"668\">Montagem autom\u00e1tica de panor\u00e2micas com\u00a0<em>Photomerge<\/em><br \/>\n<em>Image Processor\u00a0<\/em><br \/>\n<em>Contact Sheet II<\/em><\/td>\n<\/tr>\n<tr>\n<td colspan=\"3\" width=\"691\"><strong>Anexo. Adobe Bridge CS6<\/strong><\/td>\n<\/tr>\n<tr>\n<td width=\"23\"><\/td>\n<td colspan=\"2\" width=\"668\">Abrir imagens a partir da Bridge<br \/>\nPesquisa de imagens<br \/>\nImportar ficheiros de c\u00e2mara digital<br \/>\nEspa\u00e7os de trabalho<br \/>\nOs pain\u00e9is<\/td>\n<\/tr>\n<tr>\n<td width=\"23\"><\/td>\n<td width=\"22\"><\/td>\n<td width=\"646\"><em>Folders<br \/>\nFavorites<br \/>\nMetadata<br \/>\nKeywords<br \/>\nFilter<br \/>\nPreview<br \/>\nInspector<br \/>\nCollections<br \/>\nExport<\/em><\/td>\n<\/tr>\n<tr>\n<td width=\"23\"><\/td>\n<td colspan=\"2\" width=\"668\">Algumas op\u00e7\u00f5es muito \u00fateis dos menus<\/td>\n<\/tr>\n<tr>\n<td width=\"23\"><\/td>\n<td width=\"22\"><\/td>\n<td width=\"646\">Gest\u00e3o de cor sincronizada para toda a Creative Suite<br \/>\nOrganizar ficheiros<br \/>\nV\u00e1rias op\u00e7\u00f5es de automatismos<\/td>\n<\/tr>\n<tr>\n<td width=\"23\"><\/td>\n<td colspan=\"2\" width=\"668\">Mini Bridge<\/td>\n<\/tr>\n<tr>\n<td colspan=\"3\" width=\"691\"><strong>Objectivos dos 50 exerc\u00edcios deste livro<\/strong><\/td>\n<\/tr>\n<\/tbody>\n<\/table>\n<p><strong>\u00a0<img loading=\"lazy\" decoding=\"async\" class=\"alignnone size-full wp-image-168\" src=\"https:\/\/fotografiaportugal.pt\/site\/wp-content\/uploads\/2015\/04\/04-PHOTOSHOP_autoras.jpg\" alt=\"04 - PHOTOSHOP_autoras\" width=\"200\" height=\"227\" \/><\/strong><\/p>\n<p><strong>AS AUTORAS<\/strong><\/p>\n<p>\u00c2ngela Rodrigues tem uma longa e reconhecida carreira de mais de tr\u00eas d\u00e9cadas em artes gr\u00e1ficas, e d\u00e1 forma\u00e7\u00e3o na mesma \u00e1rea desde 1990. Em 2005 fundou a P\u2019\u00f3s Gr\u00e1ficos \u2013 P\u00f3s-produ\u00e7\u00e3o e Forma\u00e7\u00e3o Especializada em Design Gr\u00e1fico, implementando nesta empresa as duas vertentes a que tem dedicado toda a sua actividade profissional \u2013 a forma\u00e7\u00e3o e a produ\u00e7\u00e3o gr\u00e1fica \u2013, oferecendo ainda servi\u00e7os de consultoria e apoio t\u00e9cnico especializado e personalizado a empresas gr\u00e1ficas. \u00c9 Adobe Certified Expert em Photoshop e Adobe Certified Instructor.<\/p>\n<p>Isabel Pinto trabalha em artes gr\u00e1ficas e d\u00e1 forma\u00e7\u00e3o em software gr\u00e1fico desde h\u00e1 cerca de 20 anos. \u00c9 formadora certificada pelo IEFP e Mestre em Tecnologias Gr\u00e1ficas pelo ISEC, onde tamb\u00e9m lecciona. Colabora com a P\u2019\u00f3s Gr\u00e1ficos desde o seu in\u00edcio, na forma\u00e7\u00e3o, elabora\u00e7\u00e3o de cursos e de manuais exclusivos.<\/p>\n<p>As duas autoras cooperam frequentemente para criar material de apoio especializado para os seus cursos. Fruto desta experi\u00eancia nasceu, em 2003, o livro Photoshop 7 \u2013 Refer\u00eancia Profissional e, em 2009, o Curso Completo de Photoshop CS3, em 6 CDs (120 v\u00eddeo-aulas), al\u00e9m de diversos artigos para blogues e revistas da especialidade. Ambas t\u00eam sido frequentemente convidadas para apresentar os semin\u00e1rios em Portugal da Adobe, bem como de m\u00faltiplos semin\u00e1rios on-line, na \u00e1rea do software de pr\u00e9-impress\u00e3o.<\/p>\n","protected":false},"excerpt":{"rendered":"<p><strong>Layers, M\u00e1scaras e Selec\u00e7\u00f5es; Smart Objects; Aplicar Filtros; Corrigir Cor; Converter para P&amp;B; Efeitos de sombras e relevos; Vectores; T\u00e9cnicas de retoque; Recuperar fotos antigas; Emagrecer com Liquify; Colorir imagens a P&amp;B; Montagens panor\u00e2micas; Automatismos atrav\u00e9s de Actions.<\/strong><\/p>\n<p><strong>+ 50 exerc\u00edcios, passo-a-passo, a cores, com oferta de imagens para repetir os exerc\u00edcios no seu computador<\/strong><\/p>\n","protected":false},"featured_media":2765,"comment_status":"closed","ping_status":"closed","template":"","meta":[],"product_brand":[],"product_cat":[129,128,7,167,162],"product_tag":[19,18,20,17],"class_list":{"0":"post-167","1":"product","2":"type-product","3":"status-publish","4":"has-post-thumbnail","6":"product_cat-especial-edicao-pos-producao","7":"product_cat-especial-fotografia","8":"product_cat-livros","9":"product_cat-livros-tecnicos-fotografia","10":"product_cat-software-obrigatorio-livros","11":"product_tag-adobe","12":"product_tag-edicao","13":"product_tag-imagem","14":"product_tag-photoshop","16":"first","17":"outofstock","18":"featured","19":"shipping-taxable","20":"purchasable","21":"product-type-simple"},"_links":{"self":[{"href":"https:\/\/fotografiaportugal.pt\/site\/wp-json\/wp\/v2\/product\/167","targetHints":{"allow":["GET"]}}],"collection":[{"href":"https:\/\/fotografiaportugal.pt\/site\/wp-json\/wp\/v2\/product"}],"about":[{"href":"https:\/\/fotografiaportugal.pt\/site\/wp-json\/wp\/v2\/types\/product"}],"replies":[{"embeddable":true,"href":"https:\/\/fotografiaportugal.pt\/site\/wp-json\/wp\/v2\/comments?post=167"}],"wp:featuredmedia":[{"embeddable":true,"href":"https:\/\/fotografiaportugal.pt\/site\/wp-json\/wp\/v2\/media\/2765"}],"wp:attachment":[{"href":"https:\/\/fotografiaportugal.pt\/site\/wp-json\/wp\/v2\/media?parent=167"}],"wp:term":[{"taxonomy":"product_brand","embeddable":true,"href":"https:\/\/fotografiaportugal.pt\/site\/wp-json\/wp\/v2\/product_brand?post=167"},{"taxonomy":"product_cat","embeddable":true,"href":"https:\/\/fotografiaportugal.pt\/site\/wp-json\/wp\/v2\/product_cat?post=167"},{"taxonomy":"product_tag","embeddable":true,"href":"https:\/\/fotografiaportugal.pt\/site\/wp-json\/wp\/v2\/product_tag?post=167"}],"curies":[{"name":"wp","href":"https:\/\/api.w.org\/{rel}","templated":true}]}}