{"id":197,"date":"2015-04-06T21:27:22","date_gmt":"2015-04-06T21:27:22","guid":{"rendered":"http:\/\/fotografiaportugal.pt\/site\/?post_type=product&#038;p=197"},"modified":"2017-12-15T18:10:55","modified_gmt":"2017-12-15T18:10:55","slug":"fotohdr-fotografia-e-edicao-de-imagens-de-alta-gama-dinamica","status":"publish","type":"product","link":"https:\/\/fotografiaportugal.pt\/site\/shop\/joel-santos\/fotohdr-fotografia-e-edicao-de-imagens-de-alta-gama-dinamica\/","title":{"rendered":"FOTOhdr \u2013 Fotografia e Edi\u00e7\u00e3o de Imagens de Alta Gama Din\u00e2mica"},"content":{"rendered":"<p><img loading=\"lazy\" decoding=\"async\" class=\"alignnone size-full wp-image-205\" src=\"https:\/\/fotografiaportugal.pt\/site\/wp-content\/uploads\/2015\/04\/06-FOTOHDR_capa-3d.jpg\" alt=\"06 - FOTOHDR_capa-3d\" width=\"190\" height=\"229\" srcset=\"https:\/\/fotografiaportugal.pt\/site\/wp-content\/uploads\/2015\/04\/06-FOTOHDR_capa-3d.jpg 190w, https:\/\/fotografiaportugal.pt\/site\/wp-content\/uploads\/2015\/04\/06-FOTOHDR_capa-3d-154x186.jpg 154w\" sizes=\"auto, (max-width: 190px) 100vw, 190px\" \/><\/p>\n<p><strong>FOTOhdr: FOTOGRAFIA E EDI\u00c7\u00c3O DE IMAGENS DE ALTA GAMA DIN\u00c2MICA<\/strong><\/p>\n<p><em>Este livro aborda a t\u00e9cnica de HDR (High Dynamic Range), desde os seus fundamentos te\u00f3ricos, passando pelo registo das fotografias no terreno, at\u00e9 \u00e0 fase em que estas s\u00e3o combinadas e resultam numa imagem final de alta gama din\u00e2mica. Espera-o um novo mundo de luz e de extraordin\u00e1rias oportunidades fotogr\u00e1ficas.<\/em><\/p>\n<p><em>GUIA ESSENCIAL PARA A CRIA\u00c7\u00c3O DE FOTOGRAFIAS HDR, DO REGISTO NO TERRENO AT\u00c9 \u00c0 EDI\u00c7\u00c3O NO COMPUTADOR, AJUDANDO O LEITOR A EXPLORAR A LUZ COMO NUNCA ANTES E A CRIAR EXTRAORDIN\u00c1RIAS IMAGENS DE ALTA GAMA DIN\u00c2MICA<\/em><\/p>\n<p><strong>\u00a0<img loading=\"lazy\" decoding=\"async\" class=\"alignnone size-medium wp-image-206\" src=\"https:\/\/fotografiaportugal.pt\/site\/wp-content\/uploads\/2015\/04\/06-FOTOHDR_fotos-300x136.jpg\" alt=\"06 - FOTOHDR_fotos\" width=\"300\" height=\"136\" srcset=\"https:\/\/fotografiaportugal.pt\/site\/wp-content\/uploads\/2015\/04\/06-FOTOHDR_fotos-300x136.jpg 300w, https:\/\/fotografiaportugal.pt\/site\/wp-content\/uploads\/2015\/04\/06-FOTOHDR_fotos-372x169.jpg 372w, https:\/\/fotografiaportugal.pt\/site\/wp-content\/uploads\/2015\/04\/06-FOTOHDR_fotos.jpg 710w\" sizes=\"auto, (max-width: 300px) 100vw, 300px\" \/><\/strong><\/p>\n<p><strong>FOTOhdr<\/strong> \u2013 Fotografia e Edi\u00e7\u00e3o de Imagens de Alta Gama Din\u00e2mica<\/p>\n<p>Autor: Joel Santos<\/p>\n<p>P\u00e1gs: 152<\/p>\n<p>ISBN: 978-989-615-193-5<\/p>\n<p>Edi\u00e7\u00e3o: Abr\/2014<\/p>\n<p>PVP: <span style=\"text-decoration: line-through;\">18,90 EUR<\/span><\/p>\n<p>Pre\u00e7o Especial: Ver Promo\u00e7\u00e3o com Desconto + Portes Gr\u00e1tis<\/p>\n<p><img loading=\"lazy\" decoding=\"async\" class=\"alignnone size-medium wp-image-199\" src=\"https:\/\/fotografiaportugal.pt\/site\/wp-content\/uploads\/2015\/04\/06-FOTOHDR_capa190.jpg\" alt=\"06 - FOTOHDR_capa190\" width=\"190\" height=\"188\" srcset=\"https:\/\/fotografiaportugal.pt\/site\/wp-content\/uploads\/2015\/04\/06-FOTOHDR_capa190.jpg 190w, https:\/\/fotografiaportugal.pt\/site\/wp-content\/uploads\/2015\/04\/06-FOTOHDR_capa190-188x186.jpg 188w\" sizes=\"auto, (max-width: 190px) 100vw, 190px\" \/><\/p>\n<p><strong>O LIVRO<\/strong><\/p>\n<p>Do autor dos best sellers FOTOgrafia, FOTOedi\u00e7\u00e3o e FOTOpad, este livro tem\u00e1tico aborda, de uma forma intuitiva e pr\u00e1tica, a fotografia HDR (High Dynamic Range), explorando os principais conceitos, t\u00e9cnicas fotogr\u00e1ficas, software e solu\u00e7\u00f5es de edi\u00e7\u00e3o de imagem.<\/p>\n<p><img loading=\"lazy\" decoding=\"async\" class=\"alignnone size-medium wp-image-198\" src=\"https:\/\/fotografiaportugal.pt\/site\/wp-content\/uploads\/2015\/04\/06-FOTOHDR_cab-300x51.jpg\" alt=\"06 - FOTOHDR_cab\" width=\"300\" height=\"51\" srcset=\"https:\/\/fotografiaportugal.pt\/site\/wp-content\/uploads\/2015\/04\/06-FOTOHDR_cab-300x51.jpg 300w, https:\/\/fotografiaportugal.pt\/site\/wp-content\/uploads\/2015\/04\/06-FOTOHDR_cab-372x63.jpg 372w, https:\/\/fotografiaportugal.pt\/site\/wp-content\/uploads\/2015\/04\/06-FOTOHDR_cab.jpg 950w\" sizes=\"auto, (max-width: 300px) 100vw, 300px\" \/><\/p>\n<p>A fotografia com base na t\u00e9cnica de HDR atingiu a maturidade e assumiu, finalmente, o estatuto de pr\u00e1tica fotogr\u00e1fica incontorn\u00e1vel \u2014 tal como o uso de um trip\u00e9 ou de um qualquer filtro \u00f3ptico \u2014, permitindo ultrapassar as limita\u00e7\u00f5es nativas das c\u00e2maras fotogr\u00e1ficas digitais e obter resultados id\u00eanticos aos observados a olho nu, nomeadamente quando os motivos apresentam um contraste luminoso extremo. Assim, quer se pretenda um resultado fotorrealista, o mais dif\u00edcil de alcan\u00e7ar e o que ser\u00e1 mais explorado pelo autor, quer se deseje uma imagem surrealista, encontrar\u00e1 neste livro toda a informa\u00e7\u00e3o indispens\u00e1vel para dominar a luz e criar as fotografias que sempre almejou.<\/p>\n<p>Por todas as raz\u00f5es, o FOTOhdr \u00e9 uma ferramenta essencial e uma obra indispens\u00e1vel na colec\u00e7\u00e3o de todos os fot\u00f3grafos, especialmente os que procuram estar, sem complica\u00e7\u00f5es sup\u00e9rfluas, na vanguarda da t\u00e9cnica fotogr\u00e1fica. E a boa not\u00edcia \u00e9 que, muito provavelmente, j\u00e1 ter\u00e3o todo o equipamento necess\u00e1rio para criar fotografias HDR.<\/p>\n<p><img loading=\"lazy\" decoding=\"async\" class=\"alignnone size-full wp-image-201\" src=\"https:\/\/fotografiaportugal.pt\/site\/wp-content\/uploads\/2015\/04\/06-FOTOHDR_conceitos.jpg\" alt=\"06 - FOTOHDR_conceitos\" width=\"200\" height=\"138\" \/><\/p>\n<p><strong>CONCEITOS<\/strong><\/p>\n<p>Para dominar a t\u00e9cnica de HDR \u00e9 fundamental perceber os seus principais conceitos. O FOTOhdr cumpre este des\u00edgnio de uma forma intuitiva e completa, observando as necessidades dos fot\u00f3grafos iniciados e, tamb\u00e9m, dos mais experientes.<\/p>\n<p><img loading=\"lazy\" decoding=\"async\" class=\"alignnone size-full wp-image-204\" src=\"https:\/\/fotografiaportugal.pt\/site\/wp-content\/uploads\/2015\/04\/06-FOTOHDR_terreno.jpg\" alt=\"06 - FOTOHDR_terreno\" width=\"200\" height=\"133\" \/><\/p>\n<p><strong>FOTOGRAFIA NO TERRENO<\/strong><\/p>\n<p>Como qualquer outra t\u00e9cnica fotogr\u00e1fica, a fotografia HDR depende do desempenho do fot\u00f3grafo no terreno. Assim, do equipamento necess\u00e1rio aos melhores processos para o registo das diferentes exposi\u00e7\u00f5es, \u00e9 proporcionada uma base s\u00f3lida para a cria\u00e7\u00e3o de imagens de alta gama din\u00e2mica.<\/p>\n<p><img loading=\"lazy\" decoding=\"async\" class=\"alignnone size-full wp-image-203\" src=\"https:\/\/fotografiaportugal.pt\/site\/wp-content\/uploads\/2015\/04\/06-FOTOHDR_programas.jpg\" alt=\"06 - FOTOHDR_programas\" width=\"200\" height=\"135\" \/><\/p>\n<p><strong>PROGRAMAS DE REFER\u00caNCIA<\/strong><\/p>\n<p>S\u00e3o explorados os melhores programas de HDR \u2014 Adobe Photoshop CS\/CC, Nik HDR Efex Pro e Photomatix Pro \u2014, demonstrando as suas principais ferramentas e m\u00e9todos de uso. Complementarmente, pensando na prepara\u00e7\u00e3o e p\u00f3s-produ\u00e7\u00e3o adicional das imagens, tamb\u00e9m s\u00e3o abordados os programas Adobe Photoshop Lightroom e Adobe Camera Raw.<\/p>\n<p><img loading=\"lazy\" decoding=\"async\" class=\"alignnone size-full wp-image-202\" src=\"https:\/\/fotografiaportugal.pt\/site\/wp-content\/uploads\/2015\/04\/06-FOTOHDR_obras.jpg\" alt=\"06 - FOTOHDR_obras\" width=\"200\" height=\"135\" \/><\/p>\n<p><strong>CASOS PR\u00c1TICOS<\/strong><\/p>\n<p>Quer seja utilizada uma c\u00e2mara reflex ou um telem\u00f3vel com c\u00e2mara integrada, s\u00e3o partilhados os passos essenciais para a produ\u00e7\u00e3o de uma fotografia HDR bem-sucedida, revelando os principais desafios e ilustrando pragmaticamente as melhores solu\u00e7\u00f5es.<\/p>\n<p><img loading=\"lazy\" decoding=\"async\" class=\"alignnone size-full wp-image-200\" src=\"https:\/\/fotografiaportugal.pt\/site\/wp-content\/uploads\/2015\/04\/06-FOTOHDR_casos.jpg\" alt=\"06 - FOTOHDR_casos\" width=\"200\" height=\"134\" \/><\/p>\n<p><strong>FOTORREALISMO E CRIATIVIDADE<\/strong><\/p>\n<p>A t\u00e9cnica de HDR h\u00e1 muito que est\u00e1 conotada com imagens surrealistas e hiperrealistas, mas, presentemente, tamb\u00e9m permite resultados fotorrealistas \u2014 pr\u00f3ximos do que se observa a olho nu \u2014, uma abordagem que assume um lugar de destaque nesta obra. Todavia, independentemente do objectivo, as r\u00e9deas da criatividade pertencer\u00e3o sempre ao leitor, agora com um forte aliado: o FOTOhdr que tem entre m\u00e3os.<\/p>\n<p><img loading=\"lazy\" decoding=\"async\" class=\"alignnone size-full wp-image-166\" src=\"https:\/\/fotografiaportugal.pt\/site\/wp-content\/uploads\/2015\/03\/02-FOTOGRAFIA_foto-autor.jpg\" alt=\"02 - FOTOGRAFIA_foto-autor\" width=\"180\" height=\"118\" \/><\/p>\n<p><strong>O AUTOR<\/strong><\/p>\n<p>Joel Santos nasceu em 1978, sendo licenciado e mestre em Economia. A paix\u00e3o pela fotografia desperta em 2003, com g\u00e9nese na macrofotografia a \u00e1gua e na fotografia de paisagem natural. Em 2004 ruma a Timor-Leste como docente da Universidade de Economia \u2013 uma experi\u00eancia de tr\u00eas anos que impulsionaria a sua apet\u00eancia pelo retrato espont\u00e2neo e pela reportagem de vida quotidiana.<\/p>\n<p>Em 2005 inicia a sua liga\u00e7\u00e3o ao mundo editorial, atrav\u00e9s da revista FotoDigital, sendo que, em 2007, ap\u00f3s o seu regresso a Portugal, assume, durante tr\u00eas anos, a direc\u00e7\u00e3o da revista O Mundo da Fotografia Digital. Em 2009, durante praticamente um ano, acumula o cargo anterior com o de coordena\u00e7\u00e3o editorial de todas as publica\u00e7\u00f5es de tecnologia da Goody. Desde 2010 \u00e9 colunista regular da revista Vis\u00e3o, publicando cr\u00f3nicas e fotografias. Nos \u00faltimos nove anos, entre revistas nacionais e estrangeiras, publicou centenas de artigos e imagens, protagonizando mais de quatro dezenas de capas e artigos centrais, nomeadamente na National Geographic Adventures.<\/p>\n<p>Em 2007 escreve o livro Fotografia Digital com Adobe Photoshop Lightroom, em 2010 o livro best seller FOTOgrafia: Luz, Exposi\u00e7\u00e3o, Composi\u00e7\u00e3o, Equipamento e Dicas para Fotografar em Portugal, em 2011 o livro India \u2013 A Cor do Contraste \/ The Color of Contrast, em 2012 o livro FOTOpad e, em 2013, o livro FOTOedi\u00e7\u00e3o: O Guia Essencial de p\u00f3s-Produ\u00e7\u00e3o com Photoshop Lightroom e Adobe Camera Raw (todos publicados pela editora Centro Atl\u00e2ntico).<\/p>\n<p>Em Junho de 2012, ao abrigo do Ambassador Programme da Canon, \u00e9 nomeado Canon Explorer, assumindo o papel de embaixador desta marca na Europa e na regi\u00e3o do M\u00e9dio Oriente ao n\u00edvel da fotografia de Viagem, Natureza e Retrato.<\/p>\n<p>Com a ag\u00eancia de viagens Papa-L\u00e9guas, lidera viagens, workshops e cursos de fotografia em Portugal e por todo o mundo, aliando a vasta experi\u00eancia como viajante ao profundo gosto por comunicar e formar.<\/p>\n<p>Os seus trabalhos foram distinguidos com alguns dos mais prestigiados galard\u00f5es nacionais e internacionais de fotografia. Participou em m\u00faltiplas exposi\u00e7\u00f5es em Portugal e no estrangeiro.<\/p>\n<p>Como fot\u00f3grafo profissional, \u00e9 representado pela Aurora Photos, que tamb\u00e9m distribui os seus trabalhos na Getty Images e Corbis, sendo as suas imagens usadas \u00e0 escala global por empresas como a Canon Europa, Samsung, IKEA, organiza\u00e7\u00f5es de turismo, ag\u00eancias de publicidade e companhias de avia\u00e7\u00e3o, entre outras. Mostra os seus trabalhos em <a title=\"Joel Santos\" href=\"http:\/\/www.joelsantos.net\" target=\"_blank\" rel=\"noopener\">www.joelsantos.net<\/a><\/p>\n<p>&nbsp;<\/p>\n<h1 align=\"justify\"><b><span style=\"color: #6a77ab;\">COMENT\u00c1RIOS\/NOT\u00cdCIAS<\/span><\/b><\/h1>\n<p align=\"justify\">Obrigat\u00f3rio para os admiradores da fotografia.<br \/>\nFalar de fotografia em Portugal \u00e9 falar de Joel Santos, nome reconhecido\u00a0 tanto no nosso pa\u00eds como no estrangeiro.<br \/>\nNo entanto, o seu nome n\u00e3o se\u00a0 restringe a uma m\u00e1quina, mas tamb\u00e9m aos livros, j\u00e1 que \u00e9 autor de v\u00e1rias\u00a0 obras fundamentais na \u00e1rea. O mais recente \u00e9 \u00abFotoHDR \u2013 Fotografia e edi\u00e7\u00e3o\u00a0 de imagens em alta gama din\u00e2mica\u00bb, novamente editado pelo Centro Atl\u00e2ntico.<br \/>\n<i><b>Di\u00e1rio Digital<\/b>, 16 de Maio de 2014<\/i><\/p>\n<p align=\"justify\">Foi ao constatar que a t\u00e9cnica HDR conseguia ultrapassar defici\u00eancias da fotografia convencional, para reproduzir o que vemos com os nossos olhos, que Joel Santos resolveu oferecer nesta sua obra a explica\u00e7\u00e3o do que \u00e9 a\u00a0 fotografia HDR e sobretudo como se obt\u00e9m e como se trabalha com os principais programas de software para a sua edi\u00e7\u00e3o, ajudando o leitor a criar extraordin\u00e1rias imagens de alta gama din\u00e2mica, isto porque existem cenas cuja din\u00e2mica de luz observ\u00e1vel \u00e9 superior \u00e0quela que a c\u00e2mara consegue registar. O livro descreve portanto, passo-a-passo, como conseguir fotografias HDR a partir da capta\u00e7\u00e3o das imagens pelas c\u00e2maras digitais e do trabalho em computador. FOTOhdr inclui as imagens captadas e escolhidas para isso pelo autor Joel Santos numa admir\u00e1vel edi\u00e7\u00e3o da Centro Atl\u00e2ntico e que tal como os restantes livros deste extraordin\u00e1rio fot\u00f3grafo se encontra \u00e0 venda nas livrarias mais prestigiadas do pa\u00eds. Um livro a n\u00e3o perder para quem deseja conhecer ou estar presente na vanguarda da t\u00e9cnica fotogr\u00e1fica.<\/p>\n<p align=\"justify\"><i><b>Inform\u00e1tica para Todos<\/b> &#8211; programa de inform\u00e1tica para r\u00e1dios locais, por Gil<br \/>\nMontalverne, 5 Maio de 2014<\/i><\/p>\n","protected":false},"excerpt":{"rendered":"<p><em>Este livro aborda a t\u00e9cnica de HDR (High Dynamic Range), desde os seus fundamentos te\u00f3ricos, passando pelo registo das fotografias no terreno, at\u00e9 \u00e0 fase em que estas s\u00e3o combinadas e resultam numa imagem final de alta gama din\u00e2mica. Espera-o um novo mundo de luz e de extraordin\u00e1rias oportunidades fotogr\u00e1ficas.<\/em><\/p>\n<p><em>GUIA ESSENCIAL PARA A CRIA\u00c7\u00c3O DE FOTOGRAFIAS HDR, DO REGISTO NO TERRENO AT\u00c9 \u00c0 EDI\u00c7\u00c3O NO COMPUTADOR, AJUDANDO O LEITOR A EXPLORAR A LUZ COMO NUNCA ANTES E A CRIAR EXTRAORDIN\u00c1RIAS IMAGENS DE ALTA GAMA DIN\u00c2MICA<\/em><\/p>\n","protected":false},"featured_media":207,"comment_status":"closed","ping_status":"closed","template":"","meta":[],"product_brand":[],"product_cat":[146],"product_tag":[18,15,21,20],"class_list":{"0":"post-197","1":"product","2":"type-product","3":"status-publish","4":"has-post-thumbnail","6":"product_cat-joel-santos","7":"product_tag-edicao","8":"product_tag-fotografia","9":"product_tag-hdr","10":"product_tag-imagem","12":"first","13":"outofstock","14":"shipping-taxable","15":"purchasable","16":"product-type-simple"},"_links":{"self":[{"href":"https:\/\/fotografiaportugal.pt\/site\/wp-json\/wp\/v2\/product\/197","targetHints":{"allow":["GET"]}}],"collection":[{"href":"https:\/\/fotografiaportugal.pt\/site\/wp-json\/wp\/v2\/product"}],"about":[{"href":"https:\/\/fotografiaportugal.pt\/site\/wp-json\/wp\/v2\/types\/product"}],"replies":[{"embeddable":true,"href":"https:\/\/fotografiaportugal.pt\/site\/wp-json\/wp\/v2\/comments?post=197"}],"wp:featuredmedia":[{"embeddable":true,"href":"https:\/\/fotografiaportugal.pt\/site\/wp-json\/wp\/v2\/media\/207"}],"wp:attachment":[{"href":"https:\/\/fotografiaportugal.pt\/site\/wp-json\/wp\/v2\/media?parent=197"}],"wp:term":[{"taxonomy":"product_brand","embeddable":true,"href":"https:\/\/fotografiaportugal.pt\/site\/wp-json\/wp\/v2\/product_brand?post=197"},{"taxonomy":"product_cat","embeddable":true,"href":"https:\/\/fotografiaportugal.pt\/site\/wp-json\/wp\/v2\/product_cat?post=197"},{"taxonomy":"product_tag","embeddable":true,"href":"https:\/\/fotografiaportugal.pt\/site\/wp-json\/wp\/v2\/product_tag?post=197"}],"curies":[{"name":"wp","href":"https:\/\/api.w.org\/{rel}","templated":true}]}}