{"id":24197,"date":"2023-05-17T13:32:29","date_gmt":"2023-05-17T13:32:29","guid":{"rendered":"https:\/\/fotografiaportugal.pt\/site\/?post_type=product&#038;p=24197"},"modified":"2024-07-02T09:31:15","modified_gmt":"2024-07-02T09:31:15","slug":"os-dias-da-semana","status":"publish","type":"product","link":"https:\/\/fotografiaportugal.pt\/site\/shop\/livros\/os-dias-da-semana\/","title":{"rendered":"Os Dias da Semana"},"content":{"rendered":"<h1 class=\"product_title entry-title\">OS DIAS DA SEMANA<\/h1>\n<p><img loading=\"lazy\" decoding=\"async\" class=\"alignnone size-full wp-image-24198\" src=\"https:\/\/fotografiaportugal.pt\/site\/wp-content\/uploads\/2023\/05\/capa_OsDiasdaSemana_600px.jpg\" alt=\"\" width=\"594\" height=\"600\" srcset=\"https:\/\/fotografiaportugal.pt\/site\/wp-content\/uploads\/2023\/05\/capa_OsDiasdaSemana_600px.jpg 594w, https:\/\/fotografiaportugal.pt\/site\/wp-content\/uploads\/2023\/05\/capa_OsDiasdaSemana_600px-297x300.jpg 297w, https:\/\/fotografiaportugal.pt\/site\/wp-content\/uploads\/2023\/05\/capa_OsDiasdaSemana_600px-416x420.jpg 416w\" sizes=\"auto, (max-width: 594px) 100vw, 594px\" \/><\/p>\n<p>Autor: Pedro Cotrim<\/p>\n<p>Ilustra\u00e7\u00e3o: Soraia Oliveira<\/p>\n<p>Cole\u00e7\u00e3o: InfantoJuvenil<\/p>\n<p>1.\u00aa edi\u00e7\u00e3o: Maio de 2023<\/p>\n<p>ISBN: 978-989-615-240-6<\/p>\n<p>P\u00e1gs.: 36 (a cores; capa dura)<\/p>\n","protected":false},"excerpt":{"rendered":"<p>Vem desvendar com o Raul os mist\u00e9rios que se escondem nos nomes dos dias da semana. Navega entre as estrelas, cumprimenta os astros e passeia no mundo dos deuses romanos e n\u00f3rdicos! Faz uma viagem espantosa pelo conhecimento para encontrar a resposta \u00e0 pergunta, tantas vezes formulada por crian\u00e7as e adultos: porque \u00e9 que os dias da semana t\u00eam nomes t\u00e3o diferentes em portugu\u00eas?<\/p>\n","protected":false},"featured_media":24198,"comment_status":"closed","ping_status":"closed","template":"","meta":[],"product_brand":[],"product_cat":[130,7,103,180],"product_tag":[],"class_list":{"0":"post-24197","1":"product","2":"type-product","3":"status-publish","4":"has-post-thumbnail","6":"product_cat-especial-braga","7":"product_cat-livros","8":"product_cat-livros-capa-dura-luxo","9":"product_cat-natal","11":"first","12":"instock","13":"sale","14":"shipping-taxable","15":"purchasable","16":"product-type-simple"},"_links":{"self":[{"href":"https:\/\/fotografiaportugal.pt\/site\/wp-json\/wp\/v2\/product\/24197","targetHints":{"allow":["GET"]}}],"collection":[{"href":"https:\/\/fotografiaportugal.pt\/site\/wp-json\/wp\/v2\/product"}],"about":[{"href":"https:\/\/fotografiaportugal.pt\/site\/wp-json\/wp\/v2\/types\/product"}],"replies":[{"embeddable":true,"href":"https:\/\/fotografiaportugal.pt\/site\/wp-json\/wp\/v2\/comments?post=24197"}],"wp:featuredmedia":[{"embeddable":true,"href":"https:\/\/fotografiaportugal.pt\/site\/wp-json\/wp\/v2\/media\/24198"}],"wp:attachment":[{"href":"https:\/\/fotografiaportugal.pt\/site\/wp-json\/wp\/v2\/media?parent=24197"}],"wp:term":[{"taxonomy":"product_brand","embeddable":true,"href":"https:\/\/fotografiaportugal.pt\/site\/wp-json\/wp\/v2\/product_brand?post=24197"},{"taxonomy":"product_cat","embeddable":true,"href":"https:\/\/fotografiaportugal.pt\/site\/wp-json\/wp\/v2\/product_cat?post=24197"},{"taxonomy":"product_tag","embeddable":true,"href":"https:\/\/fotografiaportugal.pt\/site\/wp-json\/wp\/v2\/product_tag?post=24197"}],"curies":[{"name":"wp","href":"https:\/\/api.w.org\/{rel}","templated":true}]}}