{"id":24208,"date":"2023-05-18T16:50:10","date_gmt":"2023-05-18T16:50:10","guid":{"rendered":"https:\/\/fotografiaportugal.pt\/site\/?post_type=product&#038;p=24208"},"modified":"2025-10-07T13:30:12","modified_gmt":"2025-10-07T13:30:12","slug":"castelos-maravilhas-de-portugal-castles-wonders-of-portugal-vol-ii","status":"publish","type":"product","link":"https:\/\/fotografiaportugal.pt\/site\/shop\/livros\/castelos-maravilhas-de-portugal-castles-wonders-of-portugal-vol-ii\/","title":{"rendered":"Castelos \u2013 Maravilhas de Portugal \/ Castles \u2013 Wonders of Portugal, Vol. II"},"content":{"rendered":"<p><img loading=\"lazy\" decoding=\"async\" class=\"alignnone size-full wp-image-24209\" src=\"https:\/\/fotografiaportugal.pt\/site\/wp-content\/uploads\/2023\/05\/capa_Castelos_Vol2_600px.jpg\" alt=\"\" width=\"456\" height=\"600\" srcset=\"https:\/\/fotografiaportugal.pt\/site\/wp-content\/uploads\/2023\/05\/capa_Castelos_Vol2_600px.jpg 456w, https:\/\/fotografiaportugal.pt\/site\/wp-content\/uploads\/2023\/05\/capa_Castelos_Vol2_600px-228x300.jpg 228w, https:\/\/fotografiaportugal.pt\/site\/wp-content\/uploads\/2023\/05\/capa_Castelos_Vol2_600px-416x547.jpg 416w\" sizes=\"auto, (max-width: 456px) 100vw, 456px\" \/><\/p>\n<p><strong>Castelos \u2013 Maravilhas de Portugal \/ Castles \u2013 Wonders of Portugal<\/strong>, Vol.<strong> II<\/strong><\/p>\n<p><strong><b>Fotografia \/\u00a0<em>Photography<\/em>:\u00a0<\/b><\/strong>Lib\u00f3rio Manuel Silva<\/p>\n<p><strong><b>Texto \/\u00a0<em>Text<\/em>:\u00a0<\/b><\/strong>Miguel Gomes Martins<\/p>\n<p><strong><b>Pref\u00e1cio<\/b><\/strong>\u00a0\/\u00a0<strong><em><b><i>Foreword<\/i><\/b><\/em><\/strong>: M\u00e1rio Jorge Barroca<\/p>\n<p><strong><b>Tradu\u00e7\u00e3o e revis\u00e3o da tradu\u00e7\u00e3o \/\u00a0<em><i>English translation<\/i><\/em>:\u00a0<\/b><\/strong>David Hardisty e Margarida Fernandes<\/p>\n<p><strong><b>P\u00e1g.s<\/b><\/strong>: 164 (a cores; capa dura com sobrecapa, formato 24,8 cm * 32,3 cm * 2 cm; 1,5 Kg)<\/p>\n<p><strong><b>1.\u00aa Edi\u00e7\u00e3o<\/b><\/strong>\u00a0\/\u00a0<strong><em><b><i>1st Edition<\/i><\/b><\/em><\/strong>: maio 2023<\/p>\n<p><strong><b>ISBN<\/b><\/strong>: 978-989-615-238-3<\/p>\n<p><strong><b>Editora \/\u00a0<em><i>Published by<\/i><\/em><\/b><\/strong>: Centro Atl\u00e2ntico, Lda.<\/p>\n<h4>\u201cN\u00c3O TENHA O LEITOR A MENOR D\u00daVIDA: FOI \u00c0 SOMBRA DESTAS FORTIFICA\u00c7\u00d5ES QUE SE ESCREVEU GRANDE PARTE DA SECULAR HIST\u00d3RIA PORTUGUESA.\u201d<\/h4>\n<h4>\/<\/h4>\n<h4>\u201cTHE READER SHOULD BE IN NO DOUBT: IT WAS IN THE SHADOW OF THESE FORTIFICATIONS THAT MUCH OF THE LONG PORTUGUESE HISTORY WAS WRITTEN.\u201d<\/h4>\n<p><img loading=\"lazy\" decoding=\"async\" class=\"alignnone size-full wp-image-24210\" src=\"https:\/\/fotografiaportugal.pt\/site\/wp-content\/uploads\/2023\/05\/capa3D_Castelos_Vol2_1250px.jpg\" alt=\"\" width=\"1250\" height=\"926\" srcset=\"https:\/\/fotografiaportugal.pt\/site\/wp-content\/uploads\/2023\/05\/capa3D_Castelos_Vol2_1250px.jpg 1250w, https:\/\/fotografiaportugal.pt\/site\/wp-content\/uploads\/2023\/05\/capa3D_Castelos_Vol2_1250px-300x222.jpg 300w, https:\/\/fotografiaportugal.pt\/site\/wp-content\/uploads\/2023\/05\/capa3D_Castelos_Vol2_1250px-1024x759.jpg 1024w, https:\/\/fotografiaportugal.pt\/site\/wp-content\/uploads\/2023\/05\/capa3D_Castelos_Vol2_1250px-416x308.jpg 416w\" sizes=\"auto, (max-width: 1250px) 100vw, 1250px\" \/><\/p>\n<h2>DESCRI\u00c7\u00c3O<\/h2>\n<p>\u201cOs castelos foram a maior e mais original inova\u00e7\u00e3o que a Idade M\u00e9dia nos legou. Nenhuma outra estrutura arquitect\u00f3nica medieval \u00e9 capaz de convocar tantos e t\u00e3o diversificados sentimentos nos seus visitantes como um castelo. Entrar num castelo desperta uma irreprim\u00edvel vontade de compreender a sua hist\u00f3ria, enquanto monumento singular, mas tamb\u00e9m de perceber o papel que ele desempenhou na hist\u00f3ria colectiva de todos n\u00f3s. Pensar o local, mas n\u00e3o esquecer o geral ou global\u2026<\/p>\n<p>O livro que o leitor tem entre m\u00e3os \u00e9 o segundo que Miguel Gomes Martins e Lib\u00f3rio Manuel Silva dedicam aos castelos portugueses. Ao primeiro, autor de vasta obra no \u00e2mbito da Hist\u00f3ria Militar, ficamos a dever as not\u00edcias hist\u00f3ricas que ajudam o visitante a conhecer melhor o passado das estruturas. Ao segundo devemos as belas fotografias que ajudam a perceber a enorme riqueza da nossa arquitectura militar, despertando, certamente, ao leitor uma irresist\u00edvel vontade de percorrer, uma a uma, as vinte estruturas aqui abordadas.<\/p>\n<p>\/<\/p>\n<p>Castles are the greatest and most original innovation bequeathed to us from the Middle Ages. No other medieval architectural structure is capable of evoking such diverse feelings in its visitors as a castle. Entering a castle awakens an irrepressible desire to understand its history, as a unique monument but also to understand the role it played in our collective history. Thinking local, but not forgetting the general or the global\u2026<\/p>\n<p>The book you are holding in your hands is the second by Miguel Gomes Martins and Lib\u00f3rio Manuel Silva on Portuguese castles. To the former, the author of a vast work in the field of Military History, we owe the historical background which helps visitors to better understand the past contained within the structures. To the latter, we owe the beautiful photographs that help us to understand the enormous richness of military architecture in Portugal, that will certainly arouse in the reader an irresistible desire to go, one by one, to the twenty structures discussed here.\u201d<\/p>\n<p style=\"text-align: right;\">Prof. Doutor\u00a0<strong>M\u00e1rio Jorge Barroca<\/strong><\/p>\n<p><strong><b>Castelos Maravilhas de Portugal <\/b><\/strong>\u00e9 uma marca registada pela editora Centro Atl\u00e2ntico \/ <em><i>is a registered trademark of Centro Atl\u00e2ntico.<\/i><\/em><\/p>\n<p>Prazo de entrega: 8 dias \u00fateis (portes gratuitos).<\/p>\n","protected":false},"excerpt":{"rendered":"<p>\u201c<strong>N\u00e3o tenha o leitor a menor d\u00favida: foi \u00e0 sombra destas fortifica\u00e7\u00f5es que se escreveu grande parte da secular hist\u00f3ria portuguesa.<\/strong>\u201d\u00a0\/ \u201c<strong>The reader should be in no doubt: it was in the shadow of these fortifications that much of the long portuguese history was written.<\/strong>\u201d<\/p>\n<p>Livro\u00a0\u00ab<strong>Castelos \u2013 Maravilhas de Portugal \/ Castles \u2013 Wonders of Portugal<\/strong>\u00bb, Vol. <strong>II<\/strong>, em edi\u00e7\u00e3o <strong>bilingue<\/strong> (em <u>portugu\u00eas<\/u> e em <u>ingl\u00eas<\/u>), em <strong>formato de luxo<\/strong> (capa dura, impress\u00e3o a cores em papel couch\u00e9 silk <strong>170\u00a0<\/strong>grs., formato <strong>24,8 * 32,3<\/strong>\u00a0cm), com\u00a0<strong>164 <\/strong>p\u00e1ginas. <strong>Portes gratuitos<\/strong>\u00a0de envio para qualquer morada em Portugal.\u00a0<strong>Oferta<\/strong> de marcadores de livros.<\/p>\n","protected":false},"featured_media":24209,"comment_status":"closed","ping_status":"closed","template":"","meta":[],"product_brand":[],"product_cat":[185,181,7,103,180,138,147],"product_tag":[215,217,216,218],"class_list":{"0":"post-24208","1":"product","2":"type-product","3":"status-publish","4":"has-post-thumbnail","6":"product_cat-best-sellers-para-turistas-for-tourists","7":"product_cat-liborio-manuel-silva","8":"product_cat-livros","9":"product_cat-livros-capa-dura-luxo","10":"product_cat-natal","11":"product_cat-photography-of-portugal","12":"product_cat-top-10","13":"product_tag-castelos","14":"product_tag-castles","15":"product_tag-maravilhas-de-portugal","16":"product_tag-wonders-of-portugal","18":"first","19":"instock","20":"sale","21":"shipping-taxable","22":"purchasable","23":"product-type-simple"},"_links":{"self":[{"href":"https:\/\/fotografiaportugal.pt\/site\/wp-json\/wp\/v2\/product\/24208","targetHints":{"allow":["GET"]}}],"collection":[{"href":"https:\/\/fotografiaportugal.pt\/site\/wp-json\/wp\/v2\/product"}],"about":[{"href":"https:\/\/fotografiaportugal.pt\/site\/wp-json\/wp\/v2\/types\/product"}],"replies":[{"embeddable":true,"href":"https:\/\/fotografiaportugal.pt\/site\/wp-json\/wp\/v2\/comments?post=24208"}],"wp:featuredmedia":[{"embeddable":true,"href":"https:\/\/fotografiaportugal.pt\/site\/wp-json\/wp\/v2\/media\/24209"}],"wp:attachment":[{"href":"https:\/\/fotografiaportugal.pt\/site\/wp-json\/wp\/v2\/media?parent=24208"}],"wp:term":[{"taxonomy":"product_brand","embeddable":true,"href":"https:\/\/fotografiaportugal.pt\/site\/wp-json\/wp\/v2\/product_brand?post=24208"},{"taxonomy":"product_cat","embeddable":true,"href":"https:\/\/fotografiaportugal.pt\/site\/wp-json\/wp\/v2\/product_cat?post=24208"},{"taxonomy":"product_tag","embeddable":true,"href":"https:\/\/fotografiaportugal.pt\/site\/wp-json\/wp\/v2\/product_tag?post=24208"}],"curies":[{"name":"wp","href":"https:\/\/api.w.org\/{rel}","templated":true}]}}