{"id":24445,"date":"2023-06-06T19:00:37","date_gmt":"2023-06-06T19:00:37","guid":{"rendered":"https:\/\/fotografiaportugal.pt\/site\/?post_type=product&#038;p=24445"},"modified":"2024-07-02T09:28:21","modified_gmt":"2024-07-02T09:28:21","slug":"douro-maravilhas-do-patrimonio-heritage-wonders-vol-ii","status":"publish","type":"product","link":"https:\/\/fotografiaportugal.pt\/site\/shop\/livros\/douro-maravilhas-do-patrimonio-heritage-wonders-vol-ii\/","title":{"rendered":"DOURO \u2013 Maravilhas do Patrim\u00f3nio \/ Heritage Wonders, Vol. II"},"content":{"rendered":"<p><img loading=\"lazy\" decoding=\"async\" class=\"alignnone size-full wp-image-24446\" src=\"https:\/\/fotografiaportugal.pt\/site\/wp-content\/uploads\/2023\/06\/k_Douro_Vol2_600px.jpg\" alt=\"\" width=\"400\" height=\"600\" srcset=\"https:\/\/fotografiaportugal.pt\/site\/wp-content\/uploads\/2023\/06\/k_Douro_Vol2_600px.jpg 400w, https:\/\/fotografiaportugal.pt\/site\/wp-content\/uploads\/2023\/06\/k_Douro_Vol2_600px-200x300.jpg 200w\" sizes=\"auto, (max-width: 400px) 100vw, 400px\" \/><\/p>\n<p><strong>DOURO \u2013 Maravilhas do Patrim\u00f3nio \/ Heritage Wonders<\/strong>, Volume<strong> II<\/strong><\/p>\n<table id=\"table190\" border=\"0\" width=\"100%\" cellspacing=\"0\">\n<tbody>\n<tr>\n<td valign=\"top\" width=\"97%\"><small>Autor:<\/small>\u00a0Lib\u00f3rio Manuel Silva<\/td>\n<\/tr>\n<tr>\n<td valign=\"top\" width=\"97%\"><small>Cole\u00e7\u00e3o:<\/small>\u00a0Bolso<\/td>\n<\/tr>\n<tr>\n<td width=\"97%\"><small>P\u00e1gs:\u00a0<\/small>288 (a cores; capa dura; formato 14,5 cm * 21,8 cm * 2,6 cm)<\/td>\n<\/tr>\n<tr>\n<td width=\"97%\"><small>ISBN:<\/small>\u00a0978-989-615-239-0<\/td>\n<\/tr>\n<tr>\n<td width=\"97%\"><small>1.\u00aa edi\u00e7\u00e3o:<\/small> Maio\/2023<\/td>\n<\/tr>\n<\/tbody>\n<\/table>\n<h2>DESCRI\u00c7\u00c3O<\/h2>\n<p>Este livro \u00e9 uma obra invulgar. \u00c9, simultaneamente, a vers\u00e3o de bolso e o volume II de uma edi\u00e7\u00e3o anterior, que resulta de um prolongamento da pesquisa e explora\u00e7\u00e3o do melhor patrim\u00f3nio do Douro. Enquanto vers\u00e3o de bolso, inclui todas as maravilhas reveladas originalmente, mas agora num formato mais f\u00e1cil de transportar e de manusear. Como volume II, al\u00e9m de n\u00e3o repetir nenhuma imagem das apresentadas inicialmente, tem a vantagem adicional de incluir mais de cinquenta novas maravilhas \u2013 da gastronomia regional aos pelourinhos manuelinos, dos marcos pombalinos \u00e0s fortifica\u00e7\u00f5es medievais, da arquitectura rococ\u00f3 \u00e0 do\u00e7aria tradicional, dos revestimentos azulejares aos solares barrocos \u2013 distinguidas pela cor desigual nas legendas das respectivas fotografias.<\/p>\n<p>Caso o leitor j\u00e1 possua a edi\u00e7\u00e3o original, poder\u00e1 tamb\u00e9m apreciar as vantagens deste novo volume. Notar\u00e1 que n\u00e3o tem agora o formato de\u00a0<em>beau-livre\u00a0<\/em>do volume I nem o pref\u00e1cio do grande romancista J. Rentes de Carvalho, e, como tal, ambas as edi\u00e7\u00f5es se complementam. \u00c9 assim tamb\u00e9m o Douro: sempre novo e sempre diferente, e em que cada viagem, mesmo que pelas p\u00e1ginas de um livro, garante uma experi\u00eancia irrepet\u00edvel e preciosamente entusiasmante.<\/p>\n<p>Boas leituras, boas viagens!<\/p>\n<p>\/<\/p>\n<p>This book is an unusual work. It is both the pocket-sized version and the second volume of a previous edition, the result of extended research into the heritage of the Douro. As a pocket version, it includes all the marvels previously revealed but in a much more transportable user-friendly format. As Volume II, it not only avoids reproducing any of the images presented earlier, but also has the advantage of including over fifty more marvels \u2013 from regional gastronomy to Manueline pillories, Pombaline milestones and Medieval fortifications, Rococo architecture and traditional confectionary, decorative tiling and Baroque manor houses \u2013 with photographs distinguished by the colour of their captions.<\/p>\n<p>If you already have the original edition, you can also appreciate the advantages of this new volume. You will note that it no longer has the large coffee-table book format of Volume 1, nor the preface by novelist J. Rentes de Carvalho. As such, the two editions are complementary, just like the Douro itself \u2013 which is always new, always different; and in which each journey, like the journey through the pages of the book, offers a thrilling and unrepeatable experience.<\/p>\n<p>Enjoy the book!\u00a0<em>Bon Voyage<\/em>!<\/p>\n","protected":false},"excerpt":{"rendered":"<p>Douro: sempre novo e sempre diferente, e em que cada viagem, mesmo que pelas p\u00e1ginas de um livro, garante uma experi\u00eancia irrepet\u00edvel e preciosamente entusiasmante.<\/p>\n<p>Portes gratuitos no envio para qualquer morada em Portugal.<\/p>\n","protected":false},"featured_media":24447,"comment_status":"closed","ping_status":"closed","template":"","meta":[],"product_brand":[],"product_cat":[185,279,181,7,103,180,138,147],"product_tag":[256,257,258,259,260,261,212,262,263,264,265,266,267,268,269,270,231,271,272,273,274,275,276,277],"class_list":{"0":"post-24445","1":"product","2":"type-product","3":"status-publish","4":"has-post-thumbnail","6":"product_cat-best-sellers-para-turistas-for-tourists","7":"product_cat-douro","8":"product_cat-liborio-manuel-silva","9":"product_cat-livros","10":"product_cat-livros-capa-dura-luxo","11":"product_cat-natal","12":"product_cat-photography-of-portugal","13":"product_cat-top-10","14":"product_tag-alijo","15":"product_tag-armamar","16":"product_tag-baiao","17":"product_tag-carrazeda-de-ansiaes","18":"product_tag-castelo-de-paiva","19":"product_tag-cinfaes","20":"product_tag-figueira-de-castelo-rodrigo","21":"product_tag-freixo-de-espada-a-cinta","22":"product_tag-gondomar","23":"product_tag-lamego","24":"product_tag-marco-de-canaveses","25":"product_tag-mesao-frio","26":"product_tag-miranda-do-douro","27":"product_tag-mogadouro","28":"product_tag-penafiel","29":"product_tag-peso-da-regua","30":"product_tag-porto","31":"product_tag-resende","32":"product_tag-sabrosa","33":"product_tag-sao-joao-da-pesqueira","34":"product_tag-tabuaco","35":"product_tag-torre-de-moncorvo","36":"product_tag-vila-nova-de-foz-coa","37":"product_tag-vila-nova-de-gaia","39":"first","40":"instock","41":"sale","42":"shipping-taxable","43":"purchasable","44":"product-type-simple"},"_links":{"self":[{"href":"https:\/\/fotografiaportugal.pt\/site\/wp-json\/wp\/v2\/product\/24445","targetHints":{"allow":["GET"]}}],"collection":[{"href":"https:\/\/fotografiaportugal.pt\/site\/wp-json\/wp\/v2\/product"}],"about":[{"href":"https:\/\/fotografiaportugal.pt\/site\/wp-json\/wp\/v2\/types\/product"}],"replies":[{"embeddable":true,"href":"https:\/\/fotografiaportugal.pt\/site\/wp-json\/wp\/v2\/comments?post=24445"}],"wp:featuredmedia":[{"embeddable":true,"href":"https:\/\/fotografiaportugal.pt\/site\/wp-json\/wp\/v2\/media\/24447"}],"wp:attachment":[{"href":"https:\/\/fotografiaportugal.pt\/site\/wp-json\/wp\/v2\/media?parent=24445"}],"wp:term":[{"taxonomy":"product_brand","embeddable":true,"href":"https:\/\/fotografiaportugal.pt\/site\/wp-json\/wp\/v2\/product_brand?post=24445"},{"taxonomy":"product_cat","embeddable":true,"href":"https:\/\/fotografiaportugal.pt\/site\/wp-json\/wp\/v2\/product_cat?post=24445"},{"taxonomy":"product_tag","embeddable":true,"href":"https:\/\/fotografiaportugal.pt\/site\/wp-json\/wp\/v2\/product_tag?post=24445"}],"curies":[{"name":"wp","href":"https:\/\/api.w.org\/{rel}","templated":true}]}}