{"id":2447,"date":"2016-02-25T12:03:42","date_gmt":"2016-02-25T12:03:42","guid":{"rendered":"http:\/\/fotografiaportugal.pt\/site\/?post_type=product&#038;p=2447"},"modified":"2017-12-15T18:11:47","modified_gmt":"2017-12-15T18:11:47","slug":"india-a-cor-do-contraste-the-color-of-contrast","status":"publish","type":"product","link":"https:\/\/fotografiaportugal.pt\/site\/shop\/joel-santos\/india-a-cor-do-contraste-the-color-of-contrast\/","title":{"rendered":"INDIA \u2013 A Cor do Contraste \/ The Color of Contrast"},"content":{"rendered":"<p><img loading=\"lazy\" decoding=\"async\" class=\"alignnone size-medium wp-image-2449\" src=\"https:\/\/fotografiaportugal.pt\/site\/wp-content\/uploads\/2016\/02\/capa-livro-ca-india-acordocontraste-BR-197x300.jpg\" alt=\"Untitled-1\" width=\"197\" height=\"300\" srcset=\"https:\/\/fotografiaportugal.pt\/site\/wp-content\/uploads\/2016\/02\/capa-livro-ca-india-acordocontraste-BR-197x300.jpg 197w, https:\/\/fotografiaportugal.pt\/site\/wp-content\/uploads\/2016\/02\/capa-livro-ca-india-acordocontraste-BR.jpg 674w, https:\/\/fotografiaportugal.pt\/site\/wp-content\/uploads\/2016\/02\/capa-livro-ca-india-acordocontraste-BR-66x100.jpg 66w, https:\/\/fotografiaportugal.pt\/site\/wp-content\/uploads\/2016\/02\/capa-livro-ca-india-acordocontraste-BR-122x186.jpg 122w\" sizes=\"auto, (max-width: 197px) 100vw, 197px\" \/><\/p>\n<p><strong>INDIA<\/strong><\/p>\n<p>A Cor do Contraste \/ The Color of Contrast<\/p>\n<p>Autor\/Author:\u00a0 Joel Santos<\/p>\n<p>P\u00e1g.\/Pages: 160<\/p>\n<p>ISBN: 978-989-615-144-7<\/p>\n<p>Edi\u00e7\u00e3o\/Edition:\u00a0 Sept. 2011<\/p>\n<p>PVP\/Price: <del>29,99 EUR<\/del><\/p>\n<p>A \u00cdndia \u00e9 o trapo e a seda, o pobre e o bom ber\u00e7o, a mon\u00e7\u00e3o e a seca, o picante e o sabor suave, o mau odor e o perfume, o negrume e a luminosidade, a crueldade e a humanidade, as l\u00e1grimas e os sorrisos, a descren\u00e7a e a esperan\u00e7a, as rugas e a juventude, o confronto e a paz, o caos e a harmonia.<\/p>\n<p>A \u00cdndia \u00e9 o contraste, ensinando-nos a mais forte das li\u00e7\u00f5es de vida, modificando-nos para sempre, redesenhando a nossa realidade e fazendo-nos perceber que temos tudo, mesmo tudo, sem o saber.<\/p>\n<p>India is rags and riches, the poor and the silver spoons, the monsoon and the drought, hot spices and gentle flavours, stenches and aromas, gloom and light, cruelty and humanity, tears and smiles, disbelief and hope, wrinkles and youth, conflict and peace, chaos and harmony.<\/p>\n<p>It is the land of contrasts, teaching us our most influential lessons in life, changing us forever and redesigning our reality until it dawns on us that we have everything, absolutely everything, without even realising it.<\/p>\n<p><iframe loading=\"lazy\" src=\"https:\/\/www.youtube.com\/embed\/tN8jPfNT0MQ\" width=\"560\" height=\"315\" frameborder=\"0\" allowfullscreen=\"allowfullscreen\"><\/iframe><\/p>\n<p><strong>INDIA &#8211; The Color of Contrast (A Cor do Contraste)<\/strong><\/p>\n<p>A \u00cdndia \u00e9 o trapo e a seda, o pobre e o bom ber\u00e7o, a mon\u00e7\u00e3o e a seca, o picante e o sabor suave, o mau odor e o perfume, o negrume e a luminosidade, a crueldade e a humanidade, as l\u00e1grimas e o sorriso, a descren\u00e7a e a esperan\u00e7a, as rugas e a juventude, o confronto e a paz, o caos e a harmonia. A \u00cdndia \u00e9 o contraste.<\/p>\n<p>A \u00cdndia \u00e9 a mais forte das li\u00e7\u00f5es de vida, modificando-nos para sempre, redesenhando a nossa realidade e fazendo-nos perceber que temos tudo, mesmo tudo, sem o saber. \u00c9 a redescoberta do nosso interior atrav\u00e9s dos outros, numa jornada imaterial guiada pela energia que emana dos deuses, dos seres vivos e da mais comum das pedras. \u00c9 o reposicionar dos pesos na balan\u00e7a da vida, na procura constante pelo equil\u00edbrio. A \u00cdndia s\u00e3o as pessoas.<\/p>\n<p>A \u00cdndia \u00e9 incr\u00edvel, transcendente e exuberante. \u00c9 uma hip\u00e9rbole em permanente redefini\u00e7\u00e3o, escrita pela magia da natureza e pela criatividade do esp\u00edrito humano. \u00c9 uma inebriante sobrecarga dos sentidos, a qual n\u00e3o se consegue descrever, mas que se sente de forma fe\u00e9rica. \u00c9 uma paleta de tonalidades t\u00e3o vasta quanto o universo. A \u00cdndia \u00e9 a cor.<\/p>\n<p>Este livro \u00e9 a materializa\u00e7\u00e3o desta vis\u00e3o sobre a \u00cdndia, eminentemente humana e intimista, pretendendo percorrer os cinco sentidos atrav\u00e9s de momentos esculpidos pela luz.<\/p>\n<p>\u00c9 uma viagem profunda pela cor do contraste, aquela que deu vida \u00e0 \u00cdndia que eu senti e que aqui tenho o privil\u00e9gio de partilhar.<\/p>\n<p><img loading=\"lazy\" decoding=\"async\" class=\"alignnone size-medium wp-image-2450\" src=\"https:\/\/fotografiaportugal.pt\/site\/wp-content\/uploads\/2016\/02\/cabecalho_INDIA-300x58.gif\" alt=\"cabecalho_INDIA\" width=\"300\" height=\"58\" srcset=\"https:\/\/fotografiaportugal.pt\/site\/wp-content\/uploads\/2016\/02\/cabecalho_INDIA-300x58.gif 300w, https:\/\/fotografiaportugal.pt\/site\/wp-content\/uploads\/2016\/02\/cabecalho_INDIA-768x149.gif 768w, https:\/\/fotografiaportugal.pt\/site\/wp-content\/uploads\/2016\/02\/cabecalho_INDIA-100x19.gif 100w, https:\/\/fotografiaportugal.pt\/site\/wp-content\/uploads\/2016\/02\/cabecalho_INDIA-780x151.gif 780w\" sizes=\"auto, (max-width: 300px) 100vw, 300px\" \/><\/p>\n<p>India is rags and riches, the poor and the silver spoons, the monsoon and the drought, hot spices and gentle fl avours, stenches and aromas, gloom and light, cruelty and humanity, tears and smiles, disbelief and hope, wrinkles and youth, conflict and peace, chaos and harmony. India is contrast.<\/p>\n<p>India is the most influential lesson in life, modifying us forever, redesigning our reality until it dawns on us that we have everything, absolutely everything, without even realising it. It is the rediscovery of our inner self through others, on a spiritual journey guided by the energy that emanates from the gods, from living beings and from the stones themselves. It is the readjustment of the weights on the scales of life, in the constant search for balance. India is the people.<\/p>\n<p>India is incredible, transcendent and exuberant. It is a hyperbole that is constantly being redefined, written by the magic of nature and the creativity of the human spirit. It is an inebriating sensory overload, which is indescribable, yet is utterly enchanting. It is a palette of hues as vast as the universe. India is color.<\/p>\n<p>This book is the materialisation of this vision of India, so eminently human and intimate, which aims to cover the five senses through moments sculpted by light. It is a voyage through the color of contrast, which gave life to the India I felt and which I have the privilege of sharing with you here.<\/p>\n<p>Ver tamb\u00e9m\u00a0<strong><a href=\"https:\/\/fotografiaportugal.pt\/site\/categoria-produto\/joel-santos\/\">Especial Joel Santos<\/a><\/strong>, com <strong>livros<\/strong> e <strong>fotografias do autor<b>.<\/b><\/strong><\/p>\n<p><strong>NOT\u00cdCIAS<\/strong><\/p>\n<p>Ser\u00e1 poss\u00edvel viajar sem sairmos do mesmo lugar?<\/p>\n<p><img loading=\"lazy\" decoding=\"async\" class=\"alignnone size-medium wp-image-2457\" src=\"https:\/\/fotografiaportugal.pt\/site\/wp-content\/uploads\/2016\/02\/noticia-nov2012-300x200.jpg\" alt=\"noticia-nov2012\" width=\"300\" height=\"200\" srcset=\"https:\/\/fotografiaportugal.pt\/site\/wp-content\/uploads\/2016\/02\/noticia-nov2012-300x200.jpg 300w, https:\/\/fotografiaportugal.pt\/site\/wp-content\/uploads\/2016\/02\/noticia-nov2012-100x67.jpg 100w, https:\/\/fotografiaportugal.pt\/site\/wp-content\/uploads\/2016\/02\/noticia-nov2012-279x186.jpg 279w, https:\/\/fotografiaportugal.pt\/site\/wp-content\/uploads\/2016\/02\/noticia-nov2012.jpg 350w\" sizes=\"auto, (max-width: 300px) 100vw, 300px\" \/><\/p>\n<p>Neste programa Autores falamos das viagens feitas atrav\u00e9s das cr\u00f3nicas e das imagens captadas.<br \/>\nCuriosos pelo mundo e sempre com um esp\u00edrito de descobridores, Joel Santos, fot\u00f3grafo, e Tiago Salazar, jornalista, falam-nos das viv\u00eancias, ra\u00edzes e pessoas de outros lugares.<br \/>\nO que enriquece o nosso mundo quando se acrescenta um novo olhar?<br \/>\nA diversidade cultural, a cor dos lugares distantes e os relatos das hist\u00f3rias dos outros, s\u00e3o as mem\u00f3rias que preenchem a bagagem de m\u00e3o destes nossos dois viajantes.<\/p>\n<p style=\"text-align: right;\"><strong><em>Programa Autores, TVI<\/em><\/strong><em>, 16 de Novembro de 2012<\/em><\/p>\n<p>Foi lan\u00e7ado no ano passado, mas \u00e9 um legado intemporal. O livro \u00abINDIA &#8211; A\u00a0 Cor do Contraste\u00bb marca, especialmente, por tr\u00eas motivos: pessoas, contraste e cor. O autor, Joel Santos, materializou a sua vis\u00e3o acerca de um pa\u00eds t\u00e3o fant\u00e1stico como a \u00cdndia, numa vers\u00e3o humana e intimista, atrav\u00e9s do contacto que teve com as suas cores, gentes, sentimentos, cheiros e viv\u00eancias, que o ajudaram, tamb\u00e9m, a ser a pessoa que \u00e9 hoje.<\/p>\n<p style=\"text-align: right;\"><strong><em>Superfoto Digital<\/em><\/strong><em>, Mar\u00e7o de 2012<\/em><\/p>\n<p><img loading=\"lazy\" decoding=\"async\" class=\"alignnone size-full wp-image-166\" src=\"https:\/\/fotografiaportugal.pt\/site\/wp-content\/uploads\/2015\/03\/02-FOTOGRAFIA_foto-autor.jpg\" alt=\"02 - FOTOGRAFIA_foto-autor\" width=\"180\" height=\"118\" \/><\/p>\n<p><strong><b>Joel Santos<\/b><\/strong> nasceu em 1978, sendo licenciado e mestre em Economia.<\/p>\n<p>A paix\u00e3o pela fotografia desperta em 2003, com g\u00e9nese na macrofotografia a \u00e1gua e na fotografia de paisagem natural. Em 2004 ruma a Timor-Leste como docente da Universidade de Economia, uma experi\u00eancia de tr\u00eas anos que impulsionaria a sua apet\u00eancia pelo retrato espont\u00e2neo e pela reportagem de vida quotidiana.<\/p>\n<p>Em 2005 inicia a sua liga\u00e7\u00e3o ao mundo editorial, atrav\u00e9s da revista <em><i>Fotodigital<\/i><\/em>, sendo que, em 2007, ap\u00f3s o seu regresso a Portugal, assume, durante tr\u00eas anos, a direc\u00e7\u00e3o da revista <em><i>O Mundo da Fotografia Digital<\/i><\/em>. Em 2009, durante praticamente um ano, acumula o cargo anterior com o de coordena\u00e7\u00e3o editorial de todas as publica\u00e7\u00f5es de tecnologia da editora Goody. Desde 2010 \u00e9 colunista regular da revista <em><i>Vis\u00e3o<\/i><\/em>, publicando cr\u00f3nicas e fotografias. Na \u00faltima d\u00e9cada, entre revistas nacionais e estrangeiras, publicou centenas de artigos e imagens, protagonizando mais de quatro dezenas de capas e artigos centrais, nomeadamente na <em><i>National Geographic Adventures<\/i><\/em>.<\/p>\n<p>Em 2007 escreve o livro <strong><b>Fotografia Digital com Adobe Photoshop Lightroom<\/b><\/strong>, em 2010 o livro <em><i>best-seller <\/i><\/em><strong><b>FOTOgrafia: Luz, Exposi\u00e7\u00e3o, Composi\u00e7\u00e3o, Equipamento e Dicas para Fotografar em Portugal<\/b><\/strong>, em 2011 o livro <strong><b>India \u2013 A Cor do Contraste \/ The Color of Contrast<\/b><\/strong>, em 2012 os livros <strong><b>FOTOpad<\/b><\/strong> e <strong><b>FOTOedi\u00e7\u00e3o: O Guia Essencial\u00a0 de p\u00f3s-Produ\u00e7\u00e3o com Photoshop Lightroom e Adobe Camera Raw<\/b><\/strong> e, em 2014, o livro <strong><b>FOTOhdr \u2013 Fotografia e Edi\u00e7\u00e3o de Imagens de Alta Gama Din\u00e2mica<\/b><\/strong> (todos publicados pela editora Centro Atl\u00e2ntico).<\/p>\n<p>Em 2010, depois de v\u00e1rios anos como formador institucional, cria o \u2018Curso de Inicia\u00e7\u00e3o \u00e0 Fotografia\u2019, o \u2018Curso Avan\u00e7ado de Fotografia\u2019 e o \u2018Curso de Edi\u00e7\u00e3o de Fotografia com Lightroom\u2019, entre outros <em><i>workshops<\/i><\/em> tem\u00e1ticos relacionados com fotografia. Em parceria com a ag\u00eancia de viagens Papa-L\u00e9guas, concebe e lidera viagens fotogr\u00e1ficas em Portugal e por todo o mundo, aliando a vasta experi\u00eancia como viajante ao gosto por comunicar e formar.<\/p>\n<p>Em Junho de 2012, ao abrigo do Ambassador Programme da Canon, \u00e9 nomeado <em><i>Canon Explorer<\/i><\/em>, assumindo o papel de embaixador desta marca na Europa e nas regi\u00f5es do M\u00e9dio Oriente e \u00c1frica ao n\u00edvel da fotografia de Viagem, Natureza e Retrato.<\/p>\n<p>Os seus trabalhos foram distinguidos com alguns dos mais prestigiados galard\u00f5es nacionais e internacionais de fotografia. Participa regularmente em m\u00faltiplas exposi\u00e7\u00f5es em Portugal e no estrangeiro.<\/p>\n<p>Como fot\u00f3grafo profissional, \u00e9 representado pela Aurora Photos, que tamb\u00e9m distribui os seus trabalhos na Getty Images e Corbis, sendo as suas imagens usadas \u00e0 escala global por empresas como a Canon Europa, Samsung, IKEA, Microsoft, ABC Studios, organiza\u00e7\u00f5es de turismo, ag\u00eancias de publicidade e companhias de avia\u00e7\u00e3o, entre outras.<\/p>\n<p>Mostra os seus trabalhos em <em><i><a href=\"http:\/\/www.joelsantos.net\" target=\"_blank\" rel=\"noopener\">www.joelsantos.net<\/a><\/i><\/em><\/p>\n","protected":false},"excerpt":{"rendered":"<p>A \u00cdndia \u00e9 o trapo e a seda, o pobre e o bom ber\u00e7o, a mon\u00e7\u00e3o e a seca, o picante e o sabor suave, o mau odor e o perfume, o negrume e a luminosidade, a crueldade e a humanidade, as l\u00e1grimas e os sorrisos, a descren\u00e7a e a esperan\u00e7a, as rugas e a juventude, o confronto e a paz, o caos e a harmonia.<\/p>\n<p>A \u00cdndia \u00e9 o contraste, ensinando-nos a mais forte das li\u00e7\u00f5es de vida, modificando-nos para sempre, redesenhando a nossa realidade e fazendo-nos perceber que temos tudo, mesmo tudo, sem o saber.<\/p>\n<p>India is rags and riches, the poor and the silver spoons, the monsoon and the drought, hot spices and gentle flavours, stenches and aromas, gloom and light, cruelty and humanity, tears and smiles, disbelief and hope, wrinkles and youth, conflict and peace, chaos and harmony.<\/p>\n<p>It is the land of contrasts, teaching us our most influential lessons in life, changing us forever and redesigning our reality until it dawns on us that we have everything, absolutely everything, without even realising it.<\/p>\n","protected":false},"featured_media":2448,"comment_status":"closed","ping_status":"closed","template":"","meta":[],"product_brand":[],"product_cat":[146],"product_tag":[28,77],"class_list":{"0":"post-2447","1":"product","2":"type-product","3":"status-publish","4":"has-post-thumbnail","6":"product_cat-joel-santos","7":"product_tag-india","8":"product_tag-joel-santos","10":"first","11":"outofstock","12":"shipping-taxable","13":"purchasable","14":"product-type-simple"},"_links":{"self":[{"href":"https:\/\/fotografiaportugal.pt\/site\/wp-json\/wp\/v2\/product\/2447","targetHints":{"allow":["GET"]}}],"collection":[{"href":"https:\/\/fotografiaportugal.pt\/site\/wp-json\/wp\/v2\/product"}],"about":[{"href":"https:\/\/fotografiaportugal.pt\/site\/wp-json\/wp\/v2\/types\/product"}],"replies":[{"embeddable":true,"href":"https:\/\/fotografiaportugal.pt\/site\/wp-json\/wp\/v2\/comments?post=2447"}],"wp:featuredmedia":[{"embeddable":true,"href":"https:\/\/fotografiaportugal.pt\/site\/wp-json\/wp\/v2\/media\/2448"}],"wp:attachment":[{"href":"https:\/\/fotografiaportugal.pt\/site\/wp-json\/wp\/v2\/media?parent=2447"}],"wp:term":[{"taxonomy":"product_brand","embeddable":true,"href":"https:\/\/fotografiaportugal.pt\/site\/wp-json\/wp\/v2\/product_brand?post=2447"},{"taxonomy":"product_cat","embeddable":true,"href":"https:\/\/fotografiaportugal.pt\/site\/wp-json\/wp\/v2\/product_cat?post=2447"},{"taxonomy":"product_tag","embeddable":true,"href":"https:\/\/fotografiaportugal.pt\/site\/wp-json\/wp\/v2\/product_tag?post=2447"}],"curies":[{"name":"wp","href":"https:\/\/api.w.org\/{rel}","templated":true}]}}