{"id":24703,"date":"2023-07-01T16:16:34","date_gmt":"2023-07-01T16:16:34","guid":{"rendered":"https:\/\/fotografiaportugal.pt\/site\/?post_type=product&#038;p=24703"},"modified":"2025-10-07T13:30:44","modified_gmt":"2025-10-07T13:30:44","slug":"castelos-maravilhas-de-portugal-castles-wonders-of-portugal-volumes-i-e-ii","status":"publish","type":"product","link":"https:\/\/fotografiaportugal.pt\/site\/shop\/livros\/castelos-maravilhas-de-portugal-castles-wonders-of-portugal-volumes-i-e-ii\/","title":{"rendered":"Castelos \u2013 Maravilhas de Portugal \/ Castles \u2013 Wonders of Portugal, Volumes I e II"},"content":{"rendered":"<p><img loading=\"lazy\" decoding=\"async\" class=\"alignnone size-full wp-image-24704\" src=\"https:\/\/fotografiaportugal.pt\/site\/wp-content\/uploads\/2023\/07\/Castelos-MP-scaled.jpg\" alt=\"\" width=\"2560\" height=\"948\" srcset=\"https:\/\/fotografiaportugal.pt\/site\/wp-content\/uploads\/2023\/07\/Castelos-MP-scaled.jpg 2560w, https:\/\/fotografiaportugal.pt\/site\/wp-content\/uploads\/2023\/07\/Castelos-MP-scaled-300x111.jpg 300w, https:\/\/fotografiaportugal.pt\/site\/wp-content\/uploads\/2023\/07\/Castelos-MP-scaled-1024x379.jpg 1024w\" sizes=\"auto, (max-width: 2560px) 100vw, 2560px\" \/><\/p>\n<p>Pack com <span style=\"text-decoration: underline;\">2 volumes<\/span> da obra \u00ab<strong>Castelos \u2013 Maravilhas de Portugal \/ Castles \u2013 Wonders of Portugal<\/strong>\u00bb, Vol. <strong>I<\/strong> + Vol. <strong>II<\/strong><\/p>\n<ul>\n<li>Oferta de <strong>10% de desconto<\/strong> + <strong>Portes gr\u00e1tis<\/strong> (no envio para qualquer morada em Portugal) + Oferta de <strong>Marcadores<\/strong><\/li>\n<\/ul>\n<p><strong>Castelos \u2013 Maravilhas de Portugal \/ Castles \u2013 Wonders of Portugal<\/strong>, Vol.<strong> I<\/strong><\/p>\n<p><img loading=\"lazy\" decoding=\"async\" class=\"alignnone size-medium wp-image-5643\" src=\"https:\/\/fotografiaportugal.pt\/site\/wp-content\/uploads\/2019\/11\/k3D_Castelos_2_1500px-300x296.jpg\" alt=\"\" width=\"300\" height=\"296\" srcset=\"https:\/\/fotografiaportugal.pt\/site\/wp-content\/uploads\/2019\/11\/k3D_Castelos_2_1500px-300x296.jpg 300w, https:\/\/fotografiaportugal.pt\/site\/wp-content\/uploads\/2019\/11\/k3D_Castelos_2_1500px-1024x1011.jpg 1024w, https:\/\/fotografiaportugal.pt\/site\/wp-content\/uploads\/2019\/11\/k3D_Castelos_2_1500px-188x186.jpg 188w, https:\/\/fotografiaportugal.pt\/site\/wp-content\/uploads\/2019\/11\/k3D_Castelos_2_1500px-416x411.jpg 416w, https:\/\/fotografiaportugal.pt\/site\/wp-content\/uploads\/2019\/11\/k3D_Castelos_2_1500px.jpg 1500w\" sizes=\"auto, (max-width: 300px) 100vw, 300px\" \/><\/p>\n<h4>\u201cN\u00c3O TENHA O LEITOR A MENOR D\u00daVIDA: FOI \u00c0 SOMBRA DESTAS FORTIFICA\u00c7\u00d5ES QUE SE ESCREVEU GRANDE PARTE DA SECULAR HIST\u00d3RIA PORTUGUESA.\u201d<\/h4>\n<h4>\/<\/h4>\n<h4>\u201cTHE READER SHOULD BE IN NO DOUBT: IT WAS IN THE SHADOW OF THESE FORTIFICATIONS THAT MUCH OF THE LONG PORTUGUESE HISTORY WAS WRITTEN.\u201d<\/h4>\n<p><img loading=\"lazy\" decoding=\"async\" class=\"alignnone size-medium wp-image-5641\" src=\"https:\/\/fotografiaportugal.pt\/site\/wp-content\/uploads\/2019\/11\/k3D_Castelos_1b_1500px-300x236.jpg\" alt=\"\" width=\"300\" height=\"236\" srcset=\"https:\/\/fotografiaportugal.pt\/site\/wp-content\/uploads\/2019\/11\/k3D_Castelos_1b_1500px-300x236.jpg 300w, https:\/\/fotografiaportugal.pt\/site\/wp-content\/uploads\/2019\/11\/k3D_Castelos_1b_1500px-1024x804.jpg 1024w, https:\/\/fotografiaportugal.pt\/site\/wp-content\/uploads\/2019\/11\/k3D_Castelos_1b_1500px-672x528.jpg 672w, https:\/\/fotografiaportugal.pt\/site\/wp-content\/uploads\/2019\/11\/k3D_Castelos_1b_1500px.jpg 1500w\" sizes=\"auto, (max-width: 300px) 100vw, 300px\" \/><\/p>\n<h2>DESCRI\u00c7\u00c3O<\/h2>\n<p>Os castelos t\u00eam ainda hoje uma presen\u00e7a muito marcante na paisagem portuguesa e povoam a nossa imagina\u00e7\u00e3o com hist\u00f3rias de mouras encantadas e de valentes guerreiros. Quer mantenham a sua silhueta altaneira, quer estejam em ru\u00ednas, eles continuam a ter muito para nos revelar sobre os homens que os ergueram, que os protegeram e, por fim, que os abandonaram.<\/p>\n<p>Este livro, com as belas imagens de Lib\u00f3rio Manuel Silva e o texto informado e rigoroso de Miguel Gomes Martins (um especialista consagrado da arte militar medieval), constitui uma viagem pela hist\u00f3ria maravilhosa dos castelos medievais portugueses. Uma jornada de Bragan\u00e7a a Silves, passando por todas as outras regi\u00f5es do pa\u00eds.<\/p>\n<p>\/<\/p>\n<p>Castles still play a significant role in the Portuguese landscape and populate our imagination with stories of enchanted Moors and brave warriors. Whether they maintain their towering silhouette or are in ruins, they still have much to tell us about the individuals who built them, who protected them and, ultimately, who abandoned them.<\/p>\n<p>This book, with the beautiful images of Lib\u00f3rio Manuel Silva and the thorough and informed text by Miguel Gomes Martins (a renowned expert in medieval military art), constitutes a journey through the wonderful history of Portuguese medieval castles. A journey from Bragan\u00e7a to Silves, passing through all the other regions of the country.<\/p>\n<p style=\"text-align: right;\"><em>Prof. Doutor <strong>Jo\u00e3o Gouveia Monteiro<\/strong><\/em><\/p>\n<p><strong>Castelos \u2013 Maravilhas de Portugal \/ Castles \u2013 Wonders of Portugal<\/strong>, Vol.<strong> II<\/strong><\/p>\n<p><img loading=\"lazy\" decoding=\"async\" class=\"alignnone size-full wp-image-24706\" src=\"https:\/\/fotografiaportugal.pt\/site\/wp-content\/uploads\/2023\/07\/capa_Castelos_Vol2_600px.jpg\" alt=\"\" width=\"456\" height=\"600\" srcset=\"https:\/\/fotografiaportugal.pt\/site\/wp-content\/uploads\/2023\/07\/capa_Castelos_Vol2_600px.jpg 456w, https:\/\/fotografiaportugal.pt\/site\/wp-content\/uploads\/2023\/07\/capa_Castelos_Vol2_600px-228x300.jpg 228w\" sizes=\"auto, (max-width: 456px) 100vw, 456px\" \/><\/p>\n<h2>DESCRI\u00c7\u00c3O<\/h2>\n<p>\u201cOs castelos foram a maior e mais original inova\u00e7\u00e3o que a Idade M\u00e9dia nos legou. Nenhuma outra estrutura arquitect\u00f3nica medieval \u00e9 capaz de convocar tantos e t\u00e3o diversificados sentimentos nos seus visitantes como um castelo. Entrar num castelo desperta uma irreprim\u00edvel vontade de compreender a sua hist\u00f3ria, enquanto monumento singular, mas tamb\u00e9m de perceber o papel que ele desempenhou na hist\u00f3ria colectiva de todos n\u00f3s. Pensar o local, mas n\u00e3o esquecer o geral ou global\u2026<\/p>\n<p>O livro que o leitor tem entre m\u00e3os \u00e9 o segundo que Miguel Gomes Martins e Lib\u00f3rio Manuel Silva dedicam aos castelos portugueses. Ao primeiro, autor de vasta obra no \u00e2mbito da Hist\u00f3ria Militar, ficamos a dever as not\u00edcias hist\u00f3ricas que ajudam o visitante a conhecer melhor o passado das estruturas. Ao segundo devemos as belas fotografias que ajudam a perceber a enorme riqueza da nossa arquitectura militar, despertando, certamente, ao leitor uma irresist\u00edvel vontade de percorrer, uma a uma, as vinte estruturas aqui abordadas.<\/p>\n<p>\/<\/p>\n<p>Castles are the greatest and most original innovation bequeathed to us from the Middle Ages. No other medieval architectural structure is capable of evoking such diverse feelings in its visitors as a castle. Entering a castle awakens an irrepressible desire to understand its history, as a unique monument but also to understand the role it played in our collective history. Thinking local, but not forgetting the general or the global\u2026<\/p>\n<p>The book you are holding in your hands is the second by Miguel Gomes Martins and Lib\u00f3rio Manuel Silva on Portuguese castles. To the former, the author of a vast work in the field of Military History, we owe the historical background which helps visitors to better understand the past contained within the structures. To the latter, we owe the beautiful photographs that help us to understand the enormous richness of military architecture in Portugal, that will certainly arouse in the reader an irresistible desire to go, one by one, to the twenty structures discussed here.\u201d<\/p>\n<p style=\"text-align: right;\">Prof. Doutor\u00a0<strong>M\u00e1rio Jorge Barroca<\/strong><\/p>\n","protected":false},"excerpt":{"rendered":"<p>Pack com 2 volumes da obra \u00abCastelos \u2013 Maravilhas de Portugal \/ Castles \u2013 Wonders of Portugal\u00bb, Vol. I + Vol. II Oferta de 10% de desconto + Portes gr\u00e1tis (no envio para qualquer morada em Portugal) + Oferta de Marcadores Castelos \u2013 Maravilhas de Portugal \/ Castles \u2013 Wonders of Portugal, Vol. I \u201cN\u00c3O [&hellip;]<\/p>\n","protected":false},"featured_media":24707,"comment_status":"closed","ping_status":"closed","template":"","meta":[],"product_brand":[],"product_cat":[185,181,7,103,180,101,138,147],"product_tag":[215,217,216,218],"class_list":{"0":"post-24703","1":"product","2":"type-product","3":"status-publish","4":"has-post-thumbnail","6":"product_cat-best-sellers-para-turistas-for-tourists","7":"product_cat-liborio-manuel-silva","8":"product_cat-livros","9":"product_cat-livros-capa-dura-luxo","10":"product_cat-natal","11":"product_cat-packs","12":"product_cat-photography-of-portugal","13":"product_cat-top-10","14":"product_tag-castelos","15":"product_tag-castles","16":"product_tag-maravilhas-de-portugal","17":"product_tag-wonders-of-portugal","18":"product_shipping_class-envio-classe-2","20":"first","21":"instock","22":"sale","23":"shipping-taxable","24":"purchasable","25":"product-type-simple"},"_links":{"self":[{"href":"https:\/\/fotografiaportugal.pt\/site\/wp-json\/wp\/v2\/product\/24703","targetHints":{"allow":["GET"]}}],"collection":[{"href":"https:\/\/fotografiaportugal.pt\/site\/wp-json\/wp\/v2\/product"}],"about":[{"href":"https:\/\/fotografiaportugal.pt\/site\/wp-json\/wp\/v2\/types\/product"}],"replies":[{"embeddable":true,"href":"https:\/\/fotografiaportugal.pt\/site\/wp-json\/wp\/v2\/comments?post=24703"}],"wp:featuredmedia":[{"embeddable":true,"href":"https:\/\/fotografiaportugal.pt\/site\/wp-json\/wp\/v2\/media\/24707"}],"wp:attachment":[{"href":"https:\/\/fotografiaportugal.pt\/site\/wp-json\/wp\/v2\/media?parent=24703"}],"wp:term":[{"taxonomy":"product_brand","embeddable":true,"href":"https:\/\/fotografiaportugal.pt\/site\/wp-json\/wp\/v2\/product_brand?post=24703"},{"taxonomy":"product_cat","embeddable":true,"href":"https:\/\/fotografiaportugal.pt\/site\/wp-json\/wp\/v2\/product_cat?post=24703"},{"taxonomy":"product_tag","embeddable":true,"href":"https:\/\/fotografiaportugal.pt\/site\/wp-json\/wp\/v2\/product_tag?post=24703"}],"curies":[{"name":"wp","href":"https:\/\/api.w.org\/{rel}","templated":true}]}}