{"id":26228,"date":"2024-02-17T15:13:41","date_gmt":"2024-02-17T15:13:41","guid":{"rendered":"https:\/\/fotografiaportugal.pt\/site\/?post_type=product&#038;p=26228"},"modified":"2025-06-17T16:04:14","modified_gmt":"2025-06-17T16:04:14","slug":"sesimbra-colecao-portugal","status":"publish","type":"product","link":"https:\/\/fotografiaportugal.pt\/site\/shop\/livros\/sesimbra-colecao-portugal\/","title":{"rendered":"SESIMBRA &#8211; Cole\u00e7\u00e3o Portugal"},"content":{"rendered":"<p><img loading=\"lazy\" decoding=\"async\" class=\"alignnone size-full wp-image-26229\" src=\"https:\/\/fotografiaportugal.pt\/site\/wp-content\/uploads\/2024\/02\/k3D_Sesimbra_v3_sem_fundo-600px.jpg\" alt=\"\" width=\"436\" height=\"600\" srcset=\"https:\/\/fotografiaportugal.pt\/site\/wp-content\/uploads\/2024\/02\/k3D_Sesimbra_v3_sem_fundo-600px.jpg 436w, https:\/\/fotografiaportugal.pt\/site\/wp-content\/uploads\/2024\/02\/k3D_Sesimbra_v3_sem_fundo-600px-218x300.jpg 218w, https:\/\/fotografiaportugal.pt\/site\/wp-content\/uploads\/2024\/02\/k3D_Sesimbra_v3_sem_fundo-600px-416x572.jpg 416w\" sizes=\"auto, (max-width: 436px) 100vw, 436px\" \/><\/p>\n<p>Este livro inaugura a Cole\u00e7\u00e3o Portugal (bilingue, em capa dura):<\/p>\n<p>Portugal inteiro dentro de um livro. Os escritores portugueses mais acarinhados e um fot\u00f3grafo de patrim\u00f3nio. O mesmo horizonte para a fic\u00e7\u00e3o e a realidade, em que criatividade liter\u00e1ria e riqueza fotogr\u00e1fica mergulham na nossa geografia. Um percurso concelho a concelho, ilha a ilha, escritor a escritor.<\/p>\n<p>\/<\/p>\n<p><em>The whole of Portugal in one book. The most cherished Portuguese writers and a photographer specialising in heritage. The same horizon for fiction and reality, in which literary creativity and photographic richness immerse themselves in our geography. This is a journey that covers county after county, island after island, writer after writer.<\/em><\/p>\n<p>.<\/p>\n<p><img loading=\"lazy\" decoding=\"async\" class=\"alignnone size-full wp-image-26230\" src=\"https:\/\/fotografiaportugal.pt\/site\/wp-content\/uploads\/2024\/02\/k3D_Sesimbra_v1_sem-fundo.jpg\" alt=\"\" width=\"1920\" height=\"1382\" srcset=\"https:\/\/fotografiaportugal.pt\/site\/wp-content\/uploads\/2024\/02\/k3D_Sesimbra_v1_sem-fundo.jpg 1920w, https:\/\/fotografiaportugal.pt\/site\/wp-content\/uploads\/2024\/02\/k3D_Sesimbra_v1_sem-fundo-300x216.jpg 300w, https:\/\/fotografiaportugal.pt\/site\/wp-content\/uploads\/2024\/02\/k3D_Sesimbra_v1_sem-fundo-1024x737.jpg 1024w, https:\/\/fotografiaportugal.pt\/site\/wp-content\/uploads\/2024\/02\/k3D_Sesimbra_v1_sem-fundo-416x299.jpg 416w\" sizes=\"auto, (max-width: 1920px) 100vw, 1920px\" \/><\/p>\n<p>.<\/p>\n<p><strong><b>T\u00edtulo \/ <em>Title<\/em>:\u00a0<\/b><\/strong>SESIMBRA<\/p>\n<p><strong><b>Cole\u00e7\u00e3o \/ <em>Colection<\/em>:\u00a0<\/b><\/strong>Portugal<\/p>\n<p><strong><b>Texto \/\u00a0<em>Text<\/em>:\u00a0<\/b><\/strong>Patr\u00edcia Reis<\/p>\n<p><strong><b>Fotografia \/\u00a0<em>Photography<\/em>:\u00a0<\/b><\/strong>Lib\u00f3rio Manuel Silva<\/p>\n<p><strong><b>Tradu\u00e7\u00e3o \/\u00a0<em><i>English translation<\/i><\/em>:\u00a0<\/b><\/strong>Sara Veiga<\/p>\n<p><strong><b>P\u00e1g.s<\/b><\/strong>: 64 (a cores; capa dura, formato 16,8 cm * 23,5 cm * 1,3 cm; 0,5 Kg)<\/p>\n<p><strong><b>1.\u00aa Edi\u00e7\u00e3o<\/b><\/strong>\u00a0\/\u00a0<strong><em><b><i>1st Edition<\/i><\/b><\/em><\/strong>: Fevereiro 2024<\/p>\n<p><strong><b>Cole\u00e7\u00e3o<\/b><\/strong>\u00a0\/\u00a0<strong><em><b><i>Book collection<\/i><\/b><\/em><\/strong>: Portugal<\/p>\n<p><strong><b>N\u00ba na cole\u00e7\u00e3o<\/b><\/strong>\u00a0\/\u00a0<strong><em><b><i>Book collection number<\/i><\/b><\/em><\/strong>: 1<\/p>\n<p><strong><b>ISBN<\/b><\/strong>: 978-989-615-242-0<\/p>\n<p><strong><b>Editora \/\u00a0<em><i>Published by<\/i><\/em><\/b><\/strong>: Centro Atl\u00e2ntico<\/p>\n<p>.<\/p>\n<p><img loading=\"lazy\" decoding=\"async\" class=\"alignnone size-full wp-image-26231\" src=\"https:\/\/fotografiaportugal.pt\/site\/wp-content\/uploads\/2024\/02\/k3D_Sesimbra_v5_sem-fundo.jpg\" alt=\"\" width=\"1920\" height=\"1382\" srcset=\"https:\/\/fotografiaportugal.pt\/site\/wp-content\/uploads\/2024\/02\/k3D_Sesimbra_v5_sem-fundo.jpg 1920w, https:\/\/fotografiaportugal.pt\/site\/wp-content\/uploads\/2024\/02\/k3D_Sesimbra_v5_sem-fundo-300x216.jpg 300w, https:\/\/fotografiaportugal.pt\/site\/wp-content\/uploads\/2024\/02\/k3D_Sesimbra_v5_sem-fundo-1024x737.jpg 1024w, https:\/\/fotografiaportugal.pt\/site\/wp-content\/uploads\/2024\/02\/k3D_Sesimbra_v5_sem-fundo-416x299.jpg 416w\" sizes=\"auto, (max-width: 1920px) 100vw, 1920px\" \/><\/p>\n<p>.<\/p>\n<p>As fotografias deste livro foram captadas exclusivamente com equipamento Leica, em janeiro de 2024\u00a0 \/\u00a0\u00a0<em>The photographs in this book were shot exclusively with Leica equipment in January 2024<\/em><\/p>\n<p><img loading=\"lazy\" decoding=\"async\" class=\"alignnone size-full wp-image-26232\" src=\"https:\/\/fotografiaportugal.pt\/site\/wp-content\/uploads\/2024\/02\/Q1001306-10-200x300-1.jpg\" alt=\"\" width=\"200\" height=\"300\" \/><\/p>\n<p><strong>Patr\u00edcia Reis<\/strong>\u00a0nasceu em Lisboa, em 1970. Vive numa aldeia perto de Sesimbra. Estudou Hist\u00f3ria e \u00e9 mestre em Ci\u00eancia das Religi\u00f5es. Come\u00e7ou a sua carreira no seman\u00e1rio\u00a0<em>O Independente<\/em>, tendo trabalhado posteriormente no\u00a0<em>Expresso<\/em>,\u00a0<em>P\u00fablico<\/em>,\u00a0<em>Marie Claire<\/em>,\u00a0<em>Elle\u00a0<\/em>e\u00a0<em>RDP<\/em>. \u00c9 autora de v\u00e1rios romances, publicados sob a chancela das Publica\u00e7\u00f5es Dom Quixote, e de alguns volumes infanto-juvenis, sendo que a cole\u00e7\u00e3o\u00a0<em>Di\u00e1rio do Micas<\/em>\u00a0faz parte do Plano Nacional de Leitura. \u00c9 editora da revista multipremiada\u00a0<em>Ego\u00edsta<\/em>, co-apresentadora do\u00a0<em>podcast<\/em>\u00a0<em>Um G\u00e9nero de Conversa<\/em>\u00a0e cronista. Escreveu a biografia de Vasco Santana, Maria Ant\u00f3nia Palla, Simone de Oliveira e, em 2024, a de Maria Teresa Horta.<\/p>\n<p>\/\u00a0Patr\u00edcia Reis was born in Lisbon in 1970. She lives in a village near Sesimbra. She studied History and holds a master\u2019s degree in the Science of Religions. She began her career at the weekly newspaper\u00a0<em>O Independente<\/em>\u00a0and later worked for the newspapers\u00a0<em>Expresso<\/em>\u00a0and\u00a0<em>P\u00fablico<\/em>, and the magazines\u00a0<em>Marie Claire\u00a0<\/em>and<em>\u00a0Elle,<\/em>\u00a0and radio station RDP. She is the author of several novels, published by Publica\u00e7\u00f5es Dom Quixote, and some children\u2019s books, including the collection\u00a0<em>Di\u00e1rio do Micas<\/em>, which is part of the Portuguese National Reading Plan. She is the editor of the multi-award-winning magazine\u00a0<em>Ego\u00edsta<\/em>, co-host of the podcast\u00a0<em>Um G\u00e9nero de Conversa<\/em>\u00a0and a columnist. She wrote the biographies of Vasco Santana, Maria Ant\u00f3nia Palla, Simone de Oliveira, and Maria Teresa Horta, to be published in 2024.<\/p>\n","protected":false},"excerpt":{"rendered":"<p>Este livro inaugura a Cole\u00e7\u00e3o Portugal (bilingue, em capa dura): Portugal inteiro dentro de um livro. Os escritores portugueses mais acarinhados e um fot\u00f3grafo de patrim\u00f3nio. O mesmo horizonte para a fic\u00e7\u00e3o e a realidade, em que criatividade liter\u00e1ria e riqueza fotogr\u00e1fica mergulham na nossa geografia. Um percurso concelho a concelho, ilha a ilha, escritor [&hellip;]<\/p>\n","protected":false},"featured_media":26230,"comment_status":"closed","ping_status":"closed","template":"","meta":[],"product_brand":[],"product_cat":[280,181,7,103,180],"product_tag":[254,281,282,187,283,284,40,285],"class_list":{"0":"post-26228","1":"product","2":"type-product","3":"status-publish","4":"has-post-thumbnail","6":"product_cat-colecao-portugal","7":"product_cat-liborio-manuel-silva","8":"product_cat-livros","9":"product_cat-livros-capa-dura-luxo","10":"product_cat-natal","11":"product_tag-arte-e-turismo","12":"product_tag-colecao-portugal","13":"product_tag-ficcao","14":"product_tag-liborio-manuel-silva","15":"product_tag-novidades-2024","16":"product_tag-patricia-reis","17":"product_tag-portugal","18":"product_tag-sesimbra","20":"first","21":"instock","22":"sale","23":"shipping-taxable","24":"purchasable","25":"product-type-simple"},"_links":{"self":[{"href":"https:\/\/fotografiaportugal.pt\/site\/wp-json\/wp\/v2\/product\/26228","targetHints":{"allow":["GET"]}}],"collection":[{"href":"https:\/\/fotografiaportugal.pt\/site\/wp-json\/wp\/v2\/product"}],"about":[{"href":"https:\/\/fotografiaportugal.pt\/site\/wp-json\/wp\/v2\/types\/product"}],"replies":[{"embeddable":true,"href":"https:\/\/fotografiaportugal.pt\/site\/wp-json\/wp\/v2\/comments?post=26228"}],"wp:featuredmedia":[{"embeddable":true,"href":"https:\/\/fotografiaportugal.pt\/site\/wp-json\/wp\/v2\/media\/26230"}],"wp:attachment":[{"href":"https:\/\/fotografiaportugal.pt\/site\/wp-json\/wp\/v2\/media?parent=26228"}],"wp:term":[{"taxonomy":"product_brand","embeddable":true,"href":"https:\/\/fotografiaportugal.pt\/site\/wp-json\/wp\/v2\/product_brand?post=26228"},{"taxonomy":"product_cat","embeddable":true,"href":"https:\/\/fotografiaportugal.pt\/site\/wp-json\/wp\/v2\/product_cat?post=26228"},{"taxonomy":"product_tag","embeddable":true,"href":"https:\/\/fotografiaportugal.pt\/site\/wp-json\/wp\/v2\/product_tag?post=26228"}],"curies":[{"name":"wp","href":"https:\/\/api.w.org\/{rel}","templated":true}]}}