{"id":26713,"date":"2024-04-10T19:58:18","date_gmt":"2024-04-10T19:58:18","guid":{"rendered":"https:\/\/fotografiaportugal.pt\/site\/?post_type=product&#038;p=26713"},"modified":"2025-06-17T16:03:38","modified_gmt":"2025-06-17T16:03:38","slug":"setubal-colecao-portugal","status":"publish","type":"product","link":"https:\/\/fotografiaportugal.pt\/site\/shop\/livros\/setubal-colecao-portugal\/","title":{"rendered":"SET\u00daBAL &#8211; Cole\u00e7\u00e3o Portugal"},"content":{"rendered":"<p><img loading=\"lazy\" decoding=\"async\" class=\"alignnone size-medium wp-image-26721\" src=\"https:\/\/fotografiaportugal.pt\/site\/wp-content\/uploads\/2024\/04\/Kfrente_Setubal_1250px-217x300.jpg\" alt=\"\" width=\"217\" height=\"300\" srcset=\"https:\/\/fotografiaportugal.pt\/site\/wp-content\/uploads\/2024\/04\/Kfrente_Setubal_1250px-217x300.jpg 217w, https:\/\/fotografiaportugal.pt\/site\/wp-content\/uploads\/2024\/04\/Kfrente_Setubal_1250px-741x1024.jpg 741w, https:\/\/fotografiaportugal.pt\/site\/wp-content\/uploads\/2024\/04\/Kfrente_Setubal_1250px.jpg 904w\" sizes=\"auto, (max-width: 217px) 100vw, 217px\" \/><\/p>\n<p>Livro n\u00ba 3 da nova Cole\u00e7\u00e3o Portugal (bilingue, em capa dura):<\/p>\n<p>Portugal inteiro dentro de um livro. Os escritores portugueses mais acarinhados e um fot\u00f3grafo de patrim\u00f3nio. O mesmo horizonte para a fic\u00e7\u00e3o e a realidade, em que criatividade liter\u00e1ria e riqueza fotogr\u00e1fica mergulham na nossa geografia. Um percurso concelho a concelho, ilha a ilha, escritor a escritor.<\/p>\n<p>\/<\/p>\n<p><em>The whole of Portugal in one book. The most cherished Portuguese writers and a photographer specialising in heritage. The same horizon for fiction and reality, in which literary creativity and photographic richness immerse themselves in our geography. This is a journey that covers county after county, island after island, writer after writer.<\/em><\/p>\n<p>.<\/p>\n<p><img loading=\"lazy\" decoding=\"async\" class=\"alignnone size-medium wp-image-26723\" src=\"https:\/\/fotografiaportugal.pt\/site\/wp-content\/uploads\/2024\/04\/K3d_Setubal_3livrosiguais-300x216.jpg\" alt=\"\" width=\"300\" height=\"216\" srcset=\"https:\/\/fotografiaportugal.pt\/site\/wp-content\/uploads\/2024\/04\/K3d_Setubal_3livrosiguais-300x216.jpg 300w, https:\/\/fotografiaportugal.pt\/site\/wp-content\/uploads\/2024\/04\/K3d_Setubal_3livrosiguais-1024x737.jpg 1024w, https:\/\/fotografiaportugal.pt\/site\/wp-content\/uploads\/2024\/04\/K3d_Setubal_3livrosiguais-416x299.jpg 416w, https:\/\/fotografiaportugal.pt\/site\/wp-content\/uploads\/2024\/04\/K3d_Setubal_3livrosiguais.jpg 1920w\" sizes=\"auto, (max-width: 300px) 100vw, 300px\" \/><\/p>\n<p>.<\/p>\n<p><strong><b>Texto \/\u00a0<em>Text<\/em>:\u00a0<\/b><\/strong>Bruno Vieira Amaral<\/p>\n<p><strong><b>Fotografia \/\u00a0<em>Photography<\/em>:\u00a0<\/b><\/strong>Lib\u00f3rio Manuel Silva<\/p>\n<p><strong><b>Tradu\u00e7\u00e3o \/\u00a0<em><i>English translation<\/i><\/em>:\u00a0<\/b><\/strong>Sara Veiga<\/p>\n<p><strong><b>P\u00e1g.s<\/b><\/strong>: 64 (a cores; capa dura, formato 16,8 cm * 23,5 cm * 1,3 cm; 0,5 Kg)<\/p>\n<p><strong><b>1.\u00aa Edi\u00e7\u00e3o<\/b><\/strong>\u00a0\/\u00a0<strong><em><b><i>1st Edition<\/i><\/b><\/em><\/strong>: Abril 2024<\/p>\n<p><strong><b>Cole\u00e7\u00e3o<\/b><\/strong>\u00a0\/\u00a0<strong><em><b><i>Book collection<\/i><\/b><\/em><\/strong>: Portugal<\/p>\n<p><strong><b>N\u00ba na cole\u00e7\u00e3o<\/b><\/strong>\u00a0\/\u00a0<strong><em><b><i>Book collection number<\/i><\/b><\/em><\/strong>: 3<\/p>\n<p><strong><b>ISBN<\/b><\/strong>: 978-989-615-244-4<\/p>\n<p><strong><b>Editora \/\u00a0<em><i>Published by<\/i><\/em><\/b><\/strong>: Centro Atl\u00e2ntico<\/p>\n<p><img loading=\"lazy\" decoding=\"async\" class=\"alignnone size-medium wp-image-26722\" src=\"https:\/\/fotografiaportugal.pt\/site\/wp-content\/uploads\/2024\/04\/capa3D_Setubal_CentroAtlantico-livros1-2e3-300x257.jpg\" alt=\"\" width=\"300\" height=\"257\" srcset=\"https:\/\/fotografiaportugal.pt\/site\/wp-content\/uploads\/2024\/04\/capa3D_Setubal_CentroAtlantico-livros1-2e3-300x257.jpg 300w, https:\/\/fotografiaportugal.pt\/site\/wp-content\/uploads\/2024\/04\/capa3D_Setubal_CentroAtlantico-livros1-2e3-1024x877.jpg 1024w, https:\/\/fotografiaportugal.pt\/site\/wp-content\/uploads\/2024\/04\/capa3D_Setubal_CentroAtlantico-livros1-2e3-416x356.jpg 416w, https:\/\/fotografiaportugal.pt\/site\/wp-content\/uploads\/2024\/04\/capa3D_Setubal_CentroAtlantico-livros1-2e3.jpg 1920w\" sizes=\"auto, (max-width: 300px) 100vw, 300px\" \/><\/p>\n<p>.<\/p>\n<p><strong>Bruno Vieira Amaral<\/strong>\u00a0nasceu em 1978. Colabora com a revista\u00a0<em>Ler<\/em>, o\u00a0<em>Expresso<\/em>\u00a0e a\u00a0<em>R\u00e1dio Observador<\/em>. Estreou-se com o ensaio<em>\u00a0Guia para 50 Personagens da Fic\u00e7\u00e3o Portuguesa<\/em>, em 2013, editado pela Guerra e Paz. O seu primeiro romance,\u00a0<em>As Primeiras Coisas<\/em>\u00a0(Quetzal, 2013), foi distinguido com o Pr\u00e9mio PEN Clube Narrativa, Pr\u00e9mio Liter\u00e1rio Fernando Namora, Pr\u00e9mio Time Out e Pr\u00e9mio Liter\u00e1rio Jos\u00e9 Saramago, em 2015. Em 2016, foi nomeado uma das\u00a0<em>Dez Novas Vozes da Europa (Ten New Voices from Europe)<\/em>, escolha da plataforma\u00a0<em>Literature Across Frontiers<\/em>.<\/p>\n<p>O seu segundo romance,\u00a0<em>Hoje Estar\u00e1s Comigo no Para\u00edso<\/em>\u00a0(Quetzal, 2017), recebeu o Pr\u00e9mio Tabula Rasa 2016-2017 na categoria de Fic\u00e7\u00e3o, e o segundo lugar do Pr\u00e9mio Oceanos 2018. Em 2018, foram reunidos os seus melhores textos dispersos no volume\u00a0<em>Manobras de Guerrilha\u00a0<\/em>e em 2020 publicou o livro de contos\u00a0<em>Uma Ida ao Motel<\/em>, galardoado no ano seguinte com o Grande Pr\u00e9mio de Conto Camilo Castelo Branco \/ APE. Em 2021, saiu\u00a0<em>Integrado Marginal<\/em>, biografia do escritor Jos\u00e9 Cardoso Pires. Um ano depois, reuniu em\u00a0<em>O Segundo Cora\u00e7\u00e3o<\/em>\u00a0um conjunto de cr\u00f3nicas sobre o passado e a mem\u00f3ria. Os direitos dos seus livros foram vendidos para v\u00e1rios pa\u00edses, incluindo It\u00e1lia, Espanha, Brasil e Hungria.<\/p>\n<p>\/<\/p>\n<p><strong>Bruno Vieira Amaral<\/strong>\u00a0was born in 1978. He works with\u00a0<em>Ler<\/em>\u00a0magazine,\u00a0<em>Expresso<\/em>\u00a0newspaper, and the Observador radio. He made his debut in 2013 with the essay\u00a0<em>Guia para 50 Personagens da Fic\u00e7\u00e3o Portuguesa<\/em>, published by Guerra e Paz. His first novel,\u00a0<em>As Primeiras Coisas<\/em>\u00a0(Quetzal, 2013), was awarded the PEN Clube Narrativa Prize, the Fernando Namora Literary Prize, the Time Out Prize and the Jos\u00e9 Saramago Literary Prize, in 2015. In 2016, he was appointed one of the Ten New Voices from Europe, chosen by the Literature Across Frontiers platform.<\/p>\n<p>His second novel,\u00a0<em>Hoje Estar\u00e1s Comigo no Para\u00edso<\/em>\u00a0(Quetzal, 2017), was awarded the 2016-2017 Tabula Rasa prize in the Fiction category, and came second in the 2018 Oceanos Prize. In 2018, his best pieces were collected in the volume\u00a0<em>Manobras de Guerrilha<\/em>, and in 2020 he published the short story book\u00a0<em>Uma Ida ao Motel<\/em>, which won the Camilo Castelo Branco \/ APE Short Story Grand Prize the following year. In 2021, he published\u00a0<em>Integrado Marginal<\/em>, a biography of the writer Jos\u00e9 Cardoso Pires. A year later, he published\u00a0<em>O Segundo Cora\u00e7\u00e3o<\/em>, a collection of chronicles about the past and memory. The rights to his books have been sold to a number of countries, including Italy, Spain, Brazil, and Hungary.<\/p>\n<p>.<\/p>\n<p>As fotografias deste livro foram captadas exclusivamente com equipamento Leica, em mar\u00e7o de 2024\u00a0 \/\u00a0\u00a0<em>The photographs in this book were shot exclusively with Leica equipment in March 2024<\/em><\/p>\n","protected":false},"excerpt":{"rendered":"<p>Livro n\u00ba 3 da nova Cole\u00e7\u00e3o Portugal (bilingue, em capa dura): Portugal inteiro dentro de um livro. Os escritores portugueses mais acarinhados e um fot\u00f3grafo de patrim\u00f3nio. O mesmo horizonte para a fic\u00e7\u00e3o e a realidade, em que criatividade liter\u00e1ria e riqueza fotogr\u00e1fica mergulham na nossa geografia. Um percurso concelho a concelho, ilha a ilha, [&hellip;]<\/p>\n","protected":false},"featured_media":26723,"comment_status":"closed","ping_status":"closed","template":"","meta":[],"product_brand":[],"product_cat":[280,181,7,103,180],"product_tag":[254,288,281,282,187,283,40,289],"class_list":{"0":"post-26713","1":"product","2":"type-product","3":"status-publish","4":"has-post-thumbnail","6":"product_cat-colecao-portugal","7":"product_cat-liborio-manuel-silva","8":"product_cat-livros","9":"product_cat-livros-capa-dura-luxo","10":"product_cat-natal","11":"product_tag-arte-e-turismo","12":"product_tag-bruno-vieira-amaral","13":"product_tag-colecao-portugal","14":"product_tag-ficcao","15":"product_tag-liborio-manuel-silva","16":"product_tag-novidades-2024","17":"product_tag-portugal","18":"product_tag-setubal","20":"first","21":"instock","22":"sale","23":"shipping-taxable","24":"purchasable","25":"product-type-simple"},"_links":{"self":[{"href":"https:\/\/fotografiaportugal.pt\/site\/wp-json\/wp\/v2\/product\/26713","targetHints":{"allow":["GET"]}}],"collection":[{"href":"https:\/\/fotografiaportugal.pt\/site\/wp-json\/wp\/v2\/product"}],"about":[{"href":"https:\/\/fotografiaportugal.pt\/site\/wp-json\/wp\/v2\/types\/product"}],"replies":[{"embeddable":true,"href":"https:\/\/fotografiaportugal.pt\/site\/wp-json\/wp\/v2\/comments?post=26713"}],"wp:featuredmedia":[{"embeddable":true,"href":"https:\/\/fotografiaportugal.pt\/site\/wp-json\/wp\/v2\/media\/26723"}],"wp:attachment":[{"href":"https:\/\/fotografiaportugal.pt\/site\/wp-json\/wp\/v2\/media?parent=26713"}],"wp:term":[{"taxonomy":"product_brand","embeddable":true,"href":"https:\/\/fotografiaportugal.pt\/site\/wp-json\/wp\/v2\/product_brand?post=26713"},{"taxonomy":"product_cat","embeddable":true,"href":"https:\/\/fotografiaportugal.pt\/site\/wp-json\/wp\/v2\/product_cat?post=26713"},{"taxonomy":"product_tag","embeddable":true,"href":"https:\/\/fotografiaportugal.pt\/site\/wp-json\/wp\/v2\/product_tag?post=26713"}],"curies":[{"name":"wp","href":"https:\/\/api.w.org\/{rel}","templated":true}]}}