{"id":26953,"date":"2024-05-15T20:06:39","date_gmt":"2024-05-15T20:06:39","guid":{"rendered":"https:\/\/fotografiaportugal.pt\/site\/?post_type=product&#038;p=26953"},"modified":"2025-06-17T16:03:26","modified_gmt":"2025-06-17T16:03:26","slug":"lisboa-colecao-portugal","status":"publish","type":"product","link":"https:\/\/fotografiaportugal.pt\/site\/shop\/livros\/lisboa-colecao-portugal\/","title":{"rendered":"LISBOA &#8211; Cole\u00e7\u00e3o Portugal"},"content":{"rendered":"<p><img loading=\"lazy\" decoding=\"async\" class=\"alignnone size-medium wp-image-26955\" src=\"https:\/\/fotografiaportugal.pt\/site\/wp-content\/uploads\/2024\/05\/Kfrente_plano_Lisboa_600px-217x300.jpg\" alt=\"\" width=\"217\" height=\"300\" srcset=\"https:\/\/fotografiaportugal.pt\/site\/wp-content\/uploads\/2024\/05\/Kfrente_plano_Lisboa_600px-217x300.jpg 217w, https:\/\/fotografiaportugal.pt\/site\/wp-content\/uploads\/2024\/05\/Kfrente_plano_Lisboa_600px.jpg 434w, https:\/\/fotografiaportugal.pt\/site\/wp-content\/uploads\/2024\/05\/Kfrente_plano_Lisboa_600px-416x575.jpg 416w\" sizes=\"auto, (max-width: 217px) 100vw, 217px\" \/><\/p>\n<p>Livro n\u00ba 4 da nova Cole\u00e7\u00e3o Portugal (bilingue, em capa dura):<\/p>\n<p>Portugal inteiro dentro de um livro. Os escritores portugueses mais acarinhados e um fot\u00f3grafo de patrim\u00f3nio. O mesmo horizonte para a fic\u00e7\u00e3o e a realidade, em que criatividade liter\u00e1ria e riqueza fotogr\u00e1fica mergulham na nossa geografia. Um percurso concelho a concelho, ilha a ilha, escritor a escritor.<\/p>\n<p>\/<\/p>\n<p><em>The whole of Portugal in one book. The most cherished Portuguese writers and a photographer specialising in heritage. The same horizon for fiction and reality, in which literary creativity and photographic richness immerse themselves in our geography. This is a journey that covers county after county, island after island, writer after writer.<\/em><\/p>\n<p>.<\/p>\n<figure id=\"attachment_26956\" aria-describedby=\"caption-attachment-26956\" style=\"width: 300px\" class=\"wp-caption alignnone\"><img loading=\"lazy\" decoding=\"async\" class=\"size-medium wp-image-26956\" src=\"https:\/\/fotografiaportugal.pt\/site\/wp-content\/uploads\/2024\/05\/k3D_Lisboa_3-livros-diferentes-copy-300x216.jpg\" alt=\"\" width=\"300\" height=\"216\" srcset=\"https:\/\/fotografiaportugal.pt\/site\/wp-content\/uploads\/2024\/05\/k3D_Lisboa_3-livros-diferentes-copy-300x216.jpg 300w, https:\/\/fotografiaportugal.pt\/site\/wp-content\/uploads\/2024\/05\/k3D_Lisboa_3-livros-diferentes-copy-1024x737.jpg 1024w, https:\/\/fotografiaportugal.pt\/site\/wp-content\/uploads\/2024\/05\/k3D_Lisboa_3-livros-diferentes-copy-416x300.jpg 416w\" sizes=\"auto, (max-width: 300px) 100vw, 300px\" \/><figcaption id=\"caption-attachment-26956\" class=\"wp-caption-text\">(imagem do livro \u00abLISBOA\u00bb com outros 2 livros da cole\u00e7\u00e3o Portugal &#8211; apenas o livro \u00abLISBOA\u00bb \u00e9 fornecido na compra deste produto)<\/figcaption><\/figure>\n<p>.<\/p>\n<p><strong><b>Texto \/\u00a0<em>Text<\/em>:\u00a0<\/b><\/strong>Jo\u00e3o de Melo<\/p>\n<p><strong><b>Fotografia \/\u00a0<em>Photography<\/em>:\u00a0<\/b><\/strong>Lib\u00f3rio Manuel Silva<\/p>\n<p><strong><b>Tradu\u00e7\u00e3o \/\u00a0<em><i>English translation<\/i><\/em>:\u00a0<\/b><\/strong>Deolinda Ad\u00e3o<\/p>\n<p><strong><b>P\u00e1g.s<\/b><\/strong>: 68 (a cores; capa dura, formato 16,8 cm * 23,5 cm * 1,3 cm; 0,5 Kg)<\/p>\n<p><strong><b>1.\u00aa Edi\u00e7\u00e3o<\/b><\/strong>\u00a0\/\u00a0<strong><em><b><i>1st Edition<\/i><\/b><\/em><\/strong>: maio 2024<\/p>\n<p><strong><b>Cole\u00e7\u00e3o<\/b><\/strong>\u00a0\/\u00a0<strong><em><b><i>Book collection<\/i><\/b><\/em><\/strong>: Portugal<\/p>\n<p><strong><b>N\u00ba na cole\u00e7\u00e3o<\/b><\/strong>\u00a0\/\u00a0<strong><em><b><i>Book collection number<\/i><\/b><\/em><\/strong>: 4<\/p>\n<p><strong><b>ISBN<\/b><\/strong>: 978-989-615-246-8<\/p>\n<p><strong><b>Editora \/\u00a0<em><i>Published by<\/i><\/em><\/b><\/strong>: Centro Atl\u00e2ntico<\/p>\n<p><img loading=\"lazy\" decoding=\"async\" class=\"alignnone size-medium wp-image-26957\" src=\"https:\/\/fotografiaportugal.pt\/site\/wp-content\/uploads\/2024\/05\/k3D_Lisboa_v3_1250px-218x300.jpg\" alt=\"\" width=\"218\" height=\"300\" srcset=\"https:\/\/fotografiaportugal.pt\/site\/wp-content\/uploads\/2024\/05\/k3D_Lisboa_v3_1250px-218x300.jpg 218w, https:\/\/fotografiaportugal.pt\/site\/wp-content\/uploads\/2024\/05\/k3D_Lisboa_v3_1250px-743x1024.jpg 743w, https:\/\/fotografiaportugal.pt\/site\/wp-content\/uploads\/2024\/05\/k3D_Lisboa_v3_1250px-416x573.jpg 416w, https:\/\/fotografiaportugal.pt\/site\/wp-content\/uploads\/2024\/05\/k3D_Lisboa_v3_1250px.jpg 1318w\" sizes=\"auto, (max-width: 218px) 100vw, 218px\" \/><\/p>\n<p>.<\/p>\n<p>As fotografias deste livro foram captadas exclusivamente com equipamento Leica, em abril de 2024\u00a0 \/\u00a0\u00a0<em>The photographs in this book were shot exclusively with Leica equipment in April 2024<\/em><\/p>\n<p>.<\/p>\n<p><img loading=\"lazy\" decoding=\"async\" class=\"alignnone size-medium wp-image-26958\" src=\"https:\/\/fotografiaportugal.pt\/site\/wp-content\/uploads\/2024\/05\/Joao_de_Melo-200x300.jpg\" alt=\"\" width=\"200\" height=\"300\" srcset=\"https:\/\/fotografiaportugal.pt\/site\/wp-content\/uploads\/2024\/05\/Joao_de_Melo-200x300.jpg 200w, https:\/\/fotografiaportugal.pt\/site\/wp-content\/uploads\/2024\/05\/Joao_de_Melo-683x1024.jpg 683w, https:\/\/fotografiaportugal.pt\/site\/wp-content\/uploads\/2024\/05\/Joao_de_Melo.jpg 1000w\" sizes=\"auto, (max-width: 200px) 100vw, 200px\" \/><\/p>\n<p><strong>JO\u00c3O DE MELO\u00a0<\/strong>nasceu na ilha de S\u00e3o Miguel (A\u00e7ores) em 1949, mas reside em Lisboa desde 1967. Foi professor do ensino secund\u00e1rio e do ensino superior, depois de se licenciar em Rom\u00e2nicas pela Faculdade de Letras. Durante nove anos (2001-2010), assumiu o cargo de conselheiro cultural na embaixada portuguesa em Espanha, tendo a\u00ed levado a cabo uma divulga\u00e7\u00e3o sem precedentes da nossa cultura. Autor de obras de fic\u00e7\u00e3o, ensaio, antologias, poesia, cr\u00f3nica e viagens, tem livros traduzidos numa dezena de pa\u00edses. Recebeu pr\u00e9mios liter\u00e1rios de prest\u00edgio, nacionais e estrangeiros, cinco dos quais atribu\u00eddos ao seu romance mais conhecido,\u00a0<em>Gente Feliz com L\u00e1grimas<\/em>\u00a0(30 edi\u00e7\u00f5es, at\u00e9 2023), e o Pr\u00e9mio Verg\u00edlio Ferreira (2016) pelo conjunto da sua obra.<\/p>\n<p>\/\u00a0<strong>JO\u00c3O DE MELO<\/strong>\u00a0was born on the island of S\u00e3o Miguel (Azores) in 1949 but has lived in Lisbon since 1967. He was a secondary and higher education teacher, after graduating in Romance languages from the Faculty of Arts and Letters. For nine years (2001-2010), he was cultural advisor at the Portuguese embassy in Spain, where he carried out an unprecedented campaign of dissemination of Portuguese culture. Author of works of fiction, essays, anthologies, poetry, chronicles and travels, he has books translated into a dozen languages and is widely published outside of Portugal. He has received prestigious national and foreign literary awards, five of which were awarded to his best-known novel,\u00a0<em>Gente Feliz com L\u00e1grimas<\/em>\u00a0(30 editions, until 2023), and the Verg\u00edlio Ferreira Prize (2016) for his entire body of work.<\/p>\n","protected":false},"excerpt":{"rendered":"<p>Livro n\u00ba 4 da nova Cole\u00e7\u00e3o Portugal (bilingue, em capa dura): Portugal inteiro dentro de um livro. Os escritores portugueses mais acarinhados e um fot\u00f3grafo de patrim\u00f3nio. O mesmo horizonte para a fic\u00e7\u00e3o e a realidade, em que criatividade liter\u00e1ria e riqueza fotogr\u00e1fica mergulham na nossa geografia. Um percurso concelho a concelho, ilha a ilha, [&hellip;]<\/p>\n","protected":false},"featured_media":26954,"comment_status":"closed","ping_status":"closed","template":"","meta":[],"product_brand":[],"product_cat":[280,181,7,103,180,147],"product_tag":[254,281,282,293,187,139,283,40],"class_list":{"0":"post-26953","1":"product","2":"type-product","3":"status-publish","4":"has-post-thumbnail","6":"product_cat-colecao-portugal","7":"product_cat-liborio-manuel-silva","8":"product_cat-livros","9":"product_cat-livros-capa-dura-luxo","10":"product_cat-natal","11":"product_cat-top-10","12":"product_tag-arte-e-turismo","13":"product_tag-colecao-portugal","14":"product_tag-ficcao","15":"product_tag-joao-de-melo","16":"product_tag-liborio-manuel-silva","17":"product_tag-lisboa","18":"product_tag-novidades-2024","19":"product_tag-portugal","21":"first","22":"instock","23":"sale","24":"shipping-taxable","25":"purchasable","26":"product-type-simple"},"_links":{"self":[{"href":"https:\/\/fotografiaportugal.pt\/site\/wp-json\/wp\/v2\/product\/26953","targetHints":{"allow":["GET"]}}],"collection":[{"href":"https:\/\/fotografiaportugal.pt\/site\/wp-json\/wp\/v2\/product"}],"about":[{"href":"https:\/\/fotografiaportugal.pt\/site\/wp-json\/wp\/v2\/types\/product"}],"replies":[{"embeddable":true,"href":"https:\/\/fotografiaportugal.pt\/site\/wp-json\/wp\/v2\/comments?post=26953"}],"wp:featuredmedia":[{"embeddable":true,"href":"https:\/\/fotografiaportugal.pt\/site\/wp-json\/wp\/v2\/media\/26954"}],"wp:attachment":[{"href":"https:\/\/fotografiaportugal.pt\/site\/wp-json\/wp\/v2\/media?parent=26953"}],"wp:term":[{"taxonomy":"product_brand","embeddable":true,"href":"https:\/\/fotografiaportugal.pt\/site\/wp-json\/wp\/v2\/product_brand?post=26953"},{"taxonomy":"product_cat","embeddable":true,"href":"https:\/\/fotografiaportugal.pt\/site\/wp-json\/wp\/v2\/product_cat?post=26953"},{"taxonomy":"product_tag","embeddable":true,"href":"https:\/\/fotografiaportugal.pt\/site\/wp-json\/wp\/v2\/product_tag?post=26953"}],"curies":[{"name":"wp","href":"https:\/\/api.w.org\/{rel}","templated":true}]}}