{"id":27914,"date":"2024-09-04T21:32:14","date_gmt":"2024-09-04T21:32:14","guid":{"rendered":"https:\/\/fotografiaportugal.pt\/site\/?post_type=product&#038;p=27914"},"modified":"2025-06-17T16:02:45","modified_gmt":"2025-06-17T16:02:45","slug":"sintra-colecao-portugal","status":"publish","type":"product","link":"https:\/\/fotografiaportugal.pt\/site\/shop\/livros\/sintra-colecao-portugal\/","title":{"rendered":"SINTRA &#8211; Cole\u00e7\u00e3o Portugal"},"content":{"rendered":"<p>Livro n\u00ba 5 da nova Cole\u00e7\u00e3o Portugal (bilingue, em capa dura):<\/p>\n<p>Portugal inteiro dentro de um livro. Os escritores portugueses mais acarinhados e um fot\u00f3grafo de patrim\u00f3nio. O mesmo horizonte para a fic\u00e7\u00e3o e a realidade, em que criatividade liter\u00e1ria e riqueza fotogr\u00e1fica mergulham na nossa geografia. Um percurso concelho a concelho, ilha a ilha, escritor a escritor.<\/p>\n<p>\/<\/p>\n<p><em>The whole of Portugal in one book. The most cherished Portuguese writers and a photographer specialising in heritage. The same horizon for fiction and reality, in which literary creativity and photographic richness immerse themselves in our geography. This is a journey that covers county after county, island after island, writer after writer.<\/em><\/p>\n<p>.<\/p>\n<p><strong>Hugo Gon\u00e7alves<\/strong>\u00a0(Sintra, 1976) \u00e9 autor de v\u00e1rios romances, entre os quais,\u00a0<em>Filho da m\u00e3e<\/em>\u00a0(finalista dos pr\u00e9mios P.E.N. Club Portugu\u00eas e Fernando Namora),\u00a0<em>Deus P\u00e1tria Fam\u00edlia<\/em>\u00a0(semifinalista do pr\u00e9mio Oceanos) e\u00a0<em>Revolu\u00e7\u00e3o<\/em>.<\/p>\n<p>Guionista da s\u00e9rie\u00a0<em>Rabo de Peixe<\/em>\u00a0(Netflix), foi correspondente de diversas publica\u00e7\u00f5es portuguesas em Nova Iorque, em Madrid e no Rio de Janeiro, cidade onde trabalhou como editor liter\u00e1rio. Jornalista premiado e cronista, \u00e9 um dos criadores do\u00a0<em>podcast<\/em>\u00a0intitulado\u00a0<em>Sem barbas na l\u00edngua<\/em>.<\/p>\n<p>\/<\/p>\n<p><strong>Hugo Gon\u00e7alves<\/strong>\u00a0(Sintra, 1976) is the author of several novels, including\u00a0<em>Filho da M\u00e3e<\/em>\u00a0(P.E.N. Clube and Fernando Namora awards finalist),\u00a0<em>Deus P\u00e1tria Fam\u00edlia<\/em>\u00a0(Oceanos award semi-finalist) and\u00a0<em>Revolu\u00e7\u00e3o<\/em>.<\/p>\n<p>Screenwriter for the series\u00a0<em>Rabo de Peixe<\/em>\u00a0(Netflix), he was a correspondent in New York, Madrid and Rio de Janeiro for several Portuguese publications. In Rio de Janeiro he worked as a literary editor. An award-winning journalist and chronicler, he is one of the creators of the podcast\u00a0<em>Sem barbas na l\u00edngua<\/em>.<\/p>\n<p><strong>\u00a0<\/strong><\/p>\n<p>.<\/p>\n<p>Com exce\u00e7\u00e3o das fotografias a\u00e9reas (capas, pp. 12, 24, 42 e 54), todas as imagens deste livro foram captadas com equipamento Leica, em julho de 2024. \/ With the exception of the aerial photographs (covers, pp. 12, 24, 42 and 54), all images in this book were shot with Leica equipment in July 2024.<\/p>\n<p>&nbsp;<\/p>\n<p>.<\/p>\n<p><strong><b>Texto \/\u00a0<em>Text<\/em>:\u00a0<\/b><\/strong>Hugo Gon\u00e7alves<\/p>\n<p><strong><b>Fotografia \/\u00a0<em>Photography<\/em>:\u00a0<\/b><\/strong>Lib\u00f3rio Manuel Silva<\/p>\n<p><strong><b>Tradu\u00e7\u00e3o \/\u00a0<em><i>English translation<\/i><\/em>:\u00a0<\/b><\/strong>Ricardo Marques<\/p>\n<p><strong><b>P\u00e1g.s<\/b><\/strong>: 64 (a cores; capa dura, formato 16,8 cm * 23,5 cm * 1,3 cm; 0,5 Kg)<\/p>\n<p><strong><b>1.\u00aa Edi\u00e7\u00e3o<\/b><\/strong>\u00a0\/\u00a0<strong><em><b><i>1st Edition<\/i><\/b><\/em><\/strong>: setembro 2024<\/p>\n<p><strong><b>Cole\u00e7\u00e3o<\/b><\/strong>\u00a0\/\u00a0<strong><em><b><i>Book collection<\/i><\/b><\/em><\/strong>: Portugal<\/p>\n<p><strong><b>N\u00ba na cole\u00e7\u00e3o<\/b><\/strong>\u00a0\/\u00a0<strong><em><b><i>Book collection number<\/i><\/b><\/em><\/strong>: 5<\/p>\n<p><strong><b>ISBN<\/b><\/strong>: 978-989-615-248-2<\/p>\n<p><strong><b>Editora \/\u00a0<em><i>Published by<\/i><\/em><\/b><\/strong>: Centro Atl\u00e2ntico<\/p>\n","protected":false},"excerpt":{"rendered":"<p>&nbsp;<\/p>\n<p>&nbsp;<\/p>\n","protected":false},"featured_media":27915,"comment_status":"closed","ping_status":"closed","template":"","meta":[],"product_brand":[],"product_cat":[280,181,7,103,180],"product_tag":[254,281,282,294,187,283,40,295],"class_list":{"0":"post-27914","1":"product","2":"type-product","3":"status-publish","4":"has-post-thumbnail","6":"product_cat-colecao-portugal","7":"product_cat-liborio-manuel-silva","8":"product_cat-livros","9":"product_cat-livros-capa-dura-luxo","10":"product_cat-natal","11":"product_tag-arte-e-turismo","12":"product_tag-colecao-portugal","13":"product_tag-ficcao","14":"product_tag-hugo-goncalves","15":"product_tag-liborio-manuel-silva","16":"product_tag-novidades-2024","17":"product_tag-portugal","18":"product_tag-sintra","20":"first","21":"instock","22":"sale","23":"shipping-taxable","24":"purchasable","25":"product-type-simple"},"_links":{"self":[{"href":"https:\/\/fotografiaportugal.pt\/site\/wp-json\/wp\/v2\/product\/27914","targetHints":{"allow":["GET"]}}],"collection":[{"href":"https:\/\/fotografiaportugal.pt\/site\/wp-json\/wp\/v2\/product"}],"about":[{"href":"https:\/\/fotografiaportugal.pt\/site\/wp-json\/wp\/v2\/types\/product"}],"replies":[{"embeddable":true,"href":"https:\/\/fotografiaportugal.pt\/site\/wp-json\/wp\/v2\/comments?post=27914"}],"wp:featuredmedia":[{"embeddable":true,"href":"https:\/\/fotografiaportugal.pt\/site\/wp-json\/wp\/v2\/media\/27915"}],"wp:attachment":[{"href":"https:\/\/fotografiaportugal.pt\/site\/wp-json\/wp\/v2\/media?parent=27914"}],"wp:term":[{"taxonomy":"product_brand","embeddable":true,"href":"https:\/\/fotografiaportugal.pt\/site\/wp-json\/wp\/v2\/product_brand?post=27914"},{"taxonomy":"product_cat","embeddable":true,"href":"https:\/\/fotografiaportugal.pt\/site\/wp-json\/wp\/v2\/product_cat?post=27914"},{"taxonomy":"product_tag","embeddable":true,"href":"https:\/\/fotografiaportugal.pt\/site\/wp-json\/wp\/v2\/product_tag?post=27914"}],"curies":[{"name":"wp","href":"https:\/\/api.w.org\/{rel}","templated":true}]}}