{"id":2820,"date":"2016-04-04T21:22:31","date_gmt":"2016-04-04T21:22:31","guid":{"rendered":"http:\/\/fotografiaportugal.pt\/site\/?post_type=product&#038;p=2820"},"modified":"2016-11-19T09:05:13","modified_gmt":"2016-11-19T09:05:13","slug":"foco-i-modos-focagem","status":"publish","type":"product","link":"https:\/\/fotografiaportugal.pt\/site\/shop\/pdf\/foco-i-modos-focagem\/","title":{"rendered":"FOCO (I) &#8211; Modos de Focagem"},"content":{"rendered":"<p><img loading=\"lazy\" decoding=\"async\" class=\"alignnone size-medium wp-image-2821\" src=\"https:\/\/fotografiaportugal.pt\/site\/wp-content\/uploads\/2016\/04\/009-Foco-Modos-de-Focagem2_1-212x300.png\" alt=\"009 - Foco-Modos de Focagem2_1\" width=\"212\" height=\"300\" srcset=\"https:\/\/fotografiaportugal.pt\/site\/wp-content\/uploads\/2016\/04\/009-Foco-Modos-de-Focagem2_1-212x300.png 212w, https:\/\/fotografiaportugal.pt\/site\/wp-content\/uploads\/2016\/04\/009-Foco-Modos-de-Focagem2_1-724x1024.png 724w, https:\/\/fotografiaportugal.pt\/site\/wp-content\/uploads\/2016\/04\/009-Foco-Modos-de-Focagem2_1-71x100.png 71w, https:\/\/fotografiaportugal.pt\/site\/wp-content\/uploads\/2016\/04\/009-Foco-Modos-de-Focagem2_1.png 744w\" sizes=\"auto, (max-width: 212px) 100vw, 212px\" \/><\/p>\n<p><strong>FOCO (I) &#8211; Modos de Focagem<\/strong><\/p>\n<p style=\"line-height: 18.0pt;\"><span style=\"font-family: 'Georgia','serif'; color: #333333;\">Por: Ana Mestre Photographia<\/span><\/p>\n<p style=\"line-height: 18.0pt; orphans: auto; text-align: start; widows: 1; -webkit-text-stroke-width: 0px; word-spacing: 0px;\"><span style=\"font-family: 'Georgia','serif'; color: #333333;\">(5 p\u00e1ginas, formato PDF)<\/span><\/p>\n<p>O foco \u00e9 dos elementos mais importantes numa fotografia e, infelizmente, \u00e9 muitas vezes deixado para\u00a0 \u201csegundo plano\u201d . Muitas\u00a0 vezes\u00a0 perdemos\u00a0 uma boa fotografia por falhas na hora de focar. Excepto em casos muito espec\u00edficos,\u00a0 todas as\u00a0 fotos\u00a0 devem\u00a0 ter um\u00a0 ponto focal,\u00a0 ponto no enquadramento onde a nitidez \u00e9 maior.<\/p>\n<p>Esta\u00a0 dica\u00a0 \u00e9\u00a0 a\u00a0 primeira\u00a0 de\u00a0 quatro\u00a0 dicas\u00a0 sobre\u00a0 este\u00a0 tema\u00a0 (O FOCO),\u00a0 que pretendem\u00a0 dar-te as\u00a0 ferramentas\u00a0 que necessitas\u00a0 para controlar melhor o foco\u00a0 e conseguir fotografias\u00a0 de melhor\u00a0 qualidade.\u00a0 Nesta, mostrar-te-ei os modos de focagem dispon\u00edveis na maior parte das c\u00e2maras digitais e como e quando deves utilizar cada um.<\/p>\n<p><a href=\"https:\/\/www.facebook.com\/anamestrephotographia\/\" target=\"_blank\"><img loading=\"lazy\" decoding=\"async\" class=\"alignnone size-full wp-image-1249\" src=\"https:\/\/fotografiaportugal.pt\/site\/wp-content\/uploads\/2015\/10\/Logo-AnaMestrePhotographia.png\" alt=\"Logo AnaMestrePhotographia\" width=\"200\" height=\"197\" srcset=\"https:\/\/fotografiaportugal.pt\/site\/wp-content\/uploads\/2015\/10\/Logo-AnaMestrePhotographia.png 200w, https:\/\/fotografiaportugal.pt\/site\/wp-content\/uploads\/2015\/10\/Logo-AnaMestrePhotographia-100x100.png 100w\" sizes=\"auto, (max-width: 200px) 100vw, 200px\" \/><\/a><\/p>\n<p><a href=\"https:\/\/www.facebook.com\/anamestrephotographia\/\" target=\"_blank\">Ana Mestre<\/a> nasceu em \u00c9vora em Fevereiro de 1985. Foi desde sempre uma apaixonada pelas artes e pela natureza, tendo-se formado em Arquitectura Paisagista. A fotografia apareceu na sua vida muito cedo, mas apenas em 2006 resolveu investir mais nesta paix\u00e3o e come\u00e7ou a frequentar cursos de fotografia de est\u00fadio, paisagem, edi\u00e7\u00e3o de imagem e fotojornalismo. Hoje em dia desenvolve trabalhos em regime freelancer e \u00e9 formadora em workshops de inicia\u00e7\u00e3o \u00e0 fotografia. Venceu, em 2015 o 3\u00ba pr\u00e9mio da Maratona Fotogr\u00e1fica da FNAC Lisboa e, em 2014, o 2\u00ba pr\u00e9mio na Maratona Fotogr\u00e1fica FNAC\/Aeroporto, na mesma cidade. Venceu ainda, em 2010, o 1\u00ba pr\u00e9mio do concurso \u201cPikeo-Paix\u00e3o por Portugal\u201d.\u00a0<a href=\"https:\/\/www.facebook.com\/anamestrephotographia\/\" target=\"_blank\">Ana Mestre<\/a>\u00a0\u00e9 ainda a autora das exposi\u00e7\u00f5es &#8220;<a href=\"https:\/\/fotografiaportugal.pt\/site\/exposicoes\/fotograficamente\/\">Fotografica<strong><em>mente<\/em><\/strong><\/a>&#8220;, uma exposi\u00e7\u00e3o de fotografia que ilustra muitos n\u00fameros estat\u00edsticos que nos v\u00e3o chegando sobre a situa\u00e7\u00e3o da sa\u00fade mental em Portugal&#8230; e de &#8220;<a href=\"https:\/\/fotografiaportugal.pt\/site\/exposicoes\/pequenos-outonos\/\">Pequenos Outonos<\/a>&#8220;, uma exposi\u00e7\u00e3o sobre o Outono e as mudan\u00e7as que ocorrem na natureza nesta esta\u00e7\u00e3o que, apesar do frio que se come\u00e7a a sentir, se pinta de cores quentes e transforma as nossas paisagens.\u00a0<a href=\"https:\/\/www.facebook.com\/anamestrephotographia\/\" target=\"_blank\">Ana Mestre<\/a>\u00a0\u00e9 tamb\u00e9m colaboradora <a href=\"https:\/\/fotografiaportugal.pt\/site\/\">FOTOGRAFIA PORTUGAL<\/a> na rubrica <a href=\"https:\/\/fotografiaportugal.pt\/site\/dicas\/dicas-de-fotografia\/\">Dicas de Fotografia<\/a>.<\/p>\n<p><a href=\"https:\/\/fotografiaportugal.pt\/site\/dicas\/patrocinio-a-dicas-de-fotografia\/\" rel=\"attachment wp-att-2296\"><img loading=\"lazy\" decoding=\"async\" class=\"alignnone size-medium wp-image-2296\" src=\"https:\/\/fotografiaportugal.pt\/site\/wp-content\/uploads\/2015\/11\/Patrocinio-DICAS-exemplo-LOGO-300x150.jpg\" alt=\"Patrocinio DICAS exemplo LOGO\" width=\"300\" height=\"150\" srcset=\"https:\/\/fotografiaportugal.pt\/site\/wp-content\/uploads\/2015\/11\/Patrocinio-DICAS-exemplo-LOGO-300x150.jpg 300w, https:\/\/fotografiaportugal.pt\/site\/wp-content\/uploads\/2015\/11\/Patrocinio-DICAS-exemplo-LOGO-768x384.jpg 768w, https:\/\/fotografiaportugal.pt\/site\/wp-content\/uploads\/2015\/11\/Patrocinio-DICAS-exemplo-LOGO.jpg 1024w, https:\/\/fotografiaportugal.pt\/site\/wp-content\/uploads\/2015\/11\/Patrocinio-DICAS-exemplo-LOGO-100x50.jpg 100w, https:\/\/fotografiaportugal.pt\/site\/wp-content\/uploads\/2015\/11\/Patrocinio-DICAS-exemplo-LOGO-372x186.jpg 372w\" sizes=\"auto, (max-width: 300px) 100vw, 300px\" \/><\/a><\/p>\n<p><a href=\"https:\/\/fotografiaportugal.pt\/site\/dicas\/patrocinio-a-dicas-de-fotografia\/\">Patroc\u00ednio<\/a>: (ver mais detalhe <a href=\"https:\/\/fotografiaportugal.pt\/site\/dicas\/patrocinio-a-dicas-de-fotografia\/\"><strong>aqui<\/strong><\/a>)<\/p>\n<p>Caso pretenda receber uma proposta de patroc\u00ednio a DICAS DE FOTOGRAFIA, queira por favor dirigir-nos um e-mail para <a href=\"mailto:info@fotografiaportugal.pt?subject=Pedido%20de%20proposta%20de%20patroc\u00ednio%20a%20DICAS%20DE%20FOTOGRAFIA\">info@fotografiaportugal.pt<\/a> com os seguintes dados:<\/p>\n<ul>\n<li>Assunto: Patroc\u00ednio a DICAS DE FOTOGRAFIA<\/li>\n<li>Nome da empresa ou entidade<\/li>\n<li>NIF (N\u00famero de Identifica\u00e7\u00e3o Fiscal)<\/li>\n<li>Morada, C\u00f3digo Postal, Localidade Postal e Pa\u00eds<\/li>\n<li>Imagem de Log\u00f3tipo a constar como patroc\u00ednio<\/li>\n<li>Site, p\u00e1gina ou blog a constar como Link no patroc\u00ednio<\/li>\n<li>Cargo, T\u00edtulo e Nome da pessoa de contacto<\/li>\n<li>Telefone e e-mail da pessoa de contacto<\/li>\n<li>Indicar o tipo de patroc\u00ednio pretendido (patroc\u00ednio de marca, patroc\u00ednio de empresa, outro tipo de patroc\u00ednio)<\/li>\n<\/ul>\n<p>Ser-lhe-\u00e1 enviada uma proposta com todas as possibilidades de patroc\u00ednio a DICAS DE FOTOGRAFIA.<\/p>\n","protected":false},"excerpt":{"rendered":"<p><strong>FOCO (I) &#8211; Modos de Focagem<\/strong><\/p>\n<p style=\"line-height: 18.0pt;\"><span style=\"font-family: 'Georgia','serif'; color: #333333;\">Por: Ana Mestre Photographia<\/span><\/p>\n","protected":false},"featured_media":2823,"comment_status":"closed","ping_status":"closed","template":"","meta":[],"product_brand":[],"product_cat":[128,115,114],"product_tag":[],"class_list":{"0":"post-2820","1":"product","2":"type-product","3":"status-publish","4":"has-post-thumbnail","6":"product_cat-especial-fotografia","7":"product_cat-gratuito","8":"product_cat-pdf","9":"product_shipping_class-envio-classe-0","11":"first","12":"instock","13":"downloadable","14":"sold-individually","15":"shipping-taxable","16":"purchasable","17":"product-type-simple"},"_links":{"self":[{"href":"https:\/\/fotografiaportugal.pt\/site\/wp-json\/wp\/v2\/product\/2820","targetHints":{"allow":["GET"]}}],"collection":[{"href":"https:\/\/fotografiaportugal.pt\/site\/wp-json\/wp\/v2\/product"}],"about":[{"href":"https:\/\/fotografiaportugal.pt\/site\/wp-json\/wp\/v2\/types\/product"}],"replies":[{"embeddable":true,"href":"https:\/\/fotografiaportugal.pt\/site\/wp-json\/wp\/v2\/comments?post=2820"}],"wp:featuredmedia":[{"embeddable":true,"href":"https:\/\/fotografiaportugal.pt\/site\/wp-json\/wp\/v2\/media\/2823"}],"wp:attachment":[{"href":"https:\/\/fotografiaportugal.pt\/site\/wp-json\/wp\/v2\/media?parent=2820"}],"wp:term":[{"taxonomy":"product_brand","embeddable":true,"href":"https:\/\/fotografiaportugal.pt\/site\/wp-json\/wp\/v2\/product_brand?post=2820"},{"taxonomy":"product_cat","embeddable":true,"href":"https:\/\/fotografiaportugal.pt\/site\/wp-json\/wp\/v2\/product_cat?post=2820"},{"taxonomy":"product_tag","embeddable":true,"href":"https:\/\/fotografiaportugal.pt\/site\/wp-json\/wp\/v2\/product_tag?post=2820"}],"curies":[{"name":"wp","href":"https:\/\/api.w.org\/{rel}","templated":true}]}}