{"id":28334,"date":"2024-10-08T08:09:49","date_gmt":"2024-10-08T08:09:49","guid":{"rendered":"https:\/\/fotografiaportugal.pt\/site\/?post_type=product&#038;p=28334"},"modified":"2025-06-17T16:02:27","modified_gmt":"2025-06-17T16:02:27","slug":"terceira-colecao-portugal","status":"publish","type":"product","link":"https:\/\/fotografiaportugal.pt\/site\/shop\/livros\/terceira-colecao-portugal\/","title":{"rendered":"TERCEIRA &#8211; Cole\u00e7\u00e3o Portugal"},"content":{"rendered":"<p>Livro n\u00ba 6 da nova Cole\u00e7\u00e3o Portugal (bilingue, em capa dura):<\/p>\n<p>Portugal inteiro dentro de um livro. Os escritores portugueses mais acarinhados e um fot\u00f3grafo de patrim\u00f3nio. O mesmo horizonte para a fic\u00e7\u00e3o e a realidade, em que criatividade liter\u00e1ria e riqueza fotogr\u00e1fica mergulham na nossa geografia. Um percurso concelho a concelho, ilha a ilha, escritor a escritor.<\/p>\n<p>\/<\/p>\n<p><em>The whole of Portugal in one book. The most cherished Portuguese writers and a photographer specialising in heritage. The same horizon for fiction and reality, in which literary creativity and photographic richness immerse themselves in our geography. This is a journey that covers county after county, island after island, writer after writer.<\/em><\/p>\n<p>.<\/p>\n<p><strong>Joel Neto<\/strong>\u00a0\u00e9 autor de duas dezenas de volumes de diferentes g\u00e9neros, entre os quais os romances\u00a0<em>Arquip\u00e9lago<\/em>\u00a0(2015) e\u00a0<em>Meridiano 28<\/em>\u00a0(2018) ou os di\u00e1rios\u00a0<em>A Vida no Campo<\/em>\u00a0(2016) e\u00a0<em>A Vida no Campo: Os Anos da Maturidade,\u00a0<\/em>vol. II (2019), que juntaram as tabelas de vendas ao elogio da cr\u00edtica. Tem livros e contos traduzidos em v\u00e1rios pa\u00edses e l\u00ednguas e publica regularmente em antologias e revistas liter\u00e1rias portuguesas e estrangeiras. Venceu, com\u00a0<em>A Vida no Campo<\/em>, o Grande Pr\u00e9mio de Literatura Biogr\u00e1fica da Associa\u00e7\u00e3o Portuguesa de Escritores.\u00a0<em>J\u00e9nifer, Ou a Princesa da Fran\u00e7a<\/em>\u00a0(reportagem de fic\u00e7\u00e3o\/novela, 2023, Funda\u00e7\u00e3o Francisco Manuel dos Santos) \u00e9 a sua mais recente obra.<\/p>\n<p>Nasceu na ilha Terceira, nos A\u00e7ores, e mudou-se para Lisboa aos 18 anos, para estudar Rela\u00e7\u00f5es Internacionais. Depois de d\u00e9cada e meia de trabalho como rep\u00f3rter, editor e chefe de redac\u00e7\u00e3o em boa parte dos principais \u00f3rg\u00e3os de imprensa portugueses, voltou \u00e0 ilha natal em 2012, determinado a dedicar mais tempo \u00e0 literatura. Vive desde ent\u00e3o no lugar dos Dois Caminhos, freguesia da Terra Ch\u00e3, onde tem um jardim, um pomar, dois c\u00e3es e um beb\u00e9. \u00c9 autor, anfitri\u00e3o e\/ou comentador de diferentes programas de r\u00e1dio e televis\u00e3o e mant\u00e9m h\u00e1 mais de trinta anos as actividades de cronista, memorialista e ensa\u00edsta na imprensa, colabora\u00e7\u00f5es em que se destacam, nos \u00faltimos anos, a coluna Pai aos 50 (<em>Not\u00edcias Magazine<\/em>,\u00a0<em>DN<\/em>\/<em>JN<\/em>) e os ensaios e cr\u00f3nicas dispersas por diferentes cadernos do\u00a0<em>Expresso<\/em>.<\/p>\n<p><strong>\u00a0<\/strong>\/<\/p>\n<p><strong>Joel Neto<\/strong>\u00a0is the author of two dozen books of different genres, including the novels,\u00a0<em>Arquip\u00e9lago\u00a0<\/em>(2015) and\u00a0<em>Meridiano\u00a0<\/em>(2018), the diaries\u00a0<em>A Vida no Campo\u00a0<\/em>(2016) and\u00a0<em>A Vida no Campo: Os Anos da Maturidade,\u00a0<\/em>vol. II (2016), both of which obtained sale success and critical acclaim. His books and short stories have been translated into several languages and in various countries. He is also regularly included in anthologies and publishes in literary magazines both in Portugal and abroad.\u00a0<em>A Vida no Campo<\/em>\u00a0was the winner of the Grand Prize for Biographical Literature from the Portuguese Writer\u2019s Association.\u00a0<em>J\u00e9nifer, Ou a Princesa da Fran\u00e7a\u00a0<\/em>(fictional reporting\/novel, 2023, Funda\u00e7\u00e3o Francisco Manuel dos Santos) is his most recente work. He was born on the Island of Terceira, Azores, and moved to Lisbon at the age of 18 to study International Relations. After working for a decade and a half as a reporter, editor, and editor-in-chief for many of Portugal\u2019s main news outlets, he returned to his native island in 2012, determined to dedicate more time to literature. Since then, he has lived in Dois Caminhos, in the parish of Terra Ch\u00e3, where he enjoys his garden and orchards with his two dogs and a baby. He is the author, host and\/or commentator of various radio and television programs and has been a columnist, memoirist, and essayist in the press for over thirty years, including the column Pai aos 50, (<em>Not\u00edcias Magazine, DN\/JN<\/em>), as well as essays and chronicles spread across different literary magazines of\u00a0<em>Expresso<\/em>.<\/p>\n<p>.<\/p>\n<p>Com excep\u00e7\u00e3o das fotografias a\u00e9reas, todas as imagens deste livro foram captadas com equipamento Leica, em Junho de 2024. \/ With the exception of the aerial photographs, all images in this book were shot with Leica equipment in June 2024.<\/p>\n<p>.<\/p>\n<p><strong><b>Texto \/\u00a0<em>Text<\/em>:\u00a0<\/b><\/strong>Joel Neto<\/p>\n<p><strong><b>Fotografia \/\u00a0<em>Photography<\/em>:\u00a0<\/b><\/strong>Lib\u00f3rio Manuel Silva<\/p>\n<p><strong><b>Tradu\u00e7\u00e3o \/\u00a0<em><i>English translation<\/i><\/em>:\u00a0<\/b><\/strong>Deolinda Ad\u00e3o<\/p>\n<p><strong><b>P\u00e1g.s<\/b><\/strong>: 64 (a cores; capa dura, formato 16,8 cm * 23,5 cm * 1,3 cm; 0,5 Kg)<\/p>\n<p><strong><b>1.\u00aa Edi\u00e7\u00e3o<\/b><\/strong>\u00a0\/\u00a0<strong><em><b><i>1st Edition<\/i><\/b><\/em><\/strong>: outubro 2024<\/p>\n<p><strong><b>Cole\u00e7\u00e3o<\/b><\/strong>\u00a0\/\u00a0<strong><em><b><i>Book collection<\/i><\/b><\/em><\/strong>: Portugal<\/p>\n<p><strong><b>N\u00ba na cole\u00e7\u00e3o<\/b><\/strong>\u00a0\/\u00a0<strong><em><b><i>Book collection number<\/i><\/b><\/em><\/strong>: 6<\/p>\n<p><strong><b>ISBN<\/b><\/strong>: 978-989-615-249-9<\/p>\n<p><strong><b>Editora \/\u00a0<em><i>Published by<\/i><\/em><\/b><\/strong>: Centro Atl\u00e2ntico<\/p>\n","protected":false},"excerpt":{"rendered":"<p>Livro n\u00ba 6 da nova Cole\u00e7\u00e3o Portugal (bilingue, em capa dura): Portugal inteiro dentro de um livro. Os escritores portugueses mais acarinhados e um fot\u00f3grafo de patrim\u00f3nio. O mesmo horizonte para a fic\u00e7\u00e3o e a realidade, em que criatividade liter\u00e1ria e riqueza fotogr\u00e1fica mergulham na nossa geografia. Um percurso concelho a concelho, ilha a ilha, [&hellip;]<\/p>\n","protected":false},"featured_media":28493,"comment_status":"closed","ping_status":"closed","template":"","meta":[],"product_brand":[],"product_cat":[280,181,7,103,180],"product_tag":[298,254,281,282,296,187,283,40,297],"class_list":{"0":"post-28334","1":"product","2":"type-product","3":"status-publish","4":"has-post-thumbnail","6":"product_cat-colecao-portugal","7":"product_cat-liborio-manuel-silva","8":"product_cat-livros","9":"product_cat-livros-capa-dura-luxo","10":"product_cat-natal","11":"product_tag-acores","12":"product_tag-arte-e-turismo","13":"product_tag-colecao-portugal","14":"product_tag-ficcao","15":"product_tag-joel-neto","16":"product_tag-liborio-manuel-silva","17":"product_tag-novidades-2024","18":"product_tag-portugal","19":"product_tag-terceira","21":"first","22":"instock","23":"sale","24":"shipping-taxable","25":"purchasable","26":"product-type-simple"},"_links":{"self":[{"href":"https:\/\/fotografiaportugal.pt\/site\/wp-json\/wp\/v2\/product\/28334","targetHints":{"allow":["GET"]}}],"collection":[{"href":"https:\/\/fotografiaportugal.pt\/site\/wp-json\/wp\/v2\/product"}],"about":[{"href":"https:\/\/fotografiaportugal.pt\/site\/wp-json\/wp\/v2\/types\/product"}],"replies":[{"embeddable":true,"href":"https:\/\/fotografiaportugal.pt\/site\/wp-json\/wp\/v2\/comments?post=28334"}],"wp:featuredmedia":[{"embeddable":true,"href":"https:\/\/fotografiaportugal.pt\/site\/wp-json\/wp\/v2\/media\/28493"}],"wp:attachment":[{"href":"https:\/\/fotografiaportugal.pt\/site\/wp-json\/wp\/v2\/media?parent=28334"}],"wp:term":[{"taxonomy":"product_brand","embeddable":true,"href":"https:\/\/fotografiaportugal.pt\/site\/wp-json\/wp\/v2\/product_brand?post=28334"},{"taxonomy":"product_cat","embeddable":true,"href":"https:\/\/fotografiaportugal.pt\/site\/wp-json\/wp\/v2\/product_cat?post=28334"},{"taxonomy":"product_tag","embeddable":true,"href":"https:\/\/fotografiaportugal.pt\/site\/wp-json\/wp\/v2\/product_tag?post=28334"}],"curies":[{"name":"wp","href":"https:\/\/api.w.org\/{rel}","templated":true}]}}