{"id":28487,"date":"2025-03-28T09:46:27","date_gmt":"2025-03-28T09:46:27","guid":{"rendered":"https:\/\/fotografiaportugal.pt\/site\/?post_type=product&#038;p=28487"},"modified":"2025-06-17T16:00:15","modified_gmt":"2025-06-17T16:00:15","slug":"vila-nova-de-gaia-colecao-portugal","status":"publish","type":"product","link":"https:\/\/fotografiaportugal.pt\/site\/shop\/livros\/vila-nova-de-gaia-colecao-portugal\/","title":{"rendered":"VILA NOVA DE GAIA \u2013 Cole\u00e7\u00e3o Portugal"},"content":{"rendered":"<p>Livro n\u00ba 9 da nova Cole\u00e7\u00e3o Portugal (bilingue, em capa dura).<\/p>\n<p>Portugal inteiro dentro de um livro. Os escritores portugueses mais acarinhados e um fot\u00f3grafo de patrim\u00f3nio. O mesmo horizonte para a fic\u00e7\u00e3o e a realidade, em que criatividade liter\u00e1ria e riqueza fotogr\u00e1fica mergulham na nossa geografia. Um percurso concelho a concelho, ilha a ilha, escritor a escritor.<\/p>\n<p>\/<\/p>\n<p><em>The whole of Portugal in one book. The most cherished Portuguese writers and a photographer specialising in heritage. The same horizon for fiction and reality, in which literary creativity and photographic richness immerse themselves in our geography. This is a journey that covers county after county, island after island, writer after writer.<\/em><\/p>\n<p>.<\/p>\n<p><img loading=\"lazy\" decoding=\"async\" class=\"alignnone size-medium wp-image-28490\" src=\"https:\/\/fotografiaportugal.pt\/site\/wp-content\/uploads\/2025\/03\/Miguel-Miranda-300x300.jpg\" alt=\"\" width=\"300\" height=\"300\" srcset=\"https:\/\/fotografiaportugal.pt\/site\/wp-content\/uploads\/2025\/03\/Miguel-Miranda-300x300.jpg 300w, https:\/\/fotografiaportugal.pt\/site\/wp-content\/uploads\/2025\/03\/Miguel-Miranda-150x150.jpg 150w, https:\/\/fotografiaportugal.pt\/site\/wp-content\/uploads\/2025\/03\/Miguel-Miranda-1024x1024.jpg 1024w, https:\/\/fotografiaportugal.pt\/site\/wp-content\/uploads\/2025\/03\/Miguel-Miranda.jpg 2048w\" sizes=\"auto, (max-width: 300px) 100vw, 300px\" \/><\/p>\n<p><strong>Miguel Miranda<\/strong>\u00a0\u00e9 um escritor portugu\u00eas, m\u00e9dico de profiss\u00e3o. Nasceu na cidade do Porto e vive em Vila Nova de Gaia. Publicou 23 obras, entre livros de contos, romances e policiais, estando representado em diversas colet\u00e2neas de contos. Recebeu v\u00e1rios pr\u00e9mios liter\u00e1rios: em 1996, o Grande Pr\u00e9mio do conto APE, com o livro\u00a0<em>Contos \u00e0 Moda do Porto<\/em>\u00a0(Edi\u00e7\u00f5es Afrontamento, 1996); em 1997, o Pr\u00e9mio Caminho de Literatura Policial, com\u00a0<em>O Estranho Caso do Cad\u00e1ver Sorridente<\/em>\u00a0(Editorial Caminho, 1997); o Pr\u00e9mio Fialho de Almeida em duas edi\u00e7\u00f5es: em 2001, com\u00a0<em>A Maldi\u00e7\u00e3o do Louva-a-Deus<\/em>\u00a0(Campo das Letras, 1999) e, em 2013, com\u00a0<em>Todas as Cores do Vento<\/em>\u00a0(Porto Editora, 2012). Foi finalista do Pr\u00e9mio PEN de Narrativa 2012, com\u00a0<em>Todas as Cores do Vento<\/em>\u00a0e finalista do Pr\u00e9mio Violeta Negra em 2014 do Festival de Literatura Policial de Toulouse, com o livro\u00a0<em>Donnez-leur, Seigneur, le repos \u00e9ternel<\/em>\u00a0(Editions de l\u2019Aube 2013). Est\u00e1 editado em Portugal, Fran\u00e7a, It\u00e1lia, Brasil e M\u00e9xico. O humor, a ironia, o ins\u00f3lito e algum surrealismo s\u00e3o tra\u00e7os da sua escrita, marcada tamb\u00e9m pelas reflex\u00f5es sobre a sociedade do tempo atual ou do passado recente.<\/p>\n<p>\/<\/p>\n<p><strong>Miguel Miranda<\/strong>\u00a0is a Portuguese writer, and works as a doctor. He was born in Porto and lives in Vila Nova de Gaia. He has published 23 books, including short stories, novels and detective fiction. He is represented in several collections of short stories. He has received numerous literary awards: in 1996, the APE Short Story Grand Prize, for the book\u00a0<em>Contos \u00e0 Moda do Porto<\/em>\u00a0(Edi\u00e7\u00f5es Afrontamento, 1996); in 1997 the Detective Fiction Caminho Prize for the book\u00a0<em>O Estranho Caso do Cad\u00e1ver Sorridente\u00a0<\/em>(Editorial Caminho, 1997); the Fialho de Almeida Award in two occasions: in 2001, for the book\u00a0<em>A Maldi\u00e7\u00e3o do Louva-a-Deus<\/em>\u00a0(Campo das Letras, 1999) and in 2013 for the book\u00a0<em>Todas as Cores do Vento<\/em>\u00a0(Porto Editora, 2012). He was a finalist in the 2012 Narrative PEN Award with the book\u00a0<em>Todas as Cores do Vento<\/em>\u00a0and a finalist in the Violeta Negra Award in 2014 at the Toulouse Detective Fiction Festival with the book\u00a0<em>Donnez-leur, Seigneur, le repos \u00e9ternel\u00a0<\/em>(Editions de l\u2019Aube 2013 ). He is published in Portugal, France, Italy, Brazil and Mexico. Humor, irony, the unusual and notes of surrealism are traits of his writing, also marked by reflections on our current society or of the recent past.<\/p>\n<p><strong>\u00a0<\/strong>.<\/p>\n<p>Com exce\u00e7\u00e3o das fotografias a\u00e9reas das capas, todas as imagens deste livro foram captadas com equipamento Leica, entre dezembro de 2024 e mar\u00e7o de 2025. \/ With the exception of the covers aerial photographs, all images in this book were shot with Leica equipment between December 2024 and March 2025.<\/p>\n<p>.<\/p>\n<p><strong><b>Texto \/\u00a0<em>Text<\/em>:\u00a0<\/b><\/strong>Miguel Miranda<\/p>\n<p><strong><b>Fotografia \/\u00a0<em>Photography<\/em>:\u00a0<\/b><\/strong>Lib\u00f3rio Manuel Silva<\/p>\n<p><strong><b>Tradu\u00e7\u00e3o \/\u00a0<em><i>English translation<\/i><\/em>:\u00a0<\/b><\/strong>Ricardo Marques<\/p>\n<p><strong><b>P\u00e1g.s<\/b><\/strong>: 64 (a cores; capa dura, formato 16,8 cm * 23,5 cm * 1,3 cm; 0,4 Kg)<\/p>\n<p><strong><b>1.\u00aa Edi\u00e7\u00e3o<\/b><\/strong>\u00a0\/\u00a0<strong><em><b><i>1st Edition<\/i><\/b><\/em><\/strong>: Abril 2025<\/p>\n<p><strong><b>Cole\u00e7\u00e3o<\/b><\/strong>\u00a0\/\u00a0<strong><em><b><i>Book collection<\/i><\/b><\/em><\/strong>: Portugal<\/p>\n<p><strong><b>N\u00ba na cole\u00e7\u00e3o<\/b><\/strong>\u00a0\/\u00a0<strong><em><b><i>Book collection number<\/i><\/b><\/em><\/strong>: 9<\/p>\n<p><strong><b>ISBN<\/b><\/strong>: 978-989-615-257-4<\/p>\n<p><strong><b>Editora \/\u00a0<em><i>Published by<\/i><\/em><\/b><\/strong>: Centro Atl\u00e2ntico<\/p>\n","protected":false},"excerpt":{"rendered":"<p>Livro n\u00ba 9 da nova Cole\u00e7\u00e3o Portugal (bilingue, em capa dura). Portugal inteiro dentro de um livro. Os escritores portugueses mais acarinhados e um fot\u00f3grafo de patrim\u00f3nio. O mesmo horizonte para a fic\u00e7\u00e3o e a realidade, em que criatividade liter\u00e1ria e riqueza fotogr\u00e1fica mergulham na nossa geografia. Um percurso concelho a concelho, ilha a ilha, [&hellip;]<\/p>\n","protected":false},"featured_media":28489,"comment_status":"closed","ping_status":"closed","template":"","meta":[],"product_brand":[],"product_cat":[185,280,181,7,103,180],"product_tag":[254,281,282,187,306,307,40,277],"class_list":{"0":"post-28487","1":"product","2":"type-product","3":"status-publish","4":"has-post-thumbnail","6":"product_cat-best-sellers-para-turistas-for-tourists","7":"product_cat-colecao-portugal","8":"product_cat-liborio-manuel-silva","9":"product_cat-livros","10":"product_cat-livros-capa-dura-luxo","11":"product_cat-natal","12":"product_tag-arte-e-turismo","13":"product_tag-colecao-portugal","14":"product_tag-ficcao","15":"product_tag-liborio-manuel-silva","16":"product_tag-miguel-miranda","17":"product_tag-novidades-2025","18":"product_tag-portugal","19":"product_tag-vila-nova-de-gaia","21":"first","22":"instock","23":"sale","24":"shipping-taxable","25":"purchasable","26":"product-type-simple"},"_links":{"self":[{"href":"https:\/\/fotografiaportugal.pt\/site\/wp-json\/wp\/v2\/product\/28487","targetHints":{"allow":["GET"]}}],"collection":[{"href":"https:\/\/fotografiaportugal.pt\/site\/wp-json\/wp\/v2\/product"}],"about":[{"href":"https:\/\/fotografiaportugal.pt\/site\/wp-json\/wp\/v2\/types\/product"}],"replies":[{"embeddable":true,"href":"https:\/\/fotografiaportugal.pt\/site\/wp-json\/wp\/v2\/comments?post=28487"}],"wp:featuredmedia":[{"embeddable":true,"href":"https:\/\/fotografiaportugal.pt\/site\/wp-json\/wp\/v2\/media\/28489"}],"wp:attachment":[{"href":"https:\/\/fotografiaportugal.pt\/site\/wp-json\/wp\/v2\/media?parent=28487"}],"wp:term":[{"taxonomy":"product_brand","embeddable":true,"href":"https:\/\/fotografiaportugal.pt\/site\/wp-json\/wp\/v2\/product_brand?post=28487"},{"taxonomy":"product_cat","embeddable":true,"href":"https:\/\/fotografiaportugal.pt\/site\/wp-json\/wp\/v2\/product_cat?post=28487"},{"taxonomy":"product_tag","embeddable":true,"href":"https:\/\/fotografiaportugal.pt\/site\/wp-json\/wp\/v2\/product_tag?post=28487"}],"curies":[{"name":"wp","href":"https:\/\/api.w.org\/{rel}","templated":true}]}}