{"id":28495,"date":"2025-04-08T13:03:16","date_gmt":"2025-04-08T13:03:16","guid":{"rendered":"https:\/\/fotografiaportugal.pt\/site\/?post_type=product&#038;p=28495"},"modified":"2025-06-17T15:59:47","modified_gmt":"2025-06-17T15:59:47","slug":"famalicao-colecao-portugal","status":"publish","type":"product","link":"https:\/\/fotografiaportugal.pt\/site\/shop\/livros\/famalicao-colecao-portugal\/","title":{"rendered":"FAMALIC\u00c3O \u2013 Cole\u00e7\u00e3o Portugal"},"content":{"rendered":"<p>Livro n\u00ba 10 da nova Cole\u00e7\u00e3o Portugal (bilingue, em capa dura).<\/p>\n<p><img loading=\"lazy\" decoding=\"async\" class=\"alignnone size-medium wp-image-28497\" src=\"https:\/\/fotografiaportugal.pt\/site\/wp-content\/uploads\/2025\/04\/p63_VNFamalicao_v3-rodada-ate-VNF-300x116.jpg\" alt=\"\" width=\"300\" height=\"116\" srcset=\"https:\/\/fotografiaportugal.pt\/site\/wp-content\/uploads\/2025\/04\/p63_VNFamalicao_v3-rodada-ate-VNF-300x116.jpg 300w, https:\/\/fotografiaportugal.pt\/site\/wp-content\/uploads\/2025\/04\/p63_VNFamalicao_v3-rodada-ate-VNF-1024x394.jpg 1024w, https:\/\/fotografiaportugal.pt\/site\/wp-content\/uploads\/2025\/04\/p63_VNFamalicao_v3-rodada-ate-VNF.jpg 1870w\" sizes=\"auto, (max-width: 300px) 100vw, 300px\" \/><\/p>\n<p>Portugal inteiro dentro de um livro. Os escritores portugueses mais acarinhados e um fot\u00f3grafo de patrim\u00f3nio. O mesmo horizonte para a fic\u00e7\u00e3o e a realidade, em que criatividade liter\u00e1ria e riqueza fotogr\u00e1fica mergulham na nossa geografia. Um percurso concelho a concelho, ilha a ilha, escritor a escritor.<\/p>\n<p>\/<\/p>\n<p><em>The whole of Portugal in one book. The most cherished Portuguese writers and a photographer specialising in heritage. The same horizon for fiction and reality, in which literary creativity and photographic richness immerse themselves in our geography. This is a journey that covers county after county, island after island, writer after writer.<\/em><\/p>\n<p>.<\/p>\n<p><img loading=\"lazy\" decoding=\"async\" class=\"alignnone size-medium wp-image-28503\" src=\"https:\/\/fotografiaportugal.pt\/site\/wp-content\/uploads\/2025\/04\/jorgereissa-1250px-200x300-1-200x300.jpg\" alt=\"\" width=\"200\" height=\"300\" \/><\/p>\n<p><strong>Jorge Reis-S\u00e1<\/strong>\u00a0nasceu em Vila Nova de Famalic\u00e3o, em 1977.<\/p>\n<p>Licenciado em Biologia, fundou em 1999 as Quasi Edi\u00e7\u00f5es, que editou at\u00e9 2009. \u00c9, desde 2013, editor da Glaciar e d\u2019A Casa dos Ceifeiros e consultor editorial de v\u00e1rias institui\u00e7\u00f5es e editoras.<\/p>\n<p>Estreou-se em 1999 com um livro de poemas. Desde a\u00ed tem publicado poesia, contos, cr\u00f3nicas e romances.<\/p>\n<p>Editado no Brasil pela Record e traduzido para italiano, viu o seu romance\u00a0<em>Todos os Dias<\/em>\u00a0(Dom Quixote) ser considerado um dos livros do ano pela revista \u201cOs Meus Livros\u201d.<\/p>\n<p>Em 2022, publicou, na colec\u00e7\u00e3o \u201cRetratos da Funda\u00e7\u00e3o\u201d, da Funda\u00e7\u00e3o Francisco Manuel dos Santos,\u00a0<em>Campo dos Bargos \u2013 O futebol ou a recupera\u00e7\u00e3o semanal da inf\u00e2ncia<\/em>, e, na sua A Casa dos Ceifeiros, o livro\u00a0<em>A Hip\u00f3tese de Gaia<\/em>, reunindo todas as suas fic\u00e7\u00f5es curtas, com o qual venceu o Grande Pr\u00e9mio do Conto Branquinho da Fonseca da Associa\u00e7\u00e3o Portuguesa de Escritores. Tem reeditado a sua obra n\u2019 A Casa dos Ceifeiros, onde, em 2024, reuniu a sua poesia no volume\u00a0<em>Prado do Repouso<\/em>, vencedor do Pr\u00e9mio Liter\u00e1rio Funda\u00e7\u00e3o In\u00eas de Castro do mesmo ano.<\/p>\n<p>Apresentou o programa \u201cMil Vezes Cam\u00f5es\u201d para a RTP3, estando em produ\u00e7\u00e3o a segunda s\u00e9rie, desta vez dedicada a Camilo Castelo Branco, \u201cMil Vezes Camilo\u201d. Frequenta o doutoramento em Hist\u00f3ria da Ci\u00eancia na Faculdade de Ci\u00eancias da Universidade de Lisboa.<\/p>\n<p>\/<\/p>\n<p><strong>Jorge Reis-S\u00e1<\/strong>\u00a0was born in Vila Nova de Famalic\u00e3o in 1977.<\/p>\n<p>Holding a degree in Biology, he founded the publisher Quasi Edi\u00e7\u00f5es in 1999, and he ran it until 2009. Since 2013, he has been the editor of Glaciar and A Casa dos Ceifeiros and an editorial consultant for various institutions and publishers.<\/p>\n<p>He made his debut with a poetry book in 1999. Since then he has published poetry, short stories, chronicles, and novels.<\/p>\n<p>In 2022 he published\u00a0<em>Campo dos Bargos \u2013 O futebol ou a recupera\u00e7\u00e3o semanal da inf\u00e2ncia<\/em>\u00a0in the Francisco Manuel dos Santos Foundation\u2019s \u201cRetratos da Funda\u00e7\u00e3o\u201d collection, and\u00a0<em>A Hip\u00f3tese de Gaia<\/em>\u00a0in his A Casa dos Ceifeiros, bringing together all his short stories, which was awarded the Branquinho da Fonseca Short Story Grand Prize by the Portuguese Writers\u2019 Association, the publisher where he has been reissuing his work and where, in 2024, he brought together his poetry in the volume\u00a0<em>Prado do Repouso<\/em>, which was awarded the Funda\u00e7\u00e3o In\u00eas de Castro Literary Prize.<\/p>\n<p>He presented the TV programme \u201cMil Vezes Cam\u00f5es\u201d for RTP3, and is pursuing a PhD in the History of Science at the Faculty of Sciences of the University of Lisbon.<\/p>\n<p><strong>\u00a0<\/strong>.<\/p>\n<p>Todas as imagens base deste livro foram captadas com equipamento Leica, entre janeiro e mar\u00e7o de 2025. \/ All base images in this book were shot with Leica equipment between January and March 2025.<\/p>\n<p>.<\/p>\n<p><strong><b>Texto \/\u00a0<em>Text<\/em>:\u00a0<\/b><\/strong>Jorge Reis-S\u00e1<\/p>\n<p><strong><b>Fotografia \/\u00a0<em>Photography<\/em>:\u00a0<\/b><\/strong>Lib\u00f3rio Manuel Silva<\/p>\n<p><strong><b>Tradu\u00e7\u00e3o \/\u00a0<em><i>English translation<\/i><\/em>:\u00a0<\/b><\/strong>Sara Veiga<\/p>\n<p><strong><b>P\u00e1g.s<\/b><\/strong>: 64 (a cores; capa dura, formato 16,8 cm * 23,5 cm * 1,3 cm; 0,4 Kg)<\/p>\n<p><strong><b>1.\u00aa Edi\u00e7\u00e3o<\/b><\/strong>\u00a0\/\u00a0<strong><em><b><i>1st Edition<\/i><\/b><\/em><\/strong>: Abril 2025<\/p>\n<p><strong><b>Cole\u00e7\u00e3o<\/b><\/strong>\u00a0\/\u00a0<strong><em><b><i>Book collection<\/i><\/b><\/em><\/strong>: Portugal<\/p>\n<p><strong><b>N\u00ba na cole\u00e7\u00e3o<\/b><\/strong>\u00a0\/\u00a0<strong><em><b><i>Book collection number<\/i><\/b><\/em><\/strong>: 10<\/p>\n<p><strong><b>ISBN<\/b><\/strong>: 978-989-615-252-9<\/p>\n<p><strong><b>Editora \/\u00a0<em><i>Published by<\/i><\/em><\/b><\/strong>: Centro Atl\u00e2ntico<\/p>\n","protected":false},"excerpt":{"rendered":"<p>Livro n\u00ba 10 da nova Cole\u00e7\u00e3o Portugal (bilingue, em capa dura). Portugal inteiro dentro de um livro. Os escritores portugueses mais acarinhados e um fot\u00f3grafo de patrim\u00f3nio. O mesmo horizonte para a fic\u00e7\u00e3o e a realidade, em que criatividade liter\u00e1ria e riqueza fotogr\u00e1fica mergulham na nossa geografia. Um percurso concelho a concelho, ilha a ilha, [&hellip;]<\/p>\n","protected":false},"featured_media":28498,"comment_status":"closed","ping_status":"closed","template":"","meta":[],"product_brand":[],"product_cat":[185,280,181,7,103,180],"product_tag":[254,281,309,310,187,307,40],"class_list":{"0":"post-28495","1":"product","2":"type-product","3":"status-publish","4":"has-post-thumbnail","6":"product_cat-best-sellers-para-turistas-for-tourists","7":"product_cat-colecao-portugal","8":"product_cat-liborio-manuel-silva","9":"product_cat-livros","10":"product_cat-livros-capa-dura-luxo","11":"product_cat-natal","12":"product_tag-arte-e-turismo","13":"product_tag-colecao-portugal","14":"product_tag-ficcao-ficcao","15":"product_tag-jorge-reis-sa","16":"product_tag-liborio-manuel-silva","17":"product_tag-novidades-2025","18":"product_tag-portugal","20":"first","21":"instock","22":"sale","23":"shipping-taxable","24":"purchasable","25":"product-type-simple"},"_links":{"self":[{"href":"https:\/\/fotografiaportugal.pt\/site\/wp-json\/wp\/v2\/product\/28495","targetHints":{"allow":["GET"]}}],"collection":[{"href":"https:\/\/fotografiaportugal.pt\/site\/wp-json\/wp\/v2\/product"}],"about":[{"href":"https:\/\/fotografiaportugal.pt\/site\/wp-json\/wp\/v2\/types\/product"}],"replies":[{"embeddable":true,"href":"https:\/\/fotografiaportugal.pt\/site\/wp-json\/wp\/v2\/comments?post=28495"}],"wp:featuredmedia":[{"embeddable":true,"href":"https:\/\/fotografiaportugal.pt\/site\/wp-json\/wp\/v2\/media\/28498"}],"wp:attachment":[{"href":"https:\/\/fotografiaportugal.pt\/site\/wp-json\/wp\/v2\/media?parent=28495"}],"wp:term":[{"taxonomy":"product_brand","embeddable":true,"href":"https:\/\/fotografiaportugal.pt\/site\/wp-json\/wp\/v2\/product_brand?post=28495"},{"taxonomy":"product_cat","embeddable":true,"href":"https:\/\/fotografiaportugal.pt\/site\/wp-json\/wp\/v2\/product_cat?post=28495"},{"taxonomy":"product_tag","embeddable":true,"href":"https:\/\/fotografiaportugal.pt\/site\/wp-json\/wp\/v2\/product_tag?post=28495"}],"curies":[{"name":"wp","href":"https:\/\/api.w.org\/{rel}","templated":true}]}}