{"id":28519,"date":"2025-05-14T19:08:08","date_gmt":"2025-05-14T19:08:08","guid":{"rendered":"https:\/\/fotografiaportugal.pt\/site\/?post_type=product&#038;p=28519"},"modified":"2025-07-01T15:12:58","modified_gmt":"2025-07-01T15:12:58","slug":"leiria-colecao-portugal","status":"publish","type":"product","link":"https:\/\/fotografiaportugal.pt\/site\/shop\/livros\/leiria-colecao-portugal\/","title":{"rendered":"LEIRIA \u2013 Cole\u00e7\u00e3o Portugal"},"content":{"rendered":"<p>Livro n\u00ba 12 da nova Cole\u00e7\u00e3o Portugal (bilingue, em capa dura).<\/p>\n<p><img loading=\"lazy\" decoding=\"async\" class=\"alignnone size-medium wp-image-28522\" src=\"https:\/\/fotografiaportugal.pt\/site\/wp-content\/uploads\/2025\/05\/p64_Braga_ateBraga-1024x577-1-300x169.jpg\" alt=\"\" width=\"300\" height=\"169\" srcset=\"https:\/\/fotografiaportugal.pt\/site\/wp-content\/uploads\/2025\/05\/p64_Braga_ateBraga-1024x577-1-300x169.jpg 300w, https:\/\/fotografiaportugal.pt\/site\/wp-content\/uploads\/2025\/05\/p64_Braga_ateBraga-1024x577-1.jpg 1024w, https:\/\/fotografiaportugal.pt\/site\/wp-content\/uploads\/2025\/05\/p64_Braga_ateBraga-1024x577-1-416x234.jpg 416w\" sizes=\"auto, (max-width: 300px) 100vw, 300px\" \/><\/p>\n<p>Portugal inteiro dentro de um livro. Os escritores portugueses mais acarinhados e um fot\u00f3grafo de patrim\u00f3nio. O mesmo horizonte para a fic\u00e7\u00e3o e a realidade, em que criatividade liter\u00e1ria e riqueza fotogr\u00e1fica mergulham na nossa geografia. Um percurso concelho a concelho, ilha a ilha, escritor a escritor.<\/p>\n<p>\/<\/p>\n<p><em>The whole of Portugal in one book. The most cherished Portuguese writers and a photographer specialising in heritage. The same horizon for fiction and reality, in which literary creativity and photographic richness immerse themselves in our geography. This is a journey that covers county after county, island after island, writer after writer.<\/em><\/p>\n<p>.<\/p>\n<p><strong>Paulo Moreiras<\/strong>\u00a0nasceu em Agosto de 1969, na cidade de Louren\u00e7o Marques, Mo\u00e7ambique. Em Outubro de 1974, aterrou em Portugal. Quis ser desenhador, cientista, inventor, marinheiro, antrop\u00f3logo, mas n\u00e3o foi nada disso. Perdeu-se muitas vezes e achou-se outras tantas. Erra mais do que acerta, mas n\u00e3o deixa de ser feliz por isso. Come\u00e7ou na banda desenhada, navegou pela poesia e desaguou no romance com\u00a0<em>A Demanda de D. Fuas Bragatela<\/em>\u00a0(2002). Seguiram-se\u00a0<em>Os Dias de Saturno\u00a0<\/em>(2009),\u00a0<em>O Ouro dos Corcundas\u00a0<\/em>(2011) e\u00a0<em>A Vida Airada de Dom Perdigote\u00a0<\/em>(2023), finalista do Pr\u00e9mio Liter\u00e1rio Casino da P\u00f3voa 2024. N\u2019<em>O Caminho do Burro<\/em>\u00a0(2021) reuniu os seus melhores contos. Tamb\u00e9m escreve sobre gastronomia, com destaque para\u00a0<em>Elogio da Ginja<\/em>\u00a0(2006) e\u00a0<em>P\u00e3o &amp; Vinho \u2013 Mil e Uma Hist\u00f3rias de Comer e Beber<\/em>\u00a0(2014). Gosta do que faz e daquilo que quer fazer.<\/p>\n<p>\/<\/p>\n<p><strong>Paulo Moreiras<\/strong>\u00a0was born on August of 1969, in the city of Louren\u00e7o Marques, Mozambique. He landed in Portugal in October of 1974. He wanted to be a draw artist, scientist, inventor, sailor, anthropologist, but he was none of those things. He lost himself many times and found himself as often. He makes more mistakes than wise choices, but that does not keep him from being happy. He started with comic strips, dwelled in poetry, and ended up in the novel with A\u00a0<em>Demanda de D. Fuas Bragatela<\/em>\u00a0(2002). Followed by\u00a0<em>Os Dias de Saturno<\/em>\u00a0(2009),\u00a0<em>O Ouro dos Corcundas<\/em>\u00a0(2011) and\u00a0<em>A Vida Airada de Dom Perdigote<\/em>\u00a0(2023), which was a finalist in the Literary Award of Casino da P\u00f3voa 2024. In\u00a0<em>O Caminho do Burro<\/em>\u00a0(2021) he gathered his best short stories. He also wrote about gastronomy, notably\u00a0<em>Elogio da Ginja<\/em>\u00a0(2006) and\u00a0<em>P\u00e3o &amp; Vinho \u2013 Mil e Uma Hist\u00f3rias de Comer e Beber<\/em>\u00a0(2014). He likes what he does and what he wants to do.<\/p>\n<p><strong>\u00a0<\/strong>.<\/p>\n<p>Com exce\u00e7\u00e3o das fotografias a\u00e9reas (capas e p. 12) e a da p. 24 (registada em abril de 2018), todas as imagens deste livro foram captadas com equipamento Leica, em janeiro de 2025.<\/p>\n<p>\/ With the exception of the aerial photographs (covers and p. 12) and the one on p. 24 (shot in April 2018), all images in this book were shot with Leica equipment in January 2025.<\/p>\n<p>.<\/p>\n<p><strong><b>Texto \/\u00a0<em>Text<\/em>:\u00a0<\/b><\/strong>Paulo Moreiras<\/p>\n<p><strong><b>Fotografia \/\u00a0<em>Photography<\/em>:\u00a0<\/b><\/strong>Lib\u00f3rio Manuel Silva<\/p>\n<p><strong><b>Tradu\u00e7\u00e3o \/\u00a0<em><i>English translation<\/i><\/em>:\u00a0<\/b><\/strong>Deolinda Ad\u00e3o<\/p>\n<p><strong><b>P\u00e1g.s<\/b><\/strong>: 64 (a cores; capa dura, formato 16,8 cm * 23,5 cm * 1,3 cm; 0,4 Kg)<\/p>\n<p><strong><b>1.\u00aa Edi\u00e7\u00e3o<\/b><\/strong>\u00a0\/\u00a0<strong><em><b><i>1st Edition<\/i><\/b><\/em><\/strong>: Maio 2025<\/p>\n<p><strong><b>Cole\u00e7\u00e3o<\/b><\/strong>\u00a0\/\u00a0<strong><em><b><i>Book collection<\/i><\/b><\/em><\/strong>: Portugal<\/p>\n<p><strong><b>N\u00ba na cole\u00e7\u00e3o<\/b><\/strong>\u00a0\/\u00a0<strong><em><b><i>Book collection number<\/i><\/b><\/em><\/strong>: 12<\/p>\n<p><strong><b>ISBN<\/b><\/strong>: 978-989-615-255-0<\/p>\n<p><strong><b>Editora \/\u00a0<em><i>Published by<\/i><\/em><\/b><\/strong>: Centro Atl\u00e2ntico<\/p>\n","protected":false},"excerpt":{"rendered":"<p>Livro n\u00ba 12 da nova Cole\u00e7\u00e3o Portugal (bilingue, em capa dura). Portugal inteiro dentro de um livro. Os escritores portugueses mais acarinhados e um fot\u00f3grafo de patrim\u00f3nio. O mesmo horizonte para a fic\u00e7\u00e3o e a realidade, em que criatividade liter\u00e1ria e riqueza fotogr\u00e1fica mergulham na nossa geografia. Um percurso concelho a concelho, ilha a ilha, [&hellip;]<\/p>\n","protected":false},"featured_media":28529,"comment_status":"closed","ping_status":"closed","template":"","meta":[],"product_brand":[],"product_cat":[185,280,181,7,103,180,147],"product_tag":[254,281,282,313,187,307,314,40],"class_list":{"0":"post-28519","1":"product","2":"type-product","3":"status-publish","4":"has-post-thumbnail","6":"product_cat-best-sellers-para-turistas-for-tourists","7":"product_cat-colecao-portugal","8":"product_cat-liborio-manuel-silva","9":"product_cat-livros","10":"product_cat-livros-capa-dura-luxo","11":"product_cat-natal","12":"product_cat-top-10","13":"product_tag-arte-e-turismo","14":"product_tag-colecao-portugal","15":"product_tag-ficcao","16":"product_tag-leiria","17":"product_tag-liborio-manuel-silva","18":"product_tag-novidades-2025","19":"product_tag-paulo-moreiras","20":"product_tag-portugal","22":"first","23":"instock","24":"sale","25":"shipping-taxable","26":"purchasable","27":"product-type-simple"},"_links":{"self":[{"href":"https:\/\/fotografiaportugal.pt\/site\/wp-json\/wp\/v2\/product\/28519","targetHints":{"allow":["GET"]}}],"collection":[{"href":"https:\/\/fotografiaportugal.pt\/site\/wp-json\/wp\/v2\/product"}],"about":[{"href":"https:\/\/fotografiaportugal.pt\/site\/wp-json\/wp\/v2\/types\/product"}],"replies":[{"embeddable":true,"href":"https:\/\/fotografiaportugal.pt\/site\/wp-json\/wp\/v2\/comments?post=28519"}],"wp:featuredmedia":[{"embeddable":true,"href":"https:\/\/fotografiaportugal.pt\/site\/wp-json\/wp\/v2\/media\/28529"}],"wp:attachment":[{"href":"https:\/\/fotografiaportugal.pt\/site\/wp-json\/wp\/v2\/media?parent=28519"}],"wp:term":[{"taxonomy":"product_brand","embeddable":true,"href":"https:\/\/fotografiaportugal.pt\/site\/wp-json\/wp\/v2\/product_brand?post=28519"},{"taxonomy":"product_cat","embeddable":true,"href":"https:\/\/fotografiaportugal.pt\/site\/wp-json\/wp\/v2\/product_cat?post=28519"},{"taxonomy":"product_tag","embeddable":true,"href":"https:\/\/fotografiaportugal.pt\/site\/wp-json\/wp\/v2\/product_tag?post=28519"}],"curies":[{"name":"wp","href":"https:\/\/api.w.org\/{rel}","templated":true}]}}