{"id":28552,"date":"2025-06-17T15:53:31","date_gmt":"2025-06-17T15:53:31","guid":{"rendered":"https:\/\/fotografiaportugal.pt\/site\/?post_type=product&#038;p=28552"},"modified":"2025-07-01T15:11:32","modified_gmt":"2025-07-01T15:11:32","slug":"faro-colecao-portugal","status":"publish","type":"product","link":"https:\/\/fotografiaportugal.pt\/site\/shop\/livros\/faro-colecao-portugal\/","title":{"rendered":"FARO \u2013 Cole\u00e7\u00e3o Portugal"},"content":{"rendered":"<p>Livro n\u00ba 15 da nova Cole\u00e7\u00e3o Portugal (bilingue, em capa dura).<\/p>\n<p><img loading=\"lazy\" decoding=\"async\" class=\"alignnone size-medium wp-image-28540\" src=\"https:\/\/fotografiaportugal.pt\/site\/wp-content\/uploads\/2025\/05\/p64_Braga_ateBraga-1024x577-3-300x169.jpg\" alt=\"\" width=\"300\" height=\"169\" srcset=\"https:\/\/fotografiaportugal.pt\/site\/wp-content\/uploads\/2025\/05\/p64_Braga_ateBraga-1024x577-3-300x169.jpg 300w, https:\/\/fotografiaportugal.pt\/site\/wp-content\/uploads\/2025\/05\/p64_Braga_ateBraga-1024x577-3-416x234.jpg 416w, https:\/\/fotografiaportugal.pt\/site\/wp-content\/uploads\/2025\/05\/p64_Braga_ateBraga-1024x577-3.jpg 1024w\" sizes=\"auto, (max-width: 300px) 100vw, 300px\" \/><\/p>\n<p>Portugal inteiro dentro de um livro. Os escritores portugueses mais acarinhados e um fot\u00f3grafo de patrim\u00f3nio. O mesmo horizonte para a fic\u00e7\u00e3o e a realidade, em que criatividade liter\u00e1ria e riqueza fotogr\u00e1fica mergulham na nossa geografia. Um percurso concelho a concelho, ilha a ilha, escritor a escritor.<\/p>\n<p>\/<\/p>\n<p><em>The whole of Portugal in one book. The most cherished Portuguese writers and a photographer specialising in heritage. The same horizon for fiction and reality, in which literary creativity and photographic richness immerse themselves in our geography. This is a journey that covers county after county, island after island, writer after writer.<\/em><\/p>\n<p>.<\/p>\n<p><strong>Jos\u00e9 Carlos Barros<\/strong>\u00a0\u00e9 licenciado em Arquitectura Paisagista pela Universidade de \u00c9vora. Vive no Algarve, em Vila Nova de Cacela. Foi director do Parque Natural da Ria Formosa e da Reserva Natural do Sapal de Castro Marim e Vila Real de Santo Ant\u00f3nio. \u00c9 autor de tr\u00eas romances, tendo vencido o Pr\u00e9mio LeYa com\u00a0<em>As Pessoas Invis\u00edveis<\/em>\u00a0(2022).\u00a0<em>Taludes Inst\u00e1veis \u2013 Poemas Escolhidos<\/em>\u00a0(Publica\u00e7\u00f5es Dom Quixote, 2024) revisita doze t\u00edtulos de poesia publicados entre 1984 e 2023.\u00a0<em>Os Filhos de Monte Gordo<\/em>\u00a0(Funda\u00e7\u00e3o Francisco Manuel dos Santos, cole\u00e7\u00e3o Retratos) \u00e9 o seu livro mais recente.<\/p>\n<p>\/<\/p>\n<p><strong>Jos\u00e9 Carlos Barros<\/strong>\u00a0has a degree in Landscape Architecture from the University of \u00c9vora. He lives in the Algarve, in Vila Nova de Cacela. He was director of the Ria Formosa Natural Park and the Castro Marim and Vila Real de Santo Ant\u00f3nio Marshland Nature Reserve. He is the author of three novels, having won the LeYa Prize for\u00a0<em>As Pessoas Invis\u00edveis<\/em>\u00a0(The Invisible People) (2022).\u00a0<em>Taludes Inst\u00e1veis \u2013 Poemas Escolhidos<\/em>\u00a0(Unstable Slopes \u2013 Selected Poems) (Publica\u00e7\u00f5es Dom Quixote, 2024), revisits twelve poetry volumes published between 1984 and 2023.\u00a0<em>Os Filhos de Monte Gordo\u00a0<\/em>(The Children of Monte Gordo) (Funda\u00e7\u00e3o Francisco Manuel dos Santos, Retratos Collection) is his most recent book.<\/p>\n<p><strong>\u00a0<\/strong>.<\/p>\n<p>Todas as imagens deste livro foram captadas com equipamento Leica, em maio de 2025.<\/p>\n<p>\/ All images in this book were shot with Leica equipment in May 2025.<\/p>\n<p>.<\/p>\n<p><strong><b>Texto \/\u00a0<em>Text<\/em>:<\/b><\/strong>\u00a0Jos\u00e9 Carlos Barros<\/p>\n<p><strong><b>Fotografia \/\u00a0<em>Photography<\/em>:\u00a0<\/b><\/strong>Lib\u00f3rio Manuel Silva<\/p>\n<p><strong><b>Tradu\u00e7\u00e3o \/\u00a0<em><i>English translation<\/i><\/em>:\u00a0<\/b><\/strong>Ricardo Marques<\/p>\n<p><strong><b>P\u00e1g.s<\/b><\/strong>: 64 (a cores; capa dura, formato 16,8 cm * 23,5 cm * 1,3 cm; 0,4 Kg)<\/p>\n<p><strong><b>1.\u00aa Edi\u00e7\u00e3o<\/b><\/strong>\u00a0\/\u00a0<strong><em><b><i>1st Edition<\/i><\/b><\/em><\/strong>: Junho 2025<\/p>\n<p><strong><b>Cole\u00e7\u00e3o<\/b><\/strong>\u00a0\/\u00a0<strong><em><b><i>Book collection<\/i><\/b><\/em><\/strong>: Portugal<\/p>\n<p><strong><b>N\u00ba na cole\u00e7\u00e3o<\/b><\/strong>\u00a0\/\u00a0<strong><em><b><i>Book collection number<\/i><\/b><\/em><\/strong>: 15<\/p>\n<p><strong><b>ISBN<\/b><\/strong>: 978-989-615-254-3<\/p>\n<p><strong><b>Editora \/\u00a0<em><i>Published by<\/i><\/em><\/b><\/strong>: Centro Atl\u00e2ntico<\/p>\n","protected":false},"excerpt":{"rendered":"<h5><em>O envio dos livros ser\u00e1 efetuado apenas ap\u00f3s a sess\u00e3o de lan\u00e7amento, isto \u00e9, a 23 de junho de 2025.<\/em><\/h5>\n","protected":false},"featured_media":28553,"comment_status":"closed","ping_status":"closed","template":"","meta":[],"product_brand":[],"product_cat":[185,280,181,7,103,180,80,147],"product_tag":[254,281,318,282,319,187,307,40],"class_list":{"0":"post-28552","1":"product","2":"type-product","3":"status-publish","4":"has-post-thumbnail","6":"product_cat-best-sellers-para-turistas-for-tourists","7":"product_cat-colecao-portugal","8":"product_cat-liborio-manuel-silva","9":"product_cat-livros","10":"product_cat-livros-capa-dura-luxo","11":"product_cat-natal","12":"product_cat-pre-venda","13":"product_cat-top-10","14":"product_tag-arte-e-turismo","15":"product_tag-colecao-portugal","16":"product_tag-faro","17":"product_tag-ficcao","18":"product_tag-jose-carlos-barros","19":"product_tag-liborio-manuel-silva","20":"product_tag-novidades-2025","21":"product_tag-portugal","23":"first","24":"instock","25":"sale","26":"shipping-taxable","27":"purchasable","28":"product-type-simple"},"_links":{"self":[{"href":"https:\/\/fotografiaportugal.pt\/site\/wp-json\/wp\/v2\/product\/28552","targetHints":{"allow":["GET"]}}],"collection":[{"href":"https:\/\/fotografiaportugal.pt\/site\/wp-json\/wp\/v2\/product"}],"about":[{"href":"https:\/\/fotografiaportugal.pt\/site\/wp-json\/wp\/v2\/types\/product"}],"replies":[{"embeddable":true,"href":"https:\/\/fotografiaportugal.pt\/site\/wp-json\/wp\/v2\/comments?post=28552"}],"wp:featuredmedia":[{"embeddable":true,"href":"https:\/\/fotografiaportugal.pt\/site\/wp-json\/wp\/v2\/media\/28553"}],"wp:attachment":[{"href":"https:\/\/fotografiaportugal.pt\/site\/wp-json\/wp\/v2\/media?parent=28552"}],"wp:term":[{"taxonomy":"product_brand","embeddable":true,"href":"https:\/\/fotografiaportugal.pt\/site\/wp-json\/wp\/v2\/product_brand?post=28552"},{"taxonomy":"product_cat","embeddable":true,"href":"https:\/\/fotografiaportugal.pt\/site\/wp-json\/wp\/v2\/product_cat?post=28552"},{"taxonomy":"product_tag","embeddable":true,"href":"https:\/\/fotografiaportugal.pt\/site\/wp-json\/wp\/v2\/product_tag?post=28552"}],"curies":[{"name":"wp","href":"https:\/\/api.w.org\/{rel}","templated":true}]}}