{"id":28559,"date":"2025-06-17T16:11:33","date_gmt":"2025-06-17T16:11:33","guid":{"rendered":"https:\/\/fotografiaportugal.pt\/site\/?post_type=product&#038;p=28559"},"modified":"2025-06-17T16:11:35","modified_gmt":"2025-06-17T16:11:35","slug":"beja-colecao-portugal","status":"publish","type":"product","link":"https:\/\/fotografiaportugal.pt\/site\/shop\/livros\/beja-colecao-portugal\/","title":{"rendered":"BEJA \u2013 Cole\u00e7\u00e3o Portugal"},"content":{"rendered":"<p>Livro n\u00ba 16 da nova Cole\u00e7\u00e3o Portugal (bilingue, em capa dura).<\/p>\n<p><img loading=\"lazy\" decoding=\"async\" class=\"alignnone size-medium wp-image-28540\" src=\"https:\/\/fotografiaportugal.pt\/site\/wp-content\/uploads\/2025\/05\/p64_Braga_ateBraga-1024x577-3-300x169.jpg\" alt=\"\" width=\"300\" height=\"169\" srcset=\"https:\/\/fotografiaportugal.pt\/site\/wp-content\/uploads\/2025\/05\/p64_Braga_ateBraga-1024x577-3-300x169.jpg 300w, https:\/\/fotografiaportugal.pt\/site\/wp-content\/uploads\/2025\/05\/p64_Braga_ateBraga-1024x577-3-416x234.jpg 416w, https:\/\/fotografiaportugal.pt\/site\/wp-content\/uploads\/2025\/05\/p64_Braga_ateBraga-1024x577-3.jpg 1024w\" sizes=\"auto, (max-width: 300px) 100vw, 300px\" \/><\/p>\n<p>Portugal inteiro dentro de um livro. Os escritores portugueses mais acarinhados e um fot\u00f3grafo de patrim\u00f3nio. O mesmo horizonte para a fic\u00e7\u00e3o e a realidade, em que criatividade liter\u00e1ria e riqueza fotogr\u00e1fica mergulham na nossa geografia. Um percurso concelho a concelho, ilha a ilha, escritor a escritor.<\/p>\n<p>\/<\/p>\n<p><em>The whole of Portugal in one book. The most cherished Portuguese writers and a photographer specialising in heritage. The same horizon for fiction and reality, in which literary creativity and photographic richness immerse themselves in our geography. This is a journey that covers county after county, island after island, writer after writer.<\/em><\/p>\n<p>.<\/p>\n<p><strong>Carlos Campani\u00e7o<\/strong>\u00a0nasceu na aldeia de Safara (Moura), distrito de Beja. A\u00ed viveu at\u00e9 ingressar na universidade, onde cursou L\u00ednguas e Literaturas Modernas.\u00a0 \u00c9 tamb\u00e9m mestre em Culturas \u00c1rabe e Isl\u00e2mica e o Mediterr\u00e2neo. Escritor e programador cultural.<\/p>\n<p>\u00c9 autor dos romances\u00a0<em>Molinos<\/em>\u00a0(2007),\u00a0<em>A Ilha das Duas Primaveras<\/em>\u00a0(2009),\u00a0<em>Os Dem\u00f3nios de \u00c1lvaro Cobra<\/em>\u00a0(2013) \u2013 Pr\u00e9mio Liter\u00e1rio Cidade de Almada 2012 \u2013,\u00a0<em>Mal Nascer<\/em>\u00a0(2014) \u2013 Finalista do Pr\u00e9mio Leya e Pr\u00e9mio Mais Literatura\u2013Revista Mais Alentejo,\u00a0<em>As Vi\u00favas de Dom Rufia\u00a0<\/em>(2016) e\u00a0<em>Velhos Lobos\u00a0<\/em>(2022), diversos contos e do ensaio\u00a0<em>Da Serra de Tavira ao Rif Marroquino.\u00a0<\/em><em>Analogias e Mitos\u00a0<\/em>(2008).<\/p>\n<p>\/<\/p>\n<p><strong>Carlos Campani\u00e7o<\/strong>\u00a0was born in the village of Safara (Moura), in the district of Beja. He lived there until he went to university, where he studied Modern Languages and Literatures. He also has a Masters in Arabic and Islamic Cultures and the Mediterranean. A writer and cultural developer.<\/p>\n<p>He\u2019s the author of the novels:\u00a0<em>Molinos\u00a0<\/em>(2007),\u00a0<em>A Ilha das Duas Primaveras<\/em>\u00a0(2009),\u00a0<em>Os Dem\u00f3nios de \u00c1lvaro Cobra<\/em>\u00a0(2013) \u2013 2012 Cidade de Almada Literary Prize,\u00a0<em>Mal Nascer<\/em>\u00a0(2014) \u2013 Finalist for the LeYa Award, and winner of the Mais Literatura Award \u2013 for the Magazine Mais Alentejo,\u00a0<em>As Vi\u00favas de Dom Rufia<\/em>\u00a0(2016) and\u00a0<em>Velhos Lobos<\/em>\u00a0(2022), various short stories and the literary work\u00a0<em>Da Serra de Tavira ao Rif Marroquino.\u00a0<\/em><em>Analogias e Mitos<\/em>\u00a0(2008).<\/p>\n<p><strong>\u00a0<\/strong>.<\/p>\n<p>Todas as imagens deste livro foram captadas com equipamento Leica, em mar\u00e7o de 2025.<\/p>\n<p>\/ All images in this book were shot with Leica equipment in March 2025.<\/p>\n<p>.<\/p>\n<p><strong><b>Texto \/\u00a0<em>Text<\/em>:<\/b><\/strong>\u00a0Carlos Campani\u00e7o<\/p>\n<p><strong><b>Fotografia \/\u00a0<em>Photography<\/em>:\u00a0<\/b><\/strong>Lib\u00f3rio Manuel Silva<\/p>\n<p><strong><b>Tradu\u00e7\u00e3o \/\u00a0<em><i>English translation<\/i><\/em>:\u00a0<\/b><\/strong>Virginia Henry Martins<\/p>\n<p><strong><b>P\u00e1g.s<\/b><\/strong>: 64 (a cores; capa dura, formato 16,8 cm * 23,5 cm * 1,3 cm; 0,4 Kg)<\/p>\n<p><strong><b>1.\u00aa Edi\u00e7\u00e3o<\/b><\/strong>\u00a0\/\u00a0<strong><em><b><i>1st Edition<\/i><\/b><\/em><\/strong>: Junho 2025<\/p>\n<p><strong><b>Cole\u00e7\u00e3o<\/b><\/strong>\u00a0\/\u00a0<strong><em><b><i>Book collection<\/i><\/b><\/em><\/strong>: Portugal<\/p>\n<p><strong><b>N\u00ba na cole\u00e7\u00e3o<\/b><\/strong>\u00a0\/\u00a0<strong><em><b><i>Book collection number<\/i><\/b><\/em><\/strong>: 16<\/p>\n<p><strong><b>ISBN<\/b><\/strong>: 978-989-615-261-1<\/p>\n<p><strong><b>Editora \/\u00a0<em><i>Published by<\/i><\/em><\/b><\/strong>: Centro Atl\u00e2ntico<\/p>\n","protected":false},"excerpt":{"rendered":"<h5><em>O envio dos livros ser\u00e1 efetuado apenas ap\u00f3s a sess\u00e3o de lan\u00e7amento, isto \u00e9, a 23 de junho de 2025.<\/em><\/h5>\n","protected":false},"featured_media":28560,"comment_status":"closed","ping_status":"closed","template":"","meta":[],"product_brand":[],"product_cat":[185,280,181,7,103,180,80],"product_tag":[254,320,321,281,282,187,307,40],"class_list":{"0":"post-28559","1":"product","2":"type-product","3":"status-publish","4":"has-post-thumbnail","6":"product_cat-best-sellers-para-turistas-for-tourists","7":"product_cat-colecao-portugal","8":"product_cat-liborio-manuel-silva","9":"product_cat-livros","10":"product_cat-livros-capa-dura-luxo","11":"product_cat-natal","12":"product_cat-pre-venda","13":"product_tag-arte-e-turismo","14":"product_tag-beja","15":"product_tag-carlos-campanico","16":"product_tag-colecao-portugal","17":"product_tag-ficcao","18":"product_tag-liborio-manuel-silva","19":"product_tag-novidades-2025","20":"product_tag-portugal","22":"first","23":"instock","24":"sale","25":"shipping-taxable","26":"purchasable","27":"product-type-simple"},"_links":{"self":[{"href":"https:\/\/fotografiaportugal.pt\/site\/wp-json\/wp\/v2\/product\/28559","targetHints":{"allow":["GET"]}}],"collection":[{"href":"https:\/\/fotografiaportugal.pt\/site\/wp-json\/wp\/v2\/product"}],"about":[{"href":"https:\/\/fotografiaportugal.pt\/site\/wp-json\/wp\/v2\/types\/product"}],"replies":[{"embeddable":true,"href":"https:\/\/fotografiaportugal.pt\/site\/wp-json\/wp\/v2\/comments?post=28559"}],"wp:featuredmedia":[{"embeddable":true,"href":"https:\/\/fotografiaportugal.pt\/site\/wp-json\/wp\/v2\/media\/28560"}],"wp:attachment":[{"href":"https:\/\/fotografiaportugal.pt\/site\/wp-json\/wp\/v2\/media?parent=28559"}],"wp:term":[{"taxonomy":"product_brand","embeddable":true,"href":"https:\/\/fotografiaportugal.pt\/site\/wp-json\/wp\/v2\/product_brand?post=28559"},{"taxonomy":"product_cat","embeddable":true,"href":"https:\/\/fotografiaportugal.pt\/site\/wp-json\/wp\/v2\/product_cat?post=28559"},{"taxonomy":"product_tag","embeddable":true,"href":"https:\/\/fotografiaportugal.pt\/site\/wp-json\/wp\/v2\/product_tag?post=28559"}],"curies":[{"name":"wp","href":"https:\/\/api.w.org\/{rel}","templated":true}]}}