{"id":28573,"date":"2025-07-01T10:35:23","date_gmt":"2025-07-01T10:35:23","guid":{"rendered":"https:\/\/fotografiaportugal.pt\/site\/?post_type=product&#038;p=28573"},"modified":"2025-07-01T10:35:23","modified_gmt":"2025-07-01T10:35:23","slug":"amarante-colecao-portugal","status":"publish","type":"product","link":"https:\/\/fotografiaportugal.pt\/site\/shop\/livros\/amarante-colecao-portugal\/","title":{"rendered":"AMARANTE \u2013 Cole\u00e7\u00e3o Portugal"},"content":{"rendered":"<p>Livro n\u00ba 18 da nova Cole\u00e7\u00e3o Portugal (bilingue, em capa dura).<\/p>\n<p><img loading=\"lazy\" decoding=\"async\" class=\"alignnone size-medium wp-image-28574\" src=\"https:\/\/fotografiaportugal.pt\/site\/wp-content\/uploads\/2025\/07\/lombadas_p64_VF_XIRA-rodado-300x230.jpg\" alt=\"\" width=\"300\" height=\"230\" srcset=\"https:\/\/fotografiaportugal.pt\/site\/wp-content\/uploads\/2025\/07\/lombadas_p64_VF_XIRA-rodado-300x230.jpg 300w, https:\/\/fotografiaportugal.pt\/site\/wp-content\/uploads\/2025\/07\/lombadas_p64_VF_XIRA-rodado-1024x784.jpg 1024w, https:\/\/fotografiaportugal.pt\/site\/wp-content\/uploads\/2025\/07\/lombadas_p64_VF_XIRA-rodado-416x319.jpg 416w, https:\/\/fotografiaportugal.pt\/site\/wp-content\/uploads\/2025\/07\/lombadas_p64_VF_XIRA-rodado.jpg 1908w\" sizes=\"auto, (max-width: 300px) 100vw, 300px\" \/><\/p>\n<p>Portugal inteiro dentro de um livro. Os escritores portugueses mais acarinhados e um fot\u00f3grafo de patrim\u00f3nio. O mesmo horizonte para a fic\u00e7\u00e3o e a realidade, em que criatividade liter\u00e1ria e riqueza fotogr\u00e1fica mergulham na nossa geografia. Um percurso concelho a concelho, ilha a ilha, escritor a escritor.<\/p>\n<p>\/<\/p>\n<p><em>The whole of Portugal in one book. The most cherished Portuguese writers and a photographer specialising in heritage. The same horizon for fiction and reality, in which literary creativity and photographic richness immerse themselves in our geography. This is a journey that covers county after county, island after island, writer after writer.<\/em><\/p>\n<p>.<\/p>\n<p><strong>Ad\u00e9lia Carvalho<\/strong>\u00a0nasceu em Penafiel e licenciou-se em Educa\u00e7\u00e3o de Inf\u00e2ncia, escreve e conta hist\u00f3rias para todos. Tem mais de 30 livros publicados, traduzidos e editados em diversos pa\u00edses. Em 2024 foi nomeada para o Pr\u00e9mio Astrid Lingrid\u00a0 Memorial Award.<\/p>\n<p>\/<\/p>\n<p><strong>Ad\u00e9lia Carvalho<\/strong>\u00a0was born in Penafiel and holds a degree in Early Childhood Education. She writes and tells stories for all audiences. She has over 30 books published, translated, and released in various countries. In 2024, she was nominated for the Astrid Lindgren Memorial Award.<\/p>\n<p><strong>\u00a0<\/strong>.<\/p>\n<p>Todas as imagens deste livro foram captadas com equipamento Leica, entre janeiro e abril de 2025<\/p>\n<p>\/ All images in this book were shot with Leica equipment between January and April 2025.<\/p>\n<p>.<\/p>\n<p><strong><b>Texto \/\u00a0<em>Text<\/em>:<\/b><\/strong>\u00a0Ad\u00e9lia Carvalho<\/p>\n<p><strong><b>Fotografia \/\u00a0<em>Photography<\/em>:\u00a0<\/b><\/strong>Lib\u00f3rio Manuel Silva<\/p>\n<p><strong><b>Tradu\u00e7\u00e3o \/\u00a0<em><i>English translation<\/i><\/em>:\u00a0<\/b><\/strong>Ricardo Marques<\/p>\n<p><strong><b>P\u00e1g.s<\/b><\/strong>: 64 (a cores; capa dura, formato 16,8 cm * 23,5 cm * 1,3 cm; 0,4 Kg)<\/p>\n<p><strong><b>1.\u00aa Edi\u00e7\u00e3o<\/b><\/strong>\u00a0\/\u00a0<strong><em><b><i>1st Edition<\/i><\/b><\/em><\/strong>: Junho 2025<\/p>\n<p><strong><b>Cole\u00e7\u00e3o<\/b><\/strong>\u00a0\/\u00a0<strong><em><b><i>Book collection<\/i><\/b><\/em><\/strong>: Portugal<\/p>\n<p><strong><b>N\u00ba na cole\u00e7\u00e3o<\/b><\/strong>\u00a0\/\u00a0<strong><em><b><i>Book collection number<\/i><\/b><\/em><\/strong>: 18<\/p>\n<p><strong><b>ISBN<\/b><\/strong>: 978-989-615-263-5<\/p>\n<p><strong><b>Editora \/\u00a0<em><i>Published by<\/i><\/em><\/b><\/strong>: Centro Atl\u00e2ntico<\/p>\n","protected":false},"excerpt":{"rendered":"<h5><em>O envio dos livros ser\u00e1 efetuado apenas ap\u00f3s a sess\u00e3o de lan\u00e7amento, isto \u00e9, a 7 de julho de 2025.<\/em><\/h5>\n","protected":false},"featured_media":28576,"comment_status":"closed","ping_status":"closed","template":"","meta":[],"product_brand":[],"product_cat":[185,280,181,7,103,180,80],"product_tag":[324,325,254,281,282,187,307,40],"class_list":{"0":"post-28573","1":"product","2":"type-product","3":"status-publish","4":"has-post-thumbnail","6":"product_cat-best-sellers-para-turistas-for-tourists","7":"product_cat-colecao-portugal","8":"product_cat-liborio-manuel-silva","9":"product_cat-livros","10":"product_cat-livros-capa-dura-luxo","11":"product_cat-natal","12":"product_cat-pre-venda","13":"product_tag-adelia-carvalho","14":"product_tag-amarante","15":"product_tag-arte-e-turismo","16":"product_tag-colecao-portugal","17":"product_tag-ficcao","18":"product_tag-liborio-manuel-silva","19":"product_tag-novidades-2025","20":"product_tag-portugal","22":"first","23":"instock","24":"sale","25":"shipping-taxable","26":"purchasable","27":"product-type-simple"},"_links":{"self":[{"href":"https:\/\/fotografiaportugal.pt\/site\/wp-json\/wp\/v2\/product\/28573","targetHints":{"allow":["GET"]}}],"collection":[{"href":"https:\/\/fotografiaportugal.pt\/site\/wp-json\/wp\/v2\/product"}],"about":[{"href":"https:\/\/fotografiaportugal.pt\/site\/wp-json\/wp\/v2\/types\/product"}],"replies":[{"embeddable":true,"href":"https:\/\/fotografiaportugal.pt\/site\/wp-json\/wp\/v2\/comments?post=28573"}],"wp:featuredmedia":[{"embeddable":true,"href":"https:\/\/fotografiaportugal.pt\/site\/wp-json\/wp\/v2\/media\/28576"}],"wp:attachment":[{"href":"https:\/\/fotografiaportugal.pt\/site\/wp-json\/wp\/v2\/media?parent=28573"}],"wp:term":[{"taxonomy":"product_brand","embeddable":true,"href":"https:\/\/fotografiaportugal.pt\/site\/wp-json\/wp\/v2\/product_brand?post=28573"},{"taxonomy":"product_cat","embeddable":true,"href":"https:\/\/fotografiaportugal.pt\/site\/wp-json\/wp\/v2\/product_cat?post=28573"},{"taxonomy":"product_tag","embeddable":true,"href":"https:\/\/fotografiaportugal.pt\/site\/wp-json\/wp\/v2\/product_tag?post=28573"}],"curies":[{"name":"wp","href":"https:\/\/api.w.org\/{rel}","templated":true}]}}