{"id":28586,"date":"2025-07-01T11:10:49","date_gmt":"2025-07-01T11:10:49","guid":{"rendered":"https:\/\/fotografiaportugal.pt\/site\/?post_type=product&#038;p=28586"},"modified":"2026-01-04T18:06:06","modified_gmt":"2026-01-04T18:06:06","slug":"pack-praias-volumes-i-e-ii","status":"publish","type":"product","link":"https:\/\/fotografiaportugal.pt\/site\/shop\/livros\/pack-praias-volumes-i-e-ii\/","title":{"rendered":"Pack PRAIAS (Volumes I e II)"},"content":{"rendered":"<p><img loading=\"lazy\" decoding=\"async\" class=\"alignnone size-medium wp-image-28587\" src=\"https:\/\/fotografiaportugal.pt\/site\/wp-content\/uploads\/2025\/07\/Campanha-Verao-2025-scaled-300x108.jpg\" alt=\"\" width=\"300\" height=\"108\" srcset=\"https:\/\/fotografiaportugal.pt\/site\/wp-content\/uploads\/2025\/07\/Campanha-Verao-2025-scaled-300x108.jpg 300w, https:\/\/fotografiaportugal.pt\/site\/wp-content\/uploads\/2025\/07\/Campanha-Verao-2025-scaled-1024x368.jpg 1024w, https:\/\/fotografiaportugal.pt\/site\/wp-content\/uploads\/2025\/07\/Campanha-Verao-2025-scaled-416x150.jpg 416w\" sizes=\"auto, (max-width: 300px) 100vw, 300px\" \/><\/p>\n<p>Pack <strong>PRAIAS<\/strong> (Volumes I e II)<\/p>\n<p><strong>PRAIAS &#8211; Maravilhas de Portugal \/ BEACHES &#8211; Wonders of Portugal\u00a0<\/strong>(Volume <strong>I<\/strong>)<\/p>\n<p><a>Com pref\u00e1cio de <strong>Rui Reininho<\/strong>, o \u201crei da pop-rock nacional\u201d e escritor de exce\u00e7\u00e3o, pr\u00f3logo pelo eminente cientista Prof. <strong>Ant\u00f3nio Galopim de Carvalho<\/strong> e poema de abertura de <strong>Mafalda Veiga<\/strong>, uma das mais importantes e reconhecidas cantoras e compositoras portuguesas, \u00ab<strong>PRAIAS Maravilhas de Portugal \/\u00a0<em>BEACHES Wonders of Portugal<\/em><\/strong>\u00bb \u00e9 o novo livro de <strong>Lib\u00f3rio Manuel Silva<\/strong>, numa edi\u00e7\u00e3o de luxo, bilingue, cartonada, com sobrecapa, resultado de uma longa e aturada pesquisa ao longo de toda a nossa costa atl\u00e2ntica (continente e ilhas), apresentada na forma de viagem, de Norte para Sul, com mais de <strong>500<\/strong> fotografias exclusivas relativas \u00e0s nossas <strong>40<\/strong> <strong>praias<\/strong> mais deslumbrantes e a mais de <strong>300<\/strong> sugest\u00f5es de patrim\u00f3nio cultural local a visitar e a degustar.<\/a><\/p>\n<p><strong>PRAIAS FLUVIAIS &#8211; Maravilhas de Portugal \/ RIVER BEACHES &#8211; Wonders of Portugal <\/strong>(Volume <strong>II<\/strong>)<\/p>\n<p><a>Com pref\u00e1cio de <strong>Fernando Alves<\/strong>, excelso autor e voz da r\u00e1dio h\u00e1 mais de 30 anos, \u00ab<strong>PRAIAS FLUVIAIS<\/strong><strong> Maravilhas de Portugal \/ <em>RIVER BEACHES<\/em><\/strong><\/a>\u00a0<a><strong><em>Wonders of Portugal<\/em><\/strong>\u00bb \u00e9 o novo livro de <strong>Lib\u00f3rio Manuel Silva<\/strong>, numa edi\u00e7\u00e3o de luxo, bilingue, cartonada, com sobrecapa, resultado de uma longa e aturada pesquisa a todo o interior do pa\u00eds (continente), apresentada na forma de viagem, de Norte para Sul, com mais de 400 fotografias exclusivas relativas \u00e0s nossas\u00a0<strong>30<\/strong>\u00a0<strong>Praias Fluviais<\/strong>\u00a0mais deslumbrantes e a mais de <strong>200<\/strong> sugest\u00f5es de patrim\u00f3nio cultural local a visitar e a degustar.<\/a><\/p>\n<p>O livro para um Ver\u00e3o diferente: longe das multid\u00f5es e mais perto da natureza.<\/p>\n<p>30 \u201cPraias Fluviais Maravilhas de Portugal\u201d com \u00e1guas cristalinas, de norte a sul, selvagens ou com bandeira azul, verdadeiros o\u00e1sis escondidos entre montanhas e vilas hist\u00f3ricas, perfeitas para mergulhos tranquilos, caminhadas revigorantes e dias em fam\u00edlia, com mais de duas centenas de propostas para visitas e experi\u00eancias gastron\u00f3micas locais. P\u00e1gina a p\u00e1gina este livro convida-te, a cada mergulho nos para\u00edsos de \u00e1gua doce revelados, a celebrar a natureza no seu estado mais puro.<\/p>\n","protected":false},"excerpt":{"rendered":"<p>Pack PRAIAS (Volumes I e II) PRAIAS &#8211; Maravilhas de Portugal \/ BEACHES &#8211; Wonders of Portugal\u00a0(Volume I) Com pref\u00e1cio de Rui Reininho, o \u201crei da pop-rock nacional\u201d e escritor de exce\u00e7\u00e3o, pr\u00f3logo pelo eminente cientista Prof. Ant\u00f3nio Galopim de Carvalho e poema de abertura de Mafalda Veiga, uma das mais importantes e reconhecidas cantoras [&hellip;]<\/p>\n","protected":false},"featured_media":28587,"comment_status":"closed","ping_status":"closed","template":"","meta":[],"product_brand":[],"product_cat":[181,7,103,101],"product_tag":[254,187,39,40,290,326,327],"class_list":{"0":"post-28586","1":"product","2":"type-product","3":"status-publish","4":"has-post-thumbnail","6":"product_cat-liborio-manuel-silva","7":"product_cat-livros","8":"product_cat-livros-capa-dura-luxo","9":"product_cat-packs","10":"product_tag-arte-e-turismo","11":"product_tag-liborio-manuel-silva","12":"product_tag-maravilhas","13":"product_tag-portugal","14":"product_tag-praias","15":"product_tag-praias-costeiras","16":"product_tag-praias-fluviais","17":"product_shipping_class-envio-classe-2","19":"first","20":"outofstock","21":"sale","22":"shipping-taxable","23":"purchasable","24":"product-type-simple"},"_links":{"self":[{"href":"https:\/\/fotografiaportugal.pt\/site\/wp-json\/wp\/v2\/product\/28586","targetHints":{"allow":["GET"]}}],"collection":[{"href":"https:\/\/fotografiaportugal.pt\/site\/wp-json\/wp\/v2\/product"}],"about":[{"href":"https:\/\/fotografiaportugal.pt\/site\/wp-json\/wp\/v2\/types\/product"}],"replies":[{"embeddable":true,"href":"https:\/\/fotografiaportugal.pt\/site\/wp-json\/wp\/v2\/comments?post=28586"}],"wp:featuredmedia":[{"embeddable":true,"href":"https:\/\/fotografiaportugal.pt\/site\/wp-json\/wp\/v2\/media\/28587"}],"wp:attachment":[{"href":"https:\/\/fotografiaportugal.pt\/site\/wp-json\/wp\/v2\/media?parent=28586"}],"wp:term":[{"taxonomy":"product_brand","embeddable":true,"href":"https:\/\/fotografiaportugal.pt\/site\/wp-json\/wp\/v2\/product_brand?post=28586"},{"taxonomy":"product_cat","embeddable":true,"href":"https:\/\/fotografiaportugal.pt\/site\/wp-json\/wp\/v2\/product_cat?post=28586"},{"taxonomy":"product_tag","embeddable":true,"href":"https:\/\/fotografiaportugal.pt\/site\/wp-json\/wp\/v2\/product_tag?post=28586"}],"curies":[{"name":"wp","href":"https:\/\/api.w.org\/{rel}","templated":true}]}}