{"id":28662,"date":"2025-10-30T18:20:18","date_gmt":"2025-10-30T18:20:18","guid":{"rendered":"https:\/\/fotografiaportugal.pt\/site\/?post_type=product&#038;p=28662"},"modified":"2025-10-30T18:20:19","modified_gmt":"2025-10-30T18:20:19","slug":"mesa-4-bancos","status":"publish","type":"product","link":"https:\/\/fotografiaportugal.pt\/site\/shop\/oportunidades-exclusivas\/mesa-4-bancos\/","title":{"rendered":"Mesa + 4 Bancos"},"content":{"rendered":"<p><strong>Mesa (55*55cm) + 4 Bancos IKEA (29*30cm)<\/strong><\/p>\n<p>Stock limitado a <u>uma \u00fanica<\/u> mesa e <u>quatro<\/u> bancos.<\/p>\n<p>Ver fotografias.<\/p>\n<p>Entrega no <strong>Central Park<\/strong> (anteriormente designado Lago Discount), em Ribeir\u00e3o, Vila Nova de Famalic\u00e3o.<\/p>\n<p>O pre\u00e7o indicado n\u00e3o inclui portes de envio para nenhuma outra morada.<\/p>\n<p>Produto inserido na campanha &#8220;<strong>Oportunidades Exclusivas<\/strong>&#8221; por mudan\u00e7a de instala\u00e7\u00f5es.<\/p>\n","protected":false},"excerpt":{"rendered":"<p>Mesa (55*55cm) + 4 Bancos IKEA (29*30cm) Stock limitado a uma \u00fanica mesa e quatro bancos. Ver fotografias. Entrega no Central Park (anteriormente designado Lago Discount), em Ribeir\u00e3o, Vila Nova de Famalic\u00e3o. O pre\u00e7o indicado n\u00e3o inclui portes de envio para nenhuma outra morada. Produto inserido na campanha &#8220;Oportunidades Exclusivas&#8221; por mudan\u00e7a de instala\u00e7\u00f5es.<\/p>\n","protected":false},"featured_media":28663,"comment_status":"closed","ping_status":"closed","template":"","meta":[],"product_brand":[],"product_cat":[330],"product_tag":[331],"class_list":{"0":"post-28662","1":"product","2":"type-product","3":"status-publish","4":"has-post-thumbnail","6":"product_cat-oportunidades-exclusivas","7":"product_tag-oportunidades-exclusivas","9":"first","10":"instock","11":"sold-individually","12":"shipping-taxable","13":"purchasable","14":"product-type-simple"},"_links":{"self":[{"href":"https:\/\/fotografiaportugal.pt\/site\/wp-json\/wp\/v2\/product\/28662","targetHints":{"allow":["GET"]}}],"collection":[{"href":"https:\/\/fotografiaportugal.pt\/site\/wp-json\/wp\/v2\/product"}],"about":[{"href":"https:\/\/fotografiaportugal.pt\/site\/wp-json\/wp\/v2\/types\/product"}],"replies":[{"embeddable":true,"href":"https:\/\/fotografiaportugal.pt\/site\/wp-json\/wp\/v2\/comments?post=28662"}],"wp:featuredmedia":[{"embeddable":true,"href":"https:\/\/fotografiaportugal.pt\/site\/wp-json\/wp\/v2\/media\/28663"}],"wp:attachment":[{"href":"https:\/\/fotografiaportugal.pt\/site\/wp-json\/wp\/v2\/media?parent=28662"}],"wp:term":[{"taxonomy":"product_brand","embeddable":true,"href":"https:\/\/fotografiaportugal.pt\/site\/wp-json\/wp\/v2\/product_brand?post=28662"},{"taxonomy":"product_cat","embeddable":true,"href":"https:\/\/fotografiaportugal.pt\/site\/wp-json\/wp\/v2\/product_cat?post=28662"},{"taxonomy":"product_tag","embeddable":true,"href":"https:\/\/fotografiaportugal.pt\/site\/wp-json\/wp\/v2\/product_tag?post=28662"}],"curies":[{"name":"wp","href":"https:\/\/api.w.org\/{rel}","templated":true}]}}