{"id":28664,"date":"2025-10-30T18:25:05","date_gmt":"2025-10-30T18:25:05","guid":{"rendered":"https:\/\/fotografiaportugal.pt\/site\/?post_type=product&#038;p=28664"},"modified":"2025-10-30T18:25:06","modified_gmt":"2025-10-30T18:25:06","slug":"300-ursos-de-peluche-novos-embalados","status":"publish","type":"product","link":"https:\/\/fotografiaportugal.pt\/site\/shop\/oportunidades-exclusivas\/300-ursos-de-peluche-novos-embalados\/","title":{"rendered":"300 Ursos de peluche novos, embalados"},"content":{"rendered":"<p><strong>300 Ursos de peluche novos, embalados<\/strong><\/p>\n<p>Venda em conjunto de <u>300<\/u> Ursos de peluche novos, embalados.<\/p>\n<p>Ver fotografias.<\/p>\n<p>Entrega no <strong>Central Park<\/strong> (anteriormente designado Lago Discount), em Ribeir\u00e3o, Vila Nova de Famalic\u00e3o.<\/p>\n<p>O pre\u00e7o indicado n\u00e3o inclui portes de envio para nenhuma outra morada.<\/p>\n<p>Produto inserido na campanha &#8220;<strong>Oportunidades Exclusivas<\/strong>&#8221; por mudan\u00e7a de instala\u00e7\u00f5es.<\/p>\n","protected":false},"excerpt":{"rendered":"<p>300 Ursos de peluche novos, embalados Venda em conjunto de 300 Ursos de peluche novos, embalados. Ver fotografias. Entrega no Central Park (anteriormente designado Lago Discount), em Ribeir\u00e3o, Vila Nova de Famalic\u00e3o. O pre\u00e7o indicado n\u00e3o inclui portes de envio para nenhuma outra morada. Produto inserido na campanha &#8220;Oportunidades Exclusivas&#8221; por mudan\u00e7a de instala\u00e7\u00f5es.<\/p>\n","protected":false},"featured_media":28665,"comment_status":"closed","ping_status":"closed","template":"","meta":[],"product_brand":[],"product_cat":[330],"product_tag":[331],"class_list":{"0":"post-28664","1":"product","2":"type-product","3":"status-publish","4":"has-post-thumbnail","6":"product_cat-oportunidades-exclusivas","7":"product_tag-oportunidades-exclusivas","9":"first","10":"instock","11":"sold-individually","12":"shipping-taxable","13":"purchasable","14":"product-type-simple"},"_links":{"self":[{"href":"https:\/\/fotografiaportugal.pt\/site\/wp-json\/wp\/v2\/product\/28664","targetHints":{"allow":["GET"]}}],"collection":[{"href":"https:\/\/fotografiaportugal.pt\/site\/wp-json\/wp\/v2\/product"}],"about":[{"href":"https:\/\/fotografiaportugal.pt\/site\/wp-json\/wp\/v2\/types\/product"}],"replies":[{"embeddable":true,"href":"https:\/\/fotografiaportugal.pt\/site\/wp-json\/wp\/v2\/comments?post=28664"}],"wp:featuredmedia":[{"embeddable":true,"href":"https:\/\/fotografiaportugal.pt\/site\/wp-json\/wp\/v2\/media\/28665"}],"wp:attachment":[{"href":"https:\/\/fotografiaportugal.pt\/site\/wp-json\/wp\/v2\/media?parent=28664"}],"wp:term":[{"taxonomy":"product_brand","embeddable":true,"href":"https:\/\/fotografiaportugal.pt\/site\/wp-json\/wp\/v2\/product_brand?post=28664"},{"taxonomy":"product_cat","embeddable":true,"href":"https:\/\/fotografiaportugal.pt\/site\/wp-json\/wp\/v2\/product_cat?post=28664"},{"taxonomy":"product_tag","embeddable":true,"href":"https:\/\/fotografiaportugal.pt\/site\/wp-json\/wp\/v2\/product_tag?post=28664"}],"curies":[{"name":"wp","href":"https:\/\/api.w.org\/{rel}","templated":true}]}}