{"id":28670,"date":"2025-10-30T18:36:44","date_gmt":"2025-10-30T18:36:44","guid":{"rendered":"https:\/\/fotografiaportugal.pt\/site\/?post_type=product&#038;p=28670"},"modified":"2025-10-31T11:03:06","modified_gmt":"2025-10-31T11:03:06","slug":"tubos-de-envio","status":"publish","type":"product","link":"https:\/\/fotografiaportugal.pt\/site\/shop\/oportunidades-exclusivas\/tubos-de-envio\/","title":{"rendered":"110 Tubos de envio"},"content":{"rendered":"<p><strong>25 Tubos de envio, novos (63*6cm) + 85 Tubos (33*5cm)<\/strong><\/p>\n<p>Venda em conjunto de: <span style=\"text-decoration: underline;\"><strong>110<\/strong><\/span> Tubos de envio, sendo <u>vinte e cinco<\/u> Tubos (63*6cm) e <u>oitenta e cinco<\/u> Tubos (33*5cm).<\/p>\n<p>Ver fotografias.<\/p>\n<p>Entrega no <strong>Central Park<\/strong> (anteriormente designado Lago Discount), em Ribeir\u00e3o, Vila Nova de Famalic\u00e3o.<\/p>\n<p>O pre\u00e7o indicado n\u00e3o inclui portes de envio para nenhuma outra morada.<\/p>\n<p>Produto inserido na campanha &#8220;<strong>Oportunidades Exclusivas<\/strong>&#8221; por mudan\u00e7a de instala\u00e7\u00f5es.<\/p>\n","protected":false},"excerpt":{"rendered":"<p>25 Tubos de envio, novos (63*6cm) + 85 Tubos (33*5cm) Venda em conjunto de: 110 Tubos de envio, sendo vinte e cinco Tubos (63*6cm) e oitenta e cinco Tubos (33*5cm). Ver fotografias. Entrega no Central Park (anteriormente designado Lago Discount), em Ribeir\u00e3o, Vila Nova de Famalic\u00e3o. O pre\u00e7o indicado n\u00e3o inclui portes de envio para [&hellip;]<\/p>\n","protected":false},"featured_media":28672,"comment_status":"closed","ping_status":"closed","template":"","meta":[],"product_brand":[],"product_cat":[330],"product_tag":[331],"class_list":{"0":"post-28670","1":"product","2":"type-product","3":"status-publish","4":"has-post-thumbnail","6":"product_cat-oportunidades-exclusivas","7":"product_tag-oportunidades-exclusivas","9":"first","10":"instock","11":"sold-individually","12":"shipping-taxable","13":"purchasable","14":"product-type-simple"},"_links":{"self":[{"href":"https:\/\/fotografiaportugal.pt\/site\/wp-json\/wp\/v2\/product\/28670","targetHints":{"allow":["GET"]}}],"collection":[{"href":"https:\/\/fotografiaportugal.pt\/site\/wp-json\/wp\/v2\/product"}],"about":[{"href":"https:\/\/fotografiaportugal.pt\/site\/wp-json\/wp\/v2\/types\/product"}],"replies":[{"embeddable":true,"href":"https:\/\/fotografiaportugal.pt\/site\/wp-json\/wp\/v2\/comments?post=28670"}],"wp:featuredmedia":[{"embeddable":true,"href":"https:\/\/fotografiaportugal.pt\/site\/wp-json\/wp\/v2\/media\/28672"}],"wp:attachment":[{"href":"https:\/\/fotografiaportugal.pt\/site\/wp-json\/wp\/v2\/media?parent=28670"}],"wp:term":[{"taxonomy":"product_brand","embeddable":true,"href":"https:\/\/fotografiaportugal.pt\/site\/wp-json\/wp\/v2\/product_brand?post=28670"},{"taxonomy":"product_cat","embeddable":true,"href":"https:\/\/fotografiaportugal.pt\/site\/wp-json\/wp\/v2\/product_cat?post=28670"},{"taxonomy":"product_tag","embeddable":true,"href":"https:\/\/fotografiaportugal.pt\/site\/wp-json\/wp\/v2\/product_tag?post=28670"}],"curies":[{"name":"wp","href":"https:\/\/api.w.org\/{rel}","templated":true}]}}