{"id":28760,"date":"2025-11-03T19:09:19","date_gmt":"2025-11-03T19:09:19","guid":{"rendered":"https:\/\/fotografiaportugal.pt\/site\/?post_type=product&#038;p=28760"},"modified":"2025-12-09T15:58:31","modified_gmt":"2025-12-09T15:58:31","slug":"caixa-com-livros-colecao-portugal-e-garrafa-de-vinho-quinta-da-alorna","status":"publish","type":"product","link":"https:\/\/fotografiaportugal.pt\/site\/shop\/packs\/caixa-com-livros-colecao-portugal-e-garrafa-de-vinho-quinta-da-alorna\/","title":{"rendered":"Caixa com livros Cole\u00e7\u00e3o Portugal e garrafa de vinho Quinta da Alorna"},"content":{"rendered":"<p><b>Caixa de madeira com livro \u00abSantar\u00e9m\u00bb + 4 outros volumes da Cole\u00e7\u00e3o Portugal + garrafa de vinho Quinta da Alorna 2018\u00a0<\/b>(Reserva Tinto, Touriga Nacional e Cabernet Sauvignon,\u00a0 Vinho DOC do Tejo, 2018, 13% vol, 0,75l)<\/p>\n<p><strong><b>Textos \/\u00a0<em>Texts<\/em>:\u00a0<\/b><\/strong>Maria Jo\u00e3o Lopo de Carvalho (Santar\u00e9m) + 4 dos seguintes autores: Patr\u00edcia Reis (Sesimbra), Rita Ferro (Cascais), Bruno Vieira Amaral (Set\u00fabal), Jo\u00e3o de Melo (Lisboa), Hugo Gon\u00e7alves (Sintra), Joel Neto (Terceira), Paulo M. Morais (S\u00e3o Miguel), Isabel Rio Novo (Porto), Miguel Miranda (Vila Nova de Gaia), Jorge Reis-S\u00e1 (Famalic\u00e3o), Paulo Moreiras (Leiria), Afonso Cruz (\u00c9vora), Susana Moreira Marques (Braga), Jos\u00e9 Carlos Barros (Faro), Carlos Campani\u00e7o (Beja), Ana Cristina Silva (Vila Franca de Xira), Ad\u00e9lia Carvalho (Amarante).<\/p>\n<p><strong><b>Fotografia \/\u00a0<em>Photography<\/em>:\u00a0<\/b><\/strong>Lib\u00f3rio Manuel Silva<\/p>\n<p><strong><b>Ref\u00aa<\/b><\/strong>: Caixa-ColPT-Santar\u00e9m<\/p>\n<p><strong><b>Cole\u00e7\u00e3o<\/b><\/strong>\u00a0\/\u00a0<strong><em><b><i>Book collection<\/i><\/b><\/em><\/strong>: Portugal<\/p>\n<p><strong><b>Editora \/\u00a0<em><i>Published by<\/i><\/em><\/b><\/strong>: Centro Atl\u00e2ntico<\/p>\n<p><strong>Idiomas<\/strong>: Portugu\u00eas e Ingl\u00eas<\/p>\n<p><strong>Dimens\u00f5es<\/strong>: Caixa de madeira com 34,5 cm * 26,5 cm * 12,5 cm (aprox.)<\/p>\n","protected":false},"excerpt":{"rendered":"<h3><i><small><em>Campanha promocional com stock limitado e exclusivo para comercializa\u00e7\u00e3o \u2018online<\/em>\u2018, dispon\u00edvel apenas para Portugal Continental.<\/small><\/i><\/h3>\n","protected":false},"featured_media":28761,"comment_status":"closed","ping_status":"closed","template":"","meta":[],"product_brand":[],"product_cat":[280,180,101],"product_tag":[336,332,282,187,311,40,312,334],"class_list":{"0":"post-28760","1":"product","2":"type-product","3":"status-publish","4":"has-post-thumbnail","6":"product_cat-colecao-portugal","7":"product_cat-natal","8":"product_cat-packs","9":"product_tag-alorna","10":"product_tag-caixa","11":"product_tag-ficcao","12":"product_tag-liborio-manuel-silva","13":"product_tag-maria-joao-lopo-de-carvalho","14":"product_tag-portugal","15":"product_tag-santarem","16":"product_tag-vinho","17":"product_shipping_class-custo-de-envio","19":"first","20":"instock","21":"shipping-taxable","22":"purchasable","23":"product-type-simple"},"_links":{"self":[{"href":"https:\/\/fotografiaportugal.pt\/site\/wp-json\/wp\/v2\/product\/28760","targetHints":{"allow":["GET"]}}],"collection":[{"href":"https:\/\/fotografiaportugal.pt\/site\/wp-json\/wp\/v2\/product"}],"about":[{"href":"https:\/\/fotografiaportugal.pt\/site\/wp-json\/wp\/v2\/types\/product"}],"replies":[{"embeddable":true,"href":"https:\/\/fotografiaportugal.pt\/site\/wp-json\/wp\/v2\/comments?post=28760"}],"wp:featuredmedia":[{"embeddable":true,"href":"https:\/\/fotografiaportugal.pt\/site\/wp-json\/wp\/v2\/media\/28761"}],"wp:attachment":[{"href":"https:\/\/fotografiaportugal.pt\/site\/wp-json\/wp\/v2\/media?parent=28760"}],"wp:term":[{"taxonomy":"product_brand","embeddable":true,"href":"https:\/\/fotografiaportugal.pt\/site\/wp-json\/wp\/v2\/product_brand?post=28760"},{"taxonomy":"product_cat","embeddable":true,"href":"https:\/\/fotografiaportugal.pt\/site\/wp-json\/wp\/v2\/product_cat?post=28760"},{"taxonomy":"product_tag","embeddable":true,"href":"https:\/\/fotografiaportugal.pt\/site\/wp-json\/wp\/v2\/product_tag?post=28760"}],"curies":[{"name":"wp","href":"https:\/\/api.w.org\/{rel}","templated":true}]}}